{"id":1177,"date":"2023-10-24T06:22:23","date_gmt":"2023-10-24T04:22:23","guid":{"rendered":"https:\/\/ofabskara.se\/produkt\/cornadis-14-foderplatser\/"},"modified":"2026-04-02T15:40:10","modified_gmt":"2026-04-02T13:40:10","slug":"cornadis-foderhack-30-x-21m","status":"publish","type":"product","link":"https:\/\/ofabskara.se\/sv\/produkt\/cornadis-foderhack-30-x-21m\/","title":{"rendered":"Cornadis Foderh\u00e4ck 3,0 x 2,1m"},"content":{"rendered":"","protected":false},"excerpt":{"rendered":"<ul>\n<li><strong>Foderh\u00e4ck 14 platser med automatiska f\u00e5ngstgrindar.<\/strong><\/li>\n<li><strong>Safety f\u00e5ngstgrindar \u00e4r \u201cljudl\u00f6sa\u201d och skr\u00e4mmer ej djuren.<\/strong><\/li>\n<li><strong>Polyamidt\u00e4ckt l\u00e5sanordning samt gummibuffert p\u00e5 mitten g\u00f6r<\/strong><br \/>\n<strong>grinden tyst.<\/strong><\/li>\n<li><strong>Vid inlastning \u00e4r\u00a0<\/strong><strong>det l\u00e4tt att \u00f6ppna grindarna.<\/strong><\/li>\n<li><strong>Levereras utan h\u00e5lbom och 3-punktsf\u00e4ste.<\/strong><\/li>\n<\/ul>\n","protected":false},"featured_media":41023,"comment_status":"open","ping_status":"closed","template":"","meta":{"_acf_changed":false,"inline_featured_image":false},"product_brand":[],"product_cat":[65,266],"product_tag":[],"class_list":{"0":"post-1177","1":"product","2":"type-product","3":"status-publish","4":"has-post-thumbnail","6":"product_cat-notdjur","7":"product_cat-foderhackar-med-tak-foderhackar-oppna-och-med-tak","9":"first","10":"instock","11":"taxable","12":"shipping-taxable","13":"purchasable","14":"product-type-simple"},"acf":[],"yoast_head":"<!-- This site is optimized with the Yoast SEO plugin v24.4 - https:\/\/yoast.com\/wordpress\/plugins\/seo\/ -->\n<title>Cornadis Foderh\u00e4ck 3,0 x 2,1m - Ofab<\/title>\n<meta name=\"robots\" content=\"index, follow, max-snippet:-1, max-image-preview:large, max-video-preview:-1\" \/>\n<link rel=\"canonical\" href=\"https:\/\/ofabskara.se\/sv\/produkt\/cornadis-foderhack-30-x-21m\/\" \/>\n<meta property=\"og:locale\" content=\"sv_SE\" \/>\n<meta property=\"og:type\" content=\"article\" \/>\n<meta property=\"og:title\" content=\"Cornadis Foderh\u00e4ck 3,0 x 2,1m - Ofab\" \/>\n<meta property=\"og:description\" content=\"Foderh\u00e4ck 14 platser med automatiska f\u00e5ngstgrindar.  Safety f\u00e5ngstgrindar \u00e4r \u201cljudl\u00f6sa\u201d och skr\u00e4mmer ej djuren.  Polyamidt\u00e4ckt l\u00e5sanordning samt gummibuffert p\u00e5 mitten g\u00f6r grinden tyst.  Vid inlastning \u00e4r\u00a0det l\u00e4tt att \u00f6ppna grindarna.  Levereras utan h\u00e5lbom och 3-punktsf\u00e4ste.\" \/>\n<meta property=\"og:url\" content=\"https:\/\/ofabskara.se\/sv\/produkt\/cornadis-foderhack-30-x-21m\/\" \/>\n<meta property=\"og:site_name\" content=\"Ofab\" \/>\n<meta property=\"article:modified_time\" content=\"2026-04-02T13:40:10+00:00\" \/>\n<meta property=\"og:image\" content=\"https:\/\/ofabskara.se\/wp-content\/uploads\/2023\/10\/RA0823.jpg\" \/>\n\t<meta property=\"og:image:width\" content=\"1126\" \/>\n\t<meta property=\"og:image:height\" content=\"796\" \/>\n\t<meta property=\"og:image:type\" content=\"image\/jpeg\" \/>\n<meta name=\"twitter:card\" content=\"summary_large_image\" \/>\n<meta name=\"twitter:label1\" content=\"Ber\u00e4knad l\u00e4stid\" \/>\n\t<meta name=\"twitter:data1\" content=\"1 minut\" \/>\n<script type=\"application\/ld+json\" class=\"yoast-schema-graph\">{\"@context\":\"https:\/\/schema.org\",\"@graph\":[{\"@type\":\"WebPage\",\"@id\":\"https:\/\/ofabskara.se\/sv\/produkt\/cornadis-foderhack-30-x-21m\/\",\"url\":\"https:\/\/ofabskara.se\/sv\/produkt\/cornadis-foderhack-30-x-21m\/\",\"name\":\"Cornadis Foderh\u00e4ck 3,0 x 2,1m - Ofab\",\"isPartOf\":{\"@id\":\"https:\/\/ofabskara.se\/sv\/#website\"},\"primaryImageOfPage\":{\"@id\":\"https:\/\/ofabskara.se\/sv\/produkt\/cornadis-foderhack-30-x-21m\/#primaryimage\"},\"image\":{\"@id\":\"https:\/\/ofabskara.se\/sv\/produkt\/cornadis-foderhack-30-x-21m\/#primaryimage\"},\"thumbnailUrl\":\"https:\/\/ofabskara.se\/wp-content\/uploads\/2023\/10\/RA0823.jpg\",\"datePublished\":\"2023-10-24T04:22:23+00:00\",\"dateModified\":\"2026-04-02T13:40:10+00:00\",\"breadcrumb\":{\"@id\":\"https:\/\/ofabskara.se\/sv\/produkt\/cornadis-foderhack-30-x-21m\/#breadcrumb\"},\"inLanguage\":\"sv-SE\",\"potentialAction\":[{\"@type\":\"ReadAction\",\"target\":[\"https:\/\/ofabskara.se\/sv\/produkt\/cornadis-foderhack-30-x-21m\/\"]}]},{\"@type\":\"ImageObject\",\"inLanguage\":\"sv-SE\",\"@id\":\"https:\/\/ofabskara.se\/sv\/produkt\/cornadis-foderhack-30-x-21m\/#primaryimage\",\"url\":\"https:\/\/ofabskara.se\/wp-content\/uploads\/2023\/10\/RA0823.jpg\",\"contentUrl\":\"https:\/\/ofabskara.se\/wp-content\/uploads\/2023\/10\/RA0823.jpg\",\"width\":1126,\"height\":796,\"caption\":\"RA0823\"},{\"@type\":\"BreadcrumbList\",\"@id\":\"https:\/\/ofabskara.se\/sv\/produkt\/cornadis-foderhack-30-x-21m\/#breadcrumb\",\"itemListElement\":[{\"@type\":\"ListItem\",\"position\":1,\"name\":\"Home\",\"item\":\"https:\/\/ofabskara.se\/sv\/\"},{\"@type\":\"ListItem\",\"position\":2,\"name\":\"Butik\",\"item\":\"https:\/\/ofabskara.se\/sv\/butik\/\"},{\"@type\":\"ListItem\",\"position\":3,\"name\":\"Cornadis Foderh\u00e4ck 3,0 x 2,1m\"}]},{\"@type\":\"WebSite\",\"@id\":\"https:\/\/ofabskara.se\/sv\/#website\",\"url\":\"https:\/\/ofabskara.se\/sv\/\",\"name\":\"Ofab\",\"description\":\"\",\"potentialAction\":[{\"@type\":\"SearchAction\",\"target\":{\"@type\":\"EntryPoint\",\"urlTemplate\":\"https:\/\/ofabskara.se\/sv\/?s={search_term_string}\"},\"query-input\":{\"@type\":\"PropertyValueSpecification\",\"valueRequired\":true,\"valueName\":\"search_term_string\"}}],\"inLanguage\":\"sv-SE\"}]}<\/script>\n<!-- \/ Yoast SEO plugin. -->","yoast_head_json":{"title":"Cornadis Foderh\u00e4ck 3,0 x 2,1m - Ofab","robots":{"index":"index","follow":"follow","max-snippet":"max-snippet:-1","max-image-preview":"max-image-preview:large","max-video-preview":"max-video-preview:-1"},"canonical":"https:\/\/ofabskara.se\/sv\/produkt\/cornadis-foderhack-30-x-21m\/","og_locale":"sv_SE","og_type":"article","og_title":"Cornadis Foderh\u00e4ck 3,0 x 2,1m - Ofab","og_description":"Foderh\u00e4ck 14 platser med automatiska f\u00e5ngstgrindar.  Safety f\u00e5ngstgrindar \u00e4r \u201cljudl\u00f6sa\u201d och skr\u00e4mmer ej djuren.  Polyamidt\u00e4ckt l\u00e5sanordning samt gummibuffert p\u00e5 mitten g\u00f6r grinden tyst.  Vid inlastning \u00e4r\u00a0det l\u00e4tt att \u00f6ppna grindarna.  Levereras utan h\u00e5lbom och 3-punktsf\u00e4ste.","og_url":"https:\/\/ofabskara.se\/sv\/produkt\/cornadis-foderhack-30-x-21m\/","og_site_name":"Ofab","article_modified_time":"2026-04-02T13:40:10+00:00","og_image":[{"width":1126,"height":796,"url":"https:\/\/ofabskara.se\/wp-content\/uploads\/2023\/10\/RA0823.jpg","type":"image\/jpeg"}],"twitter_card":"summary_large_image","twitter_misc":{"Ber\u00e4knad l\u00e4stid":"1 minut"},"schema":{"@context":"https:\/\/schema.org","@graph":[{"@type":"WebPage","@id":"https:\/\/ofabskara.se\/sv\/produkt\/cornadis-foderhack-30-x-21m\/","url":"https:\/\/ofabskara.se\/sv\/produkt\/cornadis-foderhack-30-x-21m\/","name":"Cornadis Foderh\u00e4ck 3,0 x 2,1m - Ofab","isPartOf":{"@id":"https:\/\/ofabskara.se\/sv\/#website"},"primaryImageOfPage":{"@id":"https:\/\/ofabskara.se\/sv\/produkt\/cornadis-foderhack-30-x-21m\/#primaryimage"},"image":{"@id":"https:\/\/ofabskara.se\/sv\/produkt\/cornadis-foderhack-30-x-21m\/#primaryimage"},"thumbnailUrl":"https:\/\/ofabskara.se\/wp-content\/uploads\/2023\/10\/RA0823.jpg","datePublished":"2023-10-24T04:22:23+00:00","dateModified":"2026-04-02T13:40:10+00:00","breadcrumb":{"@id":"https:\/\/ofabskara.se\/sv\/produkt\/cornadis-foderhack-30-x-21m\/#breadcrumb"},"inLanguage":"sv-SE","potentialAction":[{"@type":"ReadAction","target":["https:\/\/ofabskara.se\/sv\/produkt\/cornadis-foderhack-30-x-21m\/"]}]},{"@type":"ImageObject","inLanguage":"sv-SE","@id":"https:\/\/ofabskara.se\/sv\/produkt\/cornadis-foderhack-30-x-21m\/#primaryimage","url":"https:\/\/ofabskara.se\/wp-content\/uploads\/2023\/10\/RA0823.jpg","contentUrl":"https:\/\/ofabskara.se\/wp-content\/uploads\/2023\/10\/RA0823.jpg","width":1126,"height":796,"caption":"RA0823"},{"@type":"BreadcrumbList","@id":"https:\/\/ofabskara.se\/sv\/produkt\/cornadis-foderhack-30-x-21m\/#breadcrumb","itemListElement":[{"@type":"ListItem","position":1,"name":"Home","item":"https:\/\/ofabskara.se\/sv\/"},{"@type":"ListItem","position":2,"name":"Butik","item":"https:\/\/ofabskara.se\/sv\/butik\/"},{"@type":"ListItem","position":3,"name":"Cornadis Foderh\u00e4ck 3,0 x 2,1m"}]},{"@type":"WebSite","@id":"https:\/\/ofabskara.se\/sv\/#website","url":"https:\/\/ofabskara.se\/sv\/","name":"Ofab","description":"","potentialAction":[{"@type":"SearchAction","target":{"@type":"EntryPoint","urlTemplate":"https:\/\/ofabskara.se\/sv\/?s={search_term_string}"},"query-input":{"@type":"PropertyValueSpecification","valueRequired":true,"valueName":"search_term_string"}}],"inLanguage":"sv-SE"}]}},"_links":{"self":[{"href":"https:\/\/ofabskara.se\/sv\/wp-json\/wp\/v2\/product\/1177","targetHints":{"allow":["GET"]}}],"collection":[{"href":"https:\/\/ofabskara.se\/sv\/wp-json\/wp\/v2\/product"}],"about":[{"href":"https:\/\/ofabskara.se\/sv\/wp-json\/wp\/v2\/types\/product"}],"replies":[{"embeddable":true,"href":"https:\/\/ofabskara.se\/sv\/wp-json\/wp\/v2\/comments?post=1177"}],"wp:featuredmedia":[{"embeddable":true,"href":"https:\/\/ofabskara.se\/sv\/wp-json\/wp\/v2\/media\/41023"}],"wp:attachment":[{"href":"https:\/\/ofabskara.se\/sv\/wp-json\/wp\/v2\/media?parent=1177"}],"wp:term":[{"taxonomy":"product_brand","embeddable":true,"href":"https:\/\/ofabskara.se\/sv\/wp-json\/wp\/v2\/product_brand?post=1177"},{"taxonomy":"product_cat","embeddable":true,"href":"https:\/\/ofabskara.se\/sv\/wp-json\/wp\/v2\/product_cat?post=1177"},{"taxonomy":"product_tag","embeddable":true,"href":"https:\/\/ofabskara.se\/sv\/wp-json\/wp\/v2\/product_tag?post=1177"}],"curies":[{"name":"wp","href":"https:\/\/api.w.org\/{rel}","templated":true}]}}