{"id":1180,"date":"2017-05-16T08:26:59","date_gmt":"2017-05-16T06:26:59","guid":{"rendered":"https:\/\/ofabskara.se\/produkt\/losa-atfronter-3-platser-till-cornadis\/"},"modified":"2023-11-08T13:29:09","modified_gmt":"2023-11-08T12:29:09","slug":"losa-atfronter-3-platser-till-cornadis","status":"publish","type":"product","link":"https:\/\/ofabskara.se\/sv\/produkt\/losa-atfronter-3-platser-till-cornadis\/","title":{"rendered":"L\u00f6sa \u00e4tfronter 3 platser, till Cornadis"},"content":{"rendered":"<p>L\u00f6sa \u00e4tfronter<br \/>\n\u00c4tfronter 3 platser, 195cm bred.<\/p>\n","protected":false},"excerpt":{"rendered":"<p>L\u00f6sa \u00e4tfronter 3 platser, till Cornadis.<br \/>\n195cm bred.<\/p>\n","protected":false},"featured_media":0,"comment_status":"closed","ping_status":"open","template":"","meta":{"_acf_changed":false,"inline_featured_image":false},"product_brand":[],"product_cat":[22],"product_tag":[],"class_list":{"0":"post-1180","1":"product","2":"type-product","3":"status-publish","5":"product_cat-okategoriserad","7":"first","8":"instock","9":"taxable","10":"shipping-taxable","11":"purchasable","12":"product-type-simple"},"acf":[],"yoast_head":"<!-- This site is optimized with the Yoast SEO plugin v24.4 - https:\/\/yoast.com\/wordpress\/plugins\/seo\/ -->\n<title>L\u00f6sa \u00e4tfronter 3 platser, till Cornadis - Ofab<\/title>\n<meta name=\"robots\" content=\"index, follow, max-snippet:-1, max-image-preview:large, max-video-preview:-1\" \/>\n<link rel=\"canonical\" href=\"https:\/\/ofabskara.se\/sv\/produkt\/losa-atfronter-3-platser-till-cornadis\/\" \/>\n<meta property=\"og:locale\" content=\"sv_SE\" \/>\n<meta property=\"og:type\" content=\"article\" \/>\n<meta property=\"og:title\" content=\"L\u00f6sa \u00e4tfronter 3 platser, till Cornadis - Ofab\" \/>\n<meta property=\"og:description\" content=\"L\u00f6sa \u00e4tfronter 3 platser, till Cornadis. 195cm bred.\" \/>\n<meta property=\"og:url\" content=\"https:\/\/ofabskara.se\/sv\/produkt\/losa-atfronter-3-platser-till-cornadis\/\" \/>\n<meta property=\"og:site_name\" content=\"Ofab\" \/>\n<meta property=\"article:modified_time\" content=\"2023-11-08T12:29:09+00:00\" \/>\n<meta name=\"twitter:card\" content=\"summary_large_image\" \/>\n<script type=\"application\/ld+json\" class=\"yoast-schema-graph\">{\"@context\":\"https:\/\/schema.org\",\"@graph\":[{\"@type\":\"WebPage\",\"@id\":\"https:\/\/ofabskara.se\/sv\/produkt\/losa-atfronter-3-platser-till-cornadis\/\",\"url\":\"https:\/\/ofabskara.se\/sv\/produkt\/losa-atfronter-3-platser-till-cornadis\/\",\"name\":\"L\u00f6sa \u00e4tfronter 3 platser, till Cornadis - Ofab\",\"isPartOf\":{\"@id\":\"https:\/\/ofabskara.se\/sv\/#website\"},\"datePublished\":\"2017-05-16T06:26:59+00:00\",\"dateModified\":\"2023-11-08T12:29:09+00:00\",\"breadcrumb\":{\"@id\":\"https:\/\/ofabskara.se\/sv\/produkt\/losa-atfronter-3-platser-till-cornadis\/#breadcrumb\"},\"inLanguage\":\"sv-SE\",\"potentialAction\":[{\"@type\":\"ReadAction\",\"target\":[\"https:\/\/ofabskara.se\/sv\/produkt\/losa-atfronter-3-platser-till-cornadis\/\"]}]},{\"@type\":\"BreadcrumbList\",\"@id\":\"https:\/\/ofabskara.se\/sv\/produkt\/losa-atfronter-3-platser-till-cornadis\/#breadcrumb\",\"itemListElement\":[{\"@type\":\"ListItem\",\"position\":1,\"name\":\"Home\",\"item\":\"https:\/\/ofabskara.se\/sv\/\"},{\"@type\":\"ListItem\",\"position\":2,\"name\":\"Butik\",\"item\":\"https:\/\/ofabskara.se\/sv\/butik\/\"},{\"@type\":\"ListItem\",\"position\":3,\"name\":\"L\u00f6sa \u00e4tfronter 3 platser, till Cornadis\"}]},{\"@type\":\"WebSite\",\"@id\":\"https:\/\/ofabskara.se\/sv\/#website\",\"url\":\"https:\/\/ofabskara.se\/sv\/\",\"name\":\"Ofab\",\"description\":\"\",\"potentialAction\":[{\"@type\":\"SearchAction\",\"target\":{\"@type\":\"EntryPoint\",\"urlTemplate\":\"https:\/\/ofabskara.se\/sv\/?s={search_term_string}\"},\"query-input\":{\"@type\":\"PropertyValueSpecification\",\"valueRequired\":true,\"valueName\":\"search_term_string\"}}],\"inLanguage\":\"sv-SE\"}]}<\/script>\n<!-- \/ Yoast SEO plugin. -->","yoast_head_json":{"title":"L\u00f6sa \u00e4tfronter 3 platser, till Cornadis - Ofab","robots":{"index":"index","follow":"follow","max-snippet":"max-snippet:-1","max-image-preview":"max-image-preview:large","max-video-preview":"max-video-preview:-1"},"canonical":"https:\/\/ofabskara.se\/sv\/produkt\/losa-atfronter-3-platser-till-cornadis\/","og_locale":"sv_SE","og_type":"article","og_title":"L\u00f6sa \u00e4tfronter 3 platser, till Cornadis - Ofab","og_description":"L\u00f6sa \u00e4tfronter 3 platser, till Cornadis. 195cm bred.","og_url":"https:\/\/ofabskara.se\/sv\/produkt\/losa-atfronter-3-platser-till-cornadis\/","og_site_name":"Ofab","article_modified_time":"2023-11-08T12:29:09+00:00","twitter_card":"summary_large_image","schema":{"@context":"https:\/\/schema.org","@graph":[{"@type":"WebPage","@id":"https:\/\/ofabskara.se\/sv\/produkt\/losa-atfronter-3-platser-till-cornadis\/","url":"https:\/\/ofabskara.se\/sv\/produkt\/losa-atfronter-3-platser-till-cornadis\/","name":"L\u00f6sa \u00e4tfronter 3 platser, till Cornadis - Ofab","isPartOf":{"@id":"https:\/\/ofabskara.se\/sv\/#website"},"datePublished":"2017-05-16T06:26:59+00:00","dateModified":"2023-11-08T12:29:09+00:00","breadcrumb":{"@id":"https:\/\/ofabskara.se\/sv\/produkt\/losa-atfronter-3-platser-till-cornadis\/#breadcrumb"},"inLanguage":"sv-SE","potentialAction":[{"@type":"ReadAction","target":["https:\/\/ofabskara.se\/sv\/produkt\/losa-atfronter-3-platser-till-cornadis\/"]}]},{"@type":"BreadcrumbList","@id":"https:\/\/ofabskara.se\/sv\/produkt\/losa-atfronter-3-platser-till-cornadis\/#breadcrumb","itemListElement":[{"@type":"ListItem","position":1,"name":"Home","item":"https:\/\/ofabskara.se\/sv\/"},{"@type":"ListItem","position":2,"name":"Butik","item":"https:\/\/ofabskara.se\/sv\/butik\/"},{"@type":"ListItem","position":3,"name":"L\u00f6sa \u00e4tfronter 3 platser, till Cornadis"}]},{"@type":"WebSite","@id":"https:\/\/ofabskara.se\/sv\/#website","url":"https:\/\/ofabskara.se\/sv\/","name":"Ofab","description":"","potentialAction":[{"@type":"SearchAction","target":{"@type":"EntryPoint","urlTemplate":"https:\/\/ofabskara.se\/sv\/?s={search_term_string}"},"query-input":{"@type":"PropertyValueSpecification","valueRequired":true,"valueName":"search_term_string"}}],"inLanguage":"sv-SE"}]}},"_links":{"self":[{"href":"https:\/\/ofabskara.se\/sv\/wp-json\/wp\/v2\/product\/1180","targetHints":{"allow":["GET"]}}],"collection":[{"href":"https:\/\/ofabskara.se\/sv\/wp-json\/wp\/v2\/product"}],"about":[{"href":"https:\/\/ofabskara.se\/sv\/wp-json\/wp\/v2\/types\/product"}],"replies":[{"embeddable":true,"href":"https:\/\/ofabskara.se\/sv\/wp-json\/wp\/v2\/comments?post=1180"}],"wp:attachment":[{"href":"https:\/\/ofabskara.se\/sv\/wp-json\/wp\/v2\/media?parent=1180"}],"wp:term":[{"taxonomy":"product_brand","embeddable":true,"href":"https:\/\/ofabskara.se\/sv\/wp-json\/wp\/v2\/product_brand?post=1180"},{"taxonomy":"product_cat","embeddable":true,"href":"https:\/\/ofabskara.se\/sv\/wp-json\/wp\/v2\/product_cat?post=1180"},{"taxonomy":"product_tag","embeddable":true,"href":"https:\/\/ofabskara.se\/sv\/wp-json\/wp\/v2\/product_tag?post=1180"}],"curies":[{"name":"wp","href":"https:\/\/api.w.org\/{rel}","templated":true}]}}