{"id":1290,"date":"2017-05-16T08:29:03","date_gmt":"2017-05-16T06:29:03","guid":{"rendered":"https:\/\/ofabskara.se\/produkt\/flottor-till-prebac-vattentrag\/"},"modified":"2026-04-30T09:30:07","modified_gmt":"2026-04-30T07:30:07","slug":"flottor-till-prebac-vattentrag","status":"publish","type":"product","link":"https:\/\/ofabskara.se\/sv\/produkt\/flottor-till-prebac-vattentrag\/","title":{"rendered":"Prebac Flott\u00f6r"},"content":{"rendered":"<p>32 lit.\/min vid 3 bar. Maxtryck 6 bar. Till alla Prebac vattentr\u00e5g. 1\/2&#8221; utv. g\u00e4nga.<\/p>\n","protected":false},"excerpt":{"rendered":"<ul>\n<li><strong>NYTT UTF\u00d6RANDE MED F\u00d6RB\u00c4TTRAD ANSLUTNING I 3\/4&#8243;<\/strong><\/li>\n<li><strong>32 lit.\/min vid 3 bar.<\/strong><\/li>\n<li><strong>Maxtryck 6 bar.<\/strong><\/li>\n<li><strong>Till alla Prebac vattentr\u00e5g.<\/strong><\/li>\n<li><strong>3\/4\u201d utv. g\u00e4nga.<\/strong><\/li>\n<\/ul>\n","protected":false},"featured_media":1291,"comment_status":"closed","ping_status":"closed","template":"","meta":{"_acf_changed":false,"inline_featured_image":false},"product_brand":[],"product_cat":[115,109,69],"product_tag":[],"class_list":{"0":"post-1290","1":"product","2":"type-product","3":"status-publish","4":"has-post-thumbnail","6":"product_cat-tillbehor","7":"product_cat-vattentkar","8":"product_cat-vattensystem","10":"first","11":"instock","12":"taxable","13":"shipping-taxable","14":"purchasable","15":"product-type-simple"},"acf":[],"yoast_head":"<!-- This site is optimized with the Yoast SEO plugin v24.4 - https:\/\/yoast.com\/wordpress\/plugins\/seo\/ -->\n<title>Prebac Flott\u00f6r - Ofab<\/title>\n<meta name=\"robots\" content=\"index, follow, max-snippet:-1, max-image-preview:large, max-video-preview:-1\" \/>\n<link rel=\"canonical\" href=\"https:\/\/ofabskara.se\/sv\/produkt\/flottor-till-prebac-vattentrag\/\" \/>\n<meta property=\"og:locale\" content=\"sv_SE\" \/>\n<meta property=\"og:type\" content=\"article\" \/>\n<meta property=\"og:title\" content=\"Prebac Flott\u00f6r - Ofab\" \/>\n<meta property=\"og:description\" content=\"NYTT UTF\u00d6RANDE MED F\u00d6RB\u00c4TTRAD ANSLUTNING I 3\/4&quot;  32 lit.\/min vid 3 bar.  Maxtryck 6 bar.  Till alla Prebac vattentr\u00e5g.  3\/4\u201d utv. g\u00e4nga.\" \/>\n<meta property=\"og:url\" content=\"https:\/\/ofabskara.se\/sv\/produkt\/flottor-till-prebac-vattentrag\/\" \/>\n<meta property=\"og:site_name\" content=\"Ofab\" \/>\n<meta property=\"article:modified_time\" content=\"2026-04-30T07:30:07+00:00\" \/>\n<meta property=\"og:image\" content=\"https:\/\/ofabskara.se\/wp-content\/uploads\/2023\/09\/a603_2021-2.jpg\" \/>\n\t<meta property=\"og:image:width\" content=\"1772\" \/>\n\t<meta property=\"og:image:height\" content=\"1772\" \/>\n\t<meta property=\"og:image:type\" content=\"image\/jpeg\" \/>\n<meta name=\"twitter:card\" content=\"summary_large_image\" \/>\n<meta name=\"twitter:label1\" content=\"Ber\u00e4knad l\u00e4stid\" \/>\n\t<meta name=\"twitter:data1\" content=\"1 minut\" \/>\n<script type=\"application\/ld+json\" class=\"yoast-schema-graph\">{\"@context\":\"https:\/\/schema.org\",\"@graph\":[{\"@type\":\"WebPage\",\"@id\":\"https:\/\/ofabskara.se\/sv\/produkt\/flottor-till-prebac-vattentrag\/\",\"url\":\"https:\/\/ofabskara.se\/sv\/produkt\/flottor-till-prebac-vattentrag\/\",\"name\":\"Prebac Flott\u00f6r - Ofab\",\"isPartOf\":{\"@id\":\"https:\/\/ofabskara.se\/sv\/#website\"},\"primaryImageOfPage\":{\"@id\":\"https:\/\/ofabskara.se\/sv\/produkt\/flottor-till-prebac-vattentrag\/#primaryimage\"},\"image\":{\"@id\":\"https:\/\/ofabskara.se\/sv\/produkt\/flottor-till-prebac-vattentrag\/#primaryimage\"},\"thumbnailUrl\":\"https:\/\/ofabskara.se\/wp-content\/uploads\/2023\/09\/a603_2021-2.jpg\",\"datePublished\":\"2017-05-16T06:29:03+00:00\",\"dateModified\":\"2026-04-30T07:30:07+00:00\",\"breadcrumb\":{\"@id\":\"https:\/\/ofabskara.se\/sv\/produkt\/flottor-till-prebac-vattentrag\/#breadcrumb\"},\"inLanguage\":\"sv-SE\",\"potentialAction\":[{\"@type\":\"ReadAction\",\"target\":[\"https:\/\/ofabskara.se\/sv\/produkt\/flottor-till-prebac-vattentrag\/\"]}]},{\"@type\":\"ImageObject\",\"inLanguage\":\"sv-SE\",\"@id\":\"https:\/\/ofabskara.se\/sv\/produkt\/flottor-till-prebac-vattentrag\/#primaryimage\",\"url\":\"https:\/\/ofabskara.se\/wp-content\/uploads\/2023\/09\/a603_2021-2.jpg\",\"contentUrl\":\"https:\/\/ofabskara.se\/wp-content\/uploads\/2023\/09\/a603_2021-2.jpg\",\"width\":1772,\"height\":1772},{\"@type\":\"BreadcrumbList\",\"@id\":\"https:\/\/ofabskara.se\/sv\/produkt\/flottor-till-prebac-vattentrag\/#breadcrumb\",\"itemListElement\":[{\"@type\":\"ListItem\",\"position\":1,\"name\":\"Home\",\"item\":\"https:\/\/ofabskara.se\/sv\/\"},{\"@type\":\"ListItem\",\"position\":2,\"name\":\"Butik\",\"item\":\"https:\/\/ofabskara.se\/sv\/butik\/\"},{\"@type\":\"ListItem\",\"position\":3,\"name\":\"Prebac Flott\u00f6r\"}]},{\"@type\":\"WebSite\",\"@id\":\"https:\/\/ofabskara.se\/sv\/#website\",\"url\":\"https:\/\/ofabskara.se\/sv\/\",\"name\":\"Ofab\",\"description\":\"\",\"potentialAction\":[{\"@type\":\"SearchAction\",\"target\":{\"@type\":\"EntryPoint\",\"urlTemplate\":\"https:\/\/ofabskara.se\/sv\/?s={search_term_string}\"},\"query-input\":{\"@type\":\"PropertyValueSpecification\",\"valueRequired\":true,\"valueName\":\"search_term_string\"}}],\"inLanguage\":\"sv-SE\"}]}<\/script>\n<!-- \/ Yoast SEO plugin. -->","yoast_head_json":{"title":"Prebac Flott\u00f6r - Ofab","robots":{"index":"index","follow":"follow","max-snippet":"max-snippet:-1","max-image-preview":"max-image-preview:large","max-video-preview":"max-video-preview:-1"},"canonical":"https:\/\/ofabskara.se\/sv\/produkt\/flottor-till-prebac-vattentrag\/","og_locale":"sv_SE","og_type":"article","og_title":"Prebac Flott\u00f6r - Ofab","og_description":"NYTT UTF\u00d6RANDE MED F\u00d6RB\u00c4TTRAD ANSLUTNING I 3\/4\"  32 lit.\/min vid 3 bar.  Maxtryck 6 bar.  Till alla Prebac vattentr\u00e5g.  3\/4\u201d utv. g\u00e4nga.","og_url":"https:\/\/ofabskara.se\/sv\/produkt\/flottor-till-prebac-vattentrag\/","og_site_name":"Ofab","article_modified_time":"2026-04-30T07:30:07+00:00","og_image":[{"width":1772,"height":1772,"url":"https:\/\/ofabskara.se\/wp-content\/uploads\/2023\/09\/a603_2021-2.jpg","type":"image\/jpeg"}],"twitter_card":"summary_large_image","twitter_misc":{"Ber\u00e4knad l\u00e4stid":"1 minut"},"schema":{"@context":"https:\/\/schema.org","@graph":[{"@type":"WebPage","@id":"https:\/\/ofabskara.se\/sv\/produkt\/flottor-till-prebac-vattentrag\/","url":"https:\/\/ofabskara.se\/sv\/produkt\/flottor-till-prebac-vattentrag\/","name":"Prebac Flott\u00f6r - Ofab","isPartOf":{"@id":"https:\/\/ofabskara.se\/sv\/#website"},"primaryImageOfPage":{"@id":"https:\/\/ofabskara.se\/sv\/produkt\/flottor-till-prebac-vattentrag\/#primaryimage"},"image":{"@id":"https:\/\/ofabskara.se\/sv\/produkt\/flottor-till-prebac-vattentrag\/#primaryimage"},"thumbnailUrl":"https:\/\/ofabskara.se\/wp-content\/uploads\/2023\/09\/a603_2021-2.jpg","datePublished":"2017-05-16T06:29:03+00:00","dateModified":"2026-04-30T07:30:07+00:00","breadcrumb":{"@id":"https:\/\/ofabskara.se\/sv\/produkt\/flottor-till-prebac-vattentrag\/#breadcrumb"},"inLanguage":"sv-SE","potentialAction":[{"@type":"ReadAction","target":["https:\/\/ofabskara.se\/sv\/produkt\/flottor-till-prebac-vattentrag\/"]}]},{"@type":"ImageObject","inLanguage":"sv-SE","@id":"https:\/\/ofabskara.se\/sv\/produkt\/flottor-till-prebac-vattentrag\/#primaryimage","url":"https:\/\/ofabskara.se\/wp-content\/uploads\/2023\/09\/a603_2021-2.jpg","contentUrl":"https:\/\/ofabskara.se\/wp-content\/uploads\/2023\/09\/a603_2021-2.jpg","width":1772,"height":1772},{"@type":"BreadcrumbList","@id":"https:\/\/ofabskara.se\/sv\/produkt\/flottor-till-prebac-vattentrag\/#breadcrumb","itemListElement":[{"@type":"ListItem","position":1,"name":"Home","item":"https:\/\/ofabskara.se\/sv\/"},{"@type":"ListItem","position":2,"name":"Butik","item":"https:\/\/ofabskara.se\/sv\/butik\/"},{"@type":"ListItem","position":3,"name":"Prebac Flott\u00f6r"}]},{"@type":"WebSite","@id":"https:\/\/ofabskara.se\/sv\/#website","url":"https:\/\/ofabskara.se\/sv\/","name":"Ofab","description":"","potentialAction":[{"@type":"SearchAction","target":{"@type":"EntryPoint","urlTemplate":"https:\/\/ofabskara.se\/sv\/?s={search_term_string}"},"query-input":{"@type":"PropertyValueSpecification","valueRequired":true,"valueName":"search_term_string"}}],"inLanguage":"sv-SE"}]}},"_links":{"self":[{"href":"https:\/\/ofabskara.se\/sv\/wp-json\/wp\/v2\/product\/1290","targetHints":{"allow":["GET"]}}],"collection":[{"href":"https:\/\/ofabskara.se\/sv\/wp-json\/wp\/v2\/product"}],"about":[{"href":"https:\/\/ofabskara.se\/sv\/wp-json\/wp\/v2\/types\/product"}],"replies":[{"embeddable":true,"href":"https:\/\/ofabskara.se\/sv\/wp-json\/wp\/v2\/comments?post=1290"}],"wp:featuredmedia":[{"embeddable":true,"href":"https:\/\/ofabskara.se\/sv\/wp-json\/wp\/v2\/media\/1291"}],"wp:attachment":[{"href":"https:\/\/ofabskara.se\/sv\/wp-json\/wp\/v2\/media?parent=1290"}],"wp:term":[{"taxonomy":"product_brand","embeddable":true,"href":"https:\/\/ofabskara.se\/sv\/wp-json\/wp\/v2\/product_brand?post=1290"},{"taxonomy":"product_cat","embeddable":true,"href":"https:\/\/ofabskara.se\/sv\/wp-json\/wp\/v2\/product_cat?post=1290"},{"taxonomy":"product_tag","embeddable":true,"href":"https:\/\/ofabskara.se\/sv\/wp-json\/wp\/v2\/product_tag?post=1290"}],"curies":[{"name":"wp","href":"https:\/\/api.w.org\/{rel}","templated":true}]}}