{"id":1302,"date":"2017-05-16T08:29:44","date_gmt":"2017-05-16T06:29:44","guid":{"rendered":"https:\/\/ofabskara.se\/produkt\/vattensystem-300\/"},"modified":"2026-02-11T15:35:02","modified_gmt":"2026-02-11T14:35:02","slug":"vattensystem-300","status":"publish","type":"product","link":"https:\/\/ofabskara.se\/sv\/produkt\/vattensystem-300\/","title":{"rendered":"Suevia Vattensystem 300"},"content":{"rendered":"","protected":false},"excerpt":{"rendered":"<p>Anv\u00e4nds i l\u00f6sdriftsstallar f\u00f6r kor, kalvar, svin och f\u00e5r d\u00e4r man vill ha ett frostfritt vattensystem. Vattensystemets v\u00e4rmepatron har en effekt p\u00e5 3000W och \u00e4r f\u00f6rsedd med en reglerbar termostat. Cirkulationspumpen har tv\u00e5 l\u00e4gen, vilka st\u00e4lls in beroende p\u00e5 l\u00e4ngd och yttertemperatur. Systemet kan kopplas till en runtg\u00e5ende slinga p\u00e5 ca 200 m.<\/p>\n","protected":false},"featured_media":1303,"comment_status":"closed","ping_status":"closed","template":"","meta":{"_acf_changed":false,"inline_featured_image":false},"product_brand":[],"product_cat":[69,110,219],"product_tag":[],"class_list":{"0":"post-1302","1":"product","2":"type-product","3":"status-publish","4":"has-post-thumbnail","6":"product_cat-vattensystem","7":"product_cat-cirkulerande-vattensystem","8":"product_cat-suevia-vattensystem","9":"pa_effekt-3000-w","10":"pa_kapsling-klass-ip21","11":"pa_markspanning-400-v","12":"pa_skyddsklass-450","13":"pa_typgodkannande-ce","15":"first","16":"instock","17":"taxable","18":"shipping-taxable","19":"purchasable","20":"product-type-simple"},"acf":[],"yoast_head":"<!-- This site is optimized with the Yoast SEO plugin v24.4 - https:\/\/yoast.com\/wordpress\/plugins\/seo\/ -->\n<title>Suevia Vattensystem 300 - Ofab<\/title>\n<meta name=\"robots\" content=\"index, follow, max-snippet:-1, max-image-preview:large, max-video-preview:-1\" \/>\n<link rel=\"canonical\" href=\"https:\/\/ofabskara.se\/sv\/produkt\/vattensystem-300\/\" \/>\n<meta property=\"og:locale\" content=\"sv_SE\" \/>\n<meta property=\"og:type\" content=\"article\" \/>\n<meta property=\"og:title\" content=\"Suevia Vattensystem 300 - Ofab\" \/>\n<meta property=\"og:description\" content=\"Anv\u00e4nds i l\u00f6sdriftsstallar f\u00f6r kor, kalvar, svin och f\u00e5r d\u00e4r man vill ha ett frostfritt vattensystem. Vattensystemets v\u00e4rmepatron har en effekt p\u00e5 3000W och \u00e4r f\u00f6rsedd med en reglerbar termostat. Cirkulationspumpen har tv\u00e5 l\u00e4gen, vilka st\u00e4lls in beroende p\u00e5 l\u00e4ngd och yttertemperatur. Systemet kan kopplas till en runtg\u00e5ende slinga p\u00e5 ca 200 m.\" \/>\n<meta property=\"og:url\" content=\"https:\/\/ofabskara.se\/sv\/produkt\/vattensystem-300\/\" \/>\n<meta property=\"og:site_name\" content=\"Ofab\" \/>\n<meta property=\"article:modified_time\" content=\"2026-02-11T14:35:02+00:00\" \/>\n<meta property=\"og:image\" content=\"https:\/\/ofabskara.se\/wp-content\/uploads\/2023\/09\/142070-72.jpg\" \/>\n\t<meta property=\"og:image:width\" content=\"700\" \/>\n\t<meta property=\"og:image:height\" content=\"700\" \/>\n\t<meta property=\"og:image:type\" content=\"image\/jpeg\" \/>\n<meta name=\"twitter:card\" content=\"summary_large_image\" \/>\n<meta name=\"twitter:label1\" content=\"Ber\u00e4knad l\u00e4stid\" \/>\n\t<meta name=\"twitter:data1\" content=\"1 minut\" \/>\n<script type=\"application\/ld+json\" class=\"yoast-schema-graph\">{\"@context\":\"https:\/\/schema.org\",\"@graph\":[{\"@type\":\"WebPage\",\"@id\":\"https:\/\/ofabskara.se\/sv\/produkt\/vattensystem-300\/\",\"url\":\"https:\/\/ofabskara.se\/sv\/produkt\/vattensystem-300\/\",\"name\":\"Suevia Vattensystem 300 - Ofab\",\"isPartOf\":{\"@id\":\"https:\/\/ofabskara.se\/sv\/#website\"},\"primaryImageOfPage\":{\"@id\":\"https:\/\/ofabskara.se\/sv\/produkt\/vattensystem-300\/#primaryimage\"},\"image\":{\"@id\":\"https:\/\/ofabskara.se\/sv\/produkt\/vattensystem-300\/#primaryimage\"},\"thumbnailUrl\":\"https:\/\/ofabskara.se\/wp-content\/uploads\/2023\/09\/142070-72.jpg\",\"datePublished\":\"2017-05-16T06:29:44+00:00\",\"dateModified\":\"2026-02-11T14:35:02+00:00\",\"breadcrumb\":{\"@id\":\"https:\/\/ofabskara.se\/sv\/produkt\/vattensystem-300\/#breadcrumb\"},\"inLanguage\":\"sv-SE\",\"potentialAction\":[{\"@type\":\"ReadAction\",\"target\":[\"https:\/\/ofabskara.se\/sv\/produkt\/vattensystem-300\/\"]}]},{\"@type\":\"ImageObject\",\"inLanguage\":\"sv-SE\",\"@id\":\"https:\/\/ofabskara.se\/sv\/produkt\/vattensystem-300\/#primaryimage\",\"url\":\"https:\/\/ofabskara.se\/wp-content\/uploads\/2023\/09\/142070-72.jpg\",\"contentUrl\":\"https:\/\/ofabskara.se\/wp-content\/uploads\/2023\/09\/142070-72.jpg\",\"width\":700,\"height\":700},{\"@type\":\"BreadcrumbList\",\"@id\":\"https:\/\/ofabskara.se\/sv\/produkt\/vattensystem-300\/#breadcrumb\",\"itemListElement\":[{\"@type\":\"ListItem\",\"position\":1,\"name\":\"Home\",\"item\":\"https:\/\/ofabskara.se\/sv\/\"},{\"@type\":\"ListItem\",\"position\":2,\"name\":\"Butik\",\"item\":\"https:\/\/ofabskara.se\/sv\/butik\/\"},{\"@type\":\"ListItem\",\"position\":3,\"name\":\"Suevia Vattensystem 300\"}]},{\"@type\":\"WebSite\",\"@id\":\"https:\/\/ofabskara.se\/sv\/#website\",\"url\":\"https:\/\/ofabskara.se\/sv\/\",\"name\":\"Ofab\",\"description\":\"\",\"potentialAction\":[{\"@type\":\"SearchAction\",\"target\":{\"@type\":\"EntryPoint\",\"urlTemplate\":\"https:\/\/ofabskara.se\/sv\/?s={search_term_string}\"},\"query-input\":{\"@type\":\"PropertyValueSpecification\",\"valueRequired\":true,\"valueName\":\"search_term_string\"}}],\"inLanguage\":\"sv-SE\"}]}<\/script>\n<!-- \/ Yoast SEO plugin. -->","yoast_head_json":{"title":"Suevia Vattensystem 300 - Ofab","robots":{"index":"index","follow":"follow","max-snippet":"max-snippet:-1","max-image-preview":"max-image-preview:large","max-video-preview":"max-video-preview:-1"},"canonical":"https:\/\/ofabskara.se\/sv\/produkt\/vattensystem-300\/","og_locale":"sv_SE","og_type":"article","og_title":"Suevia Vattensystem 300 - Ofab","og_description":"Anv\u00e4nds i l\u00f6sdriftsstallar f\u00f6r kor, kalvar, svin och f\u00e5r d\u00e4r man vill ha ett frostfritt vattensystem. Vattensystemets v\u00e4rmepatron har en effekt p\u00e5 3000W och \u00e4r f\u00f6rsedd med en reglerbar termostat. Cirkulationspumpen har tv\u00e5 l\u00e4gen, vilka st\u00e4lls in beroende p\u00e5 l\u00e4ngd och yttertemperatur. Systemet kan kopplas till en runtg\u00e5ende slinga p\u00e5 ca 200 m.","og_url":"https:\/\/ofabskara.se\/sv\/produkt\/vattensystem-300\/","og_site_name":"Ofab","article_modified_time":"2026-02-11T14:35:02+00:00","og_image":[{"width":700,"height":700,"url":"https:\/\/ofabskara.se\/wp-content\/uploads\/2023\/09\/142070-72.jpg","type":"image\/jpeg"}],"twitter_card":"summary_large_image","twitter_misc":{"Ber\u00e4knad l\u00e4stid":"1 minut"},"schema":{"@context":"https:\/\/schema.org","@graph":[{"@type":"WebPage","@id":"https:\/\/ofabskara.se\/sv\/produkt\/vattensystem-300\/","url":"https:\/\/ofabskara.se\/sv\/produkt\/vattensystem-300\/","name":"Suevia Vattensystem 300 - Ofab","isPartOf":{"@id":"https:\/\/ofabskara.se\/sv\/#website"},"primaryImageOfPage":{"@id":"https:\/\/ofabskara.se\/sv\/produkt\/vattensystem-300\/#primaryimage"},"image":{"@id":"https:\/\/ofabskara.se\/sv\/produkt\/vattensystem-300\/#primaryimage"},"thumbnailUrl":"https:\/\/ofabskara.se\/wp-content\/uploads\/2023\/09\/142070-72.jpg","datePublished":"2017-05-16T06:29:44+00:00","dateModified":"2026-02-11T14:35:02+00:00","breadcrumb":{"@id":"https:\/\/ofabskara.se\/sv\/produkt\/vattensystem-300\/#breadcrumb"},"inLanguage":"sv-SE","potentialAction":[{"@type":"ReadAction","target":["https:\/\/ofabskara.se\/sv\/produkt\/vattensystem-300\/"]}]},{"@type":"ImageObject","inLanguage":"sv-SE","@id":"https:\/\/ofabskara.se\/sv\/produkt\/vattensystem-300\/#primaryimage","url":"https:\/\/ofabskara.se\/wp-content\/uploads\/2023\/09\/142070-72.jpg","contentUrl":"https:\/\/ofabskara.se\/wp-content\/uploads\/2023\/09\/142070-72.jpg","width":700,"height":700},{"@type":"BreadcrumbList","@id":"https:\/\/ofabskara.se\/sv\/produkt\/vattensystem-300\/#breadcrumb","itemListElement":[{"@type":"ListItem","position":1,"name":"Home","item":"https:\/\/ofabskara.se\/sv\/"},{"@type":"ListItem","position":2,"name":"Butik","item":"https:\/\/ofabskara.se\/sv\/butik\/"},{"@type":"ListItem","position":3,"name":"Suevia Vattensystem 300"}]},{"@type":"WebSite","@id":"https:\/\/ofabskara.se\/sv\/#website","url":"https:\/\/ofabskara.se\/sv\/","name":"Ofab","description":"","potentialAction":[{"@type":"SearchAction","target":{"@type":"EntryPoint","urlTemplate":"https:\/\/ofabskara.se\/sv\/?s={search_term_string}"},"query-input":{"@type":"PropertyValueSpecification","valueRequired":true,"valueName":"search_term_string"}}],"inLanguage":"sv-SE"}]}},"_links":{"self":[{"href":"https:\/\/ofabskara.se\/sv\/wp-json\/wp\/v2\/product\/1302","targetHints":{"allow":["GET"]}}],"collection":[{"href":"https:\/\/ofabskara.se\/sv\/wp-json\/wp\/v2\/product"}],"about":[{"href":"https:\/\/ofabskara.se\/sv\/wp-json\/wp\/v2\/types\/product"}],"replies":[{"embeddable":true,"href":"https:\/\/ofabskara.se\/sv\/wp-json\/wp\/v2\/comments?post=1302"}],"wp:featuredmedia":[{"embeddable":true,"href":"https:\/\/ofabskara.se\/sv\/wp-json\/wp\/v2\/media\/1303"}],"wp:attachment":[{"href":"https:\/\/ofabskara.se\/sv\/wp-json\/wp\/v2\/media?parent=1302"}],"wp:term":[{"taxonomy":"product_brand","embeddable":true,"href":"https:\/\/ofabskara.se\/sv\/wp-json\/wp\/v2\/product_brand?post=1302"},{"taxonomy":"product_cat","embeddable":true,"href":"https:\/\/ofabskara.se\/sv\/wp-json\/wp\/v2\/product_cat?post=1302"},{"taxonomy":"product_tag","embeddable":true,"href":"https:\/\/ofabskara.se\/sv\/wp-json\/wp\/v2\/product_tag?post=1302"}],"curies":[{"name":"wp","href":"https:\/\/api.w.org\/{rel}","templated":true}]}}