{"id":1338,"date":"2017-05-16T08:29:52","date_gmt":"2017-05-16T06:29:52","guid":{"rendered":"https:\/\/ofabskara.se\/produkt\/suevia-model-1200\/"},"modified":"2025-12-18T07:38:12","modified_gmt":"2025-12-18T06:38:12","slug":"suevia-model-1200","status":"publish","type":"product","link":"https:\/\/ofabskara.se\/sv\/produkt\/suevia-model-1200\/","title":{"rendered":"Vattenkopp Suevia 1200 1\/2&#8243;"},"content":{"rendered":"","protected":false},"excerpt":{"rendered":"<p>En stor, kraftig, rostfri vattenkopp med bakstycke av emaljerat gjutj\u00e4rn. Sk\u00e5len har en fasad kant som f\u00f6rhindrar vattenspill. Anslutning 1 \/ 2&#8243; ovanifr\u00e5n och underifr\u00e5n g\u00f6r koppen mycket l\u00e4mplig att anv\u00e4nda till cirkulerande system (typ Suevia 303). Vattengiva vid 5 kg tryck: 20 lit \/ min. Sk\u00e5lens diameter: 260 mm. Sk\u00e5lens rymd: ca 3,5 liter. Byggm\u00e5tt fr\u00e5n v\u00e4gg och ut: 300 mm. Inf\u00e4stningsm\u00e5tt: 60 x 85 mm \/ 76 mm.<\/p>\n","protected":false},"featured_media":1339,"comment_status":"closed","ping_status":"closed","template":"","meta":{"_acf_changed":false,"inline_featured_image":false},"product_brand":[],"product_cat":[209,105,69],"product_tag":[],"class_list":{"0":"post-1338","1":"product","2":"type-product","3":"status-publish","4":"has-post-thumbnail","6":"product_cat-suevia-vattenkoppar","7":"product_cat-vattenkoppar","8":"product_cat-vattensystem","9":"product_shipping_class-kartongfrakt","11":"first","12":"instock","13":"taxable","14":"shipping-taxable","15":"purchasable","16":"product-type-simple"},"acf":[],"yoast_head":"<!-- This site is optimized with the Yoast SEO plugin v24.4 - https:\/\/yoast.com\/wordpress\/plugins\/seo\/ -->\n<title>Vattenkopp Suevia 1200 1\/2&quot; - Ofab<\/title>\n<meta name=\"robots\" content=\"index, follow, max-snippet:-1, max-image-preview:large, max-video-preview:-1\" \/>\n<link rel=\"canonical\" href=\"https:\/\/ofabskara.se\/sv\/produkt\/suevia-model-1200\/\" \/>\n<meta property=\"og:locale\" content=\"sv_SE\" \/>\n<meta property=\"og:type\" content=\"article\" \/>\n<meta property=\"og:title\" content=\"Vattenkopp Suevia 1200 1\/2&quot; - Ofab\" \/>\n<meta property=\"og:description\" content=\"En stor, kraftig, rostfri vattenkopp med bakstycke av emaljerat gjutj\u00e4rn. Sk\u00e5len har en fasad kant som f\u00f6rhindrar vattenspill. Anslutning 1 \/ 2&quot; ovanifr\u00e5n och underifr\u00e5n g\u00f6r koppen mycket l\u00e4mplig att anv\u00e4nda till cirkulerande system (typ Suevia 303). Vattengiva vid 5 kg tryck: 20 lit \/ min. Sk\u00e5lens diameter: 260 mm. Sk\u00e5lens rymd: ca 3,5 liter. Byggm\u00e5tt fr\u00e5n v\u00e4gg och ut: 300 mm. Inf\u00e4stningsm\u00e5tt: 60 x 85 mm \/ 76 mm.\" \/>\n<meta property=\"og:url\" content=\"https:\/\/ofabskara.se\/sv\/produkt\/suevia-model-1200\/\" \/>\n<meta property=\"og:site_name\" content=\"Ofab\" \/>\n<meta property=\"article:modified_time\" content=\"2025-12-18T06:38:12+00:00\" \/>\n<meta property=\"og:image\" content=\"https:\/\/ofabskara.se\/wp-content\/uploads\/2023\/09\/460_140405-1.png\" \/>\n\t<meta property=\"og:image:width\" content=\"460\" \/>\n\t<meta property=\"og:image:height\" content=\"460\" \/>\n\t<meta property=\"og:image:type\" content=\"image\/png\" \/>\n<meta name=\"twitter:card\" content=\"summary_large_image\" \/>\n<meta name=\"twitter:label1\" content=\"Ber\u00e4knad l\u00e4stid\" \/>\n\t<meta name=\"twitter:data1\" content=\"1 minut\" \/>\n<script type=\"application\/ld+json\" class=\"yoast-schema-graph\">{\"@context\":\"https:\/\/schema.org\",\"@graph\":[{\"@type\":\"WebPage\",\"@id\":\"https:\/\/ofabskara.se\/sv\/produkt\/suevia-model-1200\/\",\"url\":\"https:\/\/ofabskara.se\/sv\/produkt\/suevia-model-1200\/\",\"name\":\"Vattenkopp Suevia 1200 1\/2\\\" - Ofab\",\"isPartOf\":{\"@id\":\"https:\/\/ofabskara.se\/sv\/#website\"},\"primaryImageOfPage\":{\"@id\":\"https:\/\/ofabskara.se\/sv\/produkt\/suevia-model-1200\/#primaryimage\"},\"image\":{\"@id\":\"https:\/\/ofabskara.se\/sv\/produkt\/suevia-model-1200\/#primaryimage\"},\"thumbnailUrl\":\"https:\/\/ofabskara.se\/wp-content\/uploads\/2023\/09\/460_140405-1.png\",\"datePublished\":\"2017-05-16T06:29:52+00:00\",\"dateModified\":\"2025-12-18T06:38:12+00:00\",\"breadcrumb\":{\"@id\":\"https:\/\/ofabskara.se\/sv\/produkt\/suevia-model-1200\/#breadcrumb\"},\"inLanguage\":\"sv-SE\",\"potentialAction\":[{\"@type\":\"ReadAction\",\"target\":[\"https:\/\/ofabskara.se\/sv\/produkt\/suevia-model-1200\/\"]}]},{\"@type\":\"ImageObject\",\"inLanguage\":\"sv-SE\",\"@id\":\"https:\/\/ofabskara.se\/sv\/produkt\/suevia-model-1200\/#primaryimage\",\"url\":\"https:\/\/ofabskara.se\/wp-content\/uploads\/2023\/09\/460_140405-1.png\",\"contentUrl\":\"https:\/\/ofabskara.se\/wp-content\/uploads\/2023\/09\/460_140405-1.png\",\"width\":460,\"height\":460},{\"@type\":\"BreadcrumbList\",\"@id\":\"https:\/\/ofabskara.se\/sv\/produkt\/suevia-model-1200\/#breadcrumb\",\"itemListElement\":[{\"@type\":\"ListItem\",\"position\":1,\"name\":\"Home\",\"item\":\"https:\/\/ofabskara.se\/sv\/\"},{\"@type\":\"ListItem\",\"position\":2,\"name\":\"Butik\",\"item\":\"https:\/\/ofabskara.se\/sv\/butik\/\"},{\"@type\":\"ListItem\",\"position\":3,\"name\":\"Vattenkopp Suevia 1200 1\/2&#8243;\"}]},{\"@type\":\"WebSite\",\"@id\":\"https:\/\/ofabskara.se\/sv\/#website\",\"url\":\"https:\/\/ofabskara.se\/sv\/\",\"name\":\"Ofab\",\"description\":\"\",\"potentialAction\":[{\"@type\":\"SearchAction\",\"target\":{\"@type\":\"EntryPoint\",\"urlTemplate\":\"https:\/\/ofabskara.se\/sv\/?s={search_term_string}\"},\"query-input\":{\"@type\":\"PropertyValueSpecification\",\"valueRequired\":true,\"valueName\":\"search_term_string\"}}],\"inLanguage\":\"sv-SE\"}]}<\/script>\n<!-- \/ Yoast SEO plugin. -->","yoast_head_json":{"title":"Vattenkopp Suevia 1200 1\/2\" - Ofab","robots":{"index":"index","follow":"follow","max-snippet":"max-snippet:-1","max-image-preview":"max-image-preview:large","max-video-preview":"max-video-preview:-1"},"canonical":"https:\/\/ofabskara.se\/sv\/produkt\/suevia-model-1200\/","og_locale":"sv_SE","og_type":"article","og_title":"Vattenkopp Suevia 1200 1\/2\" - Ofab","og_description":"En stor, kraftig, rostfri vattenkopp med bakstycke av emaljerat gjutj\u00e4rn. Sk\u00e5len har en fasad kant som f\u00f6rhindrar vattenspill. Anslutning 1 \/ 2\" ovanifr\u00e5n och underifr\u00e5n g\u00f6r koppen mycket l\u00e4mplig att anv\u00e4nda till cirkulerande system (typ Suevia 303). Vattengiva vid 5 kg tryck: 20 lit \/ min. Sk\u00e5lens diameter: 260 mm. Sk\u00e5lens rymd: ca 3,5 liter. Byggm\u00e5tt fr\u00e5n v\u00e4gg och ut: 300 mm. Inf\u00e4stningsm\u00e5tt: 60 x 85 mm \/ 76 mm.","og_url":"https:\/\/ofabskara.se\/sv\/produkt\/suevia-model-1200\/","og_site_name":"Ofab","article_modified_time":"2025-12-18T06:38:12+00:00","og_image":[{"width":460,"height":460,"url":"https:\/\/ofabskara.se\/wp-content\/uploads\/2023\/09\/460_140405-1.png","type":"image\/png"}],"twitter_card":"summary_large_image","twitter_misc":{"Ber\u00e4knad l\u00e4stid":"1 minut"},"schema":{"@context":"https:\/\/schema.org","@graph":[{"@type":"WebPage","@id":"https:\/\/ofabskara.se\/sv\/produkt\/suevia-model-1200\/","url":"https:\/\/ofabskara.se\/sv\/produkt\/suevia-model-1200\/","name":"Vattenkopp Suevia 1200 1\/2\" - Ofab","isPartOf":{"@id":"https:\/\/ofabskara.se\/sv\/#website"},"primaryImageOfPage":{"@id":"https:\/\/ofabskara.se\/sv\/produkt\/suevia-model-1200\/#primaryimage"},"image":{"@id":"https:\/\/ofabskara.se\/sv\/produkt\/suevia-model-1200\/#primaryimage"},"thumbnailUrl":"https:\/\/ofabskara.se\/wp-content\/uploads\/2023\/09\/460_140405-1.png","datePublished":"2017-05-16T06:29:52+00:00","dateModified":"2025-12-18T06:38:12+00:00","breadcrumb":{"@id":"https:\/\/ofabskara.se\/sv\/produkt\/suevia-model-1200\/#breadcrumb"},"inLanguage":"sv-SE","potentialAction":[{"@type":"ReadAction","target":["https:\/\/ofabskara.se\/sv\/produkt\/suevia-model-1200\/"]}]},{"@type":"ImageObject","inLanguage":"sv-SE","@id":"https:\/\/ofabskara.se\/sv\/produkt\/suevia-model-1200\/#primaryimage","url":"https:\/\/ofabskara.se\/wp-content\/uploads\/2023\/09\/460_140405-1.png","contentUrl":"https:\/\/ofabskara.se\/wp-content\/uploads\/2023\/09\/460_140405-1.png","width":460,"height":460},{"@type":"BreadcrumbList","@id":"https:\/\/ofabskara.se\/sv\/produkt\/suevia-model-1200\/#breadcrumb","itemListElement":[{"@type":"ListItem","position":1,"name":"Home","item":"https:\/\/ofabskara.se\/sv\/"},{"@type":"ListItem","position":2,"name":"Butik","item":"https:\/\/ofabskara.se\/sv\/butik\/"},{"@type":"ListItem","position":3,"name":"Vattenkopp Suevia 1200 1\/2&#8243;"}]},{"@type":"WebSite","@id":"https:\/\/ofabskara.se\/sv\/#website","url":"https:\/\/ofabskara.se\/sv\/","name":"Ofab","description":"","potentialAction":[{"@type":"SearchAction","target":{"@type":"EntryPoint","urlTemplate":"https:\/\/ofabskara.se\/sv\/?s={search_term_string}"},"query-input":{"@type":"PropertyValueSpecification","valueRequired":true,"valueName":"search_term_string"}}],"inLanguage":"sv-SE"}]}},"_links":{"self":[{"href":"https:\/\/ofabskara.se\/sv\/wp-json\/wp\/v2\/product\/1338","targetHints":{"allow":["GET"]}}],"collection":[{"href":"https:\/\/ofabskara.se\/sv\/wp-json\/wp\/v2\/product"}],"about":[{"href":"https:\/\/ofabskara.se\/sv\/wp-json\/wp\/v2\/types\/product"}],"replies":[{"embeddable":true,"href":"https:\/\/ofabskara.se\/sv\/wp-json\/wp\/v2\/comments?post=1338"}],"wp:featuredmedia":[{"embeddable":true,"href":"https:\/\/ofabskara.se\/sv\/wp-json\/wp\/v2\/media\/1339"}],"wp:attachment":[{"href":"https:\/\/ofabskara.se\/sv\/wp-json\/wp\/v2\/media?parent=1338"}],"wp:term":[{"taxonomy":"product_brand","embeddable":true,"href":"https:\/\/ofabskara.se\/sv\/wp-json\/wp\/v2\/product_brand?post=1338"},{"taxonomy":"product_cat","embeddable":true,"href":"https:\/\/ofabskara.se\/sv\/wp-json\/wp\/v2\/product_cat?post=1338"},{"taxonomy":"product_tag","embeddable":true,"href":"https:\/\/ofabskara.se\/sv\/wp-json\/wp\/v2\/product_tag?post=1338"}],"curies":[{"name":"wp","href":"https:\/\/api.w.org\/{rel}","templated":true}]}}