{"id":1367,"date":"2017-05-16T08:31:51","date_gmt":"2017-05-16T06:31:51","guid":{"rendered":"https:\/\/ofabskara.se\/produkt\/markpump-la-buvette-aquamat-ii\/"},"modified":"2026-04-14T11:30:02","modified_gmt":"2026-04-14T09:30:02","slug":"markpump-la-buvette-aquamat-ii","status":"publish","type":"product","link":"https:\/\/ofabskara.se\/sv\/produkt\/markpump-la-buvette-aquamat-ii\/","title":{"rendered":"Markpump la buvette"},"content":{"rendered":"<ul>\n<li>Automatisk, l\u00e4ttg\u00e5ende och effektiv markpump.En pump till ov\u00e4rderlig hj\u00e4lp f\u00f6r djur\u00e4gare som har tillg\u00e5ng till vattendrag, sj\u00f6, b\u00e4ck eller liknande.\n<ul>\n<li>Sugslang ing\u00e5r ej.<\/li>\n<li>Sugh\u00f6jd ca 7m, sugl\u00e4ngd ca 70m.<\/li>\n<li>Anslutningsg\u00e4nga R25.<\/li>\n<li><\/li>\n<\/ul>\n<\/li>\n<\/ul>\n<p><iframe title=\"Installer une pompe de prairie AQUAMAT II\" width=\"500\" height=\"281\" src=\"https:\/\/www.youtube.com\/embed\/rBkpGf1jXHQ?feature=oembed\" frameborder=\"0\" allow=\"accelerometer; autoplay; clipboard-write; encrypted-media; gyroscope; picture-in-picture; web-share\" referrerpolicy=\"strict-origin-when-cross-origin\" allowfullscreen><\/iframe><\/p>\n","protected":false},"excerpt":{"rendered":"<p><span style=\"color: rgb(49 49 49 \/ var(--tw-text-opacity)); font-size: 1.125rem;\">Automatisk, l\u00e4ttg\u00e5ende och effektiv markpump.<\/span><\/p>\n<p><span style=\"color: rgb(49 49 49 \/ var(--tw-text-opacity)); font-size: 1.125rem;\">En pump till ov\u00e4rderlig hj\u00e4lp f\u00f6r djur\u00e4gare som har tillg\u00e5ng till vattendrag, sj\u00f6, b\u00e4ck eller liknande.<\/span><\/p>\n<ul>\n<li>Sugslang ing\u00e5r ej.<\/li>\n<li>Sugh\u00f6jd ca 7m, sugl\u00e4ngd ca 70m.<\/li>\n<li>Anslutningsg\u00e4nga R25.<\/li>\n<\/ul>\n","protected":false},"featured_media":1368,"comment_status":"closed","ping_status":"closed","template":"","meta":{"_acf_changed":false,"inline_featured_image":false},"product_brand":[],"product_cat":[107,69],"product_tag":[],"class_list":{"0":"post-1367","1":"product","2":"type-product","3":"status-publish","4":"has-post-thumbnail","6":"product_cat-vattenautomater","7":"product_cat-vattensystem","8":"pa_sughojd-7-m","9":"pa_suglangd-70-m","11":"first","12":"instock","13":"taxable","14":"shipping-taxable","15":"purchasable","16":"product-type-simple"},"acf":[],"yoast_head":"<!-- This site is optimized with the Yoast SEO plugin v24.4 - https:\/\/yoast.com\/wordpress\/plugins\/seo\/ -->\n<title>Markpump la buvette - Ofab<\/title>\n<meta name=\"robots\" content=\"index, follow, max-snippet:-1, max-image-preview:large, max-video-preview:-1\" \/>\n<link rel=\"canonical\" href=\"https:\/\/ofabskara.se\/sv\/produkt\/markpump-la-buvette-aquamat-ii\/\" \/>\n<meta property=\"og:locale\" content=\"sv_SE\" \/>\n<meta property=\"og:type\" content=\"article\" \/>\n<meta property=\"og:title\" content=\"Markpump la buvette - Ofab\" \/>\n<meta property=\"og:description\" content=\"Automatisk, l\u00e4ttg\u00e5ende och effektiv markpump.  En pump till ov\u00e4rderlig hj\u00e4lp f\u00f6r djur\u00e4gare som har tillg\u00e5ng till vattendrag, sj\u00f6, b\u00e4ck eller liknande.   Sugslang ing\u00e5r ej.  Sugh\u00f6jd ca 7m, sugl\u00e4ngd ca 70m.  Anslutningsg\u00e4nga R25.\" \/>\n<meta property=\"og:url\" content=\"https:\/\/ofabskara.se\/sv\/produkt\/markpump-la-buvette-aquamat-ii\/\" \/>\n<meta property=\"og:site_name\" content=\"Ofab\" \/>\n<meta property=\"article:modified_time\" content=\"2026-04-14T09:30:02+00:00\" \/>\n<meta property=\"og:image\" content=\"https:\/\/ofabskara.se\/wp-content\/uploads\/2023\/09\/2209-1.jpg\" \/>\n\t<meta property=\"og:image:width\" content=\"1772\" \/>\n\t<meta property=\"og:image:height\" content=\"1772\" \/>\n\t<meta property=\"og:image:type\" content=\"image\/jpeg\" \/>\n<meta name=\"twitter:card\" content=\"summary_large_image\" \/>\n<meta name=\"twitter:label1\" content=\"Ber\u00e4knad l\u00e4stid\" \/>\n\t<meta name=\"twitter:data1\" content=\"1 minut\" \/>\n<script type=\"application\/ld+json\" class=\"yoast-schema-graph\">{\"@context\":\"https:\/\/schema.org\",\"@graph\":[{\"@type\":\"WebPage\",\"@id\":\"https:\/\/ofabskara.se\/sv\/produkt\/markpump-la-buvette-aquamat-ii\/\",\"url\":\"https:\/\/ofabskara.se\/sv\/produkt\/markpump-la-buvette-aquamat-ii\/\",\"name\":\"Markpump la buvette - Ofab\",\"isPartOf\":{\"@id\":\"https:\/\/ofabskara.se\/sv\/#website\"},\"primaryImageOfPage\":{\"@id\":\"https:\/\/ofabskara.se\/sv\/produkt\/markpump-la-buvette-aquamat-ii\/#primaryimage\"},\"image\":{\"@id\":\"https:\/\/ofabskara.se\/sv\/produkt\/markpump-la-buvette-aquamat-ii\/#primaryimage\"},\"thumbnailUrl\":\"https:\/\/ofabskara.se\/wp-content\/uploads\/2023\/09\/2209-1.jpg\",\"datePublished\":\"2017-05-16T06:31:51+00:00\",\"dateModified\":\"2026-04-14T09:30:02+00:00\",\"breadcrumb\":{\"@id\":\"https:\/\/ofabskara.se\/sv\/produkt\/markpump-la-buvette-aquamat-ii\/#breadcrumb\"},\"inLanguage\":\"sv-SE\",\"potentialAction\":[{\"@type\":\"ReadAction\",\"target\":[\"https:\/\/ofabskara.se\/sv\/produkt\/markpump-la-buvette-aquamat-ii\/\"]}]},{\"@type\":\"ImageObject\",\"inLanguage\":\"sv-SE\",\"@id\":\"https:\/\/ofabskara.se\/sv\/produkt\/markpump-la-buvette-aquamat-ii\/#primaryimage\",\"url\":\"https:\/\/ofabskara.se\/wp-content\/uploads\/2023\/09\/2209-1.jpg\",\"contentUrl\":\"https:\/\/ofabskara.se\/wp-content\/uploads\/2023\/09\/2209-1.jpg\",\"width\":1772,\"height\":1772},{\"@type\":\"BreadcrumbList\",\"@id\":\"https:\/\/ofabskara.se\/sv\/produkt\/markpump-la-buvette-aquamat-ii\/#breadcrumb\",\"itemListElement\":[{\"@type\":\"ListItem\",\"position\":1,\"name\":\"Home\",\"item\":\"https:\/\/ofabskara.se\/sv\/\"},{\"@type\":\"ListItem\",\"position\":2,\"name\":\"Butik\",\"item\":\"https:\/\/ofabskara.se\/sv\/butik\/\"},{\"@type\":\"ListItem\",\"position\":3,\"name\":\"Markpump la buvette\"}]},{\"@type\":\"WebSite\",\"@id\":\"https:\/\/ofabskara.se\/sv\/#website\",\"url\":\"https:\/\/ofabskara.se\/sv\/\",\"name\":\"Ofab\",\"description\":\"\",\"potentialAction\":[{\"@type\":\"SearchAction\",\"target\":{\"@type\":\"EntryPoint\",\"urlTemplate\":\"https:\/\/ofabskara.se\/sv\/?s={search_term_string}\"},\"query-input\":{\"@type\":\"PropertyValueSpecification\",\"valueRequired\":true,\"valueName\":\"search_term_string\"}}],\"inLanguage\":\"sv-SE\"}]}<\/script>\n<!-- \/ Yoast SEO plugin. -->","yoast_head_json":{"title":"Markpump la buvette - Ofab","robots":{"index":"index","follow":"follow","max-snippet":"max-snippet:-1","max-image-preview":"max-image-preview:large","max-video-preview":"max-video-preview:-1"},"canonical":"https:\/\/ofabskara.se\/sv\/produkt\/markpump-la-buvette-aquamat-ii\/","og_locale":"sv_SE","og_type":"article","og_title":"Markpump la buvette - Ofab","og_description":"Automatisk, l\u00e4ttg\u00e5ende och effektiv markpump.  En pump till ov\u00e4rderlig hj\u00e4lp f\u00f6r djur\u00e4gare som har tillg\u00e5ng till vattendrag, sj\u00f6, b\u00e4ck eller liknande.   Sugslang ing\u00e5r ej.  Sugh\u00f6jd ca 7m, sugl\u00e4ngd ca 70m.  Anslutningsg\u00e4nga R25.","og_url":"https:\/\/ofabskara.se\/sv\/produkt\/markpump-la-buvette-aquamat-ii\/","og_site_name":"Ofab","article_modified_time":"2026-04-14T09:30:02+00:00","og_image":[{"width":1772,"height":1772,"url":"https:\/\/ofabskara.se\/wp-content\/uploads\/2023\/09\/2209-1.jpg","type":"image\/jpeg"}],"twitter_card":"summary_large_image","twitter_misc":{"Ber\u00e4knad l\u00e4stid":"1 minut"},"schema":{"@context":"https:\/\/schema.org","@graph":[{"@type":"WebPage","@id":"https:\/\/ofabskara.se\/sv\/produkt\/markpump-la-buvette-aquamat-ii\/","url":"https:\/\/ofabskara.se\/sv\/produkt\/markpump-la-buvette-aquamat-ii\/","name":"Markpump la buvette - Ofab","isPartOf":{"@id":"https:\/\/ofabskara.se\/sv\/#website"},"primaryImageOfPage":{"@id":"https:\/\/ofabskara.se\/sv\/produkt\/markpump-la-buvette-aquamat-ii\/#primaryimage"},"image":{"@id":"https:\/\/ofabskara.se\/sv\/produkt\/markpump-la-buvette-aquamat-ii\/#primaryimage"},"thumbnailUrl":"https:\/\/ofabskara.se\/wp-content\/uploads\/2023\/09\/2209-1.jpg","datePublished":"2017-05-16T06:31:51+00:00","dateModified":"2026-04-14T09:30:02+00:00","breadcrumb":{"@id":"https:\/\/ofabskara.se\/sv\/produkt\/markpump-la-buvette-aquamat-ii\/#breadcrumb"},"inLanguage":"sv-SE","potentialAction":[{"@type":"ReadAction","target":["https:\/\/ofabskara.se\/sv\/produkt\/markpump-la-buvette-aquamat-ii\/"]}]},{"@type":"ImageObject","inLanguage":"sv-SE","@id":"https:\/\/ofabskara.se\/sv\/produkt\/markpump-la-buvette-aquamat-ii\/#primaryimage","url":"https:\/\/ofabskara.se\/wp-content\/uploads\/2023\/09\/2209-1.jpg","contentUrl":"https:\/\/ofabskara.se\/wp-content\/uploads\/2023\/09\/2209-1.jpg","width":1772,"height":1772},{"@type":"BreadcrumbList","@id":"https:\/\/ofabskara.se\/sv\/produkt\/markpump-la-buvette-aquamat-ii\/#breadcrumb","itemListElement":[{"@type":"ListItem","position":1,"name":"Home","item":"https:\/\/ofabskara.se\/sv\/"},{"@type":"ListItem","position":2,"name":"Butik","item":"https:\/\/ofabskara.se\/sv\/butik\/"},{"@type":"ListItem","position":3,"name":"Markpump la buvette"}]},{"@type":"WebSite","@id":"https:\/\/ofabskara.se\/sv\/#website","url":"https:\/\/ofabskara.se\/sv\/","name":"Ofab","description":"","potentialAction":[{"@type":"SearchAction","target":{"@type":"EntryPoint","urlTemplate":"https:\/\/ofabskara.se\/sv\/?s={search_term_string}"},"query-input":{"@type":"PropertyValueSpecification","valueRequired":true,"valueName":"search_term_string"}}],"inLanguage":"sv-SE"}]}},"_links":{"self":[{"href":"https:\/\/ofabskara.se\/sv\/wp-json\/wp\/v2\/product\/1367","targetHints":{"allow":["GET"]}}],"collection":[{"href":"https:\/\/ofabskara.se\/sv\/wp-json\/wp\/v2\/product"}],"about":[{"href":"https:\/\/ofabskara.se\/sv\/wp-json\/wp\/v2\/types\/product"}],"replies":[{"embeddable":true,"href":"https:\/\/ofabskara.se\/sv\/wp-json\/wp\/v2\/comments?post=1367"}],"wp:featuredmedia":[{"embeddable":true,"href":"https:\/\/ofabskara.se\/sv\/wp-json\/wp\/v2\/media\/1368"}],"wp:attachment":[{"href":"https:\/\/ofabskara.se\/sv\/wp-json\/wp\/v2\/media?parent=1367"}],"wp:term":[{"taxonomy":"product_brand","embeddable":true,"href":"https:\/\/ofabskara.se\/sv\/wp-json\/wp\/v2\/product_brand?post=1367"},{"taxonomy":"product_cat","embeddable":true,"href":"https:\/\/ofabskara.se\/sv\/wp-json\/wp\/v2\/product_cat?post=1367"},{"taxonomy":"product_tag","embeddable":true,"href":"https:\/\/ofabskara.se\/sv\/wp-json\/wp\/v2\/product_tag?post=1367"}],"curies":[{"name":"wp","href":"https:\/\/api.w.org\/{rel}","templated":true}]}}