{"id":1565,"date":"2017-05-16T08:37:49","date_gmt":"2017-05-16T06:37:49","guid":{"rendered":"https:\/\/ofabskara.se\/produkt\/hydraulcylindrar-1000-80\/"},"modified":"2025-05-08T09:47:31","modified_gmt":"2025-05-08T07:47:31","slug":"hydraulcylindrar-1000-80","status":"publish","type":"product","link":"https:\/\/ofabskara.se\/sv\/produkt\/hydraulcylindrar-1000-80\/","title":{"rendered":"Cylinder 80\/40-1000"},"content":{"rendered":"","protected":false},"excerpt":{"rendered":"<p>Dubbelverkande med l\u00e4nklager. Svensktillverkade kvalitetscylindrar!<br \/>\nCylinder Inv. diam. mm:80, Kolvst\u00e5ng diameter mm:40, L\u00e4nklager h\u00e5ldiam. mm:35, Anslutning inv. R-g\u00e4nga:1\/2\u201d<\/p>\n","protected":false},"featured_media":0,"comment_status":"closed","ping_status":"open","template":"","meta":{"_acf_changed":false,"inline_featured_image":false},"product_brand":[],"product_cat":[22],"product_tag":[],"class_list":{"0":"post-1565","1":"product","2":"type-product","3":"status-publish","5":"product_cat-okategoriserad","6":"pa_c-c-matt-1235-2235-mm","7":"pa_cylinder-inv-diam-80-mm","8":"pa_kolvstang-diameter-40-mm","9":"pa_lanklager-haldiam-35-mm","10":"pa_slaglangd-1000-mm","12":"first","13":"outofstock","14":"taxable","15":"shipping-taxable","16":"purchasable","17":"product-type-simple"},"acf":[],"yoast_head":"<!-- This site is optimized with the Yoast SEO plugin v24.4 - https:\/\/yoast.com\/wordpress\/plugins\/seo\/ -->\n<title>Cylinder 80\/40-1000 - Ofab<\/title>\n<meta name=\"robots\" content=\"index, follow, max-snippet:-1, max-image-preview:large, max-video-preview:-1\" \/>\n<link rel=\"canonical\" href=\"https:\/\/ofabskara.se\/sv\/produkt\/hydraulcylindrar-1000-80\/\" \/>\n<meta property=\"og:locale\" content=\"sv_SE\" \/>\n<meta property=\"og:type\" content=\"article\" \/>\n<meta property=\"og:title\" content=\"Cylinder 80\/40-1000 - Ofab\" \/>\n<meta property=\"og:description\" content=\"Dubbelverkande med l\u00e4nklager. Svensktillverkade kvalitetscylindrar! Cylinder Inv. diam. mm:80, Kolvst\u00e5ng diameter mm:40, L\u00e4nklager h\u00e5ldiam. mm:35, Anslutning inv. R-g\u00e4nga:1\/2\u201d\" \/>\n<meta property=\"og:url\" content=\"https:\/\/ofabskara.se\/sv\/produkt\/hydraulcylindrar-1000-80\/\" \/>\n<meta property=\"og:site_name\" content=\"Ofab\" \/>\n<meta property=\"article:modified_time\" content=\"2025-05-08T07:47:31+00:00\" \/>\n<meta name=\"twitter:card\" content=\"summary_large_image\" \/>\n<script type=\"application\/ld+json\" class=\"yoast-schema-graph\">{\"@context\":\"https:\/\/schema.org\",\"@graph\":[{\"@type\":\"WebPage\",\"@id\":\"https:\/\/ofabskara.se\/sv\/produkt\/hydraulcylindrar-1000-80\/\",\"url\":\"https:\/\/ofabskara.se\/sv\/produkt\/hydraulcylindrar-1000-80\/\",\"name\":\"Cylinder 80\/40-1000 - Ofab\",\"isPartOf\":{\"@id\":\"https:\/\/ofabskara.se\/sv\/#website\"},\"datePublished\":\"2017-05-16T06:37:49+00:00\",\"dateModified\":\"2025-05-08T07:47:31+00:00\",\"breadcrumb\":{\"@id\":\"https:\/\/ofabskara.se\/sv\/produkt\/hydraulcylindrar-1000-80\/#breadcrumb\"},\"inLanguage\":\"sv-SE\",\"potentialAction\":[{\"@type\":\"ReadAction\",\"target\":[\"https:\/\/ofabskara.se\/sv\/produkt\/hydraulcylindrar-1000-80\/\"]}]},{\"@type\":\"BreadcrumbList\",\"@id\":\"https:\/\/ofabskara.se\/sv\/produkt\/hydraulcylindrar-1000-80\/#breadcrumb\",\"itemListElement\":[{\"@type\":\"ListItem\",\"position\":1,\"name\":\"Home\",\"item\":\"https:\/\/ofabskara.se\/sv\/\"},{\"@type\":\"ListItem\",\"position\":2,\"name\":\"Butik\",\"item\":\"https:\/\/ofabskara.se\/sv\/butik\/\"},{\"@type\":\"ListItem\",\"position\":3,\"name\":\"Cylinder 80\/40-1000\"}]},{\"@type\":\"WebSite\",\"@id\":\"https:\/\/ofabskara.se\/sv\/#website\",\"url\":\"https:\/\/ofabskara.se\/sv\/\",\"name\":\"Ofab\",\"description\":\"\",\"potentialAction\":[{\"@type\":\"SearchAction\",\"target\":{\"@type\":\"EntryPoint\",\"urlTemplate\":\"https:\/\/ofabskara.se\/sv\/?s={search_term_string}\"},\"query-input\":{\"@type\":\"PropertyValueSpecification\",\"valueRequired\":true,\"valueName\":\"search_term_string\"}}],\"inLanguage\":\"sv-SE\"}]}<\/script>\n<!-- \/ Yoast SEO plugin. -->","yoast_head_json":{"title":"Cylinder 80\/40-1000 - Ofab","robots":{"index":"index","follow":"follow","max-snippet":"max-snippet:-1","max-image-preview":"max-image-preview:large","max-video-preview":"max-video-preview:-1"},"canonical":"https:\/\/ofabskara.se\/sv\/produkt\/hydraulcylindrar-1000-80\/","og_locale":"sv_SE","og_type":"article","og_title":"Cylinder 80\/40-1000 - Ofab","og_description":"Dubbelverkande med l\u00e4nklager. Svensktillverkade kvalitetscylindrar! Cylinder Inv. diam. mm:80, Kolvst\u00e5ng diameter mm:40, L\u00e4nklager h\u00e5ldiam. mm:35, Anslutning inv. R-g\u00e4nga:1\/2\u201d","og_url":"https:\/\/ofabskara.se\/sv\/produkt\/hydraulcylindrar-1000-80\/","og_site_name":"Ofab","article_modified_time":"2025-05-08T07:47:31+00:00","twitter_card":"summary_large_image","schema":{"@context":"https:\/\/schema.org","@graph":[{"@type":"WebPage","@id":"https:\/\/ofabskara.se\/sv\/produkt\/hydraulcylindrar-1000-80\/","url":"https:\/\/ofabskara.se\/sv\/produkt\/hydraulcylindrar-1000-80\/","name":"Cylinder 80\/40-1000 - Ofab","isPartOf":{"@id":"https:\/\/ofabskara.se\/sv\/#website"},"datePublished":"2017-05-16T06:37:49+00:00","dateModified":"2025-05-08T07:47:31+00:00","breadcrumb":{"@id":"https:\/\/ofabskara.se\/sv\/produkt\/hydraulcylindrar-1000-80\/#breadcrumb"},"inLanguage":"sv-SE","potentialAction":[{"@type":"ReadAction","target":["https:\/\/ofabskara.se\/sv\/produkt\/hydraulcylindrar-1000-80\/"]}]},{"@type":"BreadcrumbList","@id":"https:\/\/ofabskara.se\/sv\/produkt\/hydraulcylindrar-1000-80\/#breadcrumb","itemListElement":[{"@type":"ListItem","position":1,"name":"Home","item":"https:\/\/ofabskara.se\/sv\/"},{"@type":"ListItem","position":2,"name":"Butik","item":"https:\/\/ofabskara.se\/sv\/butik\/"},{"@type":"ListItem","position":3,"name":"Cylinder 80\/40-1000"}]},{"@type":"WebSite","@id":"https:\/\/ofabskara.se\/sv\/#website","url":"https:\/\/ofabskara.se\/sv\/","name":"Ofab","description":"","potentialAction":[{"@type":"SearchAction","target":{"@type":"EntryPoint","urlTemplate":"https:\/\/ofabskara.se\/sv\/?s={search_term_string}"},"query-input":{"@type":"PropertyValueSpecification","valueRequired":true,"valueName":"search_term_string"}}],"inLanguage":"sv-SE"}]}},"_links":{"self":[{"href":"https:\/\/ofabskara.se\/sv\/wp-json\/wp\/v2\/product\/1565","targetHints":{"allow":["GET"]}}],"collection":[{"href":"https:\/\/ofabskara.se\/sv\/wp-json\/wp\/v2\/product"}],"about":[{"href":"https:\/\/ofabskara.se\/sv\/wp-json\/wp\/v2\/types\/product"}],"replies":[{"embeddable":true,"href":"https:\/\/ofabskara.se\/sv\/wp-json\/wp\/v2\/comments?post=1565"}],"wp:attachment":[{"href":"https:\/\/ofabskara.se\/sv\/wp-json\/wp\/v2\/media?parent=1565"}],"wp:term":[{"taxonomy":"product_brand","embeddable":true,"href":"https:\/\/ofabskara.se\/sv\/wp-json\/wp\/v2\/product_brand?post=1565"},{"taxonomy":"product_cat","embeddable":true,"href":"https:\/\/ofabskara.se\/sv\/wp-json\/wp\/v2\/product_cat?post=1565"},{"taxonomy":"product_tag","embeddable":true,"href":"https:\/\/ofabskara.se\/sv\/wp-json\/wp\/v2\/product_tag?post=1565"}],"curies":[{"name":"wp","href":"https:\/\/api.w.org\/{rel}","templated":true}]}}