{"id":1679,"date":"2017-05-16T08:41:17","date_gmt":"2017-05-16T06:41:17","guid":{"rendered":"https:\/\/ofabskara.se\/produkt\/teleskopcylindrar-2000\/"},"modified":"2025-05-08T09:46:58","modified_gmt":"2025-05-08T07:46:58","slug":"teleskopcylindrar-2000","status":"publish","type":"product","link":"https:\/\/ofabskara.se\/sv\/produkt\/teleskopcylindrar-2000\/","title":{"rendered":"Tippcylinder KK 138\/60-2000"},"content":{"rendered":"","protected":false},"excerpt":{"rendered":"<p><b>Svensktillverkade kvalitetscylindrar med kula i b\u00e5da \u00e4ndar.<\/b> Slagl\u00e4ngd:1300 &#8211; 2300mm. Montering: Kula-Kula (KK). 4-steg \/ 5-steg.<\/p>\n","protected":false},"featured_media":0,"comment_status":"closed","ping_status":"open","template":"","meta":{"_acf_changed":false,"inline_featured_image":false},"product_brand":[],"product_cat":[22],"product_tag":[],"class_list":{"0":"post-1679","1":"product","2":"type-product","3":"status-publish","5":"product_cat-okategoriserad","6":"pa_cylinderdiameter-steg-1-629","7":"pa_cylinderdiameter-steg-2-630","8":"pa_cylinderdiameter-steg-3-631","9":"pa_cylinderdiameter-steg-4-632","10":"pa_cylinderdiameter-steg-5-633","11":"pa_inbyggn-matt-641-2641-mm","12":"pa_montering-kula-kula","13":"pa_slaglangd-2000-mm","15":"first","16":"outofstock","17":"taxable","18":"shipping-taxable","19":"purchasable","20":"product-type-simple"},"acf":[],"yoast_head":"<!-- This site is optimized with the Yoast SEO plugin v24.4 - https:\/\/yoast.com\/wordpress\/plugins\/seo\/ -->\n<title>Tippcylinder KK 138\/60-2000 - Ofab<\/title>\n<meta name=\"robots\" content=\"index, follow, max-snippet:-1, max-image-preview:large, max-video-preview:-1\" \/>\n<link rel=\"canonical\" href=\"https:\/\/ofabskara.se\/sv\/produkt\/teleskopcylindrar-2000\/\" \/>\n<meta property=\"og:locale\" content=\"sv_SE\" \/>\n<meta property=\"og:type\" content=\"article\" \/>\n<meta property=\"og:title\" content=\"Tippcylinder KK 138\/60-2000 - Ofab\" \/>\n<meta property=\"og:description\" content=\"Svensktillverkade kvalitetscylindrar med kula i b\u00e5da \u00e4ndar. Slagl\u00e4ngd:1300 - 2300mm. Montering: Kula-Kula (KK). 4-steg \/ 5-steg.\" \/>\n<meta property=\"og:url\" content=\"https:\/\/ofabskara.se\/sv\/produkt\/teleskopcylindrar-2000\/\" \/>\n<meta property=\"og:site_name\" content=\"Ofab\" \/>\n<meta property=\"article:modified_time\" content=\"2025-05-08T07:46:58+00:00\" \/>\n<meta name=\"twitter:card\" content=\"summary_large_image\" \/>\n<script type=\"application\/ld+json\" class=\"yoast-schema-graph\">{\"@context\":\"https:\/\/schema.org\",\"@graph\":[{\"@type\":\"WebPage\",\"@id\":\"https:\/\/ofabskara.se\/sv\/produkt\/teleskopcylindrar-2000\/\",\"url\":\"https:\/\/ofabskara.se\/sv\/produkt\/teleskopcylindrar-2000\/\",\"name\":\"Tippcylinder KK 138\/60-2000 - Ofab\",\"isPartOf\":{\"@id\":\"https:\/\/ofabskara.se\/sv\/#website\"},\"datePublished\":\"2017-05-16T06:41:17+00:00\",\"dateModified\":\"2025-05-08T07:46:58+00:00\",\"breadcrumb\":{\"@id\":\"https:\/\/ofabskara.se\/sv\/produkt\/teleskopcylindrar-2000\/#breadcrumb\"},\"inLanguage\":\"sv-SE\",\"potentialAction\":[{\"@type\":\"ReadAction\",\"target\":[\"https:\/\/ofabskara.se\/sv\/produkt\/teleskopcylindrar-2000\/\"]}]},{\"@type\":\"BreadcrumbList\",\"@id\":\"https:\/\/ofabskara.se\/sv\/produkt\/teleskopcylindrar-2000\/#breadcrumb\",\"itemListElement\":[{\"@type\":\"ListItem\",\"position\":1,\"name\":\"Home\",\"item\":\"https:\/\/ofabskara.se\/sv\/\"},{\"@type\":\"ListItem\",\"position\":2,\"name\":\"Butik\",\"item\":\"https:\/\/ofabskara.se\/sv\/butik\/\"},{\"@type\":\"ListItem\",\"position\":3,\"name\":\"Tippcylinder KK 138\/60-2000\"}]},{\"@type\":\"WebSite\",\"@id\":\"https:\/\/ofabskara.se\/sv\/#website\",\"url\":\"https:\/\/ofabskara.se\/sv\/\",\"name\":\"Ofab\",\"description\":\"\",\"potentialAction\":[{\"@type\":\"SearchAction\",\"target\":{\"@type\":\"EntryPoint\",\"urlTemplate\":\"https:\/\/ofabskara.se\/sv\/?s={search_term_string}\"},\"query-input\":{\"@type\":\"PropertyValueSpecification\",\"valueRequired\":true,\"valueName\":\"search_term_string\"}}],\"inLanguage\":\"sv-SE\"}]}<\/script>\n<!-- \/ Yoast SEO plugin. -->","yoast_head_json":{"title":"Tippcylinder KK 138\/60-2000 - Ofab","robots":{"index":"index","follow":"follow","max-snippet":"max-snippet:-1","max-image-preview":"max-image-preview:large","max-video-preview":"max-video-preview:-1"},"canonical":"https:\/\/ofabskara.se\/sv\/produkt\/teleskopcylindrar-2000\/","og_locale":"sv_SE","og_type":"article","og_title":"Tippcylinder KK 138\/60-2000 - Ofab","og_description":"Svensktillverkade kvalitetscylindrar med kula i b\u00e5da \u00e4ndar. Slagl\u00e4ngd:1300 - 2300mm. Montering: Kula-Kula (KK). 4-steg \/ 5-steg.","og_url":"https:\/\/ofabskara.se\/sv\/produkt\/teleskopcylindrar-2000\/","og_site_name":"Ofab","article_modified_time":"2025-05-08T07:46:58+00:00","twitter_card":"summary_large_image","schema":{"@context":"https:\/\/schema.org","@graph":[{"@type":"WebPage","@id":"https:\/\/ofabskara.se\/sv\/produkt\/teleskopcylindrar-2000\/","url":"https:\/\/ofabskara.se\/sv\/produkt\/teleskopcylindrar-2000\/","name":"Tippcylinder KK 138\/60-2000 - Ofab","isPartOf":{"@id":"https:\/\/ofabskara.se\/sv\/#website"},"datePublished":"2017-05-16T06:41:17+00:00","dateModified":"2025-05-08T07:46:58+00:00","breadcrumb":{"@id":"https:\/\/ofabskara.se\/sv\/produkt\/teleskopcylindrar-2000\/#breadcrumb"},"inLanguage":"sv-SE","potentialAction":[{"@type":"ReadAction","target":["https:\/\/ofabskara.se\/sv\/produkt\/teleskopcylindrar-2000\/"]}]},{"@type":"BreadcrumbList","@id":"https:\/\/ofabskara.se\/sv\/produkt\/teleskopcylindrar-2000\/#breadcrumb","itemListElement":[{"@type":"ListItem","position":1,"name":"Home","item":"https:\/\/ofabskara.se\/sv\/"},{"@type":"ListItem","position":2,"name":"Butik","item":"https:\/\/ofabskara.se\/sv\/butik\/"},{"@type":"ListItem","position":3,"name":"Tippcylinder KK 138\/60-2000"}]},{"@type":"WebSite","@id":"https:\/\/ofabskara.se\/sv\/#website","url":"https:\/\/ofabskara.se\/sv\/","name":"Ofab","description":"","potentialAction":[{"@type":"SearchAction","target":{"@type":"EntryPoint","urlTemplate":"https:\/\/ofabskara.se\/sv\/?s={search_term_string}"},"query-input":{"@type":"PropertyValueSpecification","valueRequired":true,"valueName":"search_term_string"}}],"inLanguage":"sv-SE"}]}},"_links":{"self":[{"href":"https:\/\/ofabskara.se\/sv\/wp-json\/wp\/v2\/product\/1679","targetHints":{"allow":["GET"]}}],"collection":[{"href":"https:\/\/ofabskara.se\/sv\/wp-json\/wp\/v2\/product"}],"about":[{"href":"https:\/\/ofabskara.se\/sv\/wp-json\/wp\/v2\/types\/product"}],"replies":[{"embeddable":true,"href":"https:\/\/ofabskara.se\/sv\/wp-json\/wp\/v2\/comments?post=1679"}],"wp:attachment":[{"href":"https:\/\/ofabskara.se\/sv\/wp-json\/wp\/v2\/media?parent=1679"}],"wp:term":[{"taxonomy":"product_brand","embeddable":true,"href":"https:\/\/ofabskara.se\/sv\/wp-json\/wp\/v2\/product_brand?post=1679"},{"taxonomy":"product_cat","embeddable":true,"href":"https:\/\/ofabskara.se\/sv\/wp-json\/wp\/v2\/product_cat?post=1679"},{"taxonomy":"product_tag","embeddable":true,"href":"https:\/\/ofabskara.se\/sv\/wp-json\/wp\/v2\/product_tag?post=1679"}],"curies":[{"name":"wp","href":"https:\/\/api.w.org\/{rel}","templated":true}]}}