{"id":1705,"date":"2017-05-16T08:42:22","date_gmt":"2017-05-16T06:42:22","guid":{"rendered":"https:\/\/ofabskara.se\/produkt\/stoveltvatt\/"},"modified":"2025-11-12T15:14:58","modified_gmt":"2025-11-12T14:14:58","slug":"stoveltvatt","status":"publish","type":"product","link":"https:\/\/ofabskara.se\/sv\/produkt\/stoveltvatt\/","title":{"rendered":"St\u00f6veltv\u00e4tt"},"content":{"rendered":"<p>St\u00f6veltv\u00e4tten \u00e4r tillverkad i rostfritt st\u00e5l med fem utbytbara borstar. Den fungerar s\u00e5 att man tv\u00e4ttar st\u00f6vlarna rena genom att f\u00f6ra st\u00f6vlarna fram och tillbaka genom borstarna samtidigt som vatten sprinklas ut genom dessa. D\u00e4refter kan st\u00f6vlarna desinficeras med hj\u00e4lp av den inbyggda doseringsventilen f\u00f6r desinfektionsmedlet. St\u00f6veltv\u00e4tten anslutes direkt till befintlig vattenledning. F\u00f6rsedd med fem borstar.<\/p>\n","protected":false},"excerpt":{"rendered":"<p>St\u00f6veltv\u00e4tten \u00e4r tillverkad i rostfritt st\u00e5l och fem utbytbara borstar.<\/p>\n<p>Den tv\u00e4ttar st\u00f6vlarna genom att man f\u00f6r st\u00f6vlarna fram och tillbaka genom borstarna samtidigt som vatten sprinklas ut genom dessa.<\/p>\n","protected":false},"featured_media":43711,"comment_status":"closed","ping_status":"closed","template":"","meta":{"_acf_changed":false,"inline_featured_image":false},"product_brand":[],"product_cat":[72,251],"product_tag":[],"class_list":{"0":"post-1705","1":"product","2":"type-product","3":"status-publish","4":"has-post-thumbnail","6":"product_cat-ovrigt","7":"product_cat-stoveltvatt","9":"first","10":"outofstock","11":"taxable","12":"shipping-taxable","13":"purchasable","14":"product-type-simple"},"acf":[],"yoast_head":"<!-- This site is optimized with the Yoast SEO plugin v24.4 - https:\/\/yoast.com\/wordpress\/plugins\/seo\/ -->\n<title>St\u00f6veltv\u00e4tt - Ofab<\/title>\n<meta name=\"robots\" content=\"index, follow, max-snippet:-1, max-image-preview:large, max-video-preview:-1\" \/>\n<link rel=\"canonical\" href=\"https:\/\/ofabskara.se\/sv\/produkt\/stoveltvatt\/\" \/>\n<meta property=\"og:locale\" content=\"sv_SE\" \/>\n<meta property=\"og:type\" content=\"article\" \/>\n<meta property=\"og:title\" content=\"St\u00f6veltv\u00e4tt - Ofab\" \/>\n<meta property=\"og:description\" content=\"St\u00f6veltv\u00e4tten \u00e4r tillverkad i rostfritt st\u00e5l och fem utbytbara borstar.  Den tv\u00e4ttar st\u00f6vlarna genom att man f\u00f6r st\u00f6vlarna fram och tillbaka genom borstarna samtidigt som vatten sprinklas ut genom dessa.\" \/>\n<meta property=\"og:url\" content=\"https:\/\/ofabskara.se\/sv\/produkt\/stoveltvatt\/\" \/>\n<meta property=\"og:site_name\" content=\"Ofab\" \/>\n<meta property=\"article:modified_time\" content=\"2025-11-12T14:14:58+00:00\" \/>\n<meta property=\"og:image\" content=\"https:\/\/ofabskara.se\/wp-content\/uploads\/2017\/05\/stoveltvatt.webp\" \/>\n\t<meta property=\"og:image:width\" content=\"700\" \/>\n\t<meta property=\"og:image:height\" content=\"700\" \/>\n\t<meta property=\"og:image:type\" content=\"image\/webp\" \/>\n<meta name=\"twitter:card\" content=\"summary_large_image\" \/>\n<meta name=\"twitter:label1\" content=\"Ber\u00e4knad l\u00e4stid\" \/>\n\t<meta name=\"twitter:data1\" content=\"1 minut\" \/>\n<script type=\"application\/ld+json\" class=\"yoast-schema-graph\">{\"@context\":\"https:\/\/schema.org\",\"@graph\":[{\"@type\":\"WebPage\",\"@id\":\"https:\/\/ofabskara.se\/sv\/produkt\/stoveltvatt\/\",\"url\":\"https:\/\/ofabskara.se\/sv\/produkt\/stoveltvatt\/\",\"name\":\"St\u00f6veltv\u00e4tt - Ofab\",\"isPartOf\":{\"@id\":\"https:\/\/ofabskara.se\/sv\/#website\"},\"primaryImageOfPage\":{\"@id\":\"https:\/\/ofabskara.se\/sv\/produkt\/stoveltvatt\/#primaryimage\"},\"image\":{\"@id\":\"https:\/\/ofabskara.se\/sv\/produkt\/stoveltvatt\/#primaryimage\"},\"thumbnailUrl\":\"https:\/\/ofabskara.se\/wp-content\/uploads\/2017\/05\/stoveltvatt.webp\",\"datePublished\":\"2017-05-16T06:42:22+00:00\",\"dateModified\":\"2025-11-12T14:14:58+00:00\",\"breadcrumb\":{\"@id\":\"https:\/\/ofabskara.se\/sv\/produkt\/stoveltvatt\/#breadcrumb\"},\"inLanguage\":\"sv-SE\",\"potentialAction\":[{\"@type\":\"ReadAction\",\"target\":[\"https:\/\/ofabskara.se\/sv\/produkt\/stoveltvatt\/\"]}]},{\"@type\":\"ImageObject\",\"inLanguage\":\"sv-SE\",\"@id\":\"https:\/\/ofabskara.se\/sv\/produkt\/stoveltvatt\/#primaryimage\",\"url\":\"https:\/\/ofabskara.se\/wp-content\/uploads\/2017\/05\/stoveltvatt.webp\",\"contentUrl\":\"https:\/\/ofabskara.se\/wp-content\/uploads\/2017\/05\/stoveltvatt.webp\",\"width\":700,\"height\":700,\"caption\":\"stoveltvatt\"},{\"@type\":\"BreadcrumbList\",\"@id\":\"https:\/\/ofabskara.se\/sv\/produkt\/stoveltvatt\/#breadcrumb\",\"itemListElement\":[{\"@type\":\"ListItem\",\"position\":1,\"name\":\"Home\",\"item\":\"https:\/\/ofabskara.se\/sv\/\"},{\"@type\":\"ListItem\",\"position\":2,\"name\":\"Butik\",\"item\":\"https:\/\/ofabskara.se\/sv\/butik\/\"},{\"@type\":\"ListItem\",\"position\":3,\"name\":\"St\u00f6veltv\u00e4tt\"}]},{\"@type\":\"WebSite\",\"@id\":\"https:\/\/ofabskara.se\/sv\/#website\",\"url\":\"https:\/\/ofabskara.se\/sv\/\",\"name\":\"Ofab\",\"description\":\"\",\"potentialAction\":[{\"@type\":\"SearchAction\",\"target\":{\"@type\":\"EntryPoint\",\"urlTemplate\":\"https:\/\/ofabskara.se\/sv\/?s={search_term_string}\"},\"query-input\":{\"@type\":\"PropertyValueSpecification\",\"valueRequired\":true,\"valueName\":\"search_term_string\"}}],\"inLanguage\":\"sv-SE\"}]}<\/script>\n<!-- \/ Yoast SEO plugin. -->","yoast_head_json":{"title":"St\u00f6veltv\u00e4tt - Ofab","robots":{"index":"index","follow":"follow","max-snippet":"max-snippet:-1","max-image-preview":"max-image-preview:large","max-video-preview":"max-video-preview:-1"},"canonical":"https:\/\/ofabskara.se\/sv\/produkt\/stoveltvatt\/","og_locale":"sv_SE","og_type":"article","og_title":"St\u00f6veltv\u00e4tt - Ofab","og_description":"St\u00f6veltv\u00e4tten \u00e4r tillverkad i rostfritt st\u00e5l och fem utbytbara borstar.  Den tv\u00e4ttar st\u00f6vlarna genom att man f\u00f6r st\u00f6vlarna fram och tillbaka genom borstarna samtidigt som vatten sprinklas ut genom dessa.","og_url":"https:\/\/ofabskara.se\/sv\/produkt\/stoveltvatt\/","og_site_name":"Ofab","article_modified_time":"2025-11-12T14:14:58+00:00","og_image":[{"width":700,"height":700,"url":"https:\/\/ofabskara.se\/wp-content\/uploads\/2017\/05\/stoveltvatt.webp","type":"image\/webp"}],"twitter_card":"summary_large_image","twitter_misc":{"Ber\u00e4knad l\u00e4stid":"1 minut"},"schema":{"@context":"https:\/\/schema.org","@graph":[{"@type":"WebPage","@id":"https:\/\/ofabskara.se\/sv\/produkt\/stoveltvatt\/","url":"https:\/\/ofabskara.se\/sv\/produkt\/stoveltvatt\/","name":"St\u00f6veltv\u00e4tt - Ofab","isPartOf":{"@id":"https:\/\/ofabskara.se\/sv\/#website"},"primaryImageOfPage":{"@id":"https:\/\/ofabskara.se\/sv\/produkt\/stoveltvatt\/#primaryimage"},"image":{"@id":"https:\/\/ofabskara.se\/sv\/produkt\/stoveltvatt\/#primaryimage"},"thumbnailUrl":"https:\/\/ofabskara.se\/wp-content\/uploads\/2017\/05\/stoveltvatt.webp","datePublished":"2017-05-16T06:42:22+00:00","dateModified":"2025-11-12T14:14:58+00:00","breadcrumb":{"@id":"https:\/\/ofabskara.se\/sv\/produkt\/stoveltvatt\/#breadcrumb"},"inLanguage":"sv-SE","potentialAction":[{"@type":"ReadAction","target":["https:\/\/ofabskara.se\/sv\/produkt\/stoveltvatt\/"]}]},{"@type":"ImageObject","inLanguage":"sv-SE","@id":"https:\/\/ofabskara.se\/sv\/produkt\/stoveltvatt\/#primaryimage","url":"https:\/\/ofabskara.se\/wp-content\/uploads\/2017\/05\/stoveltvatt.webp","contentUrl":"https:\/\/ofabskara.se\/wp-content\/uploads\/2017\/05\/stoveltvatt.webp","width":700,"height":700,"caption":"stoveltvatt"},{"@type":"BreadcrumbList","@id":"https:\/\/ofabskara.se\/sv\/produkt\/stoveltvatt\/#breadcrumb","itemListElement":[{"@type":"ListItem","position":1,"name":"Home","item":"https:\/\/ofabskara.se\/sv\/"},{"@type":"ListItem","position":2,"name":"Butik","item":"https:\/\/ofabskara.se\/sv\/butik\/"},{"@type":"ListItem","position":3,"name":"St\u00f6veltv\u00e4tt"}]},{"@type":"WebSite","@id":"https:\/\/ofabskara.se\/sv\/#website","url":"https:\/\/ofabskara.se\/sv\/","name":"Ofab","description":"","potentialAction":[{"@type":"SearchAction","target":{"@type":"EntryPoint","urlTemplate":"https:\/\/ofabskara.se\/sv\/?s={search_term_string}"},"query-input":{"@type":"PropertyValueSpecification","valueRequired":true,"valueName":"search_term_string"}}],"inLanguage":"sv-SE"}]}},"_links":{"self":[{"href":"https:\/\/ofabskara.se\/sv\/wp-json\/wp\/v2\/product\/1705","targetHints":{"allow":["GET"]}}],"collection":[{"href":"https:\/\/ofabskara.se\/sv\/wp-json\/wp\/v2\/product"}],"about":[{"href":"https:\/\/ofabskara.se\/sv\/wp-json\/wp\/v2\/types\/product"}],"replies":[{"embeddable":true,"href":"https:\/\/ofabskara.se\/sv\/wp-json\/wp\/v2\/comments?post=1705"}],"wp:featuredmedia":[{"embeddable":true,"href":"https:\/\/ofabskara.se\/sv\/wp-json\/wp\/v2\/media\/43711"}],"wp:attachment":[{"href":"https:\/\/ofabskara.se\/sv\/wp-json\/wp\/v2\/media?parent=1705"}],"wp:term":[{"taxonomy":"product_brand","embeddable":true,"href":"https:\/\/ofabskara.se\/sv\/wp-json\/wp\/v2\/product_brand?post=1705"},{"taxonomy":"product_cat","embeddable":true,"href":"https:\/\/ofabskara.se\/sv\/wp-json\/wp\/v2\/product_cat?post=1705"},{"taxonomy":"product_tag","embeddable":true,"href":"https:\/\/ofabskara.se\/sv\/wp-json\/wp\/v2\/product_tag?post=1705"}],"curies":[{"name":"wp","href":"https:\/\/api.w.org\/{rel}","templated":true}]}}