{"id":1719,"date":"2017-05-16T08:42:52","date_gmt":"2017-05-16T06:42:52","guid":{"rendered":"https:\/\/ofabskara.se\/produkt\/vattenkopp-mod-1100\/"},"modified":"2026-03-12T11:07:19","modified_gmt":"2026-03-12T10:07:19","slug":"vattenkopp-mod-1100","status":"publish","type":"product","link":"https:\/\/ofabskara.se\/sv\/produkt\/vattenkopp-mod-1100\/","title":{"rendered":"Vattenkopp Suevia 1100 1\/2&#8243;"},"content":{"rendered":"","protected":false},"excerpt":{"rendered":"<ul>\n<li>Popul\u00e4r och robust vattenkopp f\u00f6r svin och n\u00f6t.<\/li>\n<li>Sk\u00e5len \u00e4r f\u00e4st i bakstycket med tv\u00e5 rostfria bultar.<\/li>\n<li>Ventilen \u00e4r en av Suevias suver\u00e4na kvalitet.<\/li>\n<li>Sk\u00e5len har en fasad kant som f\u00f6rhindrar vattenspill.<\/li>\n<li>Vattengiva vid 5 kg tryck: 20L\/ min.<\/li>\n<li>Sk\u00e5lens rymd: ca 3,5L.<\/li>\n<li>Byggm\u00e5tt fr\u00e5n v\u00e4gg och ut: 262 mm.<\/li>\n<li>Anslutning 1\/2&#8243; ovanifr\u00e5n.<\/li>\n<\/ul>\n","protected":false},"featured_media":40279,"comment_status":"closed","ping_status":"closed","template":"","meta":{"_acf_changed":false,"inline_featured_image":false},"product_brand":[],"product_cat":[22],"product_tag":[],"class_list":{"0":"post-1719","1":"product","2":"type-product","3":"status-publish","4":"has-post-thumbnail","6":"product_cat-okategoriserad","7":"product_shipping_class-kartongfrakt","9":"first","10":"instock","11":"taxable","12":"shipping-taxable","13":"purchasable","14":"product-type-simple"},"acf":[],"yoast_head":"<!-- This site is optimized with the Yoast SEO plugin v24.4 - https:\/\/yoast.com\/wordpress\/plugins\/seo\/ -->\n<title>Vattenkopp Suevia 1100 1\/2&quot; - Ofab<\/title>\n<meta name=\"robots\" content=\"index, follow, max-snippet:-1, max-image-preview:large, max-video-preview:-1\" \/>\n<link rel=\"canonical\" href=\"https:\/\/ofabskara.se\/sv\/produkt\/vattenkopp-mod-1100\/\" \/>\n<meta property=\"og:locale\" content=\"sv_SE\" \/>\n<meta property=\"og:type\" content=\"article\" \/>\n<meta property=\"og:title\" content=\"Vattenkopp Suevia 1100 1\/2&quot; - Ofab\" \/>\n<meta property=\"og:description\" content=\"Popul\u00e4r och robust vattenkopp f\u00f6r svin och n\u00f6t.  Sk\u00e5len \u00e4r f\u00e4st i bakstycket med tv\u00e5 rostfria bultar.  Ventilen \u00e4r en av Suevias suver\u00e4na kvalitet.  Sk\u00e5len har en fasad kant som f\u00f6rhindrar vattenspill.  Vattengiva vid 5 kg tryck: 20L\/ min.  Sk\u00e5lens rymd: ca 3,5L.  Byggm\u00e5tt fr\u00e5n v\u00e4gg och ut: 262 mm.  Anslutning 1\/2&quot; ovanifr\u00e5n.\" \/>\n<meta property=\"og:url\" content=\"https:\/\/ofabskara.se\/sv\/produkt\/vattenkopp-mod-1100\/\" \/>\n<meta property=\"og:site_name\" content=\"Ofab\" \/>\n<meta property=\"article:modified_time\" content=\"2026-03-12T10:07:19+00:00\" \/>\n<meta property=\"og:image\" content=\"https:\/\/ofabskara.se\/wp-content\/uploads\/2017\/05\/140400-1.jpg\" \/>\n\t<meta property=\"og:image:width\" content=\"1000\" \/>\n\t<meta property=\"og:image:height\" content=\"1000\" \/>\n\t<meta property=\"og:image:type\" content=\"image\/jpeg\" \/>\n<meta name=\"twitter:card\" content=\"summary_large_image\" \/>\n<meta name=\"twitter:label1\" content=\"Ber\u00e4knad l\u00e4stid\" \/>\n\t<meta name=\"twitter:data1\" content=\"1 minut\" \/>\n<script type=\"application\/ld+json\" class=\"yoast-schema-graph\">{\"@context\":\"https:\/\/schema.org\",\"@graph\":[{\"@type\":\"WebPage\",\"@id\":\"https:\/\/ofabskara.se\/sv\/produkt\/vattenkopp-mod-1100\/\",\"url\":\"https:\/\/ofabskara.se\/sv\/produkt\/vattenkopp-mod-1100\/\",\"name\":\"Vattenkopp Suevia 1100 1\/2\\\" - Ofab\",\"isPartOf\":{\"@id\":\"https:\/\/ofabskara.se\/sv\/#website\"},\"primaryImageOfPage\":{\"@id\":\"https:\/\/ofabskara.se\/sv\/produkt\/vattenkopp-mod-1100\/#primaryimage\"},\"image\":{\"@id\":\"https:\/\/ofabskara.se\/sv\/produkt\/vattenkopp-mod-1100\/#primaryimage\"},\"thumbnailUrl\":\"https:\/\/ofabskara.se\/wp-content\/uploads\/2017\/05\/140400-1.jpg\",\"datePublished\":\"2017-05-16T06:42:52+00:00\",\"dateModified\":\"2026-03-12T10:07:19+00:00\",\"breadcrumb\":{\"@id\":\"https:\/\/ofabskara.se\/sv\/produkt\/vattenkopp-mod-1100\/#breadcrumb\"},\"inLanguage\":\"sv-SE\",\"potentialAction\":[{\"@type\":\"ReadAction\",\"target\":[\"https:\/\/ofabskara.se\/sv\/produkt\/vattenkopp-mod-1100\/\"]}]},{\"@type\":\"ImageObject\",\"inLanguage\":\"sv-SE\",\"@id\":\"https:\/\/ofabskara.se\/sv\/produkt\/vattenkopp-mod-1100\/#primaryimage\",\"url\":\"https:\/\/ofabskara.se\/wp-content\/uploads\/2017\/05\/140400-1.jpg\",\"contentUrl\":\"https:\/\/ofabskara.se\/wp-content\/uploads\/2017\/05\/140400-1.jpg\",\"width\":1000,\"height\":1000,\"caption\":\"140400 1\"},{\"@type\":\"BreadcrumbList\",\"@id\":\"https:\/\/ofabskara.se\/sv\/produkt\/vattenkopp-mod-1100\/#breadcrumb\",\"itemListElement\":[{\"@type\":\"ListItem\",\"position\":1,\"name\":\"Home\",\"item\":\"https:\/\/ofabskara.se\/sv\/\"},{\"@type\":\"ListItem\",\"position\":2,\"name\":\"Butik\",\"item\":\"https:\/\/ofabskara.se\/sv\/butik\/\"},{\"@type\":\"ListItem\",\"position\":3,\"name\":\"Vattenkopp Suevia 1100 1\/2&#8243;\"}]},{\"@type\":\"WebSite\",\"@id\":\"https:\/\/ofabskara.se\/sv\/#website\",\"url\":\"https:\/\/ofabskara.se\/sv\/\",\"name\":\"Ofab\",\"description\":\"\",\"potentialAction\":[{\"@type\":\"SearchAction\",\"target\":{\"@type\":\"EntryPoint\",\"urlTemplate\":\"https:\/\/ofabskara.se\/sv\/?s={search_term_string}\"},\"query-input\":{\"@type\":\"PropertyValueSpecification\",\"valueRequired\":true,\"valueName\":\"search_term_string\"}}],\"inLanguage\":\"sv-SE\"}]}<\/script>\n<!-- \/ Yoast SEO plugin. -->","yoast_head_json":{"title":"Vattenkopp Suevia 1100 1\/2\" - Ofab","robots":{"index":"index","follow":"follow","max-snippet":"max-snippet:-1","max-image-preview":"max-image-preview:large","max-video-preview":"max-video-preview:-1"},"canonical":"https:\/\/ofabskara.se\/sv\/produkt\/vattenkopp-mod-1100\/","og_locale":"sv_SE","og_type":"article","og_title":"Vattenkopp Suevia 1100 1\/2\" - Ofab","og_description":"Popul\u00e4r och robust vattenkopp f\u00f6r svin och n\u00f6t.  Sk\u00e5len \u00e4r f\u00e4st i bakstycket med tv\u00e5 rostfria bultar.  Ventilen \u00e4r en av Suevias suver\u00e4na kvalitet.  Sk\u00e5len har en fasad kant som f\u00f6rhindrar vattenspill.  Vattengiva vid 5 kg tryck: 20L\/ min.  Sk\u00e5lens rymd: ca 3,5L.  Byggm\u00e5tt fr\u00e5n v\u00e4gg och ut: 262 mm.  Anslutning 1\/2\" ovanifr\u00e5n.","og_url":"https:\/\/ofabskara.se\/sv\/produkt\/vattenkopp-mod-1100\/","og_site_name":"Ofab","article_modified_time":"2026-03-12T10:07:19+00:00","og_image":[{"width":1000,"height":1000,"url":"https:\/\/ofabskara.se\/wp-content\/uploads\/2017\/05\/140400-1.jpg","type":"image\/jpeg"}],"twitter_card":"summary_large_image","twitter_misc":{"Ber\u00e4knad l\u00e4stid":"1 minut"},"schema":{"@context":"https:\/\/schema.org","@graph":[{"@type":"WebPage","@id":"https:\/\/ofabskara.se\/sv\/produkt\/vattenkopp-mod-1100\/","url":"https:\/\/ofabskara.se\/sv\/produkt\/vattenkopp-mod-1100\/","name":"Vattenkopp Suevia 1100 1\/2\" - Ofab","isPartOf":{"@id":"https:\/\/ofabskara.se\/sv\/#website"},"primaryImageOfPage":{"@id":"https:\/\/ofabskara.se\/sv\/produkt\/vattenkopp-mod-1100\/#primaryimage"},"image":{"@id":"https:\/\/ofabskara.se\/sv\/produkt\/vattenkopp-mod-1100\/#primaryimage"},"thumbnailUrl":"https:\/\/ofabskara.se\/wp-content\/uploads\/2017\/05\/140400-1.jpg","datePublished":"2017-05-16T06:42:52+00:00","dateModified":"2026-03-12T10:07:19+00:00","breadcrumb":{"@id":"https:\/\/ofabskara.se\/sv\/produkt\/vattenkopp-mod-1100\/#breadcrumb"},"inLanguage":"sv-SE","potentialAction":[{"@type":"ReadAction","target":["https:\/\/ofabskara.se\/sv\/produkt\/vattenkopp-mod-1100\/"]}]},{"@type":"ImageObject","inLanguage":"sv-SE","@id":"https:\/\/ofabskara.se\/sv\/produkt\/vattenkopp-mod-1100\/#primaryimage","url":"https:\/\/ofabskara.se\/wp-content\/uploads\/2017\/05\/140400-1.jpg","contentUrl":"https:\/\/ofabskara.se\/wp-content\/uploads\/2017\/05\/140400-1.jpg","width":1000,"height":1000,"caption":"140400 1"},{"@type":"BreadcrumbList","@id":"https:\/\/ofabskara.se\/sv\/produkt\/vattenkopp-mod-1100\/#breadcrumb","itemListElement":[{"@type":"ListItem","position":1,"name":"Home","item":"https:\/\/ofabskara.se\/sv\/"},{"@type":"ListItem","position":2,"name":"Butik","item":"https:\/\/ofabskara.se\/sv\/butik\/"},{"@type":"ListItem","position":3,"name":"Vattenkopp Suevia 1100 1\/2&#8243;"}]},{"@type":"WebSite","@id":"https:\/\/ofabskara.se\/sv\/#website","url":"https:\/\/ofabskara.se\/sv\/","name":"Ofab","description":"","potentialAction":[{"@type":"SearchAction","target":{"@type":"EntryPoint","urlTemplate":"https:\/\/ofabskara.se\/sv\/?s={search_term_string}"},"query-input":{"@type":"PropertyValueSpecification","valueRequired":true,"valueName":"search_term_string"}}],"inLanguage":"sv-SE"}]}},"_links":{"self":[{"href":"https:\/\/ofabskara.se\/sv\/wp-json\/wp\/v2\/product\/1719","targetHints":{"allow":["GET"]}}],"collection":[{"href":"https:\/\/ofabskara.se\/sv\/wp-json\/wp\/v2\/product"}],"about":[{"href":"https:\/\/ofabskara.se\/sv\/wp-json\/wp\/v2\/types\/product"}],"replies":[{"embeddable":true,"href":"https:\/\/ofabskara.se\/sv\/wp-json\/wp\/v2\/comments?post=1719"}],"wp:featuredmedia":[{"embeddable":true,"href":"https:\/\/ofabskara.se\/sv\/wp-json\/wp\/v2\/media\/40279"}],"wp:attachment":[{"href":"https:\/\/ofabskara.se\/sv\/wp-json\/wp\/v2\/media?parent=1719"}],"wp:term":[{"taxonomy":"product_brand","embeddable":true,"href":"https:\/\/ofabskara.se\/sv\/wp-json\/wp\/v2\/product_brand?post=1719"},{"taxonomy":"product_cat","embeddable":true,"href":"https:\/\/ofabskara.se\/sv\/wp-json\/wp\/v2\/product_cat?post=1719"},{"taxonomy":"product_tag","embeddable":true,"href":"https:\/\/ofabskara.se\/sv\/wp-json\/wp\/v2\/product_tag?post=1719"}],"curies":[{"name":"wp","href":"https:\/\/api.w.org\/{rel}","templated":true}]}}