{"id":1785,"date":"2017-05-16T08:43:51","date_gmt":"2017-05-16T06:43:51","guid":{"rendered":"https:\/\/ofabskara.se\/produkt\/beslag-for-bultning-1-vags-2\/"},"modified":"2026-04-28T09:00:58","modified_gmt":"2026-04-28T07:00:58","slug":"beslag-for-bultning-1-vags-2","status":"publish","type":"product","link":"https:\/\/ofabskara.se\/sv\/produkt\/beslag-for-bultning-1-vags-2\/","title":{"rendered":"Beslag 1-v\u00e4gs oktogon"},"content":{"rendered":"<p>Beslag f\u00f6r bultning p\u00e5 stolpe<br \/>\nOktogon.1-v\u00e4gsh\u00e4ngen. Vikt: 2,2kg<\/p>\n","protected":false},"excerpt":{"rendered":"<ul>\n<li><strong>Beslag f\u00f6r bultning p\u00e5 stolpe.<\/strong><\/li>\n<li><strong>1-v\u00e4gs-h\u00e4ngen. <\/strong><\/li>\n<li><strong>Vikt: 2,2kg<\/strong><\/li>\n<\/ul>\n","protected":false},"featured_media":1786,"comment_status":"closed","ping_status":"closed","template":"","meta":{"_acf_changed":false,"inline_featured_image":false},"product_brand":[],"product_cat":[65,174,178,66,94,2923,97,68,103,206],"product_tag":[],"class_list":{"0":"post-1785","1":"product","2":"type-product","3":"status-publish","4":"has-post-thumbnail","6":"product_cat-notdjur","7":"product_cat-stolpar-beslag-till-grindar-inredning-notdjur","8":"product_cat-stolpar-beslag-oktogon-102mm-notdjur","9":"product_cat-hastar","10":"product_cat-stolpar-beslag-till-grindar-inredning","11":"product_cat-stolpar-beslag-oktogon-102mm-2","12":"product_cat-stolpar-beslag-oktogon-102mm","13":"product_cat-grisar","14":"product_cat-beslag-o-stolpar-grisar","15":"product_cat-stolpar-beslag-oktogon-102mm-beslag-o-stolpar-grisar","17":"first","18":"instock","19":"taxable","20":"shipping-taxable","21":"purchasable","22":"product-type-simple"},"acf":[],"yoast_head":"<!-- This site is optimized with the Yoast SEO plugin v24.4 - https:\/\/yoast.com\/wordpress\/plugins\/seo\/ -->\n<title>Beslag 1-v\u00e4gs oktogon - Ofab<\/title>\n<meta name=\"robots\" content=\"index, follow, max-snippet:-1, max-image-preview:large, max-video-preview:-1\" \/>\n<link rel=\"canonical\" href=\"https:\/\/ofabskara.se\/sv\/produkt\/beslag-for-bultning-1-vags-2\/\" \/>\n<meta property=\"og:locale\" content=\"sv_SE\" \/>\n<meta property=\"og:type\" content=\"article\" \/>\n<meta property=\"og:title\" content=\"Beslag 1-v\u00e4gs oktogon - Ofab\" \/>\n<meta property=\"og:description\" content=\"Beslag f\u00f6r bultning p\u00e5 stolpe.  1-v\u00e4gs-h\u00e4ngen.   Vikt: 2,2kg\" \/>\n<meta property=\"og:url\" content=\"https:\/\/ofabskara.se\/sv\/produkt\/beslag-for-bultning-1-vags-2\/\" \/>\n<meta property=\"og:site_name\" content=\"Ofab\" \/>\n<meta property=\"article:modified_time\" content=\"2026-04-28T07:00:58+00:00\" \/>\n<meta property=\"og:image\" content=\"https:\/\/ofabskara.se\/wp-content\/uploads\/2023\/09\/tr4001-3.jpg\" \/>\n\t<meta property=\"og:image:width\" content=\"1714\" \/>\n\t<meta property=\"og:image:height\" content=\"1212\" \/>\n\t<meta property=\"og:image:type\" content=\"image\/jpeg\" \/>\n<meta name=\"twitter:card\" content=\"summary_large_image\" \/>\n<meta name=\"twitter:label1\" content=\"Ber\u00e4knad l\u00e4stid\" \/>\n\t<meta name=\"twitter:data1\" content=\"1 minut\" \/>\n<script type=\"application\/ld+json\" class=\"yoast-schema-graph\">{\"@context\":\"https:\/\/schema.org\",\"@graph\":[{\"@type\":\"WebPage\",\"@id\":\"https:\/\/ofabskara.se\/sv\/produkt\/beslag-for-bultning-1-vags-2\/\",\"url\":\"https:\/\/ofabskara.se\/sv\/produkt\/beslag-for-bultning-1-vags-2\/\",\"name\":\"Beslag 1-v\u00e4gs oktogon - Ofab\",\"isPartOf\":{\"@id\":\"https:\/\/ofabskara.se\/sv\/#website\"},\"primaryImageOfPage\":{\"@id\":\"https:\/\/ofabskara.se\/sv\/produkt\/beslag-for-bultning-1-vags-2\/#primaryimage\"},\"image\":{\"@id\":\"https:\/\/ofabskara.se\/sv\/produkt\/beslag-for-bultning-1-vags-2\/#primaryimage\"},\"thumbnailUrl\":\"https:\/\/ofabskara.se\/wp-content\/uploads\/2023\/09\/tr4001-3.jpg\",\"datePublished\":\"2017-05-16T06:43:51+00:00\",\"dateModified\":\"2026-04-28T07:00:58+00:00\",\"breadcrumb\":{\"@id\":\"https:\/\/ofabskara.se\/sv\/produkt\/beslag-for-bultning-1-vags-2\/#breadcrumb\"},\"inLanguage\":\"sv-SE\",\"potentialAction\":[{\"@type\":\"ReadAction\",\"target\":[\"https:\/\/ofabskara.se\/sv\/produkt\/beslag-for-bultning-1-vags-2\/\"]}]},{\"@type\":\"ImageObject\",\"inLanguage\":\"sv-SE\",\"@id\":\"https:\/\/ofabskara.se\/sv\/produkt\/beslag-for-bultning-1-vags-2\/#primaryimage\",\"url\":\"https:\/\/ofabskara.se\/wp-content\/uploads\/2023\/09\/tr4001-3.jpg\",\"contentUrl\":\"https:\/\/ofabskara.se\/wp-content\/uploads\/2023\/09\/tr4001-3.jpg\",\"width\":1714,\"height\":1212},{\"@type\":\"BreadcrumbList\",\"@id\":\"https:\/\/ofabskara.se\/sv\/produkt\/beslag-for-bultning-1-vags-2\/#breadcrumb\",\"itemListElement\":[{\"@type\":\"ListItem\",\"position\":1,\"name\":\"Home\",\"item\":\"https:\/\/ofabskara.se\/sv\/\"},{\"@type\":\"ListItem\",\"position\":2,\"name\":\"Butik\",\"item\":\"https:\/\/ofabskara.se\/sv\/butik\/\"},{\"@type\":\"ListItem\",\"position\":3,\"name\":\"Beslag 1-v\u00e4gs oktogon\"}]},{\"@type\":\"WebSite\",\"@id\":\"https:\/\/ofabskara.se\/sv\/#website\",\"url\":\"https:\/\/ofabskara.se\/sv\/\",\"name\":\"Ofab\",\"description\":\"\",\"potentialAction\":[{\"@type\":\"SearchAction\",\"target\":{\"@type\":\"EntryPoint\",\"urlTemplate\":\"https:\/\/ofabskara.se\/sv\/?s={search_term_string}\"},\"query-input\":{\"@type\":\"PropertyValueSpecification\",\"valueRequired\":true,\"valueName\":\"search_term_string\"}}],\"inLanguage\":\"sv-SE\"}]}<\/script>\n<!-- \/ Yoast SEO plugin. -->","yoast_head_json":{"title":"Beslag 1-v\u00e4gs oktogon - Ofab","robots":{"index":"index","follow":"follow","max-snippet":"max-snippet:-1","max-image-preview":"max-image-preview:large","max-video-preview":"max-video-preview:-1"},"canonical":"https:\/\/ofabskara.se\/sv\/produkt\/beslag-for-bultning-1-vags-2\/","og_locale":"sv_SE","og_type":"article","og_title":"Beslag 1-v\u00e4gs oktogon - Ofab","og_description":"Beslag f\u00f6r bultning p\u00e5 stolpe.  1-v\u00e4gs-h\u00e4ngen.   Vikt: 2,2kg","og_url":"https:\/\/ofabskara.se\/sv\/produkt\/beslag-for-bultning-1-vags-2\/","og_site_name":"Ofab","article_modified_time":"2026-04-28T07:00:58+00:00","og_image":[{"width":1714,"height":1212,"url":"https:\/\/ofabskara.se\/wp-content\/uploads\/2023\/09\/tr4001-3.jpg","type":"image\/jpeg"}],"twitter_card":"summary_large_image","twitter_misc":{"Ber\u00e4knad l\u00e4stid":"1 minut"},"schema":{"@context":"https:\/\/schema.org","@graph":[{"@type":"WebPage","@id":"https:\/\/ofabskara.se\/sv\/produkt\/beslag-for-bultning-1-vags-2\/","url":"https:\/\/ofabskara.se\/sv\/produkt\/beslag-for-bultning-1-vags-2\/","name":"Beslag 1-v\u00e4gs oktogon - Ofab","isPartOf":{"@id":"https:\/\/ofabskara.se\/sv\/#website"},"primaryImageOfPage":{"@id":"https:\/\/ofabskara.se\/sv\/produkt\/beslag-for-bultning-1-vags-2\/#primaryimage"},"image":{"@id":"https:\/\/ofabskara.se\/sv\/produkt\/beslag-for-bultning-1-vags-2\/#primaryimage"},"thumbnailUrl":"https:\/\/ofabskara.se\/wp-content\/uploads\/2023\/09\/tr4001-3.jpg","datePublished":"2017-05-16T06:43:51+00:00","dateModified":"2026-04-28T07:00:58+00:00","breadcrumb":{"@id":"https:\/\/ofabskara.se\/sv\/produkt\/beslag-for-bultning-1-vags-2\/#breadcrumb"},"inLanguage":"sv-SE","potentialAction":[{"@type":"ReadAction","target":["https:\/\/ofabskara.se\/sv\/produkt\/beslag-for-bultning-1-vags-2\/"]}]},{"@type":"ImageObject","inLanguage":"sv-SE","@id":"https:\/\/ofabskara.se\/sv\/produkt\/beslag-for-bultning-1-vags-2\/#primaryimage","url":"https:\/\/ofabskara.se\/wp-content\/uploads\/2023\/09\/tr4001-3.jpg","contentUrl":"https:\/\/ofabskara.se\/wp-content\/uploads\/2023\/09\/tr4001-3.jpg","width":1714,"height":1212},{"@type":"BreadcrumbList","@id":"https:\/\/ofabskara.se\/sv\/produkt\/beslag-for-bultning-1-vags-2\/#breadcrumb","itemListElement":[{"@type":"ListItem","position":1,"name":"Home","item":"https:\/\/ofabskara.se\/sv\/"},{"@type":"ListItem","position":2,"name":"Butik","item":"https:\/\/ofabskara.se\/sv\/butik\/"},{"@type":"ListItem","position":3,"name":"Beslag 1-v\u00e4gs oktogon"}]},{"@type":"WebSite","@id":"https:\/\/ofabskara.se\/sv\/#website","url":"https:\/\/ofabskara.se\/sv\/","name":"Ofab","description":"","potentialAction":[{"@type":"SearchAction","target":{"@type":"EntryPoint","urlTemplate":"https:\/\/ofabskara.se\/sv\/?s={search_term_string}"},"query-input":{"@type":"PropertyValueSpecification","valueRequired":true,"valueName":"search_term_string"}}],"inLanguage":"sv-SE"}]}},"_links":{"self":[{"href":"https:\/\/ofabskara.se\/sv\/wp-json\/wp\/v2\/product\/1785","targetHints":{"allow":["GET"]}}],"collection":[{"href":"https:\/\/ofabskara.se\/sv\/wp-json\/wp\/v2\/product"}],"about":[{"href":"https:\/\/ofabskara.se\/sv\/wp-json\/wp\/v2\/types\/product"}],"replies":[{"embeddable":true,"href":"https:\/\/ofabskara.se\/sv\/wp-json\/wp\/v2\/comments?post=1785"}],"wp:featuredmedia":[{"embeddable":true,"href":"https:\/\/ofabskara.se\/sv\/wp-json\/wp\/v2\/media\/1786"}],"wp:attachment":[{"href":"https:\/\/ofabskara.se\/sv\/wp-json\/wp\/v2\/media?parent=1785"}],"wp:term":[{"taxonomy":"product_brand","embeddable":true,"href":"https:\/\/ofabskara.se\/sv\/wp-json\/wp\/v2\/product_brand?post=1785"},{"taxonomy":"product_cat","embeddable":true,"href":"https:\/\/ofabskara.se\/sv\/wp-json\/wp\/v2\/product_cat?post=1785"},{"taxonomy":"product_tag","embeddable":true,"href":"https:\/\/ofabskara.se\/sv\/wp-json\/wp\/v2\/product_tag?post=1785"}],"curies":[{"name":"wp","href":"https:\/\/api.w.org\/{rel}","templated":true}]}}