{"id":1838,"date":"2017-05-16T08:44:26","date_gmt":"2017-05-16T06:44:26","guid":{"rendered":"https:\/\/ofabskara.se\/produkt\/krazz-maxx-elrykteborste\/"},"modified":"2026-03-31T10:50:16","modified_gmt":"2026-03-31T08:50:16","slug":"krazz-maxx-elrykteborste","status":"publish","type":"product","link":"https:\/\/ofabskara.se\/sv\/produkt\/krazz-maxx-elrykteborste\/","title":{"rendered":"Koryktborste Scratch-Maxx"},"content":{"rendered":"<p>Detta \u00e4r en dubbelborste som \u00e4r konstruerad f\u00f6r att anv\u00e4ndas i l\u00f6sdriftsstallar. Det \u00e4r ett k\u00e4nt faktum att anv\u00e4ndandet av en s\u00e5dan borste \u00f6kar djurens v\u00e4lbefinnande och h\u00e4lsa. Som ett resultat av detta \u00f6kar mj\u00f6lkproduktionen. Borsten s\u00e4tts ig\u00e5ng av djuren sj\u00e4lva genom att de trycker sig mot och n\u00e4r de l\u00e4mnar borsten st\u00e4ngs den automatiskt av efter n\u00e5gra sekunder. Borsten st\u00e4ller in sig efter djurens storlek upp till 25 cm h\u00f6jdskillnad. Byter roteringsriktning vid \u00f6verbelastning. Effekt: 0,37KW 230V\/50Hz. 60 Varv\/min. Vikt 135 kg.<\/p>\n<p>&nbsp;<\/p>\n","protected":false},"excerpt":{"rendered":"<p>Detta \u00e4r en dubbelborste som \u00e4r konstruerad f\u00f6r att anv\u00e4ndas i l\u00f6sdriftsstallar. Det \u00e4r ett k\u00e4nt faktum att anv\u00e4ndandet av en s\u00e5dan borste \u00f6kar djurens v\u00e4lbefinnande och h\u00e4lsa.<br \/>\nEffekt: 0,37kw 230V\/50Hz. Varv\/min: 60. Vikt: 157kg.<\/p>\n","protected":false},"featured_media":47733,"comment_status":"closed","ping_status":"closed","template":"","meta":{"_acf_changed":false,"inline_featured_image":false},"product_brand":[],"product_cat":[256,65],"product_tag":[],"class_list":{"0":"post-1838","1":"product","2":"type-product","3":"status-publish","4":"has-post-thumbnail","6":"product_cat-ryktborstar","7":"product_cat-notdjur","9":"first","10":"instock","11":"taxable","12":"shipping-taxable","13":"purchasable","14":"product-type-simple"},"acf":[],"yoast_head":"<!-- This site is optimized with the Yoast SEO plugin v24.4 - https:\/\/yoast.com\/wordpress\/plugins\/seo\/ -->\n<title>Koryktborste Scratch-Maxx - Ofab<\/title>\n<meta name=\"robots\" content=\"index, follow, max-snippet:-1, max-image-preview:large, max-video-preview:-1\" \/>\n<link rel=\"canonical\" href=\"https:\/\/ofabskara.se\/sv\/produkt\/krazz-maxx-elrykteborste\/\" \/>\n<meta property=\"og:locale\" content=\"sv_SE\" \/>\n<meta property=\"og:type\" content=\"article\" \/>\n<meta property=\"og:title\" content=\"Koryktborste Scratch-Maxx - Ofab\" \/>\n<meta property=\"og:description\" content=\"Detta \u00e4r en dubbelborste som \u00e4r konstruerad f\u00f6r att anv\u00e4ndas i l\u00f6sdriftsstallar. Det \u00e4r ett k\u00e4nt faktum att anv\u00e4ndandet av en s\u00e5dan borste \u00f6kar djurens v\u00e4lbefinnande och h\u00e4lsa. Effekt: 0,37kw 230V\/50Hz. Varv\/min: 60. Vikt: 157kg.\" \/>\n<meta property=\"og:url\" content=\"https:\/\/ofabskara.se\/sv\/produkt\/krazz-maxx-elrykteborste\/\" \/>\n<meta property=\"og:site_name\" content=\"Ofab\" \/>\n<meta property=\"article:modified_time\" content=\"2026-03-31T08:50:16+00:00\" \/>\n<meta property=\"og:image\" content=\"https:\/\/ofabskara.se\/wp-content\/uploads\/2017\/05\/koryktborste-dubbel-suevia-scratch-maxx_ua4lzjwbal8f2pzg.webp\" \/>\n\t<meta property=\"og:image:width\" content=\"1000\" \/>\n\t<meta property=\"og:image:height\" content=\"1000\" \/>\n\t<meta property=\"og:image:type\" content=\"image\/webp\" \/>\n<meta name=\"twitter:card\" content=\"summary_large_image\" \/>\n<meta name=\"twitter:label1\" content=\"Ber\u00e4knad l\u00e4stid\" \/>\n\t<meta name=\"twitter:data1\" content=\"1 minut\" \/>\n<script type=\"application\/ld+json\" class=\"yoast-schema-graph\">{\"@context\":\"https:\/\/schema.org\",\"@graph\":[{\"@type\":\"WebPage\",\"@id\":\"https:\/\/ofabskara.se\/sv\/produkt\/krazz-maxx-elrykteborste\/\",\"url\":\"https:\/\/ofabskara.se\/sv\/produkt\/krazz-maxx-elrykteborste\/\",\"name\":\"Koryktborste Scratch-Maxx - Ofab\",\"isPartOf\":{\"@id\":\"https:\/\/ofabskara.se\/sv\/#website\"},\"primaryImageOfPage\":{\"@id\":\"https:\/\/ofabskara.se\/sv\/produkt\/krazz-maxx-elrykteborste\/#primaryimage\"},\"image\":{\"@id\":\"https:\/\/ofabskara.se\/sv\/produkt\/krazz-maxx-elrykteborste\/#primaryimage\"},\"thumbnailUrl\":\"https:\/\/ofabskara.se\/wp-content\/uploads\/2017\/05\/koryktborste-dubbel-suevia-scratch-maxx_ua4lzjwbal8f2pzg.webp\",\"datePublished\":\"2017-05-16T06:44:26+00:00\",\"dateModified\":\"2026-03-31T08:50:16+00:00\",\"breadcrumb\":{\"@id\":\"https:\/\/ofabskara.se\/sv\/produkt\/krazz-maxx-elrykteborste\/#breadcrumb\"},\"inLanguage\":\"sv-SE\",\"potentialAction\":[{\"@type\":\"ReadAction\",\"target\":[\"https:\/\/ofabskara.se\/sv\/produkt\/krazz-maxx-elrykteborste\/\"]}]},{\"@type\":\"ImageObject\",\"inLanguage\":\"sv-SE\",\"@id\":\"https:\/\/ofabskara.se\/sv\/produkt\/krazz-maxx-elrykteborste\/#primaryimage\",\"url\":\"https:\/\/ofabskara.se\/wp-content\/uploads\/2017\/05\/koryktborste-dubbel-suevia-scratch-maxx_ua4lzjwbal8f2pzg.webp\",\"contentUrl\":\"https:\/\/ofabskara.se\/wp-content\/uploads\/2017\/05\/koryktborste-dubbel-suevia-scratch-maxx_ua4lzjwbal8f2pzg.webp\",\"width\":1000,\"height\":1000,\"caption\":\"koryktborste dubbel suevia scratch maxx ua4lzjwbal8f2pzg\"},{\"@type\":\"BreadcrumbList\",\"@id\":\"https:\/\/ofabskara.se\/sv\/produkt\/krazz-maxx-elrykteborste\/#breadcrumb\",\"itemListElement\":[{\"@type\":\"ListItem\",\"position\":1,\"name\":\"Home\",\"item\":\"https:\/\/ofabskara.se\/sv\/\"},{\"@type\":\"ListItem\",\"position\":2,\"name\":\"Butik\",\"item\":\"https:\/\/ofabskara.se\/sv\/butik\/\"},{\"@type\":\"ListItem\",\"position\":3,\"name\":\"Koryktborste Scratch-Maxx\"}]},{\"@type\":\"WebSite\",\"@id\":\"https:\/\/ofabskara.se\/sv\/#website\",\"url\":\"https:\/\/ofabskara.se\/sv\/\",\"name\":\"Ofab\",\"description\":\"\",\"potentialAction\":[{\"@type\":\"SearchAction\",\"target\":{\"@type\":\"EntryPoint\",\"urlTemplate\":\"https:\/\/ofabskara.se\/sv\/?s={search_term_string}\"},\"query-input\":{\"@type\":\"PropertyValueSpecification\",\"valueRequired\":true,\"valueName\":\"search_term_string\"}}],\"inLanguage\":\"sv-SE\"}]}<\/script>\n<!-- \/ Yoast SEO plugin. -->","yoast_head_json":{"title":"Koryktborste Scratch-Maxx - Ofab","robots":{"index":"index","follow":"follow","max-snippet":"max-snippet:-1","max-image-preview":"max-image-preview:large","max-video-preview":"max-video-preview:-1"},"canonical":"https:\/\/ofabskara.se\/sv\/produkt\/krazz-maxx-elrykteborste\/","og_locale":"sv_SE","og_type":"article","og_title":"Koryktborste Scratch-Maxx - Ofab","og_description":"Detta \u00e4r en dubbelborste som \u00e4r konstruerad f\u00f6r att anv\u00e4ndas i l\u00f6sdriftsstallar. Det \u00e4r ett k\u00e4nt faktum att anv\u00e4ndandet av en s\u00e5dan borste \u00f6kar djurens v\u00e4lbefinnande och h\u00e4lsa. Effekt: 0,37kw 230V\/50Hz. Varv\/min: 60. Vikt: 157kg.","og_url":"https:\/\/ofabskara.se\/sv\/produkt\/krazz-maxx-elrykteborste\/","og_site_name":"Ofab","article_modified_time":"2026-03-31T08:50:16+00:00","og_image":[{"width":1000,"height":1000,"url":"https:\/\/ofabskara.se\/wp-content\/uploads\/2017\/05\/koryktborste-dubbel-suevia-scratch-maxx_ua4lzjwbal8f2pzg.webp","type":"image\/webp"}],"twitter_card":"summary_large_image","twitter_misc":{"Ber\u00e4knad l\u00e4stid":"1 minut"},"schema":{"@context":"https:\/\/schema.org","@graph":[{"@type":"WebPage","@id":"https:\/\/ofabskara.se\/sv\/produkt\/krazz-maxx-elrykteborste\/","url":"https:\/\/ofabskara.se\/sv\/produkt\/krazz-maxx-elrykteborste\/","name":"Koryktborste Scratch-Maxx - Ofab","isPartOf":{"@id":"https:\/\/ofabskara.se\/sv\/#website"},"primaryImageOfPage":{"@id":"https:\/\/ofabskara.se\/sv\/produkt\/krazz-maxx-elrykteborste\/#primaryimage"},"image":{"@id":"https:\/\/ofabskara.se\/sv\/produkt\/krazz-maxx-elrykteborste\/#primaryimage"},"thumbnailUrl":"https:\/\/ofabskara.se\/wp-content\/uploads\/2017\/05\/koryktborste-dubbel-suevia-scratch-maxx_ua4lzjwbal8f2pzg.webp","datePublished":"2017-05-16T06:44:26+00:00","dateModified":"2026-03-31T08:50:16+00:00","breadcrumb":{"@id":"https:\/\/ofabskara.se\/sv\/produkt\/krazz-maxx-elrykteborste\/#breadcrumb"},"inLanguage":"sv-SE","potentialAction":[{"@type":"ReadAction","target":["https:\/\/ofabskara.se\/sv\/produkt\/krazz-maxx-elrykteborste\/"]}]},{"@type":"ImageObject","inLanguage":"sv-SE","@id":"https:\/\/ofabskara.se\/sv\/produkt\/krazz-maxx-elrykteborste\/#primaryimage","url":"https:\/\/ofabskara.se\/wp-content\/uploads\/2017\/05\/koryktborste-dubbel-suevia-scratch-maxx_ua4lzjwbal8f2pzg.webp","contentUrl":"https:\/\/ofabskara.se\/wp-content\/uploads\/2017\/05\/koryktborste-dubbel-suevia-scratch-maxx_ua4lzjwbal8f2pzg.webp","width":1000,"height":1000,"caption":"koryktborste dubbel suevia scratch maxx ua4lzjwbal8f2pzg"},{"@type":"BreadcrumbList","@id":"https:\/\/ofabskara.se\/sv\/produkt\/krazz-maxx-elrykteborste\/#breadcrumb","itemListElement":[{"@type":"ListItem","position":1,"name":"Home","item":"https:\/\/ofabskara.se\/sv\/"},{"@type":"ListItem","position":2,"name":"Butik","item":"https:\/\/ofabskara.se\/sv\/butik\/"},{"@type":"ListItem","position":3,"name":"Koryktborste Scratch-Maxx"}]},{"@type":"WebSite","@id":"https:\/\/ofabskara.se\/sv\/#website","url":"https:\/\/ofabskara.se\/sv\/","name":"Ofab","description":"","potentialAction":[{"@type":"SearchAction","target":{"@type":"EntryPoint","urlTemplate":"https:\/\/ofabskara.se\/sv\/?s={search_term_string}"},"query-input":{"@type":"PropertyValueSpecification","valueRequired":true,"valueName":"search_term_string"}}],"inLanguage":"sv-SE"}]}},"_links":{"self":[{"href":"https:\/\/ofabskara.se\/sv\/wp-json\/wp\/v2\/product\/1838","targetHints":{"allow":["GET"]}}],"collection":[{"href":"https:\/\/ofabskara.se\/sv\/wp-json\/wp\/v2\/product"}],"about":[{"href":"https:\/\/ofabskara.se\/sv\/wp-json\/wp\/v2\/types\/product"}],"replies":[{"embeddable":true,"href":"https:\/\/ofabskara.se\/sv\/wp-json\/wp\/v2\/comments?post=1838"}],"wp:featuredmedia":[{"embeddable":true,"href":"https:\/\/ofabskara.se\/sv\/wp-json\/wp\/v2\/media\/47733"}],"wp:attachment":[{"href":"https:\/\/ofabskara.se\/sv\/wp-json\/wp\/v2\/media?parent=1838"}],"wp:term":[{"taxonomy":"product_brand","embeddable":true,"href":"https:\/\/ofabskara.se\/sv\/wp-json\/wp\/v2\/product_brand?post=1838"},{"taxonomy":"product_cat","embeddable":true,"href":"https:\/\/ofabskara.se\/sv\/wp-json\/wp\/v2\/product_cat?post=1838"},{"taxonomy":"product_tag","embeddable":true,"href":"https:\/\/ofabskara.se\/sv\/wp-json\/wp\/v2\/product_tag?post=1838"}],"curies":[{"name":"wp","href":"https:\/\/api.w.org\/{rel}","templated":true}]}}