{"id":1868,"date":"2017-05-16T08:44:57","date_gmt":"2017-05-16T06:44:57","guid":{"rendered":"https:\/\/ofabskara.se\/produkt\/takkantskydd-for-ra0965\/"},"modified":"2025-06-18T16:07:33","modified_gmt":"2025-06-18T14:07:33","slug":"takkantskydd-for-ra0965","status":"publish","type":"product","link":"https:\/\/ofabskara.se\/sv\/produkt\/takkantskydd-for-ra0965\/","title":{"rendered":"Takkantskydd 3x2m foderh\u00e4ck"},"content":{"rendered":"<p>Kraftigt takkantskydd.<br \/>\nKomplett till b\u00e5da gavlar. F\u00f6r RA0965. Vikt 18kg.<\/p>\n","protected":false},"excerpt":{"rendered":"<p>Kraftigt takkantskydd.<br \/>\nKomplett till b\u00e5da gavlar. F\u00f6r RA0965. Vikt 18kg.<\/p>\n","protected":false},"featured_media":42855,"comment_status":"closed","ping_status":"closed","template":"","meta":{"_acf_changed":false,"inline_featured_image":false},"product_brand":[],"product_cat":[65,150,262],"product_tag":[],"class_list":{"0":"post-1868","1":"product","2":"type-product","3":"status-publish","4":"has-post-thumbnail","6":"product_cat-notdjur","7":"product_cat-foderhackar","8":"product_cat-tillbehor-for-foderhackar","10":"first","11":"instock","12":"taxable","13":"shipping-taxable","14":"purchasable","15":"product-type-simple"},"acf":[],"yoast_head":"<!-- This site is optimized with the Yoast SEO plugin v24.4 - https:\/\/yoast.com\/wordpress\/plugins\/seo\/ -->\n<title>Takkantskydd 3x2m foderh\u00e4ck - Ofab<\/title>\n<meta name=\"robots\" content=\"index, follow, max-snippet:-1, max-image-preview:large, max-video-preview:-1\" \/>\n<link rel=\"canonical\" href=\"https:\/\/ofabskara.se\/sv\/produkt\/takkantskydd-for-ra0965\/\" \/>\n<meta property=\"og:locale\" content=\"sv_SE\" \/>\n<meta property=\"og:type\" content=\"article\" \/>\n<meta property=\"og:title\" content=\"Takkantskydd 3x2m foderh\u00e4ck - Ofab\" \/>\n<meta property=\"og:description\" content=\"Kraftigt takkantskydd. Komplett till b\u00e5da gavlar. F\u00f6r RA0965. Vikt 18kg.\" \/>\n<meta property=\"og:url\" content=\"https:\/\/ofabskara.se\/sv\/produkt\/takkantskydd-for-ra0965\/\" \/>\n<meta property=\"og:site_name\" content=\"Ofab\" \/>\n<meta property=\"article:modified_time\" content=\"2025-06-18T14:07:33+00:00\" \/>\n<meta property=\"og:image\" content=\"https:\/\/ofabskara.se\/wp-content\/uploads\/2017\/05\/RA0976.jpg\" \/>\n\t<meta property=\"og:image:width\" content=\"1126\" \/>\n\t<meta property=\"og:image:height\" content=\"796\" \/>\n\t<meta property=\"og:image:type\" content=\"image\/jpeg\" \/>\n<meta name=\"twitter:card\" content=\"summary_large_image\" \/>\n<meta name=\"twitter:label1\" content=\"Ber\u00e4knad l\u00e4stid\" \/>\n\t<meta name=\"twitter:data1\" content=\"1 minut\" \/>\n<script type=\"application\/ld+json\" class=\"yoast-schema-graph\">{\"@context\":\"https:\/\/schema.org\",\"@graph\":[{\"@type\":\"WebPage\",\"@id\":\"https:\/\/ofabskara.se\/sv\/produkt\/takkantskydd-for-ra0965\/\",\"url\":\"https:\/\/ofabskara.se\/sv\/produkt\/takkantskydd-for-ra0965\/\",\"name\":\"Takkantskydd 3x2m foderh\u00e4ck - Ofab\",\"isPartOf\":{\"@id\":\"https:\/\/ofabskara.se\/sv\/#website\"},\"primaryImageOfPage\":{\"@id\":\"https:\/\/ofabskara.se\/sv\/produkt\/takkantskydd-for-ra0965\/#primaryimage\"},\"image\":{\"@id\":\"https:\/\/ofabskara.se\/sv\/produkt\/takkantskydd-for-ra0965\/#primaryimage\"},\"thumbnailUrl\":\"https:\/\/ofabskara.se\/wp-content\/uploads\/2017\/05\/RA0976.jpg\",\"datePublished\":\"2017-05-16T06:44:57+00:00\",\"dateModified\":\"2025-06-18T14:07:33+00:00\",\"breadcrumb\":{\"@id\":\"https:\/\/ofabskara.se\/sv\/produkt\/takkantskydd-for-ra0965\/#breadcrumb\"},\"inLanguage\":\"sv-SE\",\"potentialAction\":[{\"@type\":\"ReadAction\",\"target\":[\"https:\/\/ofabskara.se\/sv\/produkt\/takkantskydd-for-ra0965\/\"]}]},{\"@type\":\"ImageObject\",\"inLanguage\":\"sv-SE\",\"@id\":\"https:\/\/ofabskara.se\/sv\/produkt\/takkantskydd-for-ra0965\/#primaryimage\",\"url\":\"https:\/\/ofabskara.se\/wp-content\/uploads\/2017\/05\/RA0976.jpg\",\"contentUrl\":\"https:\/\/ofabskara.se\/wp-content\/uploads\/2017\/05\/RA0976.jpg\",\"width\":1126,\"height\":796,\"caption\":\"RA0976\"},{\"@type\":\"BreadcrumbList\",\"@id\":\"https:\/\/ofabskara.se\/sv\/produkt\/takkantskydd-for-ra0965\/#breadcrumb\",\"itemListElement\":[{\"@type\":\"ListItem\",\"position\":1,\"name\":\"Home\",\"item\":\"https:\/\/ofabskara.se\/sv\/\"},{\"@type\":\"ListItem\",\"position\":2,\"name\":\"Butik\",\"item\":\"https:\/\/ofabskara.se\/sv\/butik\/\"},{\"@type\":\"ListItem\",\"position\":3,\"name\":\"Takkantskydd 3x2m foderh\u00e4ck\"}]},{\"@type\":\"WebSite\",\"@id\":\"https:\/\/ofabskara.se\/sv\/#website\",\"url\":\"https:\/\/ofabskara.se\/sv\/\",\"name\":\"Ofab\",\"description\":\"\",\"potentialAction\":[{\"@type\":\"SearchAction\",\"target\":{\"@type\":\"EntryPoint\",\"urlTemplate\":\"https:\/\/ofabskara.se\/sv\/?s={search_term_string}\"},\"query-input\":{\"@type\":\"PropertyValueSpecification\",\"valueRequired\":true,\"valueName\":\"search_term_string\"}}],\"inLanguage\":\"sv-SE\"}]}<\/script>\n<!-- \/ Yoast SEO plugin. -->","yoast_head_json":{"title":"Takkantskydd 3x2m foderh\u00e4ck - Ofab","robots":{"index":"index","follow":"follow","max-snippet":"max-snippet:-1","max-image-preview":"max-image-preview:large","max-video-preview":"max-video-preview:-1"},"canonical":"https:\/\/ofabskara.se\/sv\/produkt\/takkantskydd-for-ra0965\/","og_locale":"sv_SE","og_type":"article","og_title":"Takkantskydd 3x2m foderh\u00e4ck - Ofab","og_description":"Kraftigt takkantskydd. Komplett till b\u00e5da gavlar. F\u00f6r RA0965. Vikt 18kg.","og_url":"https:\/\/ofabskara.se\/sv\/produkt\/takkantskydd-for-ra0965\/","og_site_name":"Ofab","article_modified_time":"2025-06-18T14:07:33+00:00","og_image":[{"width":1126,"height":796,"url":"https:\/\/ofabskara.se\/wp-content\/uploads\/2017\/05\/RA0976.jpg","type":"image\/jpeg"}],"twitter_card":"summary_large_image","twitter_misc":{"Ber\u00e4knad l\u00e4stid":"1 minut"},"schema":{"@context":"https:\/\/schema.org","@graph":[{"@type":"WebPage","@id":"https:\/\/ofabskara.se\/sv\/produkt\/takkantskydd-for-ra0965\/","url":"https:\/\/ofabskara.se\/sv\/produkt\/takkantskydd-for-ra0965\/","name":"Takkantskydd 3x2m foderh\u00e4ck - Ofab","isPartOf":{"@id":"https:\/\/ofabskara.se\/sv\/#website"},"primaryImageOfPage":{"@id":"https:\/\/ofabskara.se\/sv\/produkt\/takkantskydd-for-ra0965\/#primaryimage"},"image":{"@id":"https:\/\/ofabskara.se\/sv\/produkt\/takkantskydd-for-ra0965\/#primaryimage"},"thumbnailUrl":"https:\/\/ofabskara.se\/wp-content\/uploads\/2017\/05\/RA0976.jpg","datePublished":"2017-05-16T06:44:57+00:00","dateModified":"2025-06-18T14:07:33+00:00","breadcrumb":{"@id":"https:\/\/ofabskara.se\/sv\/produkt\/takkantskydd-for-ra0965\/#breadcrumb"},"inLanguage":"sv-SE","potentialAction":[{"@type":"ReadAction","target":["https:\/\/ofabskara.se\/sv\/produkt\/takkantskydd-for-ra0965\/"]}]},{"@type":"ImageObject","inLanguage":"sv-SE","@id":"https:\/\/ofabskara.se\/sv\/produkt\/takkantskydd-for-ra0965\/#primaryimage","url":"https:\/\/ofabskara.se\/wp-content\/uploads\/2017\/05\/RA0976.jpg","contentUrl":"https:\/\/ofabskara.se\/wp-content\/uploads\/2017\/05\/RA0976.jpg","width":1126,"height":796,"caption":"RA0976"},{"@type":"BreadcrumbList","@id":"https:\/\/ofabskara.se\/sv\/produkt\/takkantskydd-for-ra0965\/#breadcrumb","itemListElement":[{"@type":"ListItem","position":1,"name":"Home","item":"https:\/\/ofabskara.se\/sv\/"},{"@type":"ListItem","position":2,"name":"Butik","item":"https:\/\/ofabskara.se\/sv\/butik\/"},{"@type":"ListItem","position":3,"name":"Takkantskydd 3x2m foderh\u00e4ck"}]},{"@type":"WebSite","@id":"https:\/\/ofabskara.se\/sv\/#website","url":"https:\/\/ofabskara.se\/sv\/","name":"Ofab","description":"","potentialAction":[{"@type":"SearchAction","target":{"@type":"EntryPoint","urlTemplate":"https:\/\/ofabskara.se\/sv\/?s={search_term_string}"},"query-input":{"@type":"PropertyValueSpecification","valueRequired":true,"valueName":"search_term_string"}}],"inLanguage":"sv-SE"}]}},"_links":{"self":[{"href":"https:\/\/ofabskara.se\/sv\/wp-json\/wp\/v2\/product\/1868","targetHints":{"allow":["GET"]}}],"collection":[{"href":"https:\/\/ofabskara.se\/sv\/wp-json\/wp\/v2\/product"}],"about":[{"href":"https:\/\/ofabskara.se\/sv\/wp-json\/wp\/v2\/types\/product"}],"replies":[{"embeddable":true,"href":"https:\/\/ofabskara.se\/sv\/wp-json\/wp\/v2\/comments?post=1868"}],"wp:featuredmedia":[{"embeddable":true,"href":"https:\/\/ofabskara.se\/sv\/wp-json\/wp\/v2\/media\/42855"}],"wp:attachment":[{"href":"https:\/\/ofabskara.se\/sv\/wp-json\/wp\/v2\/media?parent=1868"}],"wp:term":[{"taxonomy":"product_brand","embeddable":true,"href":"https:\/\/ofabskara.se\/sv\/wp-json\/wp\/v2\/product_brand?post=1868"},{"taxonomy":"product_cat","embeddable":true,"href":"https:\/\/ofabskara.se\/sv\/wp-json\/wp\/v2\/product_cat?post=1868"},{"taxonomy":"product_tag","embeddable":true,"href":"https:\/\/ofabskara.se\/sv\/wp-json\/wp\/v2\/product_tag?post=1868"}],"curies":[{"name":"wp","href":"https:\/\/api.w.org\/{rel}","templated":true}]}}