{"id":1952,"date":"2017-05-16T08:46:54","date_gmt":"2017-05-16T06:46:54","guid":{"rendered":"https:\/\/ofabskara.se\/produkt\/kim-longline\/"},"modified":"2023-11-17T09:49:42","modified_gmt":"2023-11-17T08:49:42","slug":"kim-longline","status":"publish","type":"product","link":"https:\/\/ofabskara.se\/sv\/produkt\/kim-longline\/","title":{"rendered":"KIM LongLine"},"content":{"rendered":"<p><a href=\"https:\/\/www.youtube.com\/watch?v=BkYNX7e086g\">https:\/\/www.youtube.com\/watch?v=BkYNX7e086g<\/a><\/p>\n<p><strong>Liggb\u00e5s i l\u00f6sdriftssystem (mj\u00f6lkkor \/ ungdjur \/ tjurar)<\/strong><br \/>\n&#8211; Installation oberoende av frih\u00e4ngande b\u00e5savskiljare.<br \/>\n&#8211; Integrerat fall i bakkant g\u00f6r att ytan torkar snabbare.<br \/>\n&#8211; Avfasning i bakkant: Mjukt avslut, skonar lederna och ingen snubbelkant.<br \/>\n&#8211; F\u00f6rseglade lister i bakre delen minimerar nedsmutsning.<\/p>\n<p><strong>Info.<\/strong><br \/>\nDen mjuka och slitstarka luftkuddeprofilen \u00e5stadkommer en behaglig liggkomfort. Elasticitet: 14mm<\/p>\n<p><strong>Kontakta f\u00f6r offertpris.<\/strong><\/p>\n<p><img decoding=\"async\" src=\"\/web\/media\/doc\/kimlongline1.gif\" alt=\"\" \/><\/p>\n<p>*Observera tillh\u00f6rande monteringsinstruktion med v\u00e4rdefulla anvisningar och tips. Den kan f\u00e5s hos din KRAIBURG-fackhandlare eller p\u00e5 www.kraiburg-agri.com.<\/p>\n","protected":false},"excerpt":{"rendered":"<ul>\n<li>Bredd 160\/170\/180 cm<\/li>\n<li>L\u00e4ngd 2,5-50 m<\/li>\n<li>Flexibel och robust<\/li>\n<li>Luftkudde profil<\/li>\n<li>Bepr\u00f6vad hammarslagsyta<\/li>\n<li>Integrerad lutning i det bakre omr\u00e5det som fr\u00e4mjar torkning av ytan<\/li>\n<li>Chamfer vid bakkanten: skyddar lederna, ingen stapplande kant<\/li>\n<li>T\u00e4tning i det bakre omr\u00e5det av undersidan minska smuts ansamlingar<\/li>\n<li>L\u00e4tt att montera<\/li>\n<li>Hudv\u00e4nlig och skonsam mot lederna<\/li>\n<li>3cm i tjocklek<\/li>\n<\/ul>\n","protected":false},"featured_media":1953,"comment_status":"closed","ping_status":"open","template":"","meta":{"_acf_changed":false,"inline_featured_image":false},"product_brand":[],"product_cat":[237,238],"product_tag":[],"class_list":{"0":"post-1952","1":"product","2":"type-product","3":"status-publish","4":"has-post-thumbnail","6":"product_cat-gummimattor","7":"product_cat-stallmatta-notdjur","9":"first","10":"instock","11":"taxable","12":"shipping-taxable","13":"product-type-simple"},"acf":[],"yoast_head":"<!-- This site is optimized with the Yoast SEO plugin v24.4 - https:\/\/yoast.com\/wordpress\/plugins\/seo\/ -->\n<title>KIM LongLine - Ofab<\/title>\n<meta name=\"robots\" content=\"index, follow, max-snippet:-1, max-image-preview:large, max-video-preview:-1\" \/>\n<link rel=\"canonical\" href=\"https:\/\/ofabskara.se\/sv\/produkt\/kim-longline\/\" \/>\n<meta property=\"og:locale\" content=\"sv_SE\" \/>\n<meta property=\"og:type\" content=\"article\" \/>\n<meta property=\"og:title\" content=\"KIM LongLine - Ofab\" \/>\n<meta property=\"og:description\" content=\"Bredd 160\/170\/180 cm  L\u00e4ngd 2,5-50 m  Flexibel och robust  Luftkudde profil  Bepr\u00f6vad hammarslagsyta  Integrerad lutning i det bakre omr\u00e5det som fr\u00e4mjar torkning av ytan  Chamfer vid bakkanten: skyddar lederna, ingen stapplande kant  T\u00e4tning i det bakre omr\u00e5det av undersidan minska smuts ansamlingar  L\u00e4tt att montera  Hudv\u00e4nlig och skonsam mot lederna  3cm i tjocklek\" \/>\n<meta property=\"og:url\" content=\"https:\/\/ofabskara.se\/sv\/produkt\/kim-longline\/\" \/>\n<meta property=\"og:site_name\" content=\"Ofab\" \/>\n<meta property=\"article:modified_time\" content=\"2023-11-17T08:49:42+00:00\" \/>\n<meta property=\"og:image\" content=\"https:\/\/ofabskara.se\/wp-content\/uploads\/2023\/09\/KIM_LongLine_z_1024.jpg\" \/>\n\t<meta property=\"og:image:width\" content=\"1024\" \/>\n\t<meta property=\"og:image:height\" content=\"691\" \/>\n\t<meta property=\"og:image:type\" content=\"image\/jpeg\" \/>\n<meta name=\"twitter:card\" content=\"summary_large_image\" \/>\n<script type=\"application\/ld+json\" class=\"yoast-schema-graph\">{\"@context\":\"https:\/\/schema.org\",\"@graph\":[{\"@type\":\"WebPage\",\"@id\":\"https:\/\/ofabskara.se\/sv\/produkt\/kim-longline\/\",\"url\":\"https:\/\/ofabskara.se\/sv\/produkt\/kim-longline\/\",\"name\":\"KIM LongLine - Ofab\",\"isPartOf\":{\"@id\":\"https:\/\/ofabskara.se\/sv\/#website\"},\"primaryImageOfPage\":{\"@id\":\"https:\/\/ofabskara.se\/sv\/produkt\/kim-longline\/#primaryimage\"},\"image\":{\"@id\":\"https:\/\/ofabskara.se\/sv\/produkt\/kim-longline\/#primaryimage\"},\"thumbnailUrl\":\"https:\/\/ofabskara.se\/wp-content\/uploads\/2023\/09\/KIM_LongLine_z_1024.jpg\",\"datePublished\":\"2017-05-16T06:46:54+00:00\",\"dateModified\":\"2023-11-17T08:49:42+00:00\",\"breadcrumb\":{\"@id\":\"https:\/\/ofabskara.se\/sv\/produkt\/kim-longline\/#breadcrumb\"},\"inLanguage\":\"sv-SE\",\"potentialAction\":[{\"@type\":\"ReadAction\",\"target\":[\"https:\/\/ofabskara.se\/sv\/produkt\/kim-longline\/\"]}]},{\"@type\":\"ImageObject\",\"inLanguage\":\"sv-SE\",\"@id\":\"https:\/\/ofabskara.se\/sv\/produkt\/kim-longline\/#primaryimage\",\"url\":\"https:\/\/ofabskara.se\/wp-content\/uploads\/2023\/09\/KIM_LongLine_z_1024.jpg\",\"contentUrl\":\"https:\/\/ofabskara.se\/wp-content\/uploads\/2023\/09\/KIM_LongLine_z_1024.jpg\",\"width\":1024,\"height\":691},{\"@type\":\"BreadcrumbList\",\"@id\":\"https:\/\/ofabskara.se\/sv\/produkt\/kim-longline\/#breadcrumb\",\"itemListElement\":[{\"@type\":\"ListItem\",\"position\":1,\"name\":\"Home\",\"item\":\"https:\/\/ofabskara.se\/sv\/\"},{\"@type\":\"ListItem\",\"position\":2,\"name\":\"Butik\",\"item\":\"https:\/\/ofabskara.se\/sv\/butik\/\"},{\"@type\":\"ListItem\",\"position\":3,\"name\":\"KIM LongLine\"}]},{\"@type\":\"WebSite\",\"@id\":\"https:\/\/ofabskara.se\/sv\/#website\",\"url\":\"https:\/\/ofabskara.se\/sv\/\",\"name\":\"Ofab\",\"description\":\"\",\"potentialAction\":[{\"@type\":\"SearchAction\",\"target\":{\"@type\":\"EntryPoint\",\"urlTemplate\":\"https:\/\/ofabskara.se\/sv\/?s={search_term_string}\"},\"query-input\":{\"@type\":\"PropertyValueSpecification\",\"valueRequired\":true,\"valueName\":\"search_term_string\"}}],\"inLanguage\":\"sv-SE\"}]}<\/script>\n<!-- \/ Yoast SEO plugin. -->","yoast_head_json":{"title":"KIM LongLine - Ofab","robots":{"index":"index","follow":"follow","max-snippet":"max-snippet:-1","max-image-preview":"max-image-preview:large","max-video-preview":"max-video-preview:-1"},"canonical":"https:\/\/ofabskara.se\/sv\/produkt\/kim-longline\/","og_locale":"sv_SE","og_type":"article","og_title":"KIM LongLine - Ofab","og_description":"Bredd 160\/170\/180 cm  L\u00e4ngd 2,5-50 m  Flexibel och robust  Luftkudde profil  Bepr\u00f6vad hammarslagsyta  Integrerad lutning i det bakre omr\u00e5det som fr\u00e4mjar torkning av ytan  Chamfer vid bakkanten: skyddar lederna, ingen stapplande kant  T\u00e4tning i det bakre omr\u00e5det av undersidan minska smuts ansamlingar  L\u00e4tt att montera  Hudv\u00e4nlig och skonsam mot lederna  3cm i tjocklek","og_url":"https:\/\/ofabskara.se\/sv\/produkt\/kim-longline\/","og_site_name":"Ofab","article_modified_time":"2023-11-17T08:49:42+00:00","og_image":[{"width":1024,"height":691,"url":"https:\/\/ofabskara.se\/wp-content\/uploads\/2023\/09\/KIM_LongLine_z_1024.jpg","type":"image\/jpeg"}],"twitter_card":"summary_large_image","schema":{"@context":"https:\/\/schema.org","@graph":[{"@type":"WebPage","@id":"https:\/\/ofabskara.se\/sv\/produkt\/kim-longline\/","url":"https:\/\/ofabskara.se\/sv\/produkt\/kim-longline\/","name":"KIM LongLine - Ofab","isPartOf":{"@id":"https:\/\/ofabskara.se\/sv\/#website"},"primaryImageOfPage":{"@id":"https:\/\/ofabskara.se\/sv\/produkt\/kim-longline\/#primaryimage"},"image":{"@id":"https:\/\/ofabskara.se\/sv\/produkt\/kim-longline\/#primaryimage"},"thumbnailUrl":"https:\/\/ofabskara.se\/wp-content\/uploads\/2023\/09\/KIM_LongLine_z_1024.jpg","datePublished":"2017-05-16T06:46:54+00:00","dateModified":"2023-11-17T08:49:42+00:00","breadcrumb":{"@id":"https:\/\/ofabskara.se\/sv\/produkt\/kim-longline\/#breadcrumb"},"inLanguage":"sv-SE","potentialAction":[{"@type":"ReadAction","target":["https:\/\/ofabskara.se\/sv\/produkt\/kim-longline\/"]}]},{"@type":"ImageObject","inLanguage":"sv-SE","@id":"https:\/\/ofabskara.se\/sv\/produkt\/kim-longline\/#primaryimage","url":"https:\/\/ofabskara.se\/wp-content\/uploads\/2023\/09\/KIM_LongLine_z_1024.jpg","contentUrl":"https:\/\/ofabskara.se\/wp-content\/uploads\/2023\/09\/KIM_LongLine_z_1024.jpg","width":1024,"height":691},{"@type":"BreadcrumbList","@id":"https:\/\/ofabskara.se\/sv\/produkt\/kim-longline\/#breadcrumb","itemListElement":[{"@type":"ListItem","position":1,"name":"Home","item":"https:\/\/ofabskara.se\/sv\/"},{"@type":"ListItem","position":2,"name":"Butik","item":"https:\/\/ofabskara.se\/sv\/butik\/"},{"@type":"ListItem","position":3,"name":"KIM LongLine"}]},{"@type":"WebSite","@id":"https:\/\/ofabskara.se\/sv\/#website","url":"https:\/\/ofabskara.se\/sv\/","name":"Ofab","description":"","potentialAction":[{"@type":"SearchAction","target":{"@type":"EntryPoint","urlTemplate":"https:\/\/ofabskara.se\/sv\/?s={search_term_string}"},"query-input":{"@type":"PropertyValueSpecification","valueRequired":true,"valueName":"search_term_string"}}],"inLanguage":"sv-SE"}]}},"_links":{"self":[{"href":"https:\/\/ofabskara.se\/sv\/wp-json\/wp\/v2\/product\/1952","targetHints":{"allow":["GET"]}}],"collection":[{"href":"https:\/\/ofabskara.se\/sv\/wp-json\/wp\/v2\/product"}],"about":[{"href":"https:\/\/ofabskara.se\/sv\/wp-json\/wp\/v2\/types\/product"}],"replies":[{"embeddable":true,"href":"https:\/\/ofabskara.se\/sv\/wp-json\/wp\/v2\/comments?post=1952"}],"wp:featuredmedia":[{"embeddable":true,"href":"https:\/\/ofabskara.se\/sv\/wp-json\/wp\/v2\/media\/1953"}],"wp:attachment":[{"href":"https:\/\/ofabskara.se\/sv\/wp-json\/wp\/v2\/media?parent=1952"}],"wp:term":[{"taxonomy":"product_brand","embeddable":true,"href":"https:\/\/ofabskara.se\/sv\/wp-json\/wp\/v2\/product_brand?post=1952"},{"taxonomy":"product_cat","embeddable":true,"href":"https:\/\/ofabskara.se\/sv\/wp-json\/wp\/v2\/product_cat?post=1952"},{"taxonomy":"product_tag","embeddable":true,"href":"https:\/\/ofabskara.se\/sv\/wp-json\/wp\/v2\/product_tag?post=1952"}],"curies":[{"name":"wp","href":"https:\/\/api.w.org\/{rel}","templated":true}]}}