{"id":1986,"date":"2017-05-16T08:46:54","date_gmt":"2017-05-16T06:46:54","guid":{"rendered":"https:\/\/ofabskara.se\/produkt\/kura-p-kura-flexform-kura-rotary\/"},"modified":"2023-11-17T09:49:43","modified_gmt":"2023-11-17T08:49:43","slug":"kura-p-kura-flexform-kura-rotary","status":"publish","type":"product","link":"https:\/\/ofabskara.se\/sv\/produkt\/kura-p-kura-flexform-kura-rotary\/","title":{"rendered":"KURA P, KURA Flex\/Form, KURA Rotary"},"content":{"rendered":"<p><strong>Kl\u00f6vv\u00e4nliga och halks\u00e4kra mattor f\u00f6r spaltgolv<\/strong><br \/>\nPusselsystemet kompenserar den naturliga v\u00e4rmeutvidgningen, i princip fogl\u00f6sa ytor.<\/p>\n<p><strong>KURA Flex\/Form<\/strong><br \/>\n&#8211; Snabbare mj\u00f6lkning tack vare f\u00f6rb\u00e4ttrad ing\u00e5ng till mj\u00f6lningsb\u00e5set<br \/>\n&#8211; Minskar stress en (djuren st\u00e5r avslappnat och lugnt)<br \/>\n&#8211; Bidrar till minskad ljudniv\u00e5<br \/>\n&#8211; Montering mellan mj\u00f6lkningstiderna \u00e4r m\u00f6jlig.<\/p>\n<p><strong>Utg\u00f6dsling med skrapor<\/strong><br \/>\nKombinationen med utg\u00f6dslingssystem med skrapor har i praktiken visat sina f\u00f6rdelar. S\u00e5 gott som alla skrapor kan enkelt justeras till KRAIBURG-skrapspecifikationer..* En avst\u00e4mning med skraptillverkaren \u00e4r dock n\u00f6dv\u00e4ndig. Viktigt: Kontrollera de utf\u00f6rda anpassningarna en g\u00e5ng per \u00e5r! K\u00e4nda tillverkare av utg\u00f6dslingsteknik har redan skrapmodeller som godk\u00e4nts av oss (ingen anpassning \u00e4r n\u00f6dv\u00e4ndig).<\/p>\n<p><strong>T\u00e5l att k\u00f6ras p\u00e5<\/strong><br \/>\nKURA P t\u00e5l att k\u00f6ras p\u00e5 med fordon med godk\u00e4nda d\u00e4ck och med ett f\u00f6reskrivet lyfttryck som inte f\u00e5r \u00f6verskrida f\u00f6ljande v\u00e4rden*:<br \/>\n&#8211; radiald\u00e4ck: max. 4 bar<br \/>\n&#8211; diagonald\u00e4ck: max. 3 bar<\/p>\n<p><img decoding=\"async\" src=\"\/web\/media\/doc\/kura_p3.jpg\" alt=\"\" \/><br \/>\n<img decoding=\"async\" src=\"\/web\/media\/doc\/kura_p1.gif\" alt=\"\" \/><\/p>\n<p><img decoding=\"async\" src=\"\/web\/media\/doc\/kura5.gif\" alt=\"\" \/><\/p>\n<p><strong>Kontakta f\u00f6r offertpris.<\/strong><\/p>\n","protected":false},"excerpt":{"rendered":"<p><strong>Kl\u00f6vv\u00e4nliga och halks\u00e4kra mattor f\u00f6r spaltgolv<\/strong><br \/>\nPusselsystemet kompenserar den naturliga v\u00e4rmeutvidgningen, i princip fogl\u00f6sa ytor.<br \/>\n<strong>Kontakta f\u00f6r offertpris.<\/strong><\/p>\n","protected":false},"featured_media":1987,"comment_status":"closed","ping_status":"open","template":"","meta":{"_acf_changed":false,"inline_featured_image":false},"product_brand":[],"product_cat":[237,238],"product_tag":[],"class_list":{"0":"post-1986","1":"product","2":"type-product","3":"status-publish","4":"has-post-thumbnail","6":"product_cat-gummimattor","7":"product_cat-stallmatta-notdjur","9":"first","10":"instock","11":"taxable","12":"shipping-taxable","13":"product-type-simple"},"acf":[],"yoast_head":"<!-- This site is optimized with the Yoast SEO plugin v24.4 - https:\/\/yoast.com\/wordpress\/plugins\/seo\/ -->\n<title>KURA P, KURA Flex\/Form, KURA Rotary - Ofab<\/title>\n<meta name=\"robots\" content=\"index, follow, max-snippet:-1, max-image-preview:large, max-video-preview:-1\" \/>\n<link rel=\"canonical\" href=\"https:\/\/ofabskara.se\/sv\/produkt\/kura-p-kura-flexform-kura-rotary\/\" \/>\n<meta property=\"og:locale\" content=\"sv_SE\" \/>\n<meta property=\"og:type\" content=\"article\" \/>\n<meta property=\"og:title\" content=\"KURA P, KURA Flex\/Form, KURA Rotary - Ofab\" \/>\n<meta property=\"og:description\" content=\"Kl\u00f6vv\u00e4nliga och halks\u00e4kra mattor f\u00f6r spaltgolv Pusselsystemet kompenserar den naturliga v\u00e4rmeutvidgningen, i princip fogl\u00f6sa ytor. Kontakta f\u00f6r offertpris.\" \/>\n<meta property=\"og:url\" content=\"https:\/\/ofabskara.se\/sv\/produkt\/kura-p-kura-flexform-kura-rotary\/\" \/>\n<meta property=\"og:site_name\" content=\"Ofab\" \/>\n<meta property=\"article:modified_time\" content=\"2023-11-17T08:49:43+00:00\" \/>\n<meta property=\"og:image\" content=\"https:\/\/ofabskara.se\/wp-content\/uploads\/2023\/09\/KURA_P_z_1024.jpg\" \/>\n\t<meta property=\"og:image:width\" content=\"1024\" \/>\n\t<meta property=\"og:image:height\" content=\"548\" \/>\n\t<meta property=\"og:image:type\" content=\"image\/jpeg\" \/>\n<meta name=\"twitter:card\" content=\"summary_large_image\" \/>\n<meta name=\"twitter:label1\" content=\"Ber\u00e4knad l\u00e4stid\" \/>\n\t<meta name=\"twitter:data1\" content=\"1 minut\" \/>\n<script type=\"application\/ld+json\" class=\"yoast-schema-graph\">{\"@context\":\"https:\/\/schema.org\",\"@graph\":[{\"@type\":\"WebPage\",\"@id\":\"https:\/\/ofabskara.se\/sv\/produkt\/kura-p-kura-flexform-kura-rotary\/\",\"url\":\"https:\/\/ofabskara.se\/sv\/produkt\/kura-p-kura-flexform-kura-rotary\/\",\"name\":\"KURA P, KURA Flex\/Form, KURA Rotary - Ofab\",\"isPartOf\":{\"@id\":\"https:\/\/ofabskara.se\/sv\/#website\"},\"primaryImageOfPage\":{\"@id\":\"https:\/\/ofabskara.se\/sv\/produkt\/kura-p-kura-flexform-kura-rotary\/#primaryimage\"},\"image\":{\"@id\":\"https:\/\/ofabskara.se\/sv\/produkt\/kura-p-kura-flexform-kura-rotary\/#primaryimage\"},\"thumbnailUrl\":\"https:\/\/ofabskara.se\/wp-content\/uploads\/2023\/09\/KURA_P_z_1024.jpg\",\"datePublished\":\"2017-05-16T06:46:54+00:00\",\"dateModified\":\"2023-11-17T08:49:43+00:00\",\"breadcrumb\":{\"@id\":\"https:\/\/ofabskara.se\/sv\/produkt\/kura-p-kura-flexform-kura-rotary\/#breadcrumb\"},\"inLanguage\":\"sv-SE\",\"potentialAction\":[{\"@type\":\"ReadAction\",\"target\":[\"https:\/\/ofabskara.se\/sv\/produkt\/kura-p-kura-flexform-kura-rotary\/\"]}]},{\"@type\":\"ImageObject\",\"inLanguage\":\"sv-SE\",\"@id\":\"https:\/\/ofabskara.se\/sv\/produkt\/kura-p-kura-flexform-kura-rotary\/#primaryimage\",\"url\":\"https:\/\/ofabskara.se\/wp-content\/uploads\/2023\/09\/KURA_P_z_1024.jpg\",\"contentUrl\":\"https:\/\/ofabskara.se\/wp-content\/uploads\/2023\/09\/KURA_P_z_1024.jpg\",\"width\":1024,\"height\":548},{\"@type\":\"BreadcrumbList\",\"@id\":\"https:\/\/ofabskara.se\/sv\/produkt\/kura-p-kura-flexform-kura-rotary\/#breadcrumb\",\"itemListElement\":[{\"@type\":\"ListItem\",\"position\":1,\"name\":\"Home\",\"item\":\"https:\/\/ofabskara.se\/sv\/\"},{\"@type\":\"ListItem\",\"position\":2,\"name\":\"Butik\",\"item\":\"https:\/\/ofabskara.se\/sv\/butik\/\"},{\"@type\":\"ListItem\",\"position\":3,\"name\":\"KURA P, KURA Flex\/Form, KURA Rotary\"}]},{\"@type\":\"WebSite\",\"@id\":\"https:\/\/ofabskara.se\/sv\/#website\",\"url\":\"https:\/\/ofabskara.se\/sv\/\",\"name\":\"Ofab\",\"description\":\"\",\"potentialAction\":[{\"@type\":\"SearchAction\",\"target\":{\"@type\":\"EntryPoint\",\"urlTemplate\":\"https:\/\/ofabskara.se\/sv\/?s={search_term_string}\"},\"query-input\":{\"@type\":\"PropertyValueSpecification\",\"valueRequired\":true,\"valueName\":\"search_term_string\"}}],\"inLanguage\":\"sv-SE\"}]}<\/script>\n<!-- \/ Yoast SEO plugin. -->","yoast_head_json":{"title":"KURA P, KURA Flex\/Form, KURA Rotary - Ofab","robots":{"index":"index","follow":"follow","max-snippet":"max-snippet:-1","max-image-preview":"max-image-preview:large","max-video-preview":"max-video-preview:-1"},"canonical":"https:\/\/ofabskara.se\/sv\/produkt\/kura-p-kura-flexform-kura-rotary\/","og_locale":"sv_SE","og_type":"article","og_title":"KURA P, KURA Flex\/Form, KURA Rotary - Ofab","og_description":"Kl\u00f6vv\u00e4nliga och halks\u00e4kra mattor f\u00f6r spaltgolv Pusselsystemet kompenserar den naturliga v\u00e4rmeutvidgningen, i princip fogl\u00f6sa ytor. Kontakta f\u00f6r offertpris.","og_url":"https:\/\/ofabskara.se\/sv\/produkt\/kura-p-kura-flexform-kura-rotary\/","og_site_name":"Ofab","article_modified_time":"2023-11-17T08:49:43+00:00","og_image":[{"width":1024,"height":548,"url":"https:\/\/ofabskara.se\/wp-content\/uploads\/2023\/09\/KURA_P_z_1024.jpg","type":"image\/jpeg"}],"twitter_card":"summary_large_image","twitter_misc":{"Ber\u00e4knad l\u00e4stid":"1 minut"},"schema":{"@context":"https:\/\/schema.org","@graph":[{"@type":"WebPage","@id":"https:\/\/ofabskara.se\/sv\/produkt\/kura-p-kura-flexform-kura-rotary\/","url":"https:\/\/ofabskara.se\/sv\/produkt\/kura-p-kura-flexform-kura-rotary\/","name":"KURA P, KURA Flex\/Form, KURA Rotary - Ofab","isPartOf":{"@id":"https:\/\/ofabskara.se\/sv\/#website"},"primaryImageOfPage":{"@id":"https:\/\/ofabskara.se\/sv\/produkt\/kura-p-kura-flexform-kura-rotary\/#primaryimage"},"image":{"@id":"https:\/\/ofabskara.se\/sv\/produkt\/kura-p-kura-flexform-kura-rotary\/#primaryimage"},"thumbnailUrl":"https:\/\/ofabskara.se\/wp-content\/uploads\/2023\/09\/KURA_P_z_1024.jpg","datePublished":"2017-05-16T06:46:54+00:00","dateModified":"2023-11-17T08:49:43+00:00","breadcrumb":{"@id":"https:\/\/ofabskara.se\/sv\/produkt\/kura-p-kura-flexform-kura-rotary\/#breadcrumb"},"inLanguage":"sv-SE","potentialAction":[{"@type":"ReadAction","target":["https:\/\/ofabskara.se\/sv\/produkt\/kura-p-kura-flexform-kura-rotary\/"]}]},{"@type":"ImageObject","inLanguage":"sv-SE","@id":"https:\/\/ofabskara.se\/sv\/produkt\/kura-p-kura-flexform-kura-rotary\/#primaryimage","url":"https:\/\/ofabskara.se\/wp-content\/uploads\/2023\/09\/KURA_P_z_1024.jpg","contentUrl":"https:\/\/ofabskara.se\/wp-content\/uploads\/2023\/09\/KURA_P_z_1024.jpg","width":1024,"height":548},{"@type":"BreadcrumbList","@id":"https:\/\/ofabskara.se\/sv\/produkt\/kura-p-kura-flexform-kura-rotary\/#breadcrumb","itemListElement":[{"@type":"ListItem","position":1,"name":"Home","item":"https:\/\/ofabskara.se\/sv\/"},{"@type":"ListItem","position":2,"name":"Butik","item":"https:\/\/ofabskara.se\/sv\/butik\/"},{"@type":"ListItem","position":3,"name":"KURA P, KURA Flex\/Form, KURA Rotary"}]},{"@type":"WebSite","@id":"https:\/\/ofabskara.se\/sv\/#website","url":"https:\/\/ofabskara.se\/sv\/","name":"Ofab","description":"","potentialAction":[{"@type":"SearchAction","target":{"@type":"EntryPoint","urlTemplate":"https:\/\/ofabskara.se\/sv\/?s={search_term_string}"},"query-input":{"@type":"PropertyValueSpecification","valueRequired":true,"valueName":"search_term_string"}}],"inLanguage":"sv-SE"}]}},"_links":{"self":[{"href":"https:\/\/ofabskara.se\/sv\/wp-json\/wp\/v2\/product\/1986","targetHints":{"allow":["GET"]}}],"collection":[{"href":"https:\/\/ofabskara.se\/sv\/wp-json\/wp\/v2\/product"}],"about":[{"href":"https:\/\/ofabskara.se\/sv\/wp-json\/wp\/v2\/types\/product"}],"replies":[{"embeddable":true,"href":"https:\/\/ofabskara.se\/sv\/wp-json\/wp\/v2\/comments?post=1986"}],"wp:featuredmedia":[{"embeddable":true,"href":"https:\/\/ofabskara.se\/sv\/wp-json\/wp\/v2\/media\/1987"}],"wp:attachment":[{"href":"https:\/\/ofabskara.se\/sv\/wp-json\/wp\/v2\/media?parent=1986"}],"wp:term":[{"taxonomy":"product_brand","embeddable":true,"href":"https:\/\/ofabskara.se\/sv\/wp-json\/wp\/v2\/product_brand?post=1986"},{"taxonomy":"product_cat","embeddable":true,"href":"https:\/\/ofabskara.se\/sv\/wp-json\/wp\/v2\/product_cat?post=1986"},{"taxonomy":"product_tag","embeddable":true,"href":"https:\/\/ofabskara.se\/sv\/wp-json\/wp\/v2\/product_tag?post=1986"}],"curies":[{"name":"wp","href":"https:\/\/api.w.org\/{rel}","templated":true}]}}