{"id":2086,"date":"2017-05-16T08:47:58","date_gmt":"2017-05-16T06:47:58","guid":{"rendered":"https:\/\/ofabskara.se\/produkt\/foderhack-hornmodell\/"},"modified":"2025-06-18T16:07:35","modified_gmt":"2025-06-18T14:07:35","slug":"foderhack-hornmodell","status":"publish","type":"product","link":"https:\/\/ofabskara.se\/sv\/produkt\/foderhack-hornmodell\/","title":{"rendered":"Foderh\u00e4ck varmgalv h\u00f6rnmodell"},"content":{"rendered":"<p><strong>Foderh\u00e4ck, varmgalvad h\u00f6rnmodell.<\/strong><br \/>\nRymd 170 liter. Robust och kraftig modell. Vikt 9,2kg.<br \/>\nBredd 105cm, h\u00f6jd 93cm. Bred nertill 25cm<\/p>\n","protected":false},"excerpt":{"rendered":"<p><strong>Foderh\u00e4ck, varmgalvad h\u00f6rnmodell.<\/strong><br \/>\nRymd 170 liter. Robust och kraftig modell. Vikt 9,2kg.<br \/>\nBredd 105cm, h\u00f6jd 93cm. Bred nertill 25cm<\/p>\n","protected":false},"featured_media":2087,"comment_status":"closed","ping_status":"open","template":"","meta":{"_acf_changed":false,"inline_featured_image":false},"product_brand":[],"product_cat":[67,98,65],"product_tag":[],"class_list":{"0":"post-2086","1":"product","2":"type-product","3":"status-publish","4":"has-post-thumbnail","6":"product_cat-far-getter","7":"product_cat-foderhack-for-far-o-getter","8":"product_cat-notdjur","9":"pa_bredd-105-cm","10":"pa_bredd-nertill-25-cm","11":"pa_hojd-93-cm","12":"pa_volym-170-liter","14":"first","15":"instock","16":"taxable","17":"shipping-taxable","18":"purchasable","19":"product-type-simple"},"acf":[],"yoast_head":"<!-- This site is optimized with the Yoast SEO plugin v24.4 - https:\/\/yoast.com\/wordpress\/plugins\/seo\/ -->\n<title>Foderh\u00e4ck varmgalv h\u00f6rnmodell - Ofab<\/title>\n<meta name=\"robots\" content=\"index, follow, max-snippet:-1, max-image-preview:large, max-video-preview:-1\" \/>\n<link rel=\"canonical\" href=\"https:\/\/ofabskara.se\/sv\/produkt\/foderhack-hornmodell\/\" \/>\n<meta property=\"og:locale\" content=\"sv_SE\" \/>\n<meta property=\"og:type\" content=\"article\" \/>\n<meta property=\"og:title\" content=\"Foderh\u00e4ck varmgalv h\u00f6rnmodell - Ofab\" \/>\n<meta property=\"og:description\" content=\"Foderh\u00e4ck, varmgalvad h\u00f6rnmodell. Rymd 170 liter. Robust och kraftig modell. Vikt 9,2kg. Bredd 105cm, h\u00f6jd 93cm. Bred nertill 25cm\" \/>\n<meta property=\"og:url\" content=\"https:\/\/ofabskara.se\/sv\/produkt\/foderhack-hornmodell\/\" \/>\n<meta property=\"og:site_name\" content=\"Ofab\" \/>\n<meta property=\"article:modified_time\" content=\"2025-06-18T14:07:35+00:00\" \/>\n<meta property=\"og:image\" content=\"https:\/\/ofabskara.se\/wp-content\/uploads\/2023\/09\/download-5.jpg\" \/>\n\t<meta property=\"og:image:width\" content=\"267\" \/>\n\t<meta property=\"og:image:height\" content=\"189\" \/>\n\t<meta property=\"og:image:type\" content=\"image\/jpeg\" \/>\n<meta name=\"twitter:card\" content=\"summary_large_image\" \/>\n<script type=\"application\/ld+json\" class=\"yoast-schema-graph\">{\"@context\":\"https:\/\/schema.org\",\"@graph\":[{\"@type\":\"WebPage\",\"@id\":\"https:\/\/ofabskara.se\/sv\/produkt\/foderhack-hornmodell\/\",\"url\":\"https:\/\/ofabskara.se\/sv\/produkt\/foderhack-hornmodell\/\",\"name\":\"Foderh\u00e4ck varmgalv h\u00f6rnmodell - Ofab\",\"isPartOf\":{\"@id\":\"https:\/\/ofabskara.se\/sv\/#website\"},\"primaryImageOfPage\":{\"@id\":\"https:\/\/ofabskara.se\/sv\/produkt\/foderhack-hornmodell\/#primaryimage\"},\"image\":{\"@id\":\"https:\/\/ofabskara.se\/sv\/produkt\/foderhack-hornmodell\/#primaryimage\"},\"thumbnailUrl\":\"https:\/\/ofabskara.se\/wp-content\/uploads\/2023\/09\/download-5.jpg\",\"datePublished\":\"2017-05-16T06:47:58+00:00\",\"dateModified\":\"2025-06-18T14:07:35+00:00\",\"breadcrumb\":{\"@id\":\"https:\/\/ofabskara.se\/sv\/produkt\/foderhack-hornmodell\/#breadcrumb\"},\"inLanguage\":\"sv-SE\",\"potentialAction\":[{\"@type\":\"ReadAction\",\"target\":[\"https:\/\/ofabskara.se\/sv\/produkt\/foderhack-hornmodell\/\"]}]},{\"@type\":\"ImageObject\",\"inLanguage\":\"sv-SE\",\"@id\":\"https:\/\/ofabskara.se\/sv\/produkt\/foderhack-hornmodell\/#primaryimage\",\"url\":\"https:\/\/ofabskara.se\/wp-content\/uploads\/2023\/09\/download-5.jpg\",\"contentUrl\":\"https:\/\/ofabskara.se\/wp-content\/uploads\/2023\/09\/download-5.jpg\",\"width\":267,\"height\":189},{\"@type\":\"BreadcrumbList\",\"@id\":\"https:\/\/ofabskara.se\/sv\/produkt\/foderhack-hornmodell\/#breadcrumb\",\"itemListElement\":[{\"@type\":\"ListItem\",\"position\":1,\"name\":\"Home\",\"item\":\"https:\/\/ofabskara.se\/sv\/\"},{\"@type\":\"ListItem\",\"position\":2,\"name\":\"Butik\",\"item\":\"https:\/\/ofabskara.se\/sv\/butik\/\"},{\"@type\":\"ListItem\",\"position\":3,\"name\":\"Foderh\u00e4ck varmgalv h\u00f6rnmodell\"}]},{\"@type\":\"WebSite\",\"@id\":\"https:\/\/ofabskara.se\/sv\/#website\",\"url\":\"https:\/\/ofabskara.se\/sv\/\",\"name\":\"Ofab\",\"description\":\"\",\"potentialAction\":[{\"@type\":\"SearchAction\",\"target\":{\"@type\":\"EntryPoint\",\"urlTemplate\":\"https:\/\/ofabskara.se\/sv\/?s={search_term_string}\"},\"query-input\":{\"@type\":\"PropertyValueSpecification\",\"valueRequired\":true,\"valueName\":\"search_term_string\"}}],\"inLanguage\":\"sv-SE\"}]}<\/script>\n<!-- \/ Yoast SEO plugin. -->","yoast_head_json":{"title":"Foderh\u00e4ck varmgalv h\u00f6rnmodell - Ofab","robots":{"index":"index","follow":"follow","max-snippet":"max-snippet:-1","max-image-preview":"max-image-preview:large","max-video-preview":"max-video-preview:-1"},"canonical":"https:\/\/ofabskara.se\/sv\/produkt\/foderhack-hornmodell\/","og_locale":"sv_SE","og_type":"article","og_title":"Foderh\u00e4ck varmgalv h\u00f6rnmodell - Ofab","og_description":"Foderh\u00e4ck, varmgalvad h\u00f6rnmodell. Rymd 170 liter. Robust och kraftig modell. Vikt 9,2kg. Bredd 105cm, h\u00f6jd 93cm. Bred nertill 25cm","og_url":"https:\/\/ofabskara.se\/sv\/produkt\/foderhack-hornmodell\/","og_site_name":"Ofab","article_modified_time":"2025-06-18T14:07:35+00:00","og_image":[{"width":267,"height":189,"url":"https:\/\/ofabskara.se\/wp-content\/uploads\/2023\/09\/download-5.jpg","type":"image\/jpeg"}],"twitter_card":"summary_large_image","schema":{"@context":"https:\/\/schema.org","@graph":[{"@type":"WebPage","@id":"https:\/\/ofabskara.se\/sv\/produkt\/foderhack-hornmodell\/","url":"https:\/\/ofabskara.se\/sv\/produkt\/foderhack-hornmodell\/","name":"Foderh\u00e4ck varmgalv h\u00f6rnmodell - Ofab","isPartOf":{"@id":"https:\/\/ofabskara.se\/sv\/#website"},"primaryImageOfPage":{"@id":"https:\/\/ofabskara.se\/sv\/produkt\/foderhack-hornmodell\/#primaryimage"},"image":{"@id":"https:\/\/ofabskara.se\/sv\/produkt\/foderhack-hornmodell\/#primaryimage"},"thumbnailUrl":"https:\/\/ofabskara.se\/wp-content\/uploads\/2023\/09\/download-5.jpg","datePublished":"2017-05-16T06:47:58+00:00","dateModified":"2025-06-18T14:07:35+00:00","breadcrumb":{"@id":"https:\/\/ofabskara.se\/sv\/produkt\/foderhack-hornmodell\/#breadcrumb"},"inLanguage":"sv-SE","potentialAction":[{"@type":"ReadAction","target":["https:\/\/ofabskara.se\/sv\/produkt\/foderhack-hornmodell\/"]}]},{"@type":"ImageObject","inLanguage":"sv-SE","@id":"https:\/\/ofabskara.se\/sv\/produkt\/foderhack-hornmodell\/#primaryimage","url":"https:\/\/ofabskara.se\/wp-content\/uploads\/2023\/09\/download-5.jpg","contentUrl":"https:\/\/ofabskara.se\/wp-content\/uploads\/2023\/09\/download-5.jpg","width":267,"height":189},{"@type":"BreadcrumbList","@id":"https:\/\/ofabskara.se\/sv\/produkt\/foderhack-hornmodell\/#breadcrumb","itemListElement":[{"@type":"ListItem","position":1,"name":"Home","item":"https:\/\/ofabskara.se\/sv\/"},{"@type":"ListItem","position":2,"name":"Butik","item":"https:\/\/ofabskara.se\/sv\/butik\/"},{"@type":"ListItem","position":3,"name":"Foderh\u00e4ck varmgalv h\u00f6rnmodell"}]},{"@type":"WebSite","@id":"https:\/\/ofabskara.se\/sv\/#website","url":"https:\/\/ofabskara.se\/sv\/","name":"Ofab","description":"","potentialAction":[{"@type":"SearchAction","target":{"@type":"EntryPoint","urlTemplate":"https:\/\/ofabskara.se\/sv\/?s={search_term_string}"},"query-input":{"@type":"PropertyValueSpecification","valueRequired":true,"valueName":"search_term_string"}}],"inLanguage":"sv-SE"}]}},"_links":{"self":[{"href":"https:\/\/ofabskara.se\/sv\/wp-json\/wp\/v2\/product\/2086","targetHints":{"allow":["GET"]}}],"collection":[{"href":"https:\/\/ofabskara.se\/sv\/wp-json\/wp\/v2\/product"}],"about":[{"href":"https:\/\/ofabskara.se\/sv\/wp-json\/wp\/v2\/types\/product"}],"replies":[{"embeddable":true,"href":"https:\/\/ofabskara.se\/sv\/wp-json\/wp\/v2\/comments?post=2086"}],"wp:featuredmedia":[{"embeddable":true,"href":"https:\/\/ofabskara.se\/sv\/wp-json\/wp\/v2\/media\/2087"}],"wp:attachment":[{"href":"https:\/\/ofabskara.se\/sv\/wp-json\/wp\/v2\/media?parent=2086"}],"wp:term":[{"taxonomy":"product_brand","embeddable":true,"href":"https:\/\/ofabskara.se\/sv\/wp-json\/wp\/v2\/product_brand?post=2086"},{"taxonomy":"product_cat","embeddable":true,"href":"https:\/\/ofabskara.se\/sv\/wp-json\/wp\/v2\/product_cat?post=2086"},{"taxonomy":"product_tag","embeddable":true,"href":"https:\/\/ofabskara.se\/sv\/wp-json\/wp\/v2\/product_tag?post=2086"}],"curies":[{"name":"wp","href":"https:\/\/api.w.org\/{rel}","templated":true}]}}