{"id":2116,"date":"2017-05-16T08:48:27","date_gmt":"2017-05-16T06:48:27","guid":{"rendered":"https:\/\/ofabskara.se\/produkt\/vattenkopp-mod-1200p\/"},"modified":"2025-05-08T09:40:36","modified_gmt":"2025-05-08T07:40:36","slug":"vattenkopp-mod-1200p","status":"publish","type":"product","link":"https:\/\/ofabskara.se\/sv\/produkt\/vattenkopp-mod-1200p\/","title":{"rendered":"Vattenkopp Suevia 1200P"},"content":{"rendered":"<p>En stabil plastvattenkopp med inbyggd skyddsbygel. Anslutning \u00bd\u201d ovan-och underifr\u00e5n. L\u00e4mplig f\u00f6r cirkulerande system (typ Suevia m. 300 och 312). Vattengiva vid 5 kg vattentryck: 20L\/min.<\/p>\n","protected":false},"excerpt":{"rendered":"<ul>\n<li>En stabil plastvattenkopp med inbyggd skyddsbygel.<\/li>\n<li>Anslutning \u00bd\u201d ovan-och underifr\u00e5n.<\/li>\n<li>L\u00e4mplig f\u00f6r cirkulerande system (typ Suevia m. 300 och 312).<\/li>\n<li>Vattengiva vid 5 kg vattentryck: 20L\/min.<\/li>\n<\/ul>\n","protected":false},"featured_media":40283,"comment_status":"closed","ping_status":"closed","template":"","meta":{"_acf_changed":false,"inline_featured_image":false},"product_brand":[],"product_cat":[22],"product_tag":[],"class_list":{"0":"post-2116","1":"product","2":"type-product","3":"status-publish","4":"has-post-thumbnail","6":"product_cat-okategoriserad","7":"product_shipping_class-kartongfrakt","9":"first","10":"instock","11":"taxable","12":"shipping-taxable","13":"purchasable","14":"product-type-simple"},"acf":[],"yoast_head":"<!-- This site is optimized with the Yoast SEO plugin v24.4 - https:\/\/yoast.com\/wordpress\/plugins\/seo\/ -->\n<title>Vattenkopp Suevia 1200P - Ofab<\/title>\n<meta name=\"robots\" content=\"index, follow, max-snippet:-1, max-image-preview:large, max-video-preview:-1\" \/>\n<link rel=\"canonical\" href=\"https:\/\/ofabskara.se\/sv\/produkt\/vattenkopp-mod-1200p\/\" \/>\n<meta property=\"og:locale\" content=\"sv_SE\" \/>\n<meta property=\"og:type\" content=\"article\" \/>\n<meta property=\"og:title\" content=\"Vattenkopp Suevia 1200P - Ofab\" \/>\n<meta property=\"og:description\" content=\"En stabil plastvattenkopp med inbyggd skyddsbygel.  Anslutning \u00bd\u201d ovan-och underifr\u00e5n.  L\u00e4mplig f\u00f6r cirkulerande system (typ Suevia m. 300 och 312).  Vattengiva vid 5 kg vattentryck: 20L\/min.\" \/>\n<meta property=\"og:url\" content=\"https:\/\/ofabskara.se\/sv\/produkt\/vattenkopp-mod-1200p\/\" \/>\n<meta property=\"og:site_name\" content=\"Ofab\" \/>\n<meta property=\"article:modified_time\" content=\"2025-05-08T07:40:36+00:00\" \/>\n<meta property=\"og:image\" content=\"https:\/\/ofabskara.se\/wp-content\/uploads\/2017\/05\/140425-1.jpg\" \/>\n\t<meta property=\"og:image:width\" content=\"1000\" \/>\n\t<meta property=\"og:image:height\" content=\"1000\" \/>\n\t<meta property=\"og:image:type\" content=\"image\/jpeg\" \/>\n<meta name=\"twitter:card\" content=\"summary_large_image\" \/>\n<meta name=\"twitter:label1\" content=\"Ber\u00e4knad l\u00e4stid\" \/>\n\t<meta name=\"twitter:data1\" content=\"1 minut\" \/>\n<script type=\"application\/ld+json\" class=\"yoast-schema-graph\">{\"@context\":\"https:\/\/schema.org\",\"@graph\":[{\"@type\":\"WebPage\",\"@id\":\"https:\/\/ofabskara.se\/sv\/produkt\/vattenkopp-mod-1200p\/\",\"url\":\"https:\/\/ofabskara.se\/sv\/produkt\/vattenkopp-mod-1200p\/\",\"name\":\"Vattenkopp Suevia 1200P - Ofab\",\"isPartOf\":{\"@id\":\"https:\/\/ofabskara.se\/sv\/#website\"},\"primaryImageOfPage\":{\"@id\":\"https:\/\/ofabskara.se\/sv\/produkt\/vattenkopp-mod-1200p\/#primaryimage\"},\"image\":{\"@id\":\"https:\/\/ofabskara.se\/sv\/produkt\/vattenkopp-mod-1200p\/#primaryimage\"},\"thumbnailUrl\":\"https:\/\/ofabskara.se\/wp-content\/uploads\/2017\/05\/140425-1.jpg\",\"datePublished\":\"2017-05-16T06:48:27+00:00\",\"dateModified\":\"2025-05-08T07:40:36+00:00\",\"breadcrumb\":{\"@id\":\"https:\/\/ofabskara.se\/sv\/produkt\/vattenkopp-mod-1200p\/#breadcrumb\"},\"inLanguage\":\"sv-SE\",\"potentialAction\":[{\"@type\":\"ReadAction\",\"target\":[\"https:\/\/ofabskara.se\/sv\/produkt\/vattenkopp-mod-1200p\/\"]}]},{\"@type\":\"ImageObject\",\"inLanguage\":\"sv-SE\",\"@id\":\"https:\/\/ofabskara.se\/sv\/produkt\/vattenkopp-mod-1200p\/#primaryimage\",\"url\":\"https:\/\/ofabskara.se\/wp-content\/uploads\/2017\/05\/140425-1.jpg\",\"contentUrl\":\"https:\/\/ofabskara.se\/wp-content\/uploads\/2017\/05\/140425-1.jpg\",\"width\":1000,\"height\":1000,\"caption\":\"140425 1\"},{\"@type\":\"BreadcrumbList\",\"@id\":\"https:\/\/ofabskara.se\/sv\/produkt\/vattenkopp-mod-1200p\/#breadcrumb\",\"itemListElement\":[{\"@type\":\"ListItem\",\"position\":1,\"name\":\"Home\",\"item\":\"https:\/\/ofabskara.se\/sv\/\"},{\"@type\":\"ListItem\",\"position\":2,\"name\":\"Butik\",\"item\":\"https:\/\/ofabskara.se\/sv\/butik\/\"},{\"@type\":\"ListItem\",\"position\":3,\"name\":\"Vattenkopp Suevia 1200P\"}]},{\"@type\":\"WebSite\",\"@id\":\"https:\/\/ofabskara.se\/sv\/#website\",\"url\":\"https:\/\/ofabskara.se\/sv\/\",\"name\":\"Ofab\",\"description\":\"\",\"potentialAction\":[{\"@type\":\"SearchAction\",\"target\":{\"@type\":\"EntryPoint\",\"urlTemplate\":\"https:\/\/ofabskara.se\/sv\/?s={search_term_string}\"},\"query-input\":{\"@type\":\"PropertyValueSpecification\",\"valueRequired\":true,\"valueName\":\"search_term_string\"}}],\"inLanguage\":\"sv-SE\"}]}<\/script>\n<!-- \/ Yoast SEO plugin. -->","yoast_head_json":{"title":"Vattenkopp Suevia 1200P - Ofab","robots":{"index":"index","follow":"follow","max-snippet":"max-snippet:-1","max-image-preview":"max-image-preview:large","max-video-preview":"max-video-preview:-1"},"canonical":"https:\/\/ofabskara.se\/sv\/produkt\/vattenkopp-mod-1200p\/","og_locale":"sv_SE","og_type":"article","og_title":"Vattenkopp Suevia 1200P - Ofab","og_description":"En stabil plastvattenkopp med inbyggd skyddsbygel.  Anslutning \u00bd\u201d ovan-och underifr\u00e5n.  L\u00e4mplig f\u00f6r cirkulerande system (typ Suevia m. 300 och 312).  Vattengiva vid 5 kg vattentryck: 20L\/min.","og_url":"https:\/\/ofabskara.se\/sv\/produkt\/vattenkopp-mod-1200p\/","og_site_name":"Ofab","article_modified_time":"2025-05-08T07:40:36+00:00","og_image":[{"width":1000,"height":1000,"url":"https:\/\/ofabskara.se\/wp-content\/uploads\/2017\/05\/140425-1.jpg","type":"image\/jpeg"}],"twitter_card":"summary_large_image","twitter_misc":{"Ber\u00e4knad l\u00e4stid":"1 minut"},"schema":{"@context":"https:\/\/schema.org","@graph":[{"@type":"WebPage","@id":"https:\/\/ofabskara.se\/sv\/produkt\/vattenkopp-mod-1200p\/","url":"https:\/\/ofabskara.se\/sv\/produkt\/vattenkopp-mod-1200p\/","name":"Vattenkopp Suevia 1200P - Ofab","isPartOf":{"@id":"https:\/\/ofabskara.se\/sv\/#website"},"primaryImageOfPage":{"@id":"https:\/\/ofabskara.se\/sv\/produkt\/vattenkopp-mod-1200p\/#primaryimage"},"image":{"@id":"https:\/\/ofabskara.se\/sv\/produkt\/vattenkopp-mod-1200p\/#primaryimage"},"thumbnailUrl":"https:\/\/ofabskara.se\/wp-content\/uploads\/2017\/05\/140425-1.jpg","datePublished":"2017-05-16T06:48:27+00:00","dateModified":"2025-05-08T07:40:36+00:00","breadcrumb":{"@id":"https:\/\/ofabskara.se\/sv\/produkt\/vattenkopp-mod-1200p\/#breadcrumb"},"inLanguage":"sv-SE","potentialAction":[{"@type":"ReadAction","target":["https:\/\/ofabskara.se\/sv\/produkt\/vattenkopp-mod-1200p\/"]}]},{"@type":"ImageObject","inLanguage":"sv-SE","@id":"https:\/\/ofabskara.se\/sv\/produkt\/vattenkopp-mod-1200p\/#primaryimage","url":"https:\/\/ofabskara.se\/wp-content\/uploads\/2017\/05\/140425-1.jpg","contentUrl":"https:\/\/ofabskara.se\/wp-content\/uploads\/2017\/05\/140425-1.jpg","width":1000,"height":1000,"caption":"140425 1"},{"@type":"BreadcrumbList","@id":"https:\/\/ofabskara.se\/sv\/produkt\/vattenkopp-mod-1200p\/#breadcrumb","itemListElement":[{"@type":"ListItem","position":1,"name":"Home","item":"https:\/\/ofabskara.se\/sv\/"},{"@type":"ListItem","position":2,"name":"Butik","item":"https:\/\/ofabskara.se\/sv\/butik\/"},{"@type":"ListItem","position":3,"name":"Vattenkopp Suevia 1200P"}]},{"@type":"WebSite","@id":"https:\/\/ofabskara.se\/sv\/#website","url":"https:\/\/ofabskara.se\/sv\/","name":"Ofab","description":"","potentialAction":[{"@type":"SearchAction","target":{"@type":"EntryPoint","urlTemplate":"https:\/\/ofabskara.se\/sv\/?s={search_term_string}"},"query-input":{"@type":"PropertyValueSpecification","valueRequired":true,"valueName":"search_term_string"}}],"inLanguage":"sv-SE"}]}},"_links":{"self":[{"href":"https:\/\/ofabskara.se\/sv\/wp-json\/wp\/v2\/product\/2116","targetHints":{"allow":["GET"]}}],"collection":[{"href":"https:\/\/ofabskara.se\/sv\/wp-json\/wp\/v2\/product"}],"about":[{"href":"https:\/\/ofabskara.se\/sv\/wp-json\/wp\/v2\/types\/product"}],"replies":[{"embeddable":true,"href":"https:\/\/ofabskara.se\/sv\/wp-json\/wp\/v2\/comments?post=2116"}],"wp:featuredmedia":[{"embeddable":true,"href":"https:\/\/ofabskara.se\/sv\/wp-json\/wp\/v2\/media\/40283"}],"wp:attachment":[{"href":"https:\/\/ofabskara.se\/sv\/wp-json\/wp\/v2\/media?parent=2116"}],"wp:term":[{"taxonomy":"product_brand","embeddable":true,"href":"https:\/\/ofabskara.se\/sv\/wp-json\/wp\/v2\/product_brand?post=2116"},{"taxonomy":"product_cat","embeddable":true,"href":"https:\/\/ofabskara.se\/sv\/wp-json\/wp\/v2\/product_cat?post=2116"},{"taxonomy":"product_tag","embeddable":true,"href":"https:\/\/ofabskara.se\/sv\/wp-json\/wp\/v2\/product_tag?post=2116"}],"curies":[{"name":"wp","href":"https:\/\/api.w.org\/{rel}","templated":true}]}}