{"id":2118,"date":"2017-05-16T08:48:27","date_gmt":"2017-05-16T06:48:27","guid":{"rendered":"https:\/\/ofabskara.se\/produkt\/vattenkopp-mod-12p-12\/"},"modified":"2025-10-09T14:51:03","modified_gmt":"2025-10-09T12:51:03","slug":"vattenkopp-mod-12p-12","status":"publish","type":"product","link":"https:\/\/ofabskara.se\/sv\/produkt\/vattenkopp-mod-12p-12\/","title":{"rendered":"Suevia 12P 1\/2&#8243; Gr\u00f6n"},"content":{"rendered":"","protected":false},"excerpt":{"rendered":"<p>Vattenkopp Suevia 12P \u00e4r en vattenkopp med r\u00f6rventil som \u00e4r l\u00e4mplig f\u00f6r kalvar och h\u00e4star. Vattenkoppen \u00e4r tillverkad av AQUATHAN plast av h\u00f6g kvalitet. Vattenanslutning med R15 inv\u00e4ndig g\u00e4nga sker ovanifr\u00e5n eller underifr\u00e5n. Vattenfl\u00f6det kan enkelt justeras med en skruvmejsel.<\/p>\n<p>Teknisk data:<\/p>\n<p>Typ av vattenkopp:<br \/>\nVattenkopp i plast med pendelventil.<\/p>\n<p>Vattenanslutning:<br \/>\nR15 inv\u00e4ndig g\u00e4nga<br \/>\nAnslutning ovanifr\u00e5n eller underifr\u00e5n.<\/p>\n<p>Vattenkapacitet:<br \/>\n7 liter\/min vid 3 bar<br \/>\n10 liter\/min vid 5 bar<br \/>\nVattentryck: Max 5 bar.<\/p>\n","protected":false},"featured_media":2119,"comment_status":"closed","ping_status":"open","template":"","meta":{"_acf_changed":false,"inline_featured_image":false},"product_brand":[],"product_cat":[69,105],"product_tag":[],"class_list":{"0":"post-2118","1":"product","2":"type-product","3":"status-publish","4":"has-post-thumbnail","6":"product_cat-vattensystem","7":"product_cat-vattenkoppar","9":"first","10":"outofstock","11":"taxable","12":"shipping-taxable","13":"purchasable","14":"product-type-simple"},"acf":[],"yoast_head":"<!-- This site is optimized with the Yoast SEO plugin v24.4 - https:\/\/yoast.com\/wordpress\/plugins\/seo\/ -->\n<title>Suevia 12P 1\/2&quot; Gr\u00f6n - Ofab<\/title>\n<meta name=\"robots\" content=\"index, follow, max-snippet:-1, max-image-preview:large, max-video-preview:-1\" \/>\n<link rel=\"canonical\" href=\"https:\/\/ofabskara.se\/sv\/produkt\/vattenkopp-mod-12p-12\/\" \/>\n<meta property=\"og:locale\" content=\"sv_SE\" \/>\n<meta property=\"og:type\" content=\"article\" \/>\n<meta property=\"og:title\" content=\"Suevia 12P 1\/2&quot; Gr\u00f6n - Ofab\" \/>\n<meta property=\"og:description\" content=\"Vattenkopp Suevia 12P \u00e4r en vattenkopp med r\u00f6rventil som \u00e4r l\u00e4mplig f\u00f6r kalvar och h\u00e4star. Vattenkoppen \u00e4r tillverkad av AQUATHAN plast av h\u00f6g kvalitet. Vattenanslutning med R15 inv\u00e4ndig g\u00e4nga sker ovanifr\u00e5n eller underifr\u00e5n. Vattenfl\u00f6det kan enkelt justeras med en skruvmejsel. Teknisk data: Typ av vattenkopp: Vattenkopp i plast med pendelventil. Vattenanslutning: R15 inv\u00e4ndig g\u00e4nga Anslutning ovanifr\u00e5n eller underifr\u00e5n. Vattenkapacitet: 7 liter\/min vid 3 bar 10 liter\/min vid 5 bar Vattentryck: Max 5 bar.\" \/>\n<meta property=\"og:url\" content=\"https:\/\/ofabskara.se\/sv\/produkt\/vattenkopp-mod-12p-12\/\" \/>\n<meta property=\"og:site_name\" content=\"Ofab\" \/>\n<meta property=\"article:modified_time\" content=\"2025-10-09T12:51:03+00:00\" \/>\n<meta property=\"og:image\" content=\"https:\/\/ofabskara.se\/wp-content\/uploads\/2023\/09\/vattenkopp-suevia-12p.jpg\" \/>\n\t<meta property=\"og:image:width\" content=\"650\" \/>\n\t<meta property=\"og:image:height\" content=\"650\" \/>\n\t<meta property=\"og:image:type\" content=\"image\/jpeg\" \/>\n<meta name=\"twitter:card\" content=\"summary_large_image\" \/>\n<script type=\"application\/ld+json\" class=\"yoast-schema-graph\">{\"@context\":\"https:\/\/schema.org\",\"@graph\":[{\"@type\":\"WebPage\",\"@id\":\"https:\/\/ofabskara.se\/sv\/produkt\/vattenkopp-mod-12p-12\/\",\"url\":\"https:\/\/ofabskara.se\/sv\/produkt\/vattenkopp-mod-12p-12\/\",\"name\":\"Suevia 12P 1\/2\\\" Gr\u00f6n - Ofab\",\"isPartOf\":{\"@id\":\"https:\/\/ofabskara.se\/sv\/#website\"},\"primaryImageOfPage\":{\"@id\":\"https:\/\/ofabskara.se\/sv\/produkt\/vattenkopp-mod-12p-12\/#primaryimage\"},\"image\":{\"@id\":\"https:\/\/ofabskara.se\/sv\/produkt\/vattenkopp-mod-12p-12\/#primaryimage\"},\"thumbnailUrl\":\"https:\/\/ofabskara.se\/wp-content\/uploads\/2023\/09\/vattenkopp-suevia-12p.jpg\",\"datePublished\":\"2017-05-16T06:48:27+00:00\",\"dateModified\":\"2025-10-09T12:51:03+00:00\",\"breadcrumb\":{\"@id\":\"https:\/\/ofabskara.se\/sv\/produkt\/vattenkopp-mod-12p-12\/#breadcrumb\"},\"inLanguage\":\"sv-SE\",\"potentialAction\":[{\"@type\":\"ReadAction\",\"target\":[\"https:\/\/ofabskara.se\/sv\/produkt\/vattenkopp-mod-12p-12\/\"]}]},{\"@type\":\"ImageObject\",\"inLanguage\":\"sv-SE\",\"@id\":\"https:\/\/ofabskara.se\/sv\/produkt\/vattenkopp-mod-12p-12\/#primaryimage\",\"url\":\"https:\/\/ofabskara.se\/wp-content\/uploads\/2023\/09\/vattenkopp-suevia-12p.jpg\",\"contentUrl\":\"https:\/\/ofabskara.se\/wp-content\/uploads\/2023\/09\/vattenkopp-suevia-12p.jpg\",\"width\":650,\"height\":650},{\"@type\":\"BreadcrumbList\",\"@id\":\"https:\/\/ofabskara.se\/sv\/produkt\/vattenkopp-mod-12p-12\/#breadcrumb\",\"itemListElement\":[{\"@type\":\"ListItem\",\"position\":1,\"name\":\"Home\",\"item\":\"https:\/\/ofabskara.se\/sv\/\"},{\"@type\":\"ListItem\",\"position\":2,\"name\":\"Butik\",\"item\":\"https:\/\/ofabskara.se\/sv\/butik\/\"},{\"@type\":\"ListItem\",\"position\":3,\"name\":\"Suevia 12P 1\/2&#8243; Gr\u00f6n\"}]},{\"@type\":\"WebSite\",\"@id\":\"https:\/\/ofabskara.se\/sv\/#website\",\"url\":\"https:\/\/ofabskara.se\/sv\/\",\"name\":\"Ofab\",\"description\":\"\",\"potentialAction\":[{\"@type\":\"SearchAction\",\"target\":{\"@type\":\"EntryPoint\",\"urlTemplate\":\"https:\/\/ofabskara.se\/sv\/?s={search_term_string}\"},\"query-input\":{\"@type\":\"PropertyValueSpecification\",\"valueRequired\":true,\"valueName\":\"search_term_string\"}}],\"inLanguage\":\"sv-SE\"}]}<\/script>\n<!-- \/ Yoast SEO plugin. -->","yoast_head_json":{"title":"Suevia 12P 1\/2\" Gr\u00f6n - Ofab","robots":{"index":"index","follow":"follow","max-snippet":"max-snippet:-1","max-image-preview":"max-image-preview:large","max-video-preview":"max-video-preview:-1"},"canonical":"https:\/\/ofabskara.se\/sv\/produkt\/vattenkopp-mod-12p-12\/","og_locale":"sv_SE","og_type":"article","og_title":"Suevia 12P 1\/2\" Gr\u00f6n - Ofab","og_description":"Vattenkopp Suevia 12P \u00e4r en vattenkopp med r\u00f6rventil som \u00e4r l\u00e4mplig f\u00f6r kalvar och h\u00e4star. Vattenkoppen \u00e4r tillverkad av AQUATHAN plast av h\u00f6g kvalitet. Vattenanslutning med R15 inv\u00e4ndig g\u00e4nga sker ovanifr\u00e5n eller underifr\u00e5n. Vattenfl\u00f6det kan enkelt justeras med en skruvmejsel. Teknisk data: Typ av vattenkopp: Vattenkopp i plast med pendelventil. Vattenanslutning: R15 inv\u00e4ndig g\u00e4nga Anslutning ovanifr\u00e5n eller underifr\u00e5n. Vattenkapacitet: 7 liter\/min vid 3 bar 10 liter\/min vid 5 bar Vattentryck: Max 5 bar.","og_url":"https:\/\/ofabskara.se\/sv\/produkt\/vattenkopp-mod-12p-12\/","og_site_name":"Ofab","article_modified_time":"2025-10-09T12:51:03+00:00","og_image":[{"width":650,"height":650,"url":"https:\/\/ofabskara.se\/wp-content\/uploads\/2023\/09\/vattenkopp-suevia-12p.jpg","type":"image\/jpeg"}],"twitter_card":"summary_large_image","schema":{"@context":"https:\/\/schema.org","@graph":[{"@type":"WebPage","@id":"https:\/\/ofabskara.se\/sv\/produkt\/vattenkopp-mod-12p-12\/","url":"https:\/\/ofabskara.se\/sv\/produkt\/vattenkopp-mod-12p-12\/","name":"Suevia 12P 1\/2\" Gr\u00f6n - Ofab","isPartOf":{"@id":"https:\/\/ofabskara.se\/sv\/#website"},"primaryImageOfPage":{"@id":"https:\/\/ofabskara.se\/sv\/produkt\/vattenkopp-mod-12p-12\/#primaryimage"},"image":{"@id":"https:\/\/ofabskara.se\/sv\/produkt\/vattenkopp-mod-12p-12\/#primaryimage"},"thumbnailUrl":"https:\/\/ofabskara.se\/wp-content\/uploads\/2023\/09\/vattenkopp-suevia-12p.jpg","datePublished":"2017-05-16T06:48:27+00:00","dateModified":"2025-10-09T12:51:03+00:00","breadcrumb":{"@id":"https:\/\/ofabskara.se\/sv\/produkt\/vattenkopp-mod-12p-12\/#breadcrumb"},"inLanguage":"sv-SE","potentialAction":[{"@type":"ReadAction","target":["https:\/\/ofabskara.se\/sv\/produkt\/vattenkopp-mod-12p-12\/"]}]},{"@type":"ImageObject","inLanguage":"sv-SE","@id":"https:\/\/ofabskara.se\/sv\/produkt\/vattenkopp-mod-12p-12\/#primaryimage","url":"https:\/\/ofabskara.se\/wp-content\/uploads\/2023\/09\/vattenkopp-suevia-12p.jpg","contentUrl":"https:\/\/ofabskara.se\/wp-content\/uploads\/2023\/09\/vattenkopp-suevia-12p.jpg","width":650,"height":650},{"@type":"BreadcrumbList","@id":"https:\/\/ofabskara.se\/sv\/produkt\/vattenkopp-mod-12p-12\/#breadcrumb","itemListElement":[{"@type":"ListItem","position":1,"name":"Home","item":"https:\/\/ofabskara.se\/sv\/"},{"@type":"ListItem","position":2,"name":"Butik","item":"https:\/\/ofabskara.se\/sv\/butik\/"},{"@type":"ListItem","position":3,"name":"Suevia 12P 1\/2&#8243; Gr\u00f6n"}]},{"@type":"WebSite","@id":"https:\/\/ofabskara.se\/sv\/#website","url":"https:\/\/ofabskara.se\/sv\/","name":"Ofab","description":"","potentialAction":[{"@type":"SearchAction","target":{"@type":"EntryPoint","urlTemplate":"https:\/\/ofabskara.se\/sv\/?s={search_term_string}"},"query-input":{"@type":"PropertyValueSpecification","valueRequired":true,"valueName":"search_term_string"}}],"inLanguage":"sv-SE"}]}},"_links":{"self":[{"href":"https:\/\/ofabskara.se\/sv\/wp-json\/wp\/v2\/product\/2118","targetHints":{"allow":["GET"]}}],"collection":[{"href":"https:\/\/ofabskara.se\/sv\/wp-json\/wp\/v2\/product"}],"about":[{"href":"https:\/\/ofabskara.se\/sv\/wp-json\/wp\/v2\/types\/product"}],"replies":[{"embeddable":true,"href":"https:\/\/ofabskara.se\/sv\/wp-json\/wp\/v2\/comments?post=2118"}],"wp:featuredmedia":[{"embeddable":true,"href":"https:\/\/ofabskara.se\/sv\/wp-json\/wp\/v2\/media\/2119"}],"wp:attachment":[{"href":"https:\/\/ofabskara.se\/sv\/wp-json\/wp\/v2\/media?parent=2118"}],"wp:term":[{"taxonomy":"product_brand","embeddable":true,"href":"https:\/\/ofabskara.se\/sv\/wp-json\/wp\/v2\/product_brand?post=2118"},{"taxonomy":"product_cat","embeddable":true,"href":"https:\/\/ofabskara.se\/sv\/wp-json\/wp\/v2\/product_cat?post=2118"},{"taxonomy":"product_tag","embeddable":true,"href":"https:\/\/ofabskara.se\/sv\/wp-json\/wp\/v2\/product_tag?post=2118"}],"curies":[{"name":"wp","href":"https:\/\/api.w.org\/{rel}","templated":true}]}}