{"id":2253,"date":"2017-05-16T08:50:23","date_gmt":"2017-05-16T06:50:23","guid":{"rendered":"https:\/\/ofabskara.se\/produkt\/walkpro-16mm\/"},"modified":"2025-05-08T09:41:46","modified_gmt":"2025-05-08T07:41:46","slug":"walkpro-16mm","status":"publish","type":"product","link":"https:\/\/ofabskara.se\/sv\/produkt\/walkpro-16mm\/","title":{"rendered":"Belmondo Walkpro 16 mm 1&#215;1 m"},"content":{"rendered":"","protected":false},"excerpt":{"rendered":"<ul>\n<li><strong>Walkpro \u00e4r en g\u00e5ngmatta som passar till g\u00e5ngar, uppst\u00e4llningsplatser och spolspiltor. <\/strong><\/li>\n<li><strong>2mm ytskikt av nytt r\u00e5gummi. <\/strong><\/li>\n<li><strong>Den minimerar halkrisken f\u00f6r h\u00e4sten, skonar h\u00e4stens hovar och leder. <\/strong><\/li>\n<li><strong>Den isolerar och \u00e4r vattent\u00e4t. <\/strong><\/li>\n<li><strong>Bidrar till en tystare stallmilj\u00f6. <\/strong><\/li>\n<li><strong>T\u00e5l h\u00f6gre belastning och skor med stift eller broddar. (OBS Isklampar i hovarna g\u00f6r att alla golv blir hala).<\/strong><\/li>\n<\/ul>\n","protected":false},"featured_media":2254,"comment_status":"closed","ping_status":"open","template":"","meta":{"_acf_changed":false,"inline_featured_image":false},"product_brand":[],"product_cat":[237,239],"product_tag":[],"class_list":{"0":"post-2253","1":"product","2":"type-product","3":"status-publish","4":"has-post-thumbnail","6":"product_cat-gummimattor","7":"product_cat-stallmatta-hast","8":"pa_matt-1000x1000-mm","10":"first","11":"outofstock","12":"taxable","13":"shipping-taxable","14":"purchasable","15":"product-type-simple"},"acf":[],"yoast_head":"<!-- This site is optimized with the Yoast SEO plugin v24.4 - https:\/\/yoast.com\/wordpress\/plugins\/seo\/ -->\n<title>Belmondo Walkpro 16 mm 1x1 m - Ofab<\/title>\n<meta name=\"robots\" content=\"index, follow, max-snippet:-1, max-image-preview:large, max-video-preview:-1\" \/>\n<link rel=\"canonical\" href=\"https:\/\/ofabskara.se\/sv\/produkt\/walkpro-16mm\/\" \/>\n<meta property=\"og:locale\" content=\"sv_SE\" \/>\n<meta property=\"og:type\" content=\"article\" \/>\n<meta property=\"og:title\" content=\"Belmondo Walkpro 16 mm 1x1 m - Ofab\" \/>\n<meta property=\"og:description\" content=\"Walkpro \u00e4r en g\u00e5ngmatta som passar till g\u00e5ngar, uppst\u00e4llningsplatser och spolspiltor.  2mm ytskikt av nytt r\u00e5gummi.  Den minimerar halkrisken f\u00f6r h\u00e4sten, skonar h\u00e4stens hovar och leder.  Den isolerar och \u00e4r vattent\u00e4t.  Bidrar till en tystare stallmilj\u00f6.  T\u00e5l h\u00f6gre belastning och skor med stift eller broddar. (OBS Isklampar i hovarna g\u00f6r att alla golv blir hala).\" \/>\n<meta property=\"og:url\" content=\"https:\/\/ofabskara.se\/sv\/produkt\/walkpro-16mm\/\" \/>\n<meta property=\"og:site_name\" content=\"Ofab\" \/>\n<meta property=\"article:modified_time\" content=\"2025-05-08T07:41:46+00:00\" \/>\n<meta property=\"og:image\" content=\"https:\/\/ofabskara.se\/wp-content\/uploads\/2023\/09\/203125.jpg\" \/>\n\t<meta property=\"og:image:width\" content=\"700\" \/>\n\t<meta property=\"og:image:height\" content=\"700\" \/>\n\t<meta property=\"og:image:type\" content=\"image\/jpeg\" \/>\n<meta name=\"twitter:card\" content=\"summary_large_image\" \/>\n<script type=\"application\/ld+json\" class=\"yoast-schema-graph\">{\"@context\":\"https:\/\/schema.org\",\"@graph\":[{\"@type\":\"WebPage\",\"@id\":\"https:\/\/ofabskara.se\/sv\/produkt\/walkpro-16mm\/\",\"url\":\"https:\/\/ofabskara.se\/sv\/produkt\/walkpro-16mm\/\",\"name\":\"Belmondo Walkpro 16 mm 1x1 m - Ofab\",\"isPartOf\":{\"@id\":\"https:\/\/ofabskara.se\/sv\/#website\"},\"primaryImageOfPage\":{\"@id\":\"https:\/\/ofabskara.se\/sv\/produkt\/walkpro-16mm\/#primaryimage\"},\"image\":{\"@id\":\"https:\/\/ofabskara.se\/sv\/produkt\/walkpro-16mm\/#primaryimage\"},\"thumbnailUrl\":\"https:\/\/ofabskara.se\/wp-content\/uploads\/2023\/09\/203125.jpg\",\"datePublished\":\"2017-05-16T06:50:23+00:00\",\"dateModified\":\"2025-05-08T07:41:46+00:00\",\"breadcrumb\":{\"@id\":\"https:\/\/ofabskara.se\/sv\/produkt\/walkpro-16mm\/#breadcrumb\"},\"inLanguage\":\"sv-SE\",\"potentialAction\":[{\"@type\":\"ReadAction\",\"target\":[\"https:\/\/ofabskara.se\/sv\/produkt\/walkpro-16mm\/\"]}]},{\"@type\":\"ImageObject\",\"inLanguage\":\"sv-SE\",\"@id\":\"https:\/\/ofabskara.se\/sv\/produkt\/walkpro-16mm\/#primaryimage\",\"url\":\"https:\/\/ofabskara.se\/wp-content\/uploads\/2023\/09\/203125.jpg\",\"contentUrl\":\"https:\/\/ofabskara.se\/wp-content\/uploads\/2023\/09\/203125.jpg\",\"width\":700,\"height\":700},{\"@type\":\"BreadcrumbList\",\"@id\":\"https:\/\/ofabskara.se\/sv\/produkt\/walkpro-16mm\/#breadcrumb\",\"itemListElement\":[{\"@type\":\"ListItem\",\"position\":1,\"name\":\"Home\",\"item\":\"https:\/\/ofabskara.se\/sv\/\"},{\"@type\":\"ListItem\",\"position\":2,\"name\":\"Butik\",\"item\":\"https:\/\/ofabskara.se\/sv\/butik\/\"},{\"@type\":\"ListItem\",\"position\":3,\"name\":\"Belmondo Walkpro 16 mm 1&#215;1 m\"}]},{\"@type\":\"WebSite\",\"@id\":\"https:\/\/ofabskara.se\/sv\/#website\",\"url\":\"https:\/\/ofabskara.se\/sv\/\",\"name\":\"Ofab\",\"description\":\"\",\"potentialAction\":[{\"@type\":\"SearchAction\",\"target\":{\"@type\":\"EntryPoint\",\"urlTemplate\":\"https:\/\/ofabskara.se\/sv\/?s={search_term_string}\"},\"query-input\":{\"@type\":\"PropertyValueSpecification\",\"valueRequired\":true,\"valueName\":\"search_term_string\"}}],\"inLanguage\":\"sv-SE\"}]}<\/script>\n<!-- \/ Yoast SEO plugin. -->","yoast_head_json":{"title":"Belmondo Walkpro 16 mm 1x1 m - Ofab","robots":{"index":"index","follow":"follow","max-snippet":"max-snippet:-1","max-image-preview":"max-image-preview:large","max-video-preview":"max-video-preview:-1"},"canonical":"https:\/\/ofabskara.se\/sv\/produkt\/walkpro-16mm\/","og_locale":"sv_SE","og_type":"article","og_title":"Belmondo Walkpro 16 mm 1x1 m - Ofab","og_description":"Walkpro \u00e4r en g\u00e5ngmatta som passar till g\u00e5ngar, uppst\u00e4llningsplatser och spolspiltor.  2mm ytskikt av nytt r\u00e5gummi.  Den minimerar halkrisken f\u00f6r h\u00e4sten, skonar h\u00e4stens hovar och leder.  Den isolerar och \u00e4r vattent\u00e4t.  Bidrar till en tystare stallmilj\u00f6.  T\u00e5l h\u00f6gre belastning och skor med stift eller broddar. (OBS Isklampar i hovarna g\u00f6r att alla golv blir hala).","og_url":"https:\/\/ofabskara.se\/sv\/produkt\/walkpro-16mm\/","og_site_name":"Ofab","article_modified_time":"2025-05-08T07:41:46+00:00","og_image":[{"width":700,"height":700,"url":"https:\/\/ofabskara.se\/wp-content\/uploads\/2023\/09\/203125.jpg","type":"image\/jpeg"}],"twitter_card":"summary_large_image","schema":{"@context":"https:\/\/schema.org","@graph":[{"@type":"WebPage","@id":"https:\/\/ofabskara.se\/sv\/produkt\/walkpro-16mm\/","url":"https:\/\/ofabskara.se\/sv\/produkt\/walkpro-16mm\/","name":"Belmondo Walkpro 16 mm 1x1 m - Ofab","isPartOf":{"@id":"https:\/\/ofabskara.se\/sv\/#website"},"primaryImageOfPage":{"@id":"https:\/\/ofabskara.se\/sv\/produkt\/walkpro-16mm\/#primaryimage"},"image":{"@id":"https:\/\/ofabskara.se\/sv\/produkt\/walkpro-16mm\/#primaryimage"},"thumbnailUrl":"https:\/\/ofabskara.se\/wp-content\/uploads\/2023\/09\/203125.jpg","datePublished":"2017-05-16T06:50:23+00:00","dateModified":"2025-05-08T07:41:46+00:00","breadcrumb":{"@id":"https:\/\/ofabskara.se\/sv\/produkt\/walkpro-16mm\/#breadcrumb"},"inLanguage":"sv-SE","potentialAction":[{"@type":"ReadAction","target":["https:\/\/ofabskara.se\/sv\/produkt\/walkpro-16mm\/"]}]},{"@type":"ImageObject","inLanguage":"sv-SE","@id":"https:\/\/ofabskara.se\/sv\/produkt\/walkpro-16mm\/#primaryimage","url":"https:\/\/ofabskara.se\/wp-content\/uploads\/2023\/09\/203125.jpg","contentUrl":"https:\/\/ofabskara.se\/wp-content\/uploads\/2023\/09\/203125.jpg","width":700,"height":700},{"@type":"BreadcrumbList","@id":"https:\/\/ofabskara.se\/sv\/produkt\/walkpro-16mm\/#breadcrumb","itemListElement":[{"@type":"ListItem","position":1,"name":"Home","item":"https:\/\/ofabskara.se\/sv\/"},{"@type":"ListItem","position":2,"name":"Butik","item":"https:\/\/ofabskara.se\/sv\/butik\/"},{"@type":"ListItem","position":3,"name":"Belmondo Walkpro 16 mm 1&#215;1 m"}]},{"@type":"WebSite","@id":"https:\/\/ofabskara.se\/sv\/#website","url":"https:\/\/ofabskara.se\/sv\/","name":"Ofab","description":"","potentialAction":[{"@type":"SearchAction","target":{"@type":"EntryPoint","urlTemplate":"https:\/\/ofabskara.se\/sv\/?s={search_term_string}"},"query-input":{"@type":"PropertyValueSpecification","valueRequired":true,"valueName":"search_term_string"}}],"inLanguage":"sv-SE"}]}},"_links":{"self":[{"href":"https:\/\/ofabskara.se\/sv\/wp-json\/wp\/v2\/product\/2253","targetHints":{"allow":["GET"]}}],"collection":[{"href":"https:\/\/ofabskara.se\/sv\/wp-json\/wp\/v2\/product"}],"about":[{"href":"https:\/\/ofabskara.se\/sv\/wp-json\/wp\/v2\/types\/product"}],"replies":[{"embeddable":true,"href":"https:\/\/ofabskara.se\/sv\/wp-json\/wp\/v2\/comments?post=2253"}],"wp:featuredmedia":[{"embeddable":true,"href":"https:\/\/ofabskara.se\/sv\/wp-json\/wp\/v2\/media\/2254"}],"wp:attachment":[{"href":"https:\/\/ofabskara.se\/sv\/wp-json\/wp\/v2\/media?parent=2253"}],"wp:term":[{"taxonomy":"product_brand","embeddable":true,"href":"https:\/\/ofabskara.se\/sv\/wp-json\/wp\/v2\/product_brand?post=2253"},{"taxonomy":"product_cat","embeddable":true,"href":"https:\/\/ofabskara.se\/sv\/wp-json\/wp\/v2\/product_cat?post=2253"},{"taxonomy":"product_tag","embeddable":true,"href":"https:\/\/ofabskara.se\/sv\/wp-json\/wp\/v2\/product_tag?post=2253"}],"curies":[{"name":"wp","href":"https:\/\/api.w.org\/{rel}","templated":true}]}}