{"id":2255,"date":"2017-05-16T08:50:23","date_gmt":"2017-05-16T06:50:23","guid":{"rendered":"https:\/\/ofabskara.se\/produkt\/belmondo-paddock-24mm\/"},"modified":"2025-05-08T09:41:47","modified_gmt":"2025-05-08T07:41:47","slug":"belmondo-paddock-24mm","status":"publish","type":"product","link":"https:\/\/ofabskara.se\/sv\/produkt\/belmondo-paddock-24mm\/","title":{"rendered":"Belmondo Paddock 24 mm 1&#215;1 m"},"content":{"rendered":"","protected":false},"excerpt":{"rendered":"<ul>\n<li><strong>Paddock anv\u00e4nds med f\u00f6rdel till rast- och sjukhagar, spolspiltor, seminutrymmen tex. <\/strong><\/li>\n<li><strong>Har ytterligare f\u00f6rb\u00e4ttrat halkskydd med en rombm\u00f6nstrad yta, vattent\u00e4t och frosts\u00e4ker. <\/strong><\/li>\n<li><strong>En lite <\/strong><strong>tjockare matta som har en l\u00e4mplig mjukhet f\u00f6r senor, leder och hovar.<\/strong><\/li>\n<li><strong>UV- och ozonbest\u00e4ndig och har ett 2mm ytskikt av nytt r\u00e5gummi som g\u00f6r att den t\u00e5l skor med broddar och stift <\/strong><strong>b\u00e4ttre. <\/strong><\/li>\n<li><strong>1000x1000mm.<\/strong><\/li>\n<\/ul>\n","protected":false},"featured_media":2256,"comment_status":"closed","ping_status":"open","template":"","meta":{"_acf_changed":false,"inline_featured_image":false},"product_brand":[],"product_cat":[237,239],"product_tag":[],"class_list":{"0":"post-2255","1":"product","2":"type-product","3":"status-publish","4":"has-post-thumbnail","6":"product_cat-gummimattor","7":"product_cat-stallmatta-hast","8":"pa_matt-1000x1000-mm","10":"first","11":"outofstock","12":"taxable","13":"shipping-taxable","14":"purchasable","15":"product-type-simple"},"acf":[],"yoast_head":"<!-- This site is optimized with the Yoast SEO plugin v24.4 - https:\/\/yoast.com\/wordpress\/plugins\/seo\/ -->\n<title>Belmondo Paddock 24 mm 1x1 m - Ofab<\/title>\n<meta name=\"robots\" content=\"index, follow, max-snippet:-1, max-image-preview:large, max-video-preview:-1\" \/>\n<link rel=\"canonical\" href=\"https:\/\/ofabskara.se\/sv\/produkt\/belmondo-paddock-24mm\/\" \/>\n<meta property=\"og:locale\" content=\"sv_SE\" \/>\n<meta property=\"og:type\" content=\"article\" \/>\n<meta property=\"og:title\" content=\"Belmondo Paddock 24 mm 1x1 m - Ofab\" \/>\n<meta property=\"og:description\" content=\"Paddock anv\u00e4nds med f\u00f6rdel till rast- och sjukhagar, spolspiltor, seminutrymmen tex.  Har ytterligare f\u00f6rb\u00e4ttrat halkskydd med en rombm\u00f6nstrad yta, vattent\u00e4t och frosts\u00e4ker.  En lite tjockare matta som har en l\u00e4mplig mjukhet f\u00f6r senor, leder och hovar.  UV- och ozonbest\u00e4ndig och har ett 2mm ytskikt av nytt r\u00e5gummi som g\u00f6r att den t\u00e5l skor med broddar och stift b\u00e4ttre.  1000x1000mm.\" \/>\n<meta property=\"og:url\" content=\"https:\/\/ofabskara.se\/sv\/produkt\/belmondo-paddock-24mm\/\" \/>\n<meta property=\"og:site_name\" content=\"Ofab\" \/>\n<meta property=\"article:modified_time\" content=\"2025-05-08T07:41:47+00:00\" \/>\n<meta property=\"og:image\" content=\"https:\/\/ofabskara.se\/wp-content\/uploads\/2023\/09\/203130.jpg\" \/>\n\t<meta property=\"og:image:width\" content=\"700\" \/>\n\t<meta property=\"og:image:height\" content=\"700\" \/>\n\t<meta property=\"og:image:type\" content=\"image\/jpeg\" \/>\n<meta name=\"twitter:card\" content=\"summary_large_image\" \/>\n<script type=\"application\/ld+json\" class=\"yoast-schema-graph\">{\"@context\":\"https:\/\/schema.org\",\"@graph\":[{\"@type\":\"WebPage\",\"@id\":\"https:\/\/ofabskara.se\/sv\/produkt\/belmondo-paddock-24mm\/\",\"url\":\"https:\/\/ofabskara.se\/sv\/produkt\/belmondo-paddock-24mm\/\",\"name\":\"Belmondo Paddock 24 mm 1x1 m - Ofab\",\"isPartOf\":{\"@id\":\"https:\/\/ofabskara.se\/sv\/#website\"},\"primaryImageOfPage\":{\"@id\":\"https:\/\/ofabskara.se\/sv\/produkt\/belmondo-paddock-24mm\/#primaryimage\"},\"image\":{\"@id\":\"https:\/\/ofabskara.se\/sv\/produkt\/belmondo-paddock-24mm\/#primaryimage\"},\"thumbnailUrl\":\"https:\/\/ofabskara.se\/wp-content\/uploads\/2023\/09\/203130.jpg\",\"datePublished\":\"2017-05-16T06:50:23+00:00\",\"dateModified\":\"2025-05-08T07:41:47+00:00\",\"breadcrumb\":{\"@id\":\"https:\/\/ofabskara.se\/sv\/produkt\/belmondo-paddock-24mm\/#breadcrumb\"},\"inLanguage\":\"sv-SE\",\"potentialAction\":[{\"@type\":\"ReadAction\",\"target\":[\"https:\/\/ofabskara.se\/sv\/produkt\/belmondo-paddock-24mm\/\"]}]},{\"@type\":\"ImageObject\",\"inLanguage\":\"sv-SE\",\"@id\":\"https:\/\/ofabskara.se\/sv\/produkt\/belmondo-paddock-24mm\/#primaryimage\",\"url\":\"https:\/\/ofabskara.se\/wp-content\/uploads\/2023\/09\/203130.jpg\",\"contentUrl\":\"https:\/\/ofabskara.se\/wp-content\/uploads\/2023\/09\/203130.jpg\",\"width\":700,\"height\":700},{\"@type\":\"BreadcrumbList\",\"@id\":\"https:\/\/ofabskara.se\/sv\/produkt\/belmondo-paddock-24mm\/#breadcrumb\",\"itemListElement\":[{\"@type\":\"ListItem\",\"position\":1,\"name\":\"Home\",\"item\":\"https:\/\/ofabskara.se\/sv\/\"},{\"@type\":\"ListItem\",\"position\":2,\"name\":\"Butik\",\"item\":\"https:\/\/ofabskara.se\/sv\/butik\/\"},{\"@type\":\"ListItem\",\"position\":3,\"name\":\"Belmondo Paddock 24 mm 1&#215;1 m\"}]},{\"@type\":\"WebSite\",\"@id\":\"https:\/\/ofabskara.se\/sv\/#website\",\"url\":\"https:\/\/ofabskara.se\/sv\/\",\"name\":\"Ofab\",\"description\":\"\",\"potentialAction\":[{\"@type\":\"SearchAction\",\"target\":{\"@type\":\"EntryPoint\",\"urlTemplate\":\"https:\/\/ofabskara.se\/sv\/?s={search_term_string}\"},\"query-input\":{\"@type\":\"PropertyValueSpecification\",\"valueRequired\":true,\"valueName\":\"search_term_string\"}}],\"inLanguage\":\"sv-SE\"}]}<\/script>\n<!-- \/ Yoast SEO plugin. -->","yoast_head_json":{"title":"Belmondo Paddock 24 mm 1x1 m - Ofab","robots":{"index":"index","follow":"follow","max-snippet":"max-snippet:-1","max-image-preview":"max-image-preview:large","max-video-preview":"max-video-preview:-1"},"canonical":"https:\/\/ofabskara.se\/sv\/produkt\/belmondo-paddock-24mm\/","og_locale":"sv_SE","og_type":"article","og_title":"Belmondo Paddock 24 mm 1x1 m - Ofab","og_description":"Paddock anv\u00e4nds med f\u00f6rdel till rast- och sjukhagar, spolspiltor, seminutrymmen tex.  Har ytterligare f\u00f6rb\u00e4ttrat halkskydd med en rombm\u00f6nstrad yta, vattent\u00e4t och frosts\u00e4ker.  En lite tjockare matta som har en l\u00e4mplig mjukhet f\u00f6r senor, leder och hovar.  UV- och ozonbest\u00e4ndig och har ett 2mm ytskikt av nytt r\u00e5gummi som g\u00f6r att den t\u00e5l skor med broddar och stift b\u00e4ttre.  1000x1000mm.","og_url":"https:\/\/ofabskara.se\/sv\/produkt\/belmondo-paddock-24mm\/","og_site_name":"Ofab","article_modified_time":"2025-05-08T07:41:47+00:00","og_image":[{"width":700,"height":700,"url":"https:\/\/ofabskara.se\/wp-content\/uploads\/2023\/09\/203130.jpg","type":"image\/jpeg"}],"twitter_card":"summary_large_image","schema":{"@context":"https:\/\/schema.org","@graph":[{"@type":"WebPage","@id":"https:\/\/ofabskara.se\/sv\/produkt\/belmondo-paddock-24mm\/","url":"https:\/\/ofabskara.se\/sv\/produkt\/belmondo-paddock-24mm\/","name":"Belmondo Paddock 24 mm 1x1 m - Ofab","isPartOf":{"@id":"https:\/\/ofabskara.se\/sv\/#website"},"primaryImageOfPage":{"@id":"https:\/\/ofabskara.se\/sv\/produkt\/belmondo-paddock-24mm\/#primaryimage"},"image":{"@id":"https:\/\/ofabskara.se\/sv\/produkt\/belmondo-paddock-24mm\/#primaryimage"},"thumbnailUrl":"https:\/\/ofabskara.se\/wp-content\/uploads\/2023\/09\/203130.jpg","datePublished":"2017-05-16T06:50:23+00:00","dateModified":"2025-05-08T07:41:47+00:00","breadcrumb":{"@id":"https:\/\/ofabskara.se\/sv\/produkt\/belmondo-paddock-24mm\/#breadcrumb"},"inLanguage":"sv-SE","potentialAction":[{"@type":"ReadAction","target":["https:\/\/ofabskara.se\/sv\/produkt\/belmondo-paddock-24mm\/"]}]},{"@type":"ImageObject","inLanguage":"sv-SE","@id":"https:\/\/ofabskara.se\/sv\/produkt\/belmondo-paddock-24mm\/#primaryimage","url":"https:\/\/ofabskara.se\/wp-content\/uploads\/2023\/09\/203130.jpg","contentUrl":"https:\/\/ofabskara.se\/wp-content\/uploads\/2023\/09\/203130.jpg","width":700,"height":700},{"@type":"BreadcrumbList","@id":"https:\/\/ofabskara.se\/sv\/produkt\/belmondo-paddock-24mm\/#breadcrumb","itemListElement":[{"@type":"ListItem","position":1,"name":"Home","item":"https:\/\/ofabskara.se\/sv\/"},{"@type":"ListItem","position":2,"name":"Butik","item":"https:\/\/ofabskara.se\/sv\/butik\/"},{"@type":"ListItem","position":3,"name":"Belmondo Paddock 24 mm 1&#215;1 m"}]},{"@type":"WebSite","@id":"https:\/\/ofabskara.se\/sv\/#website","url":"https:\/\/ofabskara.se\/sv\/","name":"Ofab","description":"","potentialAction":[{"@type":"SearchAction","target":{"@type":"EntryPoint","urlTemplate":"https:\/\/ofabskara.se\/sv\/?s={search_term_string}"},"query-input":{"@type":"PropertyValueSpecification","valueRequired":true,"valueName":"search_term_string"}}],"inLanguage":"sv-SE"}]}},"_links":{"self":[{"href":"https:\/\/ofabskara.se\/sv\/wp-json\/wp\/v2\/product\/2255","targetHints":{"allow":["GET"]}}],"collection":[{"href":"https:\/\/ofabskara.se\/sv\/wp-json\/wp\/v2\/product"}],"about":[{"href":"https:\/\/ofabskara.se\/sv\/wp-json\/wp\/v2\/types\/product"}],"replies":[{"embeddable":true,"href":"https:\/\/ofabskara.se\/sv\/wp-json\/wp\/v2\/comments?post=2255"}],"wp:featuredmedia":[{"embeddable":true,"href":"https:\/\/ofabskara.se\/sv\/wp-json\/wp\/v2\/media\/2256"}],"wp:attachment":[{"href":"https:\/\/ofabskara.se\/sv\/wp-json\/wp\/v2\/media?parent=2255"}],"wp:term":[{"taxonomy":"product_brand","embeddable":true,"href":"https:\/\/ofabskara.se\/sv\/wp-json\/wp\/v2\/product_brand?post=2255"},{"taxonomy":"product_cat","embeddable":true,"href":"https:\/\/ofabskara.se\/sv\/wp-json\/wp\/v2\/product_cat?post=2255"},{"taxonomy":"product_tag","embeddable":true,"href":"https:\/\/ofabskara.se\/sv\/wp-json\/wp\/v2\/product_tag?post=2255"}],"curies":[{"name":"wp","href":"https:\/\/api.w.org\/{rel}","templated":true}]}}