{"id":2257,"date":"2017-05-16T08:50:23","date_gmt":"2017-05-16T06:50:23","guid":{"rendered":"https:\/\/ofabskara.se\/produkt\/belmondo-skrittmaskin-19mm\/"},"modified":"2025-05-08T09:41:48","modified_gmt":"2025-05-08T07:41:48","slug":"belmondo-skrittmaskin-19mm","status":"publish","type":"product","link":"https:\/\/ofabskara.se\/sv\/produkt\/belmondo-skrittmaskin-19mm\/","title":{"rendered":"Belmondo Horsewalker 21mm"},"content":{"rendered":"<p>Skall m\u00e5ttbest\u00e4lls f\u00f6r att passa just din skrittmaskin. Den har ett 2mm ytskikt av nytt r\u00e5gummi, rombm\u00f6nstrad yta som g\u00f6r att den blir slitstarkare och t\u00e5l skor med broddar och stift b\u00e4ttre. Vattent\u00e4t, frosts\u00e4ker, UV- och ozonbest\u00e4ndig. Kr\u00e4ver en h\u00e5rd golvyta undertill, som tex betong eller asfalt.<\/p>\n<p>&nbsp;<\/p>\n","protected":false},"excerpt":{"rendered":"<ul>\n<li><strong>Skall m\u00e5ttbest\u00e4lls f\u00f6r att passa just din skrittmaskin. <\/strong><\/li>\n<li><strong>Den har ett 2mm ytskikt av nytt r\u00e5gummi, rombm\u00f6nstrad yta som g\u00f6r att den blir slitstarkare och t\u00e5l skor med broddar och stift b\u00e4ttre. <\/strong><\/li>\n<li><strong>Vattent\u00e4t, frosts\u00e4ker, UV- och ozonbest\u00e4ndig. <\/strong><\/li>\n<li><strong>Kr\u00e4ver en h\u00e5rd golvyta undertill, som tex betong eller asfalt.<\/strong><\/li>\n<\/ul>\n","protected":false},"featured_media":2258,"comment_status":"closed","ping_status":"open","template":"","meta":{"_acf_changed":false,"inline_featured_image":false},"product_brand":[],"product_cat":[237,239],"product_tag":[],"class_list":{"0":"post-2257","1":"product","2":"type-product","3":"status-publish","4":"has-post-thumbnail","6":"product_cat-gummimattor","7":"product_cat-stallmatta-hast","9":"first","10":"outofstock","11":"taxable","12":"shipping-taxable","13":"purchasable","14":"product-type-simple"},"acf":[],"yoast_head":"<!-- This site is optimized with the Yoast SEO plugin v24.4 - https:\/\/yoast.com\/wordpress\/plugins\/seo\/ -->\n<title>Belmondo Horsewalker 21mm - Ofab<\/title>\n<meta name=\"robots\" content=\"index, follow, max-snippet:-1, max-image-preview:large, max-video-preview:-1\" \/>\n<link rel=\"canonical\" href=\"https:\/\/ofabskara.se\/sv\/produkt\/belmondo-skrittmaskin-19mm\/\" \/>\n<meta property=\"og:locale\" content=\"sv_SE\" \/>\n<meta property=\"og:type\" content=\"article\" \/>\n<meta property=\"og:title\" content=\"Belmondo Horsewalker 21mm - Ofab\" \/>\n<meta property=\"og:description\" content=\"Skall m\u00e5ttbest\u00e4lls f\u00f6r att passa just din skrittmaskin.  Den har ett 2mm ytskikt av nytt r\u00e5gummi, rombm\u00f6nstrad yta som g\u00f6r att den blir slitstarkare och t\u00e5l skor med broddar och stift b\u00e4ttre.  Vattent\u00e4t, frosts\u00e4ker, UV- och ozonbest\u00e4ndig.  Kr\u00e4ver en h\u00e5rd golvyta undertill, som tex betong eller asfalt.\" \/>\n<meta property=\"og:url\" content=\"https:\/\/ofabskara.se\/sv\/produkt\/belmondo-skrittmaskin-19mm\/\" \/>\n<meta property=\"og:site_name\" content=\"Ofab\" \/>\n<meta property=\"article:modified_time\" content=\"2025-05-08T07:41:48+00:00\" \/>\n<meta property=\"og:image\" content=\"https:\/\/ofabskara.se\/wp-content\/uploads\/2023\/09\/Belmondo-Horsewalker.png\" \/>\n\t<meta property=\"og:image:width\" content=\"460\" \/>\n\t<meta property=\"og:image:height\" content=\"460\" \/>\n\t<meta property=\"og:image:type\" content=\"image\/png\" \/>\n<meta name=\"twitter:card\" content=\"summary_large_image\" \/>\n<script type=\"application\/ld+json\" class=\"yoast-schema-graph\">{\"@context\":\"https:\/\/schema.org\",\"@graph\":[{\"@type\":\"WebPage\",\"@id\":\"https:\/\/ofabskara.se\/sv\/produkt\/belmondo-skrittmaskin-19mm\/\",\"url\":\"https:\/\/ofabskara.se\/sv\/produkt\/belmondo-skrittmaskin-19mm\/\",\"name\":\"Belmondo Horsewalker 21mm - Ofab\",\"isPartOf\":{\"@id\":\"https:\/\/ofabskara.se\/sv\/#website\"},\"primaryImageOfPage\":{\"@id\":\"https:\/\/ofabskara.se\/sv\/produkt\/belmondo-skrittmaskin-19mm\/#primaryimage\"},\"image\":{\"@id\":\"https:\/\/ofabskara.se\/sv\/produkt\/belmondo-skrittmaskin-19mm\/#primaryimage\"},\"thumbnailUrl\":\"https:\/\/ofabskara.se\/wp-content\/uploads\/2023\/09\/Belmondo-Horsewalker.png\",\"datePublished\":\"2017-05-16T06:50:23+00:00\",\"dateModified\":\"2025-05-08T07:41:48+00:00\",\"breadcrumb\":{\"@id\":\"https:\/\/ofabskara.se\/sv\/produkt\/belmondo-skrittmaskin-19mm\/#breadcrumb\"},\"inLanguage\":\"sv-SE\",\"potentialAction\":[{\"@type\":\"ReadAction\",\"target\":[\"https:\/\/ofabskara.se\/sv\/produkt\/belmondo-skrittmaskin-19mm\/\"]}]},{\"@type\":\"ImageObject\",\"inLanguage\":\"sv-SE\",\"@id\":\"https:\/\/ofabskara.se\/sv\/produkt\/belmondo-skrittmaskin-19mm\/#primaryimage\",\"url\":\"https:\/\/ofabskara.se\/wp-content\/uploads\/2023\/09\/Belmondo-Horsewalker.png\",\"contentUrl\":\"https:\/\/ofabskara.se\/wp-content\/uploads\/2023\/09\/Belmondo-Horsewalker.png\",\"width\":460,\"height\":460},{\"@type\":\"BreadcrumbList\",\"@id\":\"https:\/\/ofabskara.se\/sv\/produkt\/belmondo-skrittmaskin-19mm\/#breadcrumb\",\"itemListElement\":[{\"@type\":\"ListItem\",\"position\":1,\"name\":\"Home\",\"item\":\"https:\/\/ofabskara.se\/sv\/\"},{\"@type\":\"ListItem\",\"position\":2,\"name\":\"Butik\",\"item\":\"https:\/\/ofabskara.se\/sv\/butik\/\"},{\"@type\":\"ListItem\",\"position\":3,\"name\":\"Belmondo Horsewalker 21mm\"}]},{\"@type\":\"WebSite\",\"@id\":\"https:\/\/ofabskara.se\/sv\/#website\",\"url\":\"https:\/\/ofabskara.se\/sv\/\",\"name\":\"Ofab\",\"description\":\"\",\"potentialAction\":[{\"@type\":\"SearchAction\",\"target\":{\"@type\":\"EntryPoint\",\"urlTemplate\":\"https:\/\/ofabskara.se\/sv\/?s={search_term_string}\"},\"query-input\":{\"@type\":\"PropertyValueSpecification\",\"valueRequired\":true,\"valueName\":\"search_term_string\"}}],\"inLanguage\":\"sv-SE\"}]}<\/script>\n<!-- \/ Yoast SEO plugin. -->","yoast_head_json":{"title":"Belmondo Horsewalker 21mm - Ofab","robots":{"index":"index","follow":"follow","max-snippet":"max-snippet:-1","max-image-preview":"max-image-preview:large","max-video-preview":"max-video-preview:-1"},"canonical":"https:\/\/ofabskara.se\/sv\/produkt\/belmondo-skrittmaskin-19mm\/","og_locale":"sv_SE","og_type":"article","og_title":"Belmondo Horsewalker 21mm - Ofab","og_description":"Skall m\u00e5ttbest\u00e4lls f\u00f6r att passa just din skrittmaskin.  Den har ett 2mm ytskikt av nytt r\u00e5gummi, rombm\u00f6nstrad yta som g\u00f6r att den blir slitstarkare och t\u00e5l skor med broddar och stift b\u00e4ttre.  Vattent\u00e4t, frosts\u00e4ker, UV- och ozonbest\u00e4ndig.  Kr\u00e4ver en h\u00e5rd golvyta undertill, som tex betong eller asfalt.","og_url":"https:\/\/ofabskara.se\/sv\/produkt\/belmondo-skrittmaskin-19mm\/","og_site_name":"Ofab","article_modified_time":"2025-05-08T07:41:48+00:00","og_image":[{"width":460,"height":460,"url":"https:\/\/ofabskara.se\/wp-content\/uploads\/2023\/09\/Belmondo-Horsewalker.png","type":"image\/png"}],"twitter_card":"summary_large_image","schema":{"@context":"https:\/\/schema.org","@graph":[{"@type":"WebPage","@id":"https:\/\/ofabskara.se\/sv\/produkt\/belmondo-skrittmaskin-19mm\/","url":"https:\/\/ofabskara.se\/sv\/produkt\/belmondo-skrittmaskin-19mm\/","name":"Belmondo Horsewalker 21mm - Ofab","isPartOf":{"@id":"https:\/\/ofabskara.se\/sv\/#website"},"primaryImageOfPage":{"@id":"https:\/\/ofabskara.se\/sv\/produkt\/belmondo-skrittmaskin-19mm\/#primaryimage"},"image":{"@id":"https:\/\/ofabskara.se\/sv\/produkt\/belmondo-skrittmaskin-19mm\/#primaryimage"},"thumbnailUrl":"https:\/\/ofabskara.se\/wp-content\/uploads\/2023\/09\/Belmondo-Horsewalker.png","datePublished":"2017-05-16T06:50:23+00:00","dateModified":"2025-05-08T07:41:48+00:00","breadcrumb":{"@id":"https:\/\/ofabskara.se\/sv\/produkt\/belmondo-skrittmaskin-19mm\/#breadcrumb"},"inLanguage":"sv-SE","potentialAction":[{"@type":"ReadAction","target":["https:\/\/ofabskara.se\/sv\/produkt\/belmondo-skrittmaskin-19mm\/"]}]},{"@type":"ImageObject","inLanguage":"sv-SE","@id":"https:\/\/ofabskara.se\/sv\/produkt\/belmondo-skrittmaskin-19mm\/#primaryimage","url":"https:\/\/ofabskara.se\/wp-content\/uploads\/2023\/09\/Belmondo-Horsewalker.png","contentUrl":"https:\/\/ofabskara.se\/wp-content\/uploads\/2023\/09\/Belmondo-Horsewalker.png","width":460,"height":460},{"@type":"BreadcrumbList","@id":"https:\/\/ofabskara.se\/sv\/produkt\/belmondo-skrittmaskin-19mm\/#breadcrumb","itemListElement":[{"@type":"ListItem","position":1,"name":"Home","item":"https:\/\/ofabskara.se\/sv\/"},{"@type":"ListItem","position":2,"name":"Butik","item":"https:\/\/ofabskara.se\/sv\/butik\/"},{"@type":"ListItem","position":3,"name":"Belmondo Horsewalker 21mm"}]},{"@type":"WebSite","@id":"https:\/\/ofabskara.se\/sv\/#website","url":"https:\/\/ofabskara.se\/sv\/","name":"Ofab","description":"","potentialAction":[{"@type":"SearchAction","target":{"@type":"EntryPoint","urlTemplate":"https:\/\/ofabskara.se\/sv\/?s={search_term_string}"},"query-input":{"@type":"PropertyValueSpecification","valueRequired":true,"valueName":"search_term_string"}}],"inLanguage":"sv-SE"}]}},"_links":{"self":[{"href":"https:\/\/ofabskara.se\/sv\/wp-json\/wp\/v2\/product\/2257","targetHints":{"allow":["GET"]}}],"collection":[{"href":"https:\/\/ofabskara.se\/sv\/wp-json\/wp\/v2\/product"}],"about":[{"href":"https:\/\/ofabskara.se\/sv\/wp-json\/wp\/v2\/types\/product"}],"replies":[{"embeddable":true,"href":"https:\/\/ofabskara.se\/sv\/wp-json\/wp\/v2\/comments?post=2257"}],"wp:featuredmedia":[{"embeddable":true,"href":"https:\/\/ofabskara.se\/sv\/wp-json\/wp\/v2\/media\/2258"}],"wp:attachment":[{"href":"https:\/\/ofabskara.se\/sv\/wp-json\/wp\/v2\/media?parent=2257"}],"wp:term":[{"taxonomy":"product_brand","embeddable":true,"href":"https:\/\/ofabskara.se\/sv\/wp-json\/wp\/v2\/product_brand?post=2257"},{"taxonomy":"product_cat","embeddable":true,"href":"https:\/\/ofabskara.se\/sv\/wp-json\/wp\/v2\/product_cat?post=2257"},{"taxonomy":"product_tag","embeddable":true,"href":"https:\/\/ofabskara.se\/sv\/wp-json\/wp\/v2\/product_tag?post=2257"}],"curies":[{"name":"wp","href":"https:\/\/api.w.org\/{rel}","templated":true}]}}