{"id":2308,"date":"2017-05-16T08:50:50","date_gmt":"2017-05-16T06:50:50","guid":{"rendered":"https:\/\/ofabskara.se\/produkt\/vattenkopp-mod-340\/"},"modified":"2025-05-08T09:40:28","modified_gmt":"2025-05-08T07:40:28","slug":"vattenkopp-mod-340","status":"publish","type":"product","link":"https:\/\/ofabskara.se\/sv\/produkt\/vattenkopp-mod-340\/","title":{"rendered":"Vattenkopp mod 340"},"content":{"rendered":"<p>En flott\u00f6rkopp f\u00f6r n\u00f6t och h\u00e4st tillverkad i f\u00f6rstklassiskt gjutgods och emaljerad i syrafast emalj. Speciellt l\u00e4mplig f\u00f6r n\u00f6t med nosring. Rej\u00e4lt tilltagen rymd. Flott\u00f6ren sl\u00e4pper fram rikligt med vatten, \u00e4ven vid l\u00e5gt tryck. Koppen \u00e4r dessutom ok\u00e4nslig f\u00f6r aggresivt vatten. Anslutning p\u00e5 h\u00f6ger sida 1\/2\u201d r\u00f6r. Vattengiva vid 3kg tryck: ca 4 lit\/min. Sk\u00e5lens diameter: 250mm. Byggm\u00e5tt fr\u00e5n v\u00e4gg och ut: 300mm. Inf\u00e4stningsm\u00e5tt 2-h\u00e5lsf\u00e4ste: 135mm.<\/p>\n","protected":false},"excerpt":{"rendered":"<p>En flott\u00f6rkopp f\u00f6r n\u00f6t och h\u00e4st tillverkad i f\u00f6stklassiskt gjutgods och emaljerad i syrafast emalj.<\/p>\n<p>Speciellt l\u00e4mplig f\u00f6r n\u00f6t med nosring. Rej\u00e4lt tilltagen rymd.<\/p>\n<p>Flott\u00f6ren sl\u00e4pper fram rikligt med vatten, \u00e4ven vid l\u00e5gt tryck.<\/p>\n<p>Koppen \u00e4r dessutom ok\u00e4nslig f\u00f6r aggresigt vatten.<\/p>\n<p>Anslutning p\u00e5 h\u00f6ger sida 1 \/ 2&#8243; r\u00f6r. Vattengiva vid 3 kg tryck: ca 4 lit \/ min.<\/p>\n<p>Sk\u00e5lens diameter: 250 mm. Byggm\u00e5tt fr\u00e5n v\u00e4gg och ut: 300 mm. Inf\u00e4stningsm\u00e5tt 2-h\u00e5lsf\u00e4ste: 135 mm.<\/p>\n","protected":false},"featured_media":2309,"comment_status":"closed","ping_status":"open","template":"","meta":{"_acf_changed":false,"inline_featured_image":false},"product_brand":[],"product_cat":[209,105,69],"product_tag":[],"class_list":{"0":"post-2308","1":"product","2":"type-product","3":"status-publish","4":"has-post-thumbnail","6":"product_cat-suevia-vattenkoppar","7":"product_cat-vattenkoppar","8":"product_cat-vattensystem","9":"pa_byggmatt-vagg-och-ut-300-mm","10":"pa_diameter-250-mm","12":"first","13":"outofstock","14":"taxable","15":"shipping-taxable","16":"purchasable","17":"product-type-simple"},"acf":[],"yoast_head":"<!-- This site is optimized with the Yoast SEO plugin v24.4 - https:\/\/yoast.com\/wordpress\/plugins\/seo\/ -->\n<title>Vattenkopp mod 340 - Ofab<\/title>\n<meta name=\"robots\" content=\"index, follow, max-snippet:-1, max-image-preview:large, max-video-preview:-1\" \/>\n<link rel=\"canonical\" href=\"https:\/\/ofabskara.se\/sv\/produkt\/vattenkopp-mod-340\/\" \/>\n<meta property=\"og:locale\" content=\"sv_SE\" \/>\n<meta property=\"og:type\" content=\"article\" \/>\n<meta property=\"og:title\" content=\"Vattenkopp mod 340 - Ofab\" \/>\n<meta property=\"og:description\" content=\"En flott\u00f6rkopp f\u00f6r n\u00f6t och h\u00e4st tillverkad i f\u00f6stklassiskt gjutgods och emaljerad i syrafast emalj. Speciellt l\u00e4mplig f\u00f6r n\u00f6t med nosring. Rej\u00e4lt tilltagen rymd. Flott\u00f6ren sl\u00e4pper fram rikligt med vatten, \u00e4ven vid l\u00e5gt tryck. Koppen \u00e4r dessutom ok\u00e4nslig f\u00f6r aggresigt vatten. Anslutning p\u00e5 h\u00f6ger sida 1 \/ 2&quot; r\u00f6r. Vattengiva vid 3 kg tryck: ca 4 lit \/ min. Sk\u00e5lens diameter: 250 mm. Byggm\u00e5tt fr\u00e5n v\u00e4gg och ut: 300 mm. Inf\u00e4stningsm\u00e5tt 2-h\u00e5lsf\u00e4ste: 135 mm.\" \/>\n<meta property=\"og:url\" content=\"https:\/\/ofabskara.se\/sv\/produkt\/vattenkopp-mod-340\/\" \/>\n<meta property=\"og:site_name\" content=\"Ofab\" \/>\n<meta property=\"article:modified_time\" content=\"2025-05-08T07:40:28+00:00\" \/>\n<meta property=\"og:image\" content=\"https:\/\/ofabskara.se\/wp-content\/uploads\/2023\/09\/140300.jpg\" \/>\n\t<meta property=\"og:image:width\" content=\"536\" \/>\n\t<meta property=\"og:image:height\" content=\"536\" \/>\n\t<meta property=\"og:image:type\" content=\"image\/jpeg\" \/>\n<meta name=\"twitter:card\" content=\"summary_large_image\" \/>\n<script type=\"application\/ld+json\" class=\"yoast-schema-graph\">{\"@context\":\"https:\/\/schema.org\",\"@graph\":[{\"@type\":\"WebPage\",\"@id\":\"https:\/\/ofabskara.se\/sv\/produkt\/vattenkopp-mod-340\/\",\"url\":\"https:\/\/ofabskara.se\/sv\/produkt\/vattenkopp-mod-340\/\",\"name\":\"Vattenkopp mod 340 - Ofab\",\"isPartOf\":{\"@id\":\"https:\/\/ofabskara.se\/sv\/#website\"},\"primaryImageOfPage\":{\"@id\":\"https:\/\/ofabskara.se\/sv\/produkt\/vattenkopp-mod-340\/#primaryimage\"},\"image\":{\"@id\":\"https:\/\/ofabskara.se\/sv\/produkt\/vattenkopp-mod-340\/#primaryimage\"},\"thumbnailUrl\":\"https:\/\/ofabskara.se\/wp-content\/uploads\/2023\/09\/140300.jpg\",\"datePublished\":\"2017-05-16T06:50:50+00:00\",\"dateModified\":\"2025-05-08T07:40:28+00:00\",\"breadcrumb\":{\"@id\":\"https:\/\/ofabskara.se\/sv\/produkt\/vattenkopp-mod-340\/#breadcrumb\"},\"inLanguage\":\"sv-SE\",\"potentialAction\":[{\"@type\":\"ReadAction\",\"target\":[\"https:\/\/ofabskara.se\/sv\/produkt\/vattenkopp-mod-340\/\"]}]},{\"@type\":\"ImageObject\",\"inLanguage\":\"sv-SE\",\"@id\":\"https:\/\/ofabskara.se\/sv\/produkt\/vattenkopp-mod-340\/#primaryimage\",\"url\":\"https:\/\/ofabskara.se\/wp-content\/uploads\/2023\/09\/140300.jpg\",\"contentUrl\":\"https:\/\/ofabskara.se\/wp-content\/uploads\/2023\/09\/140300.jpg\",\"width\":536,\"height\":536},{\"@type\":\"BreadcrumbList\",\"@id\":\"https:\/\/ofabskara.se\/sv\/produkt\/vattenkopp-mod-340\/#breadcrumb\",\"itemListElement\":[{\"@type\":\"ListItem\",\"position\":1,\"name\":\"Home\",\"item\":\"https:\/\/ofabskara.se\/sv\/\"},{\"@type\":\"ListItem\",\"position\":2,\"name\":\"Butik\",\"item\":\"https:\/\/ofabskara.se\/sv\/butik\/\"},{\"@type\":\"ListItem\",\"position\":3,\"name\":\"Vattenkopp mod 340\"}]},{\"@type\":\"WebSite\",\"@id\":\"https:\/\/ofabskara.se\/sv\/#website\",\"url\":\"https:\/\/ofabskara.se\/sv\/\",\"name\":\"Ofab\",\"description\":\"\",\"potentialAction\":[{\"@type\":\"SearchAction\",\"target\":{\"@type\":\"EntryPoint\",\"urlTemplate\":\"https:\/\/ofabskara.se\/sv\/?s={search_term_string}\"},\"query-input\":{\"@type\":\"PropertyValueSpecification\",\"valueRequired\":true,\"valueName\":\"search_term_string\"}}],\"inLanguage\":\"sv-SE\"}]}<\/script>\n<!-- \/ Yoast SEO plugin. -->","yoast_head_json":{"title":"Vattenkopp mod 340 - Ofab","robots":{"index":"index","follow":"follow","max-snippet":"max-snippet:-1","max-image-preview":"max-image-preview:large","max-video-preview":"max-video-preview:-1"},"canonical":"https:\/\/ofabskara.se\/sv\/produkt\/vattenkopp-mod-340\/","og_locale":"sv_SE","og_type":"article","og_title":"Vattenkopp mod 340 - Ofab","og_description":"En flott\u00f6rkopp f\u00f6r n\u00f6t och h\u00e4st tillverkad i f\u00f6stklassiskt gjutgods och emaljerad i syrafast emalj. Speciellt l\u00e4mplig f\u00f6r n\u00f6t med nosring. Rej\u00e4lt tilltagen rymd. Flott\u00f6ren sl\u00e4pper fram rikligt med vatten, \u00e4ven vid l\u00e5gt tryck. Koppen \u00e4r dessutom ok\u00e4nslig f\u00f6r aggresigt vatten. Anslutning p\u00e5 h\u00f6ger sida 1 \/ 2\" r\u00f6r. Vattengiva vid 3 kg tryck: ca 4 lit \/ min. Sk\u00e5lens diameter: 250 mm. Byggm\u00e5tt fr\u00e5n v\u00e4gg och ut: 300 mm. Inf\u00e4stningsm\u00e5tt 2-h\u00e5lsf\u00e4ste: 135 mm.","og_url":"https:\/\/ofabskara.se\/sv\/produkt\/vattenkopp-mod-340\/","og_site_name":"Ofab","article_modified_time":"2025-05-08T07:40:28+00:00","og_image":[{"width":536,"height":536,"url":"https:\/\/ofabskara.se\/wp-content\/uploads\/2023\/09\/140300.jpg","type":"image\/jpeg"}],"twitter_card":"summary_large_image","schema":{"@context":"https:\/\/schema.org","@graph":[{"@type":"WebPage","@id":"https:\/\/ofabskara.se\/sv\/produkt\/vattenkopp-mod-340\/","url":"https:\/\/ofabskara.se\/sv\/produkt\/vattenkopp-mod-340\/","name":"Vattenkopp mod 340 - Ofab","isPartOf":{"@id":"https:\/\/ofabskara.se\/sv\/#website"},"primaryImageOfPage":{"@id":"https:\/\/ofabskara.se\/sv\/produkt\/vattenkopp-mod-340\/#primaryimage"},"image":{"@id":"https:\/\/ofabskara.se\/sv\/produkt\/vattenkopp-mod-340\/#primaryimage"},"thumbnailUrl":"https:\/\/ofabskara.se\/wp-content\/uploads\/2023\/09\/140300.jpg","datePublished":"2017-05-16T06:50:50+00:00","dateModified":"2025-05-08T07:40:28+00:00","breadcrumb":{"@id":"https:\/\/ofabskara.se\/sv\/produkt\/vattenkopp-mod-340\/#breadcrumb"},"inLanguage":"sv-SE","potentialAction":[{"@type":"ReadAction","target":["https:\/\/ofabskara.se\/sv\/produkt\/vattenkopp-mod-340\/"]}]},{"@type":"ImageObject","inLanguage":"sv-SE","@id":"https:\/\/ofabskara.se\/sv\/produkt\/vattenkopp-mod-340\/#primaryimage","url":"https:\/\/ofabskara.se\/wp-content\/uploads\/2023\/09\/140300.jpg","contentUrl":"https:\/\/ofabskara.se\/wp-content\/uploads\/2023\/09\/140300.jpg","width":536,"height":536},{"@type":"BreadcrumbList","@id":"https:\/\/ofabskara.se\/sv\/produkt\/vattenkopp-mod-340\/#breadcrumb","itemListElement":[{"@type":"ListItem","position":1,"name":"Home","item":"https:\/\/ofabskara.se\/sv\/"},{"@type":"ListItem","position":2,"name":"Butik","item":"https:\/\/ofabskara.se\/sv\/butik\/"},{"@type":"ListItem","position":3,"name":"Vattenkopp mod 340"}]},{"@type":"WebSite","@id":"https:\/\/ofabskara.se\/sv\/#website","url":"https:\/\/ofabskara.se\/sv\/","name":"Ofab","description":"","potentialAction":[{"@type":"SearchAction","target":{"@type":"EntryPoint","urlTemplate":"https:\/\/ofabskara.se\/sv\/?s={search_term_string}"},"query-input":{"@type":"PropertyValueSpecification","valueRequired":true,"valueName":"search_term_string"}}],"inLanguage":"sv-SE"}]}},"_links":{"self":[{"href":"https:\/\/ofabskara.se\/sv\/wp-json\/wp\/v2\/product\/2308","targetHints":{"allow":["GET"]}}],"collection":[{"href":"https:\/\/ofabskara.se\/sv\/wp-json\/wp\/v2\/product"}],"about":[{"href":"https:\/\/ofabskara.se\/sv\/wp-json\/wp\/v2\/types\/product"}],"replies":[{"embeddable":true,"href":"https:\/\/ofabskara.se\/sv\/wp-json\/wp\/v2\/comments?post=2308"}],"wp:featuredmedia":[{"embeddable":true,"href":"https:\/\/ofabskara.se\/sv\/wp-json\/wp\/v2\/media\/2309"}],"wp:attachment":[{"href":"https:\/\/ofabskara.se\/sv\/wp-json\/wp\/v2\/media?parent=2308"}],"wp:term":[{"taxonomy":"product_brand","embeddable":true,"href":"https:\/\/ofabskara.se\/sv\/wp-json\/wp\/v2\/product_brand?post=2308"},{"taxonomy":"product_cat","embeddable":true,"href":"https:\/\/ofabskara.se\/sv\/wp-json\/wp\/v2\/product_cat?post=2308"},{"taxonomy":"product_tag","embeddable":true,"href":"https:\/\/ofabskara.se\/sv\/wp-json\/wp\/v2\/product_tag?post=2308"}],"curies":[{"name":"wp","href":"https:\/\/api.w.org\/{rel}","templated":true}]}}