{"id":2446,"date":"2017-05-16T08:51:31","date_gmt":"2017-05-16T06:51:31","guid":{"rendered":"https:\/\/ofabskara.se\/produkt\/easyswing-mini\/"},"modified":"2026-03-30T14:13:44","modified_gmt":"2026-03-30T12:13:44","slug":"easyswing-mini","status":"publish","type":"product","link":"https:\/\/ofabskara.se\/sv\/produkt\/easyswing-mini\/","title":{"rendered":"MINI EasySwing"},"content":{"rendered":"<p><iframe title=\"Calves Love EasySwing\u00ae Mini Brushes!\" width=\"500\" height=\"281\" src=\"https:\/\/www.youtube.com\/embed\/xJsGcPGVDM8?feature=oembed&#038;enablejsapi=1&#038;origin=https:\/\/ofabskara.se\" frameborder=\"0\" allow=\"accelerometer; autoplay; clipboard-write; encrypted-media; gyroscope; picture-in-picture; web-share\" referrerpolicy=\"strict-origin-when-cross-origin\" allowfullscreen><\/iframe><\/p>\n","protected":false},"excerpt":{"rendered":"<div class=\"elementor-element elementor-element-5b16ce0 elementor-widget elementor-widget-heading\" data-id=\"5b16ce0\" data-element_type=\"widget\" data-e-type=\"widget\" data-widget_type=\"heading.default\">\n<h2 class=\"elementor-heading-title elementor-size-default\"><span dir=\"auto\">EasySwing Mini<\/span><\/h2>\n<\/div>\n<div class=\"elementor-element elementor-element-15cf461 elementor-widget elementor-widget-text-editor\" data-id=\"15cf461\" data-element_type=\"widget\" data-e-type=\"widget\" data-widget_type=\"text-editor.default\">\n<p><span dir=\"auto\">EasySwing Mini \u00e4r speciellt utformad f\u00f6r mindre djur som kalvar och getter och \u00e4r det perfekta s\u00e4ttet att uppmuntra naturligt groomingbeteende samtidigt som det st\u00f6der djurens h\u00e4lsa och komfort. Detta lilla kraftpaket erbjuder samma smarta, elfria design som v\u00e5ra st\u00f6rre modeller, med mekanisk sido-till-sida-r\u00f6relse som djur \u00e4lskar. Den \u00e4r enkel att installera, kr\u00e4ver lite underh\u00e5ll och passar perfekt in \u00e4ven i de mest kompakta utrymmena. Oavsett om det \u00e4r inomhus eller utomhus \u00e4r Mini byggd f\u00f6r att ge verkliga f\u00f6rdelar f\u00f6r din bes\u00e4ttning \u2013 ren p\u00e4ls, glada djur och sinnesro f\u00f6r dig.<\/span><\/p>\n<p><span dir=\"auto\">Forskning st\u00f6der vad lantbrukare har observerat i \u00e5ratal \u2013 groomingverktyg som EasySwing-borstsystemen kan verkligen f\u00f6rb\u00e4ttra djurens v\u00e4lbefinnande. Studier visar att tillg\u00e5ng till mekaniska borstar minskar stressrelaterade beteenden och uppmuntrar naturliga groomingvanor, vilket i sin tur st\u00f6der hudh\u00e4lsan, f\u00f6rb\u00e4ttrar hygienen och till och med kan leda till \u00f6kad aktivitetsniv\u00e5. Dessa positiva effekter \u00e4r s\u00e4rskilt v\u00e4rdefulla i tr\u00e5nga eller t\u00e4ta milj\u00f6er, d\u00e4r djur annars kan ha sv\u00e5rt att uttrycka dessa beteenden naturligt.<\/span><\/p>\n<p><span dir=\"auto\">M\u00e5tt:<\/span><br \/>\n<span dir=\"auto\">Avst\u00e5nd fr\u00e5n v\u00e4gg: 47 cm<\/span><br \/>\n<span dir=\"auto\">H\u00f6jd: 62 cm<\/span><br \/>\n<span dir=\"auto\">Vikt: 20 kg<\/span><\/p>\n<p><span dir=\"auto\">EasySwing Mini \u00e4r utformad f\u00f6r att r\u00f6ra sig naturligt med dina djurs groomingvanor. N\u00e4r en kalv, ett f\u00f6l eller en get lutar sig mot borsten, sv\u00e4nger strukturen smidigt upp och ner, vilket g\u00f6r att de kan n\u00e5 exakt den plats de vill kl\u00f6sa. Oavsett om de siktar p\u00e5 ryggen, sidorna eller till och med br\u00f6stet, anpassar sig borstens sv\u00e4ngande r\u00f6relse till deras r\u00f6relser och erbjuder en helkroppsupplevelse. Denna intuitiva design l\u00e5ter djuren kontrollera sin egen borstning, vilket ger ett s\u00e4kert och tillfredsst\u00e4llande s\u00e4tt att h\u00e5lla sig rena och bekv\u00e4ma.<\/span><\/p>\n<\/div>\n","protected":false},"featured_media":2447,"comment_status":"closed","ping_status":"closed","template":"","meta":{"_acf_changed":false,"inline_featured_image":false},"product_brand":[],"product_cat":[256,65],"product_tag":[],"class_list":{"0":"post-2446","1":"product","2":"type-product","3":"status-publish","4":"has-post-thumbnail","6":"product_cat-ryktborstar","7":"product_cat-notdjur","8":"pa_antal-borstdiskar-10-st","9":"pa_avstand-fran-vagg-95-cm","10":"pa_farg-svart-med-gul-borst","11":"pa_total-hojd-60-cm","13":"first","14":"instock","15":"taxable","16":"shipping-taxable","17":"purchasable","18":"product-type-simple"},"acf":[],"yoast_head":"<!-- This site is optimized with the Yoast SEO plugin v24.4 - https:\/\/yoast.com\/wordpress\/plugins\/seo\/ -->\n<title>MINI EasySwing - Ofab<\/title>\n<meta name=\"robots\" content=\"index, follow, max-snippet:-1, max-image-preview:large, max-video-preview:-1\" \/>\n<link rel=\"canonical\" href=\"https:\/\/ofabskara.se\/sv\/produkt\/easyswing-mini\/\" \/>\n<meta property=\"og:locale\" content=\"sv_SE\" \/>\n<meta property=\"og:type\" content=\"article\" \/>\n<meta property=\"og:title\" content=\"MINI EasySwing - Ofab\" \/>\n<meta property=\"og:description\" content=\"EasySwing Mini    EasySwing Mini \u00e4r speciellt utformad f\u00f6r mindre djur som kalvar och getter och \u00e4r det perfekta s\u00e4ttet att uppmuntra naturligt groomingbeteende samtidigt som det st\u00f6der djurens h\u00e4lsa och komfort. Detta lilla kraftpaket erbjuder samma smarta, elfria design som v\u00e5ra st\u00f6rre modeller, med mekanisk sido-till-sida-r\u00f6relse som djur \u00e4lskar. Den \u00e4r enkel att installera, kr\u00e4ver lite underh\u00e5ll och passar perfekt in \u00e4ven i de mest kompakta utrymmena. Oavsett om det \u00e4r inomhus eller utomhus \u00e4r Mini byggd f\u00f6r att ge verkliga f\u00f6rdelar f\u00f6r din bes\u00e4ttning \u2013 ren p\u00e4ls, glada djur och sinnesro f\u00f6r dig.  Forskning st\u00f6der vad lantbrukare har observerat i \u00e5ratal \u2013 groomingverktyg som EasySwing-borstsystemen kan verkligen f\u00f6rb\u00e4ttra djurens v\u00e4lbefinnande. Studier visar att tillg\u00e5ng till mekaniska borstar minskar stressrelaterade beteenden och uppmuntrar naturliga groomingvanor, vilket i sin tur st\u00f6der hudh\u00e4lsan, f\u00f6rb\u00e4ttrar hygienen och till och med kan leda till \u00f6kad aktivitetsniv\u00e5. Dessa positiva effekter \u00e4r s\u00e4rskilt v\u00e4rdefulla i tr\u00e5nga eller t\u00e4ta milj\u00f6er, d\u00e4r djur annars kan ha sv\u00e5rt att uttrycka dessa beteenden naturligt.  M\u00e5tt: Avst\u00e5nd fr\u00e5n v\u00e4gg: 47 cm H\u00f6jd: 62 cm Vikt: 20 kg  EasySwing Mini \u00e4r utformad f\u00f6r att r\u00f6ra sig naturligt med dina djurs groomingvanor. N\u00e4r en kalv, ett f\u00f6l eller en get lutar sig mot borsten, sv\u00e4nger strukturen smidigt upp och ner, vilket g\u00f6r att de kan n\u00e5 exakt den plats de vill kl\u00f6sa. Oavsett om de siktar p\u00e5 ryggen, sidorna eller till och med br\u00f6stet, anpassar sig borstens sv\u00e4ngande r\u00f6relse till deras r\u00f6relser och erbjuder en helkroppsupplevelse. Denna intuitiva design l\u00e5ter djuren kontrollera sin egen borstning, vilket ger ett s\u00e4kert och tillfredsst\u00e4llande s\u00e4tt att h\u00e5lla sig rena och bekv\u00e4ma.\" \/>\n<meta property=\"og:url\" content=\"https:\/\/ofabskara.se\/sv\/produkt\/easyswing-mini\/\" \/>\n<meta property=\"og:site_name\" content=\"Ofab\" \/>\n<meta property=\"article:modified_time\" content=\"2026-03-30T12:13:44+00:00\" \/>\n<meta property=\"og:image\" content=\"https:\/\/ofabskara.se\/wp-content\/uploads\/2023\/09\/es04_bild1.jpg\" \/>\n\t<meta property=\"og:image:width\" content=\"700\" \/>\n\t<meta property=\"og:image:height\" content=\"733\" \/>\n\t<meta property=\"og:image:type\" content=\"image\/jpeg\" \/>\n<meta name=\"twitter:card\" content=\"summary_large_image\" \/>\n<meta name=\"twitter:label1\" content=\"Ber\u00e4knad l\u00e4stid\" \/>\n\t<meta name=\"twitter:data1\" content=\"1 minut\" \/>\n<script type=\"application\/ld+json\" class=\"yoast-schema-graph\">{\"@context\":\"https:\/\/schema.org\",\"@graph\":[{\"@type\":\"WebPage\",\"@id\":\"https:\/\/ofabskara.se\/sv\/produkt\/easyswing-mini\/\",\"url\":\"https:\/\/ofabskara.se\/sv\/produkt\/easyswing-mini\/\",\"name\":\"MINI EasySwing - Ofab\",\"isPartOf\":{\"@id\":\"https:\/\/ofabskara.se\/sv\/#website\"},\"primaryImageOfPage\":{\"@id\":\"https:\/\/ofabskara.se\/sv\/produkt\/easyswing-mini\/#primaryimage\"},\"image\":{\"@id\":\"https:\/\/ofabskara.se\/sv\/produkt\/easyswing-mini\/#primaryimage\"},\"thumbnailUrl\":\"https:\/\/ofabskara.se\/wp-content\/uploads\/2023\/09\/es04_bild1.jpg\",\"datePublished\":\"2017-05-16T06:51:31+00:00\",\"dateModified\":\"2026-03-30T12:13:44+00:00\",\"breadcrumb\":{\"@id\":\"https:\/\/ofabskara.se\/sv\/produkt\/easyswing-mini\/#breadcrumb\"},\"inLanguage\":\"sv-SE\",\"potentialAction\":[{\"@type\":\"ReadAction\",\"target\":[\"https:\/\/ofabskara.se\/sv\/produkt\/easyswing-mini\/\"]}]},{\"@type\":\"ImageObject\",\"inLanguage\":\"sv-SE\",\"@id\":\"https:\/\/ofabskara.se\/sv\/produkt\/easyswing-mini\/#primaryimage\",\"url\":\"https:\/\/ofabskara.se\/wp-content\/uploads\/2023\/09\/es04_bild1.jpg\",\"contentUrl\":\"https:\/\/ofabskara.se\/wp-content\/uploads\/2023\/09\/es04_bild1.jpg\",\"width\":700,\"height\":733},{\"@type\":\"BreadcrumbList\",\"@id\":\"https:\/\/ofabskara.se\/sv\/produkt\/easyswing-mini\/#breadcrumb\",\"itemListElement\":[{\"@type\":\"ListItem\",\"position\":1,\"name\":\"Home\",\"item\":\"https:\/\/ofabskara.se\/sv\/\"},{\"@type\":\"ListItem\",\"position\":2,\"name\":\"Butik\",\"item\":\"https:\/\/ofabskara.se\/sv\/butik\/\"},{\"@type\":\"ListItem\",\"position\":3,\"name\":\"MINI EasySwing\"}]},{\"@type\":\"WebSite\",\"@id\":\"https:\/\/ofabskara.se\/sv\/#website\",\"url\":\"https:\/\/ofabskara.se\/sv\/\",\"name\":\"Ofab\",\"description\":\"\",\"potentialAction\":[{\"@type\":\"SearchAction\",\"target\":{\"@type\":\"EntryPoint\",\"urlTemplate\":\"https:\/\/ofabskara.se\/sv\/?s={search_term_string}\"},\"query-input\":{\"@type\":\"PropertyValueSpecification\",\"valueRequired\":true,\"valueName\":\"search_term_string\"}}],\"inLanguage\":\"sv-SE\"}]}<\/script>\n<!-- \/ Yoast SEO plugin. -->","yoast_head_json":{"title":"MINI EasySwing - Ofab","robots":{"index":"index","follow":"follow","max-snippet":"max-snippet:-1","max-image-preview":"max-image-preview:large","max-video-preview":"max-video-preview:-1"},"canonical":"https:\/\/ofabskara.se\/sv\/produkt\/easyswing-mini\/","og_locale":"sv_SE","og_type":"article","og_title":"MINI EasySwing - Ofab","og_description":"EasySwing Mini    EasySwing Mini \u00e4r speciellt utformad f\u00f6r mindre djur som kalvar och getter och \u00e4r det perfekta s\u00e4ttet att uppmuntra naturligt groomingbeteende samtidigt som det st\u00f6der djurens h\u00e4lsa och komfort. Detta lilla kraftpaket erbjuder samma smarta, elfria design som v\u00e5ra st\u00f6rre modeller, med mekanisk sido-till-sida-r\u00f6relse som djur \u00e4lskar. Den \u00e4r enkel att installera, kr\u00e4ver lite underh\u00e5ll och passar perfekt in \u00e4ven i de mest kompakta utrymmena. Oavsett om det \u00e4r inomhus eller utomhus \u00e4r Mini byggd f\u00f6r att ge verkliga f\u00f6rdelar f\u00f6r din bes\u00e4ttning \u2013 ren p\u00e4ls, glada djur och sinnesro f\u00f6r dig.  Forskning st\u00f6der vad lantbrukare har observerat i \u00e5ratal \u2013 groomingverktyg som EasySwing-borstsystemen kan verkligen f\u00f6rb\u00e4ttra djurens v\u00e4lbefinnande. Studier visar att tillg\u00e5ng till mekaniska borstar minskar stressrelaterade beteenden och uppmuntrar naturliga groomingvanor, vilket i sin tur st\u00f6der hudh\u00e4lsan, f\u00f6rb\u00e4ttrar hygienen och till och med kan leda till \u00f6kad aktivitetsniv\u00e5. Dessa positiva effekter \u00e4r s\u00e4rskilt v\u00e4rdefulla i tr\u00e5nga eller t\u00e4ta milj\u00f6er, d\u00e4r djur annars kan ha sv\u00e5rt att uttrycka dessa beteenden naturligt.  M\u00e5tt: Avst\u00e5nd fr\u00e5n v\u00e4gg: 47 cm H\u00f6jd: 62 cm Vikt: 20 kg  EasySwing Mini \u00e4r utformad f\u00f6r att r\u00f6ra sig naturligt med dina djurs groomingvanor. N\u00e4r en kalv, ett f\u00f6l eller en get lutar sig mot borsten, sv\u00e4nger strukturen smidigt upp och ner, vilket g\u00f6r att de kan n\u00e5 exakt den plats de vill kl\u00f6sa. Oavsett om de siktar p\u00e5 ryggen, sidorna eller till och med br\u00f6stet, anpassar sig borstens sv\u00e4ngande r\u00f6relse till deras r\u00f6relser och erbjuder en helkroppsupplevelse. Denna intuitiva design l\u00e5ter djuren kontrollera sin egen borstning, vilket ger ett s\u00e4kert och tillfredsst\u00e4llande s\u00e4tt att h\u00e5lla sig rena och bekv\u00e4ma.","og_url":"https:\/\/ofabskara.se\/sv\/produkt\/easyswing-mini\/","og_site_name":"Ofab","article_modified_time":"2026-03-30T12:13:44+00:00","og_image":[{"width":700,"height":733,"url":"https:\/\/ofabskara.se\/wp-content\/uploads\/2023\/09\/es04_bild1.jpg","type":"image\/jpeg"}],"twitter_card":"summary_large_image","twitter_misc":{"Ber\u00e4knad l\u00e4stid":"1 minut"},"schema":{"@context":"https:\/\/schema.org","@graph":[{"@type":"WebPage","@id":"https:\/\/ofabskara.se\/sv\/produkt\/easyswing-mini\/","url":"https:\/\/ofabskara.se\/sv\/produkt\/easyswing-mini\/","name":"MINI EasySwing - Ofab","isPartOf":{"@id":"https:\/\/ofabskara.se\/sv\/#website"},"primaryImageOfPage":{"@id":"https:\/\/ofabskara.se\/sv\/produkt\/easyswing-mini\/#primaryimage"},"image":{"@id":"https:\/\/ofabskara.se\/sv\/produkt\/easyswing-mini\/#primaryimage"},"thumbnailUrl":"https:\/\/ofabskara.se\/wp-content\/uploads\/2023\/09\/es04_bild1.jpg","datePublished":"2017-05-16T06:51:31+00:00","dateModified":"2026-03-30T12:13:44+00:00","breadcrumb":{"@id":"https:\/\/ofabskara.se\/sv\/produkt\/easyswing-mini\/#breadcrumb"},"inLanguage":"sv-SE","potentialAction":[{"@type":"ReadAction","target":["https:\/\/ofabskara.se\/sv\/produkt\/easyswing-mini\/"]}]},{"@type":"ImageObject","inLanguage":"sv-SE","@id":"https:\/\/ofabskara.se\/sv\/produkt\/easyswing-mini\/#primaryimage","url":"https:\/\/ofabskara.se\/wp-content\/uploads\/2023\/09\/es04_bild1.jpg","contentUrl":"https:\/\/ofabskara.se\/wp-content\/uploads\/2023\/09\/es04_bild1.jpg","width":700,"height":733},{"@type":"BreadcrumbList","@id":"https:\/\/ofabskara.se\/sv\/produkt\/easyswing-mini\/#breadcrumb","itemListElement":[{"@type":"ListItem","position":1,"name":"Home","item":"https:\/\/ofabskara.se\/sv\/"},{"@type":"ListItem","position":2,"name":"Butik","item":"https:\/\/ofabskara.se\/sv\/butik\/"},{"@type":"ListItem","position":3,"name":"MINI EasySwing"}]},{"@type":"WebSite","@id":"https:\/\/ofabskara.se\/sv\/#website","url":"https:\/\/ofabskara.se\/sv\/","name":"Ofab","description":"","potentialAction":[{"@type":"SearchAction","target":{"@type":"EntryPoint","urlTemplate":"https:\/\/ofabskara.se\/sv\/?s={search_term_string}"},"query-input":{"@type":"PropertyValueSpecification","valueRequired":true,"valueName":"search_term_string"}}],"inLanguage":"sv-SE"}]}},"_links":{"self":[{"href":"https:\/\/ofabskara.se\/sv\/wp-json\/wp\/v2\/product\/2446","targetHints":{"allow":["GET"]}}],"collection":[{"href":"https:\/\/ofabskara.se\/sv\/wp-json\/wp\/v2\/product"}],"about":[{"href":"https:\/\/ofabskara.se\/sv\/wp-json\/wp\/v2\/types\/product"}],"replies":[{"embeddable":true,"href":"https:\/\/ofabskara.se\/sv\/wp-json\/wp\/v2\/comments?post=2446"}],"wp:featuredmedia":[{"embeddable":true,"href":"https:\/\/ofabskara.se\/sv\/wp-json\/wp\/v2\/media\/2447"}],"wp:attachment":[{"href":"https:\/\/ofabskara.se\/sv\/wp-json\/wp\/v2\/media?parent=2446"}],"wp:term":[{"taxonomy":"product_brand","embeddable":true,"href":"https:\/\/ofabskara.se\/sv\/wp-json\/wp\/v2\/product_brand?post=2446"},{"taxonomy":"product_cat","embeddable":true,"href":"https:\/\/ofabskara.se\/sv\/wp-json\/wp\/v2\/product_cat?post=2446"},{"taxonomy":"product_tag","embeddable":true,"href":"https:\/\/ofabskara.se\/sv\/wp-json\/wp\/v2\/product_tag?post=2446"}],"curies":[{"name":"wp","href":"https:\/\/api.w.org\/{rel}","templated":true}]}}