{"id":2796,"date":"2017-05-17T11:32:19","date_gmt":"2017-05-17T09:32:19","guid":{"rendered":"https:\/\/ofabskara.se\/produkt\/varmeelement-for-1000-mm-trag\/"},"modified":"2025-12-18T14:43:16","modified_gmt":"2025-12-18T13:43:16","slug":"varmeelement-for-1000-mm-trag","status":"publish","type":"product","link":"https:\/\/ofabskara.se\/sv\/produkt\/varmeelement-for-1000-mm-trag\/","title":{"rendered":"V\u00e4rmeelement f\u00f6r 1000 mm tr\u00e5g"},"content":{"rendered":"<p>Att monteras p\u00e5 undersidan av tr\u00e5get. 24 V, 180W transformator n\u00f6dv\u00e4ndig.<\/p>\n","protected":false},"excerpt":{"rendered":"<p>V\u00e4rmeplatta avsedd f\u00f6r montering p\u00e5 undersidan av vattentr\u00e5get. Kan anv\u00e4ndas till b\u00e5de tippbara tr\u00e5g och tr\u00e5g som \u00e4r f\u00f6rsedda med avlopp.<\/p>\n<p>24 V-transformator \u00e4r n\u00f6dv\u00e4ndig f\u00f6r att v\u00e4rmeplattan ska kunna anv\u00e4ndas. Plattan \u00e4r avsedd f\u00f6r 1000\/1400 mm tr\u00e5g 180W.<\/p>\n","protected":false},"featured_media":42057,"comment_status":"open","ping_status":"closed","template":"","meta":{"_acf_changed":false,"inline_featured_image":false},"product_brand":[],"product_cat":[69,115,108,215],"product_tag":[],"class_list":{"0":"post-2796","1":"product","2":"type-product","3":"status-publish","4":"has-post-thumbnail","6":"product_cat-vattensystem","7":"product_cat-tillbehor","8":"product_cat-vattentrag","9":"product_cat-suevia-vattentrag","11":"first","12":"instock","13":"taxable","14":"shipping-taxable","15":"purchasable","16":"product-type-simple"},"acf":[],"yoast_head":"<!-- This site is optimized with the Yoast SEO plugin v24.4 - https:\/\/yoast.com\/wordpress\/plugins\/seo\/ -->\n<title>V\u00e4rmeelement f\u00f6r 1000 mm tr\u00e5g - Ofab<\/title>\n<meta name=\"robots\" content=\"index, follow, max-snippet:-1, max-image-preview:large, max-video-preview:-1\" \/>\n<link rel=\"canonical\" href=\"https:\/\/ofabskara.se\/sv\/produkt\/varmeelement-for-1000-mm-trag\/\" \/>\n<meta property=\"og:locale\" content=\"sv_SE\" \/>\n<meta property=\"og:type\" content=\"article\" \/>\n<meta property=\"og:title\" content=\"V\u00e4rmeelement f\u00f6r 1000 mm tr\u00e5g - Ofab\" \/>\n<meta property=\"og:description\" content=\"V\u00e4rmeplatta avsedd f\u00f6r montering p\u00e5 undersidan av vattentr\u00e5get. Kan anv\u00e4ndas till b\u00e5de tippbara tr\u00e5g och tr\u00e5g som \u00e4r f\u00f6rsedda med avlopp.  24 V-transformator \u00e4r n\u00f6dv\u00e4ndig f\u00f6r att v\u00e4rmeplattan ska kunna anv\u00e4ndas. Plattan \u00e4r avsedd f\u00f6r 1000\/1400 mm tr\u00e5g 180W.\" \/>\n<meta property=\"og:url\" content=\"https:\/\/ofabskara.se\/sv\/produkt\/varmeelement-for-1000-mm-trag\/\" \/>\n<meta property=\"og:site_name\" content=\"Ofab\" \/>\n<meta property=\"article:modified_time\" content=\"2025-12-18T13:43:16+00:00\" \/>\n<meta property=\"og:image\" content=\"https:\/\/ofabskara.se\/wp-content\/uploads\/2017\/05\/142270.webp\" \/>\n\t<meta property=\"og:image:width\" content=\"700\" \/>\n\t<meta property=\"og:image:height\" content=\"700\" \/>\n\t<meta property=\"og:image:type\" content=\"image\/webp\" \/>\n<meta name=\"twitter:card\" content=\"summary_large_image\" \/>\n<meta name=\"twitter:label1\" content=\"Ber\u00e4knad l\u00e4stid\" \/>\n\t<meta name=\"twitter:data1\" content=\"1 minut\" \/>\n<script type=\"application\/ld+json\" class=\"yoast-schema-graph\">{\"@context\":\"https:\/\/schema.org\",\"@graph\":[{\"@type\":\"WebPage\",\"@id\":\"https:\/\/ofabskara.se\/sv\/produkt\/varmeelement-for-1000-mm-trag\/\",\"url\":\"https:\/\/ofabskara.se\/sv\/produkt\/varmeelement-for-1000-mm-trag\/\",\"name\":\"V\u00e4rmeelement f\u00f6r 1000 mm tr\u00e5g - Ofab\",\"isPartOf\":{\"@id\":\"https:\/\/ofabskara.se\/sv\/#website\"},\"primaryImageOfPage\":{\"@id\":\"https:\/\/ofabskara.se\/sv\/produkt\/varmeelement-for-1000-mm-trag\/#primaryimage\"},\"image\":{\"@id\":\"https:\/\/ofabskara.se\/sv\/produkt\/varmeelement-for-1000-mm-trag\/#primaryimage\"},\"thumbnailUrl\":\"https:\/\/ofabskara.se\/wp-content\/uploads\/2017\/05\/142270.webp\",\"datePublished\":\"2017-05-17T09:32:19+00:00\",\"dateModified\":\"2025-12-18T13:43:16+00:00\",\"breadcrumb\":{\"@id\":\"https:\/\/ofabskara.se\/sv\/produkt\/varmeelement-for-1000-mm-trag\/#breadcrumb\"},\"inLanguage\":\"sv-SE\",\"potentialAction\":[{\"@type\":\"ReadAction\",\"target\":[\"https:\/\/ofabskara.se\/sv\/produkt\/varmeelement-for-1000-mm-trag\/\"]}]},{\"@type\":\"ImageObject\",\"inLanguage\":\"sv-SE\",\"@id\":\"https:\/\/ofabskara.se\/sv\/produkt\/varmeelement-for-1000-mm-trag\/#primaryimage\",\"url\":\"https:\/\/ofabskara.se\/wp-content\/uploads\/2017\/05\/142270.webp\",\"contentUrl\":\"https:\/\/ofabskara.se\/wp-content\/uploads\/2017\/05\/142270.webp\",\"width\":700,\"height\":700,\"caption\":\"142270\"},{\"@type\":\"BreadcrumbList\",\"@id\":\"https:\/\/ofabskara.se\/sv\/produkt\/varmeelement-for-1000-mm-trag\/#breadcrumb\",\"itemListElement\":[{\"@type\":\"ListItem\",\"position\":1,\"name\":\"Home\",\"item\":\"https:\/\/ofabskara.se\/sv\/\"},{\"@type\":\"ListItem\",\"position\":2,\"name\":\"Butik\",\"item\":\"https:\/\/ofabskara.se\/sv\/butik\/\"},{\"@type\":\"ListItem\",\"position\":3,\"name\":\"V\u00e4rmeelement f\u00f6r 1000 mm tr\u00e5g\"}]},{\"@type\":\"WebSite\",\"@id\":\"https:\/\/ofabskara.se\/sv\/#website\",\"url\":\"https:\/\/ofabskara.se\/sv\/\",\"name\":\"Ofab\",\"description\":\"\",\"potentialAction\":[{\"@type\":\"SearchAction\",\"target\":{\"@type\":\"EntryPoint\",\"urlTemplate\":\"https:\/\/ofabskara.se\/sv\/?s={search_term_string}\"},\"query-input\":{\"@type\":\"PropertyValueSpecification\",\"valueRequired\":true,\"valueName\":\"search_term_string\"}}],\"inLanguage\":\"sv-SE\"}]}<\/script>\n<!-- \/ Yoast SEO plugin. -->","yoast_head_json":{"title":"V\u00e4rmeelement f\u00f6r 1000 mm tr\u00e5g - Ofab","robots":{"index":"index","follow":"follow","max-snippet":"max-snippet:-1","max-image-preview":"max-image-preview:large","max-video-preview":"max-video-preview:-1"},"canonical":"https:\/\/ofabskara.se\/sv\/produkt\/varmeelement-for-1000-mm-trag\/","og_locale":"sv_SE","og_type":"article","og_title":"V\u00e4rmeelement f\u00f6r 1000 mm tr\u00e5g - Ofab","og_description":"V\u00e4rmeplatta avsedd f\u00f6r montering p\u00e5 undersidan av vattentr\u00e5get. Kan anv\u00e4ndas till b\u00e5de tippbara tr\u00e5g och tr\u00e5g som \u00e4r f\u00f6rsedda med avlopp.  24 V-transformator \u00e4r n\u00f6dv\u00e4ndig f\u00f6r att v\u00e4rmeplattan ska kunna anv\u00e4ndas. Plattan \u00e4r avsedd f\u00f6r 1000\/1400 mm tr\u00e5g 180W.","og_url":"https:\/\/ofabskara.se\/sv\/produkt\/varmeelement-for-1000-mm-trag\/","og_site_name":"Ofab","article_modified_time":"2025-12-18T13:43:16+00:00","og_image":[{"width":700,"height":700,"url":"https:\/\/ofabskara.se\/wp-content\/uploads\/2017\/05\/142270.webp","type":"image\/webp"}],"twitter_card":"summary_large_image","twitter_misc":{"Ber\u00e4knad l\u00e4stid":"1 minut"},"schema":{"@context":"https:\/\/schema.org","@graph":[{"@type":"WebPage","@id":"https:\/\/ofabskara.se\/sv\/produkt\/varmeelement-for-1000-mm-trag\/","url":"https:\/\/ofabskara.se\/sv\/produkt\/varmeelement-for-1000-mm-trag\/","name":"V\u00e4rmeelement f\u00f6r 1000 mm tr\u00e5g - Ofab","isPartOf":{"@id":"https:\/\/ofabskara.se\/sv\/#website"},"primaryImageOfPage":{"@id":"https:\/\/ofabskara.se\/sv\/produkt\/varmeelement-for-1000-mm-trag\/#primaryimage"},"image":{"@id":"https:\/\/ofabskara.se\/sv\/produkt\/varmeelement-for-1000-mm-trag\/#primaryimage"},"thumbnailUrl":"https:\/\/ofabskara.se\/wp-content\/uploads\/2017\/05\/142270.webp","datePublished":"2017-05-17T09:32:19+00:00","dateModified":"2025-12-18T13:43:16+00:00","breadcrumb":{"@id":"https:\/\/ofabskara.se\/sv\/produkt\/varmeelement-for-1000-mm-trag\/#breadcrumb"},"inLanguage":"sv-SE","potentialAction":[{"@type":"ReadAction","target":["https:\/\/ofabskara.se\/sv\/produkt\/varmeelement-for-1000-mm-trag\/"]}]},{"@type":"ImageObject","inLanguage":"sv-SE","@id":"https:\/\/ofabskara.se\/sv\/produkt\/varmeelement-for-1000-mm-trag\/#primaryimage","url":"https:\/\/ofabskara.se\/wp-content\/uploads\/2017\/05\/142270.webp","contentUrl":"https:\/\/ofabskara.se\/wp-content\/uploads\/2017\/05\/142270.webp","width":700,"height":700,"caption":"142270"},{"@type":"BreadcrumbList","@id":"https:\/\/ofabskara.se\/sv\/produkt\/varmeelement-for-1000-mm-trag\/#breadcrumb","itemListElement":[{"@type":"ListItem","position":1,"name":"Home","item":"https:\/\/ofabskara.se\/sv\/"},{"@type":"ListItem","position":2,"name":"Butik","item":"https:\/\/ofabskara.se\/sv\/butik\/"},{"@type":"ListItem","position":3,"name":"V\u00e4rmeelement f\u00f6r 1000 mm tr\u00e5g"}]},{"@type":"WebSite","@id":"https:\/\/ofabskara.se\/sv\/#website","url":"https:\/\/ofabskara.se\/sv\/","name":"Ofab","description":"","potentialAction":[{"@type":"SearchAction","target":{"@type":"EntryPoint","urlTemplate":"https:\/\/ofabskara.se\/sv\/?s={search_term_string}"},"query-input":{"@type":"PropertyValueSpecification","valueRequired":true,"valueName":"search_term_string"}}],"inLanguage":"sv-SE"}]}},"_links":{"self":[{"href":"https:\/\/ofabskara.se\/sv\/wp-json\/wp\/v2\/product\/2796","targetHints":{"allow":["GET"]}}],"collection":[{"href":"https:\/\/ofabskara.se\/sv\/wp-json\/wp\/v2\/product"}],"about":[{"href":"https:\/\/ofabskara.se\/sv\/wp-json\/wp\/v2\/types\/product"}],"replies":[{"embeddable":true,"href":"https:\/\/ofabskara.se\/sv\/wp-json\/wp\/v2\/comments?post=2796"}],"wp:featuredmedia":[{"embeddable":true,"href":"https:\/\/ofabskara.se\/sv\/wp-json\/wp\/v2\/media\/42057"}],"wp:attachment":[{"href":"https:\/\/ofabskara.se\/sv\/wp-json\/wp\/v2\/media?parent=2796"}],"wp:term":[{"taxonomy":"product_brand","embeddable":true,"href":"https:\/\/ofabskara.se\/sv\/wp-json\/wp\/v2\/product_brand?post=2796"},{"taxonomy":"product_cat","embeddable":true,"href":"https:\/\/ofabskara.se\/sv\/wp-json\/wp\/v2\/product_cat?post=2796"},{"taxonomy":"product_tag","embeddable":true,"href":"https:\/\/ofabskara.se\/sv\/wp-json\/wp\/v2\/product_tag?post=2796"}],"curies":[{"name":"wp","href":"https:\/\/api.w.org\/{rel}","templated":true}]}}