{"id":2878,"date":"2017-05-17T11:36:00","date_gmt":"2017-05-17T09:36:00","guid":{"rendered":"https:\/\/ofabskara.se\/produkt\/avant-grind-23-32-for-vatten-2\/"},"modified":"2026-04-28T09:30:18","modified_gmt":"2026-04-28T07:30:18","slug":"avant-grind-23-32-for-vatten-2","status":"publish","type":"product","link":"https:\/\/ofabskara.se\/sv\/produkt\/avant-grind-23-32-for-vatten-2\/","title":{"rendered":"5-r\u00f6rs grind 2,4-3,5m vattenkopp"},"content":{"rendered":"","protected":false},"excerpt":{"rendered":"<ul>\n<li><strong>Grind med justerbar \u00f6ppning f\u00f6r vattenkopp.<\/strong><\/li>\n<li><strong>Teleskopsgrindarna \u00e4r flexibla och \u00e4r tillverkade av tjockv\u00e4ggiga r\u00f6r som st\u00e5r emot attacker fr\u00e5n dom st\u00f6rsta djuren.<\/strong><\/li>\n<li><strong>R\u00f6rdim.60,3\u00d73,2mm, Teleskopsdel dim. 48,3\u00d73,0mm, gavlar av h\u00e5lprofil 60x60x3mm, vertikal r\u00f6rf\u00f6rst\u00e4rkning r\u00f6rdim.48,3\u00d73,0mm.<\/strong><\/li>\n<li><strong>Fixera grinden i \u00f6nskat m\u00e5tt och l\u00e5s med bultar.<\/strong><\/li>\n<li><strong>Grindh\u00f6jd115cm.<\/strong><\/li>\n<li><strong>Avst\u00e5nd mellan horisontella r\u00f6r \u00e4r 210mm.<\/strong><\/li>\n<\/ul>\n","protected":false},"featured_media":2850,"comment_status":"closed","ping_status":"open","template":"","meta":{"_acf_changed":false,"inline_featured_image":false},"product_brand":[],"product_cat":[22],"product_tag":[],"class_list":{"0":"post-2878","1":"product","2":"type-product","3":"status-publish","4":"has-post-thumbnail","6":"product_cat-okategoriserad","7":"pa_install-langd-220-330cm","9":"first","10":"outofstock","11":"taxable","12":"shipping-taxable","13":"purchasable","14":"product-type-simple"},"acf":[],"yoast_head":"<!-- This site is optimized with the Yoast SEO plugin v24.4 - https:\/\/yoast.com\/wordpress\/plugins\/seo\/ -->\n<title>5-r\u00f6rs grind 2,4-3,5m vattenkopp - Ofab<\/title>\n<meta name=\"robots\" content=\"index, follow, max-snippet:-1, max-image-preview:large, max-video-preview:-1\" \/>\n<link rel=\"canonical\" href=\"https:\/\/ofabskara.se\/sv\/produkt\/avant-grind-23-32-for-vatten-2\/\" \/>\n<meta property=\"og:locale\" content=\"sv_SE\" \/>\n<meta property=\"og:type\" content=\"article\" \/>\n<meta property=\"og:title\" content=\"5-r\u00f6rs grind 2,4-3,5m vattenkopp - Ofab\" \/>\n<meta property=\"og:description\" content=\"Grind med justerbar \u00f6ppning f\u00f6r vattenkopp.  Teleskopsgrindarna \u00e4r flexibla och \u00e4r tillverkade av tjockv\u00e4ggiga r\u00f6r som st\u00e5r emot attacker fr\u00e5n dom st\u00f6rsta djuren.  R\u00f6rdim.60,3\u00d73,2mm, Teleskopsdel dim. 48,3\u00d73,0mm, gavlar av h\u00e5lprofil 60x60x3mm, vertikal r\u00f6rf\u00f6rst\u00e4rkning r\u00f6rdim.48,3\u00d73,0mm.  Fixera grinden i \u00f6nskat m\u00e5tt och l\u00e5s med bultar.  Grindh\u00f6jd115cm.  Avst\u00e5nd mellan horisontella r\u00f6r \u00e4r 210mm.\" \/>\n<meta property=\"og:url\" content=\"https:\/\/ofabskara.se\/sv\/produkt\/avant-grind-23-32-for-vatten-2\/\" \/>\n<meta property=\"og:site_name\" content=\"Ofab\" \/>\n<meta property=\"article:modified_time\" content=\"2026-04-28T07:30:18+00:00\" \/>\n<meta property=\"og:image\" content=\"https:\/\/ofabskara.se\/wp-content\/uploads\/2023\/09\/MG_7060-Edit-1-1-scaled.jpg\" \/>\n\t<meta property=\"og:image:width\" content=\"2560\" \/>\n\t<meta property=\"og:image:height\" content=\"2560\" \/>\n\t<meta property=\"og:image:type\" content=\"image\/jpeg\" \/>\n<meta name=\"twitter:card\" content=\"summary_large_image\" \/>\n<script type=\"application\/ld+json\" class=\"yoast-schema-graph\">{\"@context\":\"https:\/\/schema.org\",\"@graph\":[{\"@type\":\"WebPage\",\"@id\":\"https:\/\/ofabskara.se\/sv\/produkt\/avant-grind-23-32-for-vatten-2\/\",\"url\":\"https:\/\/ofabskara.se\/sv\/produkt\/avant-grind-23-32-for-vatten-2\/\",\"name\":\"5-r\u00f6rs grind 2,4-3,5m vattenkopp - Ofab\",\"isPartOf\":{\"@id\":\"https:\/\/ofabskara.se\/sv\/#website\"},\"primaryImageOfPage\":{\"@id\":\"https:\/\/ofabskara.se\/sv\/produkt\/avant-grind-23-32-for-vatten-2\/#primaryimage\"},\"image\":{\"@id\":\"https:\/\/ofabskara.se\/sv\/produkt\/avant-grind-23-32-for-vatten-2\/#primaryimage\"},\"thumbnailUrl\":\"https:\/\/ofabskara.se\/wp-content\/uploads\/2023\/09\/MG_7060-Edit-1-1-scaled.jpg\",\"datePublished\":\"2017-05-17T09:36:00+00:00\",\"dateModified\":\"2026-04-28T07:30:18+00:00\",\"breadcrumb\":{\"@id\":\"https:\/\/ofabskara.se\/sv\/produkt\/avant-grind-23-32-for-vatten-2\/#breadcrumb\"},\"inLanguage\":\"sv-SE\",\"potentialAction\":[{\"@type\":\"ReadAction\",\"target\":[\"https:\/\/ofabskara.se\/sv\/produkt\/avant-grind-23-32-for-vatten-2\/\"]}]},{\"@type\":\"ImageObject\",\"inLanguage\":\"sv-SE\",\"@id\":\"https:\/\/ofabskara.se\/sv\/produkt\/avant-grind-23-32-for-vatten-2\/#primaryimage\",\"url\":\"https:\/\/ofabskara.se\/wp-content\/uploads\/2023\/09\/MG_7060-Edit-1-1-scaled.jpg\",\"contentUrl\":\"https:\/\/ofabskara.se\/wp-content\/uploads\/2023\/09\/MG_7060-Edit-1-1-scaled.jpg\",\"width\":2560,\"height\":2560},{\"@type\":\"BreadcrumbList\",\"@id\":\"https:\/\/ofabskara.se\/sv\/produkt\/avant-grind-23-32-for-vatten-2\/#breadcrumb\",\"itemListElement\":[{\"@type\":\"ListItem\",\"position\":1,\"name\":\"Home\",\"item\":\"https:\/\/ofabskara.se\/sv\/\"},{\"@type\":\"ListItem\",\"position\":2,\"name\":\"Butik\",\"item\":\"https:\/\/ofabskara.se\/sv\/butik\/\"},{\"@type\":\"ListItem\",\"position\":3,\"name\":\"5-r\u00f6rs grind 2,4-3,5m vattenkopp\"}]},{\"@type\":\"WebSite\",\"@id\":\"https:\/\/ofabskara.se\/sv\/#website\",\"url\":\"https:\/\/ofabskara.se\/sv\/\",\"name\":\"Ofab\",\"description\":\"\",\"potentialAction\":[{\"@type\":\"SearchAction\",\"target\":{\"@type\":\"EntryPoint\",\"urlTemplate\":\"https:\/\/ofabskara.se\/sv\/?s={search_term_string}\"},\"query-input\":{\"@type\":\"PropertyValueSpecification\",\"valueRequired\":true,\"valueName\":\"search_term_string\"}}],\"inLanguage\":\"sv-SE\"}]}<\/script>\n<!-- \/ Yoast SEO plugin. -->","yoast_head_json":{"title":"5-r\u00f6rs grind 2,4-3,5m vattenkopp - Ofab","robots":{"index":"index","follow":"follow","max-snippet":"max-snippet:-1","max-image-preview":"max-image-preview:large","max-video-preview":"max-video-preview:-1"},"canonical":"https:\/\/ofabskara.se\/sv\/produkt\/avant-grind-23-32-for-vatten-2\/","og_locale":"sv_SE","og_type":"article","og_title":"5-r\u00f6rs grind 2,4-3,5m vattenkopp - Ofab","og_description":"Grind med justerbar \u00f6ppning f\u00f6r vattenkopp.  Teleskopsgrindarna \u00e4r flexibla och \u00e4r tillverkade av tjockv\u00e4ggiga r\u00f6r som st\u00e5r emot attacker fr\u00e5n dom st\u00f6rsta djuren.  R\u00f6rdim.60,3\u00d73,2mm, Teleskopsdel dim. 48,3\u00d73,0mm, gavlar av h\u00e5lprofil 60x60x3mm, vertikal r\u00f6rf\u00f6rst\u00e4rkning r\u00f6rdim.48,3\u00d73,0mm.  Fixera grinden i \u00f6nskat m\u00e5tt och l\u00e5s med bultar.  Grindh\u00f6jd115cm.  Avst\u00e5nd mellan horisontella r\u00f6r \u00e4r 210mm.","og_url":"https:\/\/ofabskara.se\/sv\/produkt\/avant-grind-23-32-for-vatten-2\/","og_site_name":"Ofab","article_modified_time":"2026-04-28T07:30:18+00:00","og_image":[{"width":2560,"height":2560,"url":"https:\/\/ofabskara.se\/wp-content\/uploads\/2023\/09\/MG_7060-Edit-1-1-scaled.jpg","type":"image\/jpeg"}],"twitter_card":"summary_large_image","schema":{"@context":"https:\/\/schema.org","@graph":[{"@type":"WebPage","@id":"https:\/\/ofabskara.se\/sv\/produkt\/avant-grind-23-32-for-vatten-2\/","url":"https:\/\/ofabskara.se\/sv\/produkt\/avant-grind-23-32-for-vatten-2\/","name":"5-r\u00f6rs grind 2,4-3,5m vattenkopp - Ofab","isPartOf":{"@id":"https:\/\/ofabskara.se\/sv\/#website"},"primaryImageOfPage":{"@id":"https:\/\/ofabskara.se\/sv\/produkt\/avant-grind-23-32-for-vatten-2\/#primaryimage"},"image":{"@id":"https:\/\/ofabskara.se\/sv\/produkt\/avant-grind-23-32-for-vatten-2\/#primaryimage"},"thumbnailUrl":"https:\/\/ofabskara.se\/wp-content\/uploads\/2023\/09\/MG_7060-Edit-1-1-scaled.jpg","datePublished":"2017-05-17T09:36:00+00:00","dateModified":"2026-04-28T07:30:18+00:00","breadcrumb":{"@id":"https:\/\/ofabskara.se\/sv\/produkt\/avant-grind-23-32-for-vatten-2\/#breadcrumb"},"inLanguage":"sv-SE","potentialAction":[{"@type":"ReadAction","target":["https:\/\/ofabskara.se\/sv\/produkt\/avant-grind-23-32-for-vatten-2\/"]}]},{"@type":"ImageObject","inLanguage":"sv-SE","@id":"https:\/\/ofabskara.se\/sv\/produkt\/avant-grind-23-32-for-vatten-2\/#primaryimage","url":"https:\/\/ofabskara.se\/wp-content\/uploads\/2023\/09\/MG_7060-Edit-1-1-scaled.jpg","contentUrl":"https:\/\/ofabskara.se\/wp-content\/uploads\/2023\/09\/MG_7060-Edit-1-1-scaled.jpg","width":2560,"height":2560},{"@type":"BreadcrumbList","@id":"https:\/\/ofabskara.se\/sv\/produkt\/avant-grind-23-32-for-vatten-2\/#breadcrumb","itemListElement":[{"@type":"ListItem","position":1,"name":"Home","item":"https:\/\/ofabskara.se\/sv\/"},{"@type":"ListItem","position":2,"name":"Butik","item":"https:\/\/ofabskara.se\/sv\/butik\/"},{"@type":"ListItem","position":3,"name":"5-r\u00f6rs grind 2,4-3,5m vattenkopp"}]},{"@type":"WebSite","@id":"https:\/\/ofabskara.se\/sv\/#website","url":"https:\/\/ofabskara.se\/sv\/","name":"Ofab","description":"","potentialAction":[{"@type":"SearchAction","target":{"@type":"EntryPoint","urlTemplate":"https:\/\/ofabskara.se\/sv\/?s={search_term_string}"},"query-input":{"@type":"PropertyValueSpecification","valueRequired":true,"valueName":"search_term_string"}}],"inLanguage":"sv-SE"}]}},"_links":{"self":[{"href":"https:\/\/ofabskara.se\/sv\/wp-json\/wp\/v2\/product\/2878","targetHints":{"allow":["GET"]}}],"collection":[{"href":"https:\/\/ofabskara.se\/sv\/wp-json\/wp\/v2\/product"}],"about":[{"href":"https:\/\/ofabskara.se\/sv\/wp-json\/wp\/v2\/types\/product"}],"replies":[{"embeddable":true,"href":"https:\/\/ofabskara.se\/sv\/wp-json\/wp\/v2\/comments?post=2878"}],"wp:featuredmedia":[{"embeddable":true,"href":"https:\/\/ofabskara.se\/sv\/wp-json\/wp\/v2\/media\/2850"}],"wp:attachment":[{"href":"https:\/\/ofabskara.se\/sv\/wp-json\/wp\/v2\/media?parent=2878"}],"wp:term":[{"taxonomy":"product_brand","embeddable":true,"href":"https:\/\/ofabskara.se\/sv\/wp-json\/wp\/v2\/product_brand?post=2878"},{"taxonomy":"product_cat","embeddable":true,"href":"https:\/\/ofabskara.se\/sv\/wp-json\/wp\/v2\/product_cat?post=2878"},{"taxonomy":"product_tag","embeddable":true,"href":"https:\/\/ofabskara.se\/sv\/wp-json\/wp\/v2\/product_tag?post=2878"}],"curies":[{"name":"wp","href":"https:\/\/api.w.org\/{rel}","templated":true}]}}