{"id":2950,"date":"2017-05-17T11:48:11","date_gmt":"2017-05-17T09:48:11","guid":{"rendered":"https:\/\/ofabskara.se\/produkt\/u-profil-65x42x55mm-l175-cm\/"},"modified":"2026-04-16T15:30:16","modified_gmt":"2026-04-16T13:30:16","slug":"u-profil-65x42x55mm-l175-cm","status":"publish","type":"product","link":"https:\/\/ofabskara.se\/sv\/produkt\/u-profil-65x42x55mm-l175-cm\/","title":{"rendered":"U-profil 175 cm"},"content":{"rendered":"","protected":false},"excerpt":{"rendered":"<ul>\n<li><strong>L\u00e4ngd 1750mm<\/strong><\/li>\n<li><strong>Bredd 65mm<\/strong><\/li>\n<li><strong>Inv\u00e4ndigt m\u00e5tt 42mm<\/strong><\/li>\n<li><strong>Godstjocklek 5,5mm\u00a0\u00a0<\/strong><\/li>\n<li><strong>Bygg enkelt en v\u00e4gg med br\u00e4dor<\/strong><\/li>\n<li><strong>10,5 kg<\/strong><\/li>\n<\/ul>\n","protected":false},"featured_media":2951,"comment_status":"closed","ping_status":"closed","template":"","meta":{"_acf_changed":false,"inline_featured_image":false},"product_brand":[],"product_cat":[65,174,176,179,178,177],"product_tag":[],"class_list":{"0":"post-2950","1":"product","2":"type-product","3":"status-publish","4":"has-post-thumbnail","6":"product_cat-notdjur","7":"product_cat-stolpar-beslag-till-grindar-inredning-notdjur","8":"product_cat-beslag-bultning","9":"product_cat-stolpar-beslag-runda-102mm-notdjur","10":"product_cat-stolpar-beslag-oktogon-102mm-notdjur","11":"product_cat-stolpar-beslag-oktogon-76mm-notdjur","13":"first","14":"outofstock","15":"taxable","16":"shipping-taxable","17":"purchasable","18":"product-type-simple"},"acf":[],"yoast_head":"<!-- This site is optimized with the Yoast SEO plugin v24.4 - https:\/\/yoast.com\/wordpress\/plugins\/seo\/ -->\n<title>U-profil 175 cm - Ofab<\/title>\n<meta name=\"robots\" content=\"index, follow, max-snippet:-1, max-image-preview:large, max-video-preview:-1\" \/>\n<link rel=\"canonical\" href=\"https:\/\/ofabskara.se\/sv\/produkt\/u-profil-65x42x55mm-l175-cm\/\" \/>\n<meta property=\"og:locale\" content=\"sv_SE\" \/>\n<meta property=\"og:type\" content=\"article\" \/>\n<meta property=\"og:title\" content=\"U-profil 175 cm - Ofab\" \/>\n<meta property=\"og:description\" content=\"L\u00e4ngd 1750mm  Bredd 65mm  Inv\u00e4ndigt m\u00e5tt 42mm  Godstjocklek 5,5mm\u00a0\u00a0  Bygg enkelt en v\u00e4gg med br\u00e4dor  10,5 kg\" \/>\n<meta property=\"og:url\" content=\"https:\/\/ofabskara.se\/sv\/produkt\/u-profil-65x42x55mm-l175-cm\/\" \/>\n<meta property=\"og:site_name\" content=\"Ofab\" \/>\n<meta property=\"article:modified_time\" content=\"2026-04-16T13:30:16+00:00\" \/>\n<meta property=\"og:image\" content=\"https:\/\/ofabskara.se\/wp-content\/uploads\/2023\/09\/IMG_20180809_110253-scaled.jpg\" \/>\n\t<meta property=\"og:image:width\" content=\"2560\" \/>\n\t<meta property=\"og:image:height\" content=\"2560\" \/>\n\t<meta property=\"og:image:type\" content=\"image\/jpeg\" \/>\n<meta name=\"twitter:card\" content=\"summary_large_image\" \/>\n<script type=\"application\/ld+json\" class=\"yoast-schema-graph\">{\"@context\":\"https:\/\/schema.org\",\"@graph\":[{\"@type\":\"WebPage\",\"@id\":\"https:\/\/ofabskara.se\/sv\/produkt\/u-profil-65x42x55mm-l175-cm\/\",\"url\":\"https:\/\/ofabskara.se\/sv\/produkt\/u-profil-65x42x55mm-l175-cm\/\",\"name\":\"U-profil 175 cm - Ofab\",\"isPartOf\":{\"@id\":\"https:\/\/ofabskara.se\/sv\/#website\"},\"primaryImageOfPage\":{\"@id\":\"https:\/\/ofabskara.se\/sv\/produkt\/u-profil-65x42x55mm-l175-cm\/#primaryimage\"},\"image\":{\"@id\":\"https:\/\/ofabskara.se\/sv\/produkt\/u-profil-65x42x55mm-l175-cm\/#primaryimage\"},\"thumbnailUrl\":\"https:\/\/ofabskara.se\/wp-content\/uploads\/2023\/09\/IMG_20180809_110253-scaled.jpg\",\"datePublished\":\"2017-05-17T09:48:11+00:00\",\"dateModified\":\"2026-04-16T13:30:16+00:00\",\"breadcrumb\":{\"@id\":\"https:\/\/ofabskara.se\/sv\/produkt\/u-profil-65x42x55mm-l175-cm\/#breadcrumb\"},\"inLanguage\":\"sv-SE\",\"potentialAction\":[{\"@type\":\"ReadAction\",\"target\":[\"https:\/\/ofabskara.se\/sv\/produkt\/u-profil-65x42x55mm-l175-cm\/\"]}]},{\"@type\":\"ImageObject\",\"inLanguage\":\"sv-SE\",\"@id\":\"https:\/\/ofabskara.se\/sv\/produkt\/u-profil-65x42x55mm-l175-cm\/#primaryimage\",\"url\":\"https:\/\/ofabskara.se\/wp-content\/uploads\/2023\/09\/IMG_20180809_110253-scaled.jpg\",\"contentUrl\":\"https:\/\/ofabskara.se\/wp-content\/uploads\/2023\/09\/IMG_20180809_110253-scaled.jpg\",\"width\":2560,\"height\":2560},{\"@type\":\"BreadcrumbList\",\"@id\":\"https:\/\/ofabskara.se\/sv\/produkt\/u-profil-65x42x55mm-l175-cm\/#breadcrumb\",\"itemListElement\":[{\"@type\":\"ListItem\",\"position\":1,\"name\":\"Home\",\"item\":\"https:\/\/ofabskara.se\/sv\/\"},{\"@type\":\"ListItem\",\"position\":2,\"name\":\"Butik\",\"item\":\"https:\/\/ofabskara.se\/sv\/butik\/\"},{\"@type\":\"ListItem\",\"position\":3,\"name\":\"U-profil 175 cm\"}]},{\"@type\":\"WebSite\",\"@id\":\"https:\/\/ofabskara.se\/sv\/#website\",\"url\":\"https:\/\/ofabskara.se\/sv\/\",\"name\":\"Ofab\",\"description\":\"\",\"potentialAction\":[{\"@type\":\"SearchAction\",\"target\":{\"@type\":\"EntryPoint\",\"urlTemplate\":\"https:\/\/ofabskara.se\/sv\/?s={search_term_string}\"},\"query-input\":{\"@type\":\"PropertyValueSpecification\",\"valueRequired\":true,\"valueName\":\"search_term_string\"}}],\"inLanguage\":\"sv-SE\"}]}<\/script>\n<!-- \/ Yoast SEO plugin. -->","yoast_head_json":{"title":"U-profil 175 cm - Ofab","robots":{"index":"index","follow":"follow","max-snippet":"max-snippet:-1","max-image-preview":"max-image-preview:large","max-video-preview":"max-video-preview:-1"},"canonical":"https:\/\/ofabskara.se\/sv\/produkt\/u-profil-65x42x55mm-l175-cm\/","og_locale":"sv_SE","og_type":"article","og_title":"U-profil 175 cm - Ofab","og_description":"L\u00e4ngd 1750mm  Bredd 65mm  Inv\u00e4ndigt m\u00e5tt 42mm  Godstjocklek 5,5mm\u00a0\u00a0  Bygg enkelt en v\u00e4gg med br\u00e4dor  10,5 kg","og_url":"https:\/\/ofabskara.se\/sv\/produkt\/u-profil-65x42x55mm-l175-cm\/","og_site_name":"Ofab","article_modified_time":"2026-04-16T13:30:16+00:00","og_image":[{"width":2560,"height":2560,"url":"https:\/\/ofabskara.se\/wp-content\/uploads\/2023\/09\/IMG_20180809_110253-scaled.jpg","type":"image\/jpeg"}],"twitter_card":"summary_large_image","schema":{"@context":"https:\/\/schema.org","@graph":[{"@type":"WebPage","@id":"https:\/\/ofabskara.se\/sv\/produkt\/u-profil-65x42x55mm-l175-cm\/","url":"https:\/\/ofabskara.se\/sv\/produkt\/u-profil-65x42x55mm-l175-cm\/","name":"U-profil 175 cm - Ofab","isPartOf":{"@id":"https:\/\/ofabskara.se\/sv\/#website"},"primaryImageOfPage":{"@id":"https:\/\/ofabskara.se\/sv\/produkt\/u-profil-65x42x55mm-l175-cm\/#primaryimage"},"image":{"@id":"https:\/\/ofabskara.se\/sv\/produkt\/u-profil-65x42x55mm-l175-cm\/#primaryimage"},"thumbnailUrl":"https:\/\/ofabskara.se\/wp-content\/uploads\/2023\/09\/IMG_20180809_110253-scaled.jpg","datePublished":"2017-05-17T09:48:11+00:00","dateModified":"2026-04-16T13:30:16+00:00","breadcrumb":{"@id":"https:\/\/ofabskara.se\/sv\/produkt\/u-profil-65x42x55mm-l175-cm\/#breadcrumb"},"inLanguage":"sv-SE","potentialAction":[{"@type":"ReadAction","target":["https:\/\/ofabskara.se\/sv\/produkt\/u-profil-65x42x55mm-l175-cm\/"]}]},{"@type":"ImageObject","inLanguage":"sv-SE","@id":"https:\/\/ofabskara.se\/sv\/produkt\/u-profil-65x42x55mm-l175-cm\/#primaryimage","url":"https:\/\/ofabskara.se\/wp-content\/uploads\/2023\/09\/IMG_20180809_110253-scaled.jpg","contentUrl":"https:\/\/ofabskara.se\/wp-content\/uploads\/2023\/09\/IMG_20180809_110253-scaled.jpg","width":2560,"height":2560},{"@type":"BreadcrumbList","@id":"https:\/\/ofabskara.se\/sv\/produkt\/u-profil-65x42x55mm-l175-cm\/#breadcrumb","itemListElement":[{"@type":"ListItem","position":1,"name":"Home","item":"https:\/\/ofabskara.se\/sv\/"},{"@type":"ListItem","position":2,"name":"Butik","item":"https:\/\/ofabskara.se\/sv\/butik\/"},{"@type":"ListItem","position":3,"name":"U-profil 175 cm"}]},{"@type":"WebSite","@id":"https:\/\/ofabskara.se\/sv\/#website","url":"https:\/\/ofabskara.se\/sv\/","name":"Ofab","description":"","potentialAction":[{"@type":"SearchAction","target":{"@type":"EntryPoint","urlTemplate":"https:\/\/ofabskara.se\/sv\/?s={search_term_string}"},"query-input":{"@type":"PropertyValueSpecification","valueRequired":true,"valueName":"search_term_string"}}],"inLanguage":"sv-SE"}]}},"_links":{"self":[{"href":"https:\/\/ofabskara.se\/sv\/wp-json\/wp\/v2\/product\/2950","targetHints":{"allow":["GET"]}}],"collection":[{"href":"https:\/\/ofabskara.se\/sv\/wp-json\/wp\/v2\/product"}],"about":[{"href":"https:\/\/ofabskara.se\/sv\/wp-json\/wp\/v2\/types\/product"}],"replies":[{"embeddable":true,"href":"https:\/\/ofabskara.se\/sv\/wp-json\/wp\/v2\/comments?post=2950"}],"wp:featuredmedia":[{"embeddable":true,"href":"https:\/\/ofabskara.se\/sv\/wp-json\/wp\/v2\/media\/2951"}],"wp:attachment":[{"href":"https:\/\/ofabskara.se\/sv\/wp-json\/wp\/v2\/media?parent=2950"}],"wp:term":[{"taxonomy":"product_brand","embeddable":true,"href":"https:\/\/ofabskara.se\/sv\/wp-json\/wp\/v2\/product_brand?post=2950"},{"taxonomy":"product_cat","embeddable":true,"href":"https:\/\/ofabskara.se\/sv\/wp-json\/wp\/v2\/product_cat?post=2950"},{"taxonomy":"product_tag","embeddable":true,"href":"https:\/\/ofabskara.se\/sv\/wp-json\/wp\/v2\/product_tag?post=2950"}],"curies":[{"name":"wp","href":"https:\/\/api.w.org\/{rel}","templated":true}]}}