{"id":3394,"date":"2017-05-17T12:05:51","date_gmt":"2017-05-17T10:05:51","guid":{"rendered":"https:\/\/ofabskara.se\/produkt\/stolpe-oktogon-102-mm-168cm\/"},"modified":"2026-04-23T09:03:51","modified_gmt":"2026-04-23T07:03:51","slug":"stolpe-oktogon-102-mm-168cm","status":"publish","type":"product","link":"https:\/\/ofabskara.se\/sv\/produkt\/stolpe-oktogon-102-mm-168cm\/","title":{"rendered":"Stolpe f\u00f6r bultning 168cm oktogon"},"content":{"rendered":"<p>Stolpe Oktogon 102 mm f\u00f6r bultning.<\/p>\n<p>Utv\u00e4ndigt 250\u00d7250 mm bultplatta.<\/p>\n","protected":false},"excerpt":{"rendered":"<p>Stolpe Oktogon 102 mm f\u00f6r bultning. Utv\u00e4ndigt 250\u00d7250 mm bultplatta.<\/p>\n","protected":false},"featured_media":42992,"comment_status":"closed","ping_status":"closed","template":"","meta":{"_acf_changed":false,"inline_featured_image":false},"product_brand":[],"product_cat":[65,174,178,66,94,2923,97,68,103,206],"product_tag":[],"class_list":{"0":"post-3394","1":"product","2":"type-product","3":"status-publish","4":"has-post-thumbnail","6":"product_cat-notdjur","7":"product_cat-stolpar-beslag-till-grindar-inredning-notdjur","8":"product_cat-stolpar-beslag-oktogon-102mm-notdjur","9":"product_cat-hastar","10":"product_cat-stolpar-beslag-till-grindar-inredning","11":"product_cat-stolpar-beslag-oktogon-102mm-2","12":"product_cat-stolpar-beslag-oktogon-102mm","13":"product_cat-grisar","14":"product_cat-beslag-o-stolpar-grisar","15":"product_cat-stolpar-beslag-oktogon-102mm-beslag-o-stolpar-grisar","16":"pa_langd-168-m","18":"first","19":"instock","20":"taxable","21":"shipping-taxable","22":"purchasable","23":"product-type-simple"},"acf":[],"yoast_head":"<!-- This site is optimized with the Yoast SEO plugin v24.4 - https:\/\/yoast.com\/wordpress\/plugins\/seo\/ -->\n<title>Stolpe f\u00f6r bultning 168cm oktogon - Ofab<\/title>\n<meta name=\"robots\" content=\"index, follow, max-snippet:-1, max-image-preview:large, max-video-preview:-1\" \/>\n<link rel=\"canonical\" href=\"https:\/\/ofabskara.se\/sv\/produkt\/stolpe-oktogon-102-mm-168cm\/\" \/>\n<meta property=\"og:locale\" content=\"sv_SE\" \/>\n<meta property=\"og:type\" content=\"article\" \/>\n<meta property=\"og:title\" content=\"Stolpe f\u00f6r bultning 168cm oktogon - Ofab\" \/>\n<meta property=\"og:description\" content=\"Stolpe Oktogon 102 mm f\u00f6r bultning. Utv\u00e4ndigt 250\u00d7250 mm bultplatta.\" \/>\n<meta property=\"og:url\" content=\"https:\/\/ofabskara.se\/sv\/produkt\/stolpe-oktogon-102-mm-168cm\/\" \/>\n<meta property=\"og:site_name\" content=\"Ofab\" \/>\n<meta property=\"article:modified_time\" content=\"2026-04-23T07:03:51+00:00\" \/>\n<meta property=\"og:image\" content=\"https:\/\/ofabskara.se\/wp-content\/uploads\/2017\/05\/TR1680.jpg\" \/>\n\t<meta property=\"og:image:width\" content=\"1126\" \/>\n\t<meta property=\"og:image:height\" content=\"796\" \/>\n\t<meta property=\"og:image:type\" content=\"image\/jpeg\" \/>\n<meta name=\"twitter:card\" content=\"summary_large_image\" \/>\n<meta name=\"twitter:label1\" content=\"Ber\u00e4knad l\u00e4stid\" \/>\n\t<meta name=\"twitter:data1\" content=\"1 minut\" \/>\n<script type=\"application\/ld+json\" class=\"yoast-schema-graph\">{\"@context\":\"https:\/\/schema.org\",\"@graph\":[{\"@type\":\"WebPage\",\"@id\":\"https:\/\/ofabskara.se\/sv\/produkt\/stolpe-oktogon-102-mm-168cm\/\",\"url\":\"https:\/\/ofabskara.se\/sv\/produkt\/stolpe-oktogon-102-mm-168cm\/\",\"name\":\"Stolpe f\u00f6r bultning 168cm oktogon - Ofab\",\"isPartOf\":{\"@id\":\"https:\/\/ofabskara.se\/sv\/#website\"},\"primaryImageOfPage\":{\"@id\":\"https:\/\/ofabskara.se\/sv\/produkt\/stolpe-oktogon-102-mm-168cm\/#primaryimage\"},\"image\":{\"@id\":\"https:\/\/ofabskara.se\/sv\/produkt\/stolpe-oktogon-102-mm-168cm\/#primaryimage\"},\"thumbnailUrl\":\"https:\/\/ofabskara.se\/wp-content\/uploads\/2017\/05\/TR1680.jpg\",\"datePublished\":\"2017-05-17T10:05:51+00:00\",\"dateModified\":\"2026-04-23T07:03:51+00:00\",\"breadcrumb\":{\"@id\":\"https:\/\/ofabskara.se\/sv\/produkt\/stolpe-oktogon-102-mm-168cm\/#breadcrumb\"},\"inLanguage\":\"sv-SE\",\"potentialAction\":[{\"@type\":\"ReadAction\",\"target\":[\"https:\/\/ofabskara.se\/sv\/produkt\/stolpe-oktogon-102-mm-168cm\/\"]}]},{\"@type\":\"ImageObject\",\"inLanguage\":\"sv-SE\",\"@id\":\"https:\/\/ofabskara.se\/sv\/produkt\/stolpe-oktogon-102-mm-168cm\/#primaryimage\",\"url\":\"https:\/\/ofabskara.se\/wp-content\/uploads\/2017\/05\/TR1680.jpg\",\"contentUrl\":\"https:\/\/ofabskara.se\/wp-content\/uploads\/2017\/05\/TR1680.jpg\",\"width\":1126,\"height\":796,\"caption\":\"TR1680\"},{\"@type\":\"BreadcrumbList\",\"@id\":\"https:\/\/ofabskara.se\/sv\/produkt\/stolpe-oktogon-102-mm-168cm\/#breadcrumb\",\"itemListElement\":[{\"@type\":\"ListItem\",\"position\":1,\"name\":\"Home\",\"item\":\"https:\/\/ofabskara.se\/sv\/\"},{\"@type\":\"ListItem\",\"position\":2,\"name\":\"Butik\",\"item\":\"https:\/\/ofabskara.se\/sv\/butik\/\"},{\"@type\":\"ListItem\",\"position\":3,\"name\":\"Stolpe f\u00f6r bultning 168cm oktogon\"}]},{\"@type\":\"WebSite\",\"@id\":\"https:\/\/ofabskara.se\/sv\/#website\",\"url\":\"https:\/\/ofabskara.se\/sv\/\",\"name\":\"Ofab\",\"description\":\"\",\"potentialAction\":[{\"@type\":\"SearchAction\",\"target\":{\"@type\":\"EntryPoint\",\"urlTemplate\":\"https:\/\/ofabskara.se\/sv\/?s={search_term_string}\"},\"query-input\":{\"@type\":\"PropertyValueSpecification\",\"valueRequired\":true,\"valueName\":\"search_term_string\"}}],\"inLanguage\":\"sv-SE\"}]}<\/script>\n<!-- \/ Yoast SEO plugin. -->","yoast_head_json":{"title":"Stolpe f\u00f6r bultning 168cm oktogon - Ofab","robots":{"index":"index","follow":"follow","max-snippet":"max-snippet:-1","max-image-preview":"max-image-preview:large","max-video-preview":"max-video-preview:-1"},"canonical":"https:\/\/ofabskara.se\/sv\/produkt\/stolpe-oktogon-102-mm-168cm\/","og_locale":"sv_SE","og_type":"article","og_title":"Stolpe f\u00f6r bultning 168cm oktogon - Ofab","og_description":"Stolpe Oktogon 102 mm f\u00f6r bultning. Utv\u00e4ndigt 250\u00d7250 mm bultplatta.","og_url":"https:\/\/ofabskara.se\/sv\/produkt\/stolpe-oktogon-102-mm-168cm\/","og_site_name":"Ofab","article_modified_time":"2026-04-23T07:03:51+00:00","og_image":[{"width":1126,"height":796,"url":"https:\/\/ofabskara.se\/wp-content\/uploads\/2017\/05\/TR1680.jpg","type":"image\/jpeg"}],"twitter_card":"summary_large_image","twitter_misc":{"Ber\u00e4knad l\u00e4stid":"1 minut"},"schema":{"@context":"https:\/\/schema.org","@graph":[{"@type":"WebPage","@id":"https:\/\/ofabskara.se\/sv\/produkt\/stolpe-oktogon-102-mm-168cm\/","url":"https:\/\/ofabskara.se\/sv\/produkt\/stolpe-oktogon-102-mm-168cm\/","name":"Stolpe f\u00f6r bultning 168cm oktogon - Ofab","isPartOf":{"@id":"https:\/\/ofabskara.se\/sv\/#website"},"primaryImageOfPage":{"@id":"https:\/\/ofabskara.se\/sv\/produkt\/stolpe-oktogon-102-mm-168cm\/#primaryimage"},"image":{"@id":"https:\/\/ofabskara.se\/sv\/produkt\/stolpe-oktogon-102-mm-168cm\/#primaryimage"},"thumbnailUrl":"https:\/\/ofabskara.se\/wp-content\/uploads\/2017\/05\/TR1680.jpg","datePublished":"2017-05-17T10:05:51+00:00","dateModified":"2026-04-23T07:03:51+00:00","breadcrumb":{"@id":"https:\/\/ofabskara.se\/sv\/produkt\/stolpe-oktogon-102-mm-168cm\/#breadcrumb"},"inLanguage":"sv-SE","potentialAction":[{"@type":"ReadAction","target":["https:\/\/ofabskara.se\/sv\/produkt\/stolpe-oktogon-102-mm-168cm\/"]}]},{"@type":"ImageObject","inLanguage":"sv-SE","@id":"https:\/\/ofabskara.se\/sv\/produkt\/stolpe-oktogon-102-mm-168cm\/#primaryimage","url":"https:\/\/ofabskara.se\/wp-content\/uploads\/2017\/05\/TR1680.jpg","contentUrl":"https:\/\/ofabskara.se\/wp-content\/uploads\/2017\/05\/TR1680.jpg","width":1126,"height":796,"caption":"TR1680"},{"@type":"BreadcrumbList","@id":"https:\/\/ofabskara.se\/sv\/produkt\/stolpe-oktogon-102-mm-168cm\/#breadcrumb","itemListElement":[{"@type":"ListItem","position":1,"name":"Home","item":"https:\/\/ofabskara.se\/sv\/"},{"@type":"ListItem","position":2,"name":"Butik","item":"https:\/\/ofabskara.se\/sv\/butik\/"},{"@type":"ListItem","position":3,"name":"Stolpe f\u00f6r bultning 168cm oktogon"}]},{"@type":"WebSite","@id":"https:\/\/ofabskara.se\/sv\/#website","url":"https:\/\/ofabskara.se\/sv\/","name":"Ofab","description":"","potentialAction":[{"@type":"SearchAction","target":{"@type":"EntryPoint","urlTemplate":"https:\/\/ofabskara.se\/sv\/?s={search_term_string}"},"query-input":{"@type":"PropertyValueSpecification","valueRequired":true,"valueName":"search_term_string"}}],"inLanguage":"sv-SE"}]}},"_links":{"self":[{"href":"https:\/\/ofabskara.se\/sv\/wp-json\/wp\/v2\/product\/3394","targetHints":{"allow":["GET"]}}],"collection":[{"href":"https:\/\/ofabskara.se\/sv\/wp-json\/wp\/v2\/product"}],"about":[{"href":"https:\/\/ofabskara.se\/sv\/wp-json\/wp\/v2\/types\/product"}],"replies":[{"embeddable":true,"href":"https:\/\/ofabskara.se\/sv\/wp-json\/wp\/v2\/comments?post=3394"}],"wp:featuredmedia":[{"embeddable":true,"href":"https:\/\/ofabskara.se\/sv\/wp-json\/wp\/v2\/media\/42992"}],"wp:attachment":[{"href":"https:\/\/ofabskara.se\/sv\/wp-json\/wp\/v2\/media?parent=3394"}],"wp:term":[{"taxonomy":"product_brand","embeddable":true,"href":"https:\/\/ofabskara.se\/sv\/wp-json\/wp\/v2\/product_brand?post=3394"},{"taxonomy":"product_cat","embeddable":true,"href":"https:\/\/ofabskara.se\/sv\/wp-json\/wp\/v2\/product_cat?post=3394"},{"taxonomy":"product_tag","embeddable":true,"href":"https:\/\/ofabskara.se\/sv\/wp-json\/wp\/v2\/product_tag?post=3394"}],"curies":[{"name":"wp","href":"https:\/\/api.w.org\/{rel}","templated":true}]}}