{"id":3789,"date":"2017-06-20T08:09:09","date_gmt":"2017-06-20T06:09:09","guid":{"rendered":"https:\/\/ofabskara.se\/produkt\/porte-autolock-ex5\/"},"modified":"2023-11-23T20:01:33","modified_gmt":"2023-11-23T19:01:33","slug":"porte-autolock-ex5","status":"publish","type":"product","link":"https:\/\/ofabskara.se\/sv\/produkt\/porte-autolock-ex5\/","title":{"rendered":"5-r\u00f6rs grind autol\u00e5s"},"content":{"rendered":"<p>&nbsp;<\/p>\n<p>&nbsp;<\/p>\n<p>&nbsp;<\/p>\n","protected":false},"excerpt":{"rendered":"<ul>\n<li><strong>Med sina tv\u00e5 fj\u00e4derbelastade skjutreglar s\u00e5 m\u00f6jligg\u00f6rs snabbt och s\u00e4ker \u00f6ppning\/st\u00e4ngning.<\/strong><\/li>\n<li><strong>Detta \u00e4r en nyutvecklad teleskopisk grind som \u00e4r speciellt anpassad f\u00f6r dig som frekvent beh\u00f6ver g\u00e5 in eller ut genom en passage, och som till\u00e5ter dig att g\u00f6ra just detta p\u00e5 ett mycket snabbt och smidigt s\u00e4tt<\/strong>.<\/li>\n<li><strong>Teleskopsgrindarna \u00e4r flexibla och \u00e4r tillverkade av tjockv\u00e4ggiga r\u00f6r som st\u00e5r emot attacker fr\u00e5n dom st\u00f6rsta djuren. <\/strong><\/li>\n<li><strong>R\u00f6rdim.<\/strong><strong>60,3\u00d73,2mm, Teleskopsdel dim. 48,3\u00d73,0mm, gavlar av h\u00e5lprofil 60x60x3mm, vertikal r\u00f6rf\u00f6rst\u00e4rkning r\u00f6rdim. 48,3\u00d73,0mm.<\/strong><\/li>\n<li><strong>Fixera grinden i \u00f6nskat m\u00e5tt och l\u00e5s med bultar. <\/strong><\/li>\n<li><strong>Avst\u00e5nd mellan horisontella r\u00f6r \u00e4r 210mm.<\/strong><\/li>\n<li><strong>Grindh\u00f6jd115cm.<\/strong><\/li>\n<\/ul>\n<p>&nbsp;<\/p>\n","protected":false},"featured_media":3790,"comment_status":"closed","ping_status":"closed","template":"","meta":{"_acf_changed":false,"inline_featured_image":false},"product_brand":[],"product_cat":[65,349],"product_tag":[],"class_list":{"0":"post-3789","1":"product","2":"type-product","3":"status-publish","4":"has-post-thumbnail","6":"product_cat-notdjur","7":"product_cat-teleskopiska-5-rorsgrindar-for-notkreatur","9":"first","10":"instock","11":"taxable","12":"shipping-taxable","13":"product-type-grouped"},"acf":[],"yoast_head":"<!-- This site is optimized with the Yoast SEO plugin v24.4 - https:\/\/yoast.com\/wordpress\/plugins\/seo\/ -->\n<title>5-r\u00f6rs grind autol\u00e5s - Ofab<\/title>\n<meta name=\"robots\" content=\"index, follow, max-snippet:-1, max-image-preview:large, max-video-preview:-1\" \/>\n<link rel=\"canonical\" href=\"https:\/\/ofabskara.se\/sv\/produkt\/porte-autolock-ex5\/\" \/>\n<meta property=\"og:locale\" content=\"sv_SE\" \/>\n<meta property=\"og:type\" content=\"article\" \/>\n<meta property=\"og:title\" content=\"5-r\u00f6rs grind autol\u00e5s - Ofab\" \/>\n<meta property=\"og:description\" content=\"Med sina tv\u00e5 fj\u00e4derbelastade skjutreglar s\u00e5 m\u00f6jligg\u00f6rs snabbt och s\u00e4ker \u00f6ppning\/st\u00e4ngning.  Detta \u00e4r en nyutvecklad teleskopisk grind som \u00e4r speciellt anpassad f\u00f6r dig som frekvent beh\u00f6ver g\u00e5 in eller ut genom en passage, och som till\u00e5ter dig att g\u00f6ra just detta p\u00e5 ett mycket snabbt och smidigt s\u00e4tt.  Teleskopsgrindarna \u00e4r flexibla och \u00e4r tillverkade av tjockv\u00e4ggiga r\u00f6r som st\u00e5r emot attacker fr\u00e5n dom st\u00f6rsta djuren.   R\u00f6rdim.60,3\u00d73,2mm, Teleskopsdel dim. 48,3\u00d73,0mm, gavlar av h\u00e5lprofil 60x60x3mm, vertikal r\u00f6rf\u00f6rst\u00e4rkning r\u00f6rdim. 48,3\u00d73,0mm.  Fixera grinden i \u00f6nskat m\u00e5tt och l\u00e5s med bultar.   Avst\u00e5nd mellan horisontella r\u00f6r \u00e4r 210mm.  Grindh\u00f6jd115cm.  &nbsp;\" \/>\n<meta property=\"og:url\" content=\"https:\/\/ofabskara.se\/sv\/produkt\/porte-autolock-ex5\/\" \/>\n<meta property=\"og:site_name\" content=\"Ofab\" \/>\n<meta property=\"article:modified_time\" content=\"2023-11-23T19:01:33+00:00\" \/>\n<meta property=\"og:image\" content=\"https:\/\/ofabskara.se\/wp-content\/uploads\/2023\/09\/MG_7031-Edit-1-scaled.jpg\" \/>\n\t<meta property=\"og:image:width\" content=\"2560\" \/>\n\t<meta property=\"og:image:height\" content=\"2560\" \/>\n\t<meta property=\"og:image:type\" content=\"image\/jpeg\" \/>\n<meta name=\"twitter:card\" content=\"summary_large_image\" \/>\n<script type=\"application\/ld+json\" class=\"yoast-schema-graph\">{\"@context\":\"https:\/\/schema.org\",\"@graph\":[{\"@type\":\"WebPage\",\"@id\":\"https:\/\/ofabskara.se\/sv\/produkt\/porte-autolock-ex5\/\",\"url\":\"https:\/\/ofabskara.se\/sv\/produkt\/porte-autolock-ex5\/\",\"name\":\"5-r\u00f6rs grind autol\u00e5s - Ofab\",\"isPartOf\":{\"@id\":\"https:\/\/ofabskara.se\/sv\/#website\"},\"primaryImageOfPage\":{\"@id\":\"https:\/\/ofabskara.se\/sv\/produkt\/porte-autolock-ex5\/#primaryimage\"},\"image\":{\"@id\":\"https:\/\/ofabskara.se\/sv\/produkt\/porte-autolock-ex5\/#primaryimage\"},\"thumbnailUrl\":\"https:\/\/ofabskara.se\/wp-content\/uploads\/2023\/09\/MG_7031-Edit-1-scaled.jpg\",\"datePublished\":\"2017-06-20T06:09:09+00:00\",\"dateModified\":\"2023-11-23T19:01:33+00:00\",\"breadcrumb\":{\"@id\":\"https:\/\/ofabskara.se\/sv\/produkt\/porte-autolock-ex5\/#breadcrumb\"},\"inLanguage\":\"sv-SE\",\"potentialAction\":[{\"@type\":\"ReadAction\",\"target\":[\"https:\/\/ofabskara.se\/sv\/produkt\/porte-autolock-ex5\/\"]}]},{\"@type\":\"ImageObject\",\"inLanguage\":\"sv-SE\",\"@id\":\"https:\/\/ofabskara.se\/sv\/produkt\/porte-autolock-ex5\/#primaryimage\",\"url\":\"https:\/\/ofabskara.se\/wp-content\/uploads\/2023\/09\/MG_7031-Edit-1-scaled.jpg\",\"contentUrl\":\"https:\/\/ofabskara.se\/wp-content\/uploads\/2023\/09\/MG_7031-Edit-1-scaled.jpg\",\"width\":2560,\"height\":2560},{\"@type\":\"BreadcrumbList\",\"@id\":\"https:\/\/ofabskara.se\/sv\/produkt\/porte-autolock-ex5\/#breadcrumb\",\"itemListElement\":[{\"@type\":\"ListItem\",\"position\":1,\"name\":\"Home\",\"item\":\"https:\/\/ofabskara.se\/sv\/\"},{\"@type\":\"ListItem\",\"position\":2,\"name\":\"Butik\",\"item\":\"https:\/\/ofabskara.se\/sv\/butik\/\"},{\"@type\":\"ListItem\",\"position\":3,\"name\":\"5-r\u00f6rs grind autol\u00e5s\"}]},{\"@type\":\"WebSite\",\"@id\":\"https:\/\/ofabskara.se\/sv\/#website\",\"url\":\"https:\/\/ofabskara.se\/sv\/\",\"name\":\"Ofab\",\"description\":\"\",\"potentialAction\":[{\"@type\":\"SearchAction\",\"target\":{\"@type\":\"EntryPoint\",\"urlTemplate\":\"https:\/\/ofabskara.se\/sv\/?s={search_term_string}\"},\"query-input\":{\"@type\":\"PropertyValueSpecification\",\"valueRequired\":true,\"valueName\":\"search_term_string\"}}],\"inLanguage\":\"sv-SE\"}]}<\/script>\n<!-- \/ Yoast SEO plugin. -->","yoast_head_json":{"title":"5-r\u00f6rs grind autol\u00e5s - Ofab","robots":{"index":"index","follow":"follow","max-snippet":"max-snippet:-1","max-image-preview":"max-image-preview:large","max-video-preview":"max-video-preview:-1"},"canonical":"https:\/\/ofabskara.se\/sv\/produkt\/porte-autolock-ex5\/","og_locale":"sv_SE","og_type":"article","og_title":"5-r\u00f6rs grind autol\u00e5s - Ofab","og_description":"Med sina tv\u00e5 fj\u00e4derbelastade skjutreglar s\u00e5 m\u00f6jligg\u00f6rs snabbt och s\u00e4ker \u00f6ppning\/st\u00e4ngning.  Detta \u00e4r en nyutvecklad teleskopisk grind som \u00e4r speciellt anpassad f\u00f6r dig som frekvent beh\u00f6ver g\u00e5 in eller ut genom en passage, och som till\u00e5ter dig att g\u00f6ra just detta p\u00e5 ett mycket snabbt och smidigt s\u00e4tt.  Teleskopsgrindarna \u00e4r flexibla och \u00e4r tillverkade av tjockv\u00e4ggiga r\u00f6r som st\u00e5r emot attacker fr\u00e5n dom st\u00f6rsta djuren.   R\u00f6rdim.60,3\u00d73,2mm, Teleskopsdel dim. 48,3\u00d73,0mm, gavlar av h\u00e5lprofil 60x60x3mm, vertikal r\u00f6rf\u00f6rst\u00e4rkning r\u00f6rdim. 48,3\u00d73,0mm.  Fixera grinden i \u00f6nskat m\u00e5tt och l\u00e5s med bultar.   Avst\u00e5nd mellan horisontella r\u00f6r \u00e4r 210mm.  Grindh\u00f6jd115cm.  &nbsp;","og_url":"https:\/\/ofabskara.se\/sv\/produkt\/porte-autolock-ex5\/","og_site_name":"Ofab","article_modified_time":"2023-11-23T19:01:33+00:00","og_image":[{"width":2560,"height":2560,"url":"https:\/\/ofabskara.se\/wp-content\/uploads\/2023\/09\/MG_7031-Edit-1-scaled.jpg","type":"image\/jpeg"}],"twitter_card":"summary_large_image","schema":{"@context":"https:\/\/schema.org","@graph":[{"@type":"WebPage","@id":"https:\/\/ofabskara.se\/sv\/produkt\/porte-autolock-ex5\/","url":"https:\/\/ofabskara.se\/sv\/produkt\/porte-autolock-ex5\/","name":"5-r\u00f6rs grind autol\u00e5s - Ofab","isPartOf":{"@id":"https:\/\/ofabskara.se\/sv\/#website"},"primaryImageOfPage":{"@id":"https:\/\/ofabskara.se\/sv\/produkt\/porte-autolock-ex5\/#primaryimage"},"image":{"@id":"https:\/\/ofabskara.se\/sv\/produkt\/porte-autolock-ex5\/#primaryimage"},"thumbnailUrl":"https:\/\/ofabskara.se\/wp-content\/uploads\/2023\/09\/MG_7031-Edit-1-scaled.jpg","datePublished":"2017-06-20T06:09:09+00:00","dateModified":"2023-11-23T19:01:33+00:00","breadcrumb":{"@id":"https:\/\/ofabskara.se\/sv\/produkt\/porte-autolock-ex5\/#breadcrumb"},"inLanguage":"sv-SE","potentialAction":[{"@type":"ReadAction","target":["https:\/\/ofabskara.se\/sv\/produkt\/porte-autolock-ex5\/"]}]},{"@type":"ImageObject","inLanguage":"sv-SE","@id":"https:\/\/ofabskara.se\/sv\/produkt\/porte-autolock-ex5\/#primaryimage","url":"https:\/\/ofabskara.se\/wp-content\/uploads\/2023\/09\/MG_7031-Edit-1-scaled.jpg","contentUrl":"https:\/\/ofabskara.se\/wp-content\/uploads\/2023\/09\/MG_7031-Edit-1-scaled.jpg","width":2560,"height":2560},{"@type":"BreadcrumbList","@id":"https:\/\/ofabskara.se\/sv\/produkt\/porte-autolock-ex5\/#breadcrumb","itemListElement":[{"@type":"ListItem","position":1,"name":"Home","item":"https:\/\/ofabskara.se\/sv\/"},{"@type":"ListItem","position":2,"name":"Butik","item":"https:\/\/ofabskara.se\/sv\/butik\/"},{"@type":"ListItem","position":3,"name":"5-r\u00f6rs grind autol\u00e5s"}]},{"@type":"WebSite","@id":"https:\/\/ofabskara.se\/sv\/#website","url":"https:\/\/ofabskara.se\/sv\/","name":"Ofab","description":"","potentialAction":[{"@type":"SearchAction","target":{"@type":"EntryPoint","urlTemplate":"https:\/\/ofabskara.se\/sv\/?s={search_term_string}"},"query-input":{"@type":"PropertyValueSpecification","valueRequired":true,"valueName":"search_term_string"}}],"inLanguage":"sv-SE"}]}},"_links":{"self":[{"href":"https:\/\/ofabskara.se\/sv\/wp-json\/wp\/v2\/product\/3789","targetHints":{"allow":["GET"]}}],"collection":[{"href":"https:\/\/ofabskara.se\/sv\/wp-json\/wp\/v2\/product"}],"about":[{"href":"https:\/\/ofabskara.se\/sv\/wp-json\/wp\/v2\/types\/product"}],"replies":[{"embeddable":true,"href":"https:\/\/ofabskara.se\/sv\/wp-json\/wp\/v2\/comments?post=3789"}],"wp:featuredmedia":[{"embeddable":true,"href":"https:\/\/ofabskara.se\/sv\/wp-json\/wp\/v2\/media\/3790"}],"wp:attachment":[{"href":"https:\/\/ofabskara.se\/sv\/wp-json\/wp\/v2\/media?parent=3789"}],"wp:term":[{"taxonomy":"product_brand","embeddable":true,"href":"https:\/\/ofabskara.se\/sv\/wp-json\/wp\/v2\/product_brand?post=3789"},{"taxonomy":"product_cat","embeddable":true,"href":"https:\/\/ofabskara.se\/sv\/wp-json\/wp\/v2\/product_cat?post=3789"},{"taxonomy":"product_tag","embeddable":true,"href":"https:\/\/ofabskara.se\/sv\/wp-json\/wp\/v2\/product_tag?post=3789"}],"curies":[{"name":"wp","href":"https:\/\/api.w.org\/{rel}","templated":true}]}}