{"id":4076,"date":"2017-06-21T08:58:14","date_gmt":"2017-06-21T06:58:14","guid":{"rendered":"https:\/\/ofabskara.se\/produkt\/flexi-barriere-autolas\/"},"modified":"2023-12-05T11:49:25","modified_gmt":"2023-12-05T10:49:25","slug":"flexi-barriere-autolas","status":"publish","type":"product","link":"https:\/\/ofabskara.se\/sv\/produkt\/flexi-barriere-autolas\/","title":{"rendered":"G\u00e5rdsgrind autol\u00e5s"},"content":{"rendered":"","protected":false},"excerpt":{"rendered":"<ul>\n<li><strong>G\u00e5rdsgrind autol\u00e5s har fj\u00e4derbelastade skjutreglar anpassad f\u00f6r autol\u00e5sbeslagen f\u00f6r smidig genomg\u00e5ng.<\/strong><\/li>\n<li><strong>G\u00e5rdsgrindens hondel \u00e4r tillverkade av st\u00e5lr\u00f6r \u00d8\u00a0<\/strong><strong>42\u00d72,6mm.<\/strong><\/li>\n<li><strong>Insticksdelen \u00e4r tillverkad av st\u00e5lr\u00f6r \u00d8\u00a0<\/strong><strong>34\u00d72,6mm.<\/strong><\/li>\n<li><strong>Gavlarna \u00e4r tillverkad av h\u00e5lprofil 45x45x3mm.<\/strong><\/li>\n<li><strong>H\u00f6jd 115cm.<\/strong><\/li>\n<\/ul>\n<p>&nbsp;<\/p>\n","protected":false},"featured_media":4077,"comment_status":"closed","ping_status":"closed","template":"","meta":{"_acf_changed":false,"inline_featured_image":false},"product_brand":[],"product_cat":[65,973,66,93],"product_tag":[],"class_list":{"0":"post-4076","1":"product","2":"type-product","3":"status-publish","4":"has-post-thumbnail","6":"product_cat-notdjur","7":"product_cat-teleskopiska-gardsgrindar-teleskopiska-gardsgrindar","8":"product_cat-hastar","9":"product_cat-grindar-for-hast","11":"first","12":"instock","13":"taxable","14":"shipping-taxable","15":"product-type-grouped"},"acf":[],"yoast_head":"<!-- This site is optimized with the Yoast SEO plugin v24.4 - https:\/\/yoast.com\/wordpress\/plugins\/seo\/ -->\n<title>G\u00e5rdsgrind autol\u00e5s - Ofab<\/title>\n<meta name=\"robots\" content=\"index, follow, max-snippet:-1, max-image-preview:large, max-video-preview:-1\" \/>\n<link rel=\"canonical\" href=\"https:\/\/ofabskara.se\/sv\/produkt\/flexi-barriere-autolas\/\" \/>\n<meta property=\"og:locale\" content=\"sv_SE\" \/>\n<meta property=\"og:type\" content=\"article\" \/>\n<meta property=\"og:title\" content=\"G\u00e5rdsgrind autol\u00e5s - Ofab\" \/>\n<meta property=\"og:description\" content=\"G\u00e5rdsgrind autol\u00e5s har fj\u00e4derbelastade skjutreglar anpassad f\u00f6r autol\u00e5sbeslagen f\u00f6r smidig genomg\u00e5ng.  G\u00e5rdsgrindens hondel \u00e4r tillverkade av st\u00e5lr\u00f6r \u00d8\u00a042\u00d72,6mm.  Insticksdelen \u00e4r tillverkad av st\u00e5lr\u00f6r \u00d8\u00a034\u00d72,6mm.  Gavlarna \u00e4r tillverkad av h\u00e5lprofil 45x45x3mm.  H\u00f6jd 115cm.  &nbsp;\" \/>\n<meta property=\"og:url\" content=\"https:\/\/ofabskara.se\/sv\/produkt\/flexi-barriere-autolas\/\" \/>\n<meta property=\"og:site_name\" content=\"Ofab\" \/>\n<meta property=\"article:modified_time\" content=\"2023-12-05T10:49:25+00:00\" \/>\n<meta property=\"og:image\" content=\"https:\/\/ofabskara.se\/wp-content\/uploads\/2023\/09\/bh4304-1.jpg\" \/>\n\t<meta property=\"og:image:width\" content=\"1126\" \/>\n\t<meta property=\"og:image:height\" content=\"796\" \/>\n\t<meta property=\"og:image:type\" content=\"image\/jpeg\" \/>\n<meta name=\"twitter:card\" content=\"summary_large_image\" \/>\n<script type=\"application\/ld+json\" class=\"yoast-schema-graph\">{\"@context\":\"https:\/\/schema.org\",\"@graph\":[{\"@type\":\"WebPage\",\"@id\":\"https:\/\/ofabskara.se\/sv\/produkt\/flexi-barriere-autolas\/\",\"url\":\"https:\/\/ofabskara.se\/sv\/produkt\/flexi-barriere-autolas\/\",\"name\":\"G\u00e5rdsgrind autol\u00e5s - Ofab\",\"isPartOf\":{\"@id\":\"https:\/\/ofabskara.se\/sv\/#website\"},\"primaryImageOfPage\":{\"@id\":\"https:\/\/ofabskara.se\/sv\/produkt\/flexi-barriere-autolas\/#primaryimage\"},\"image\":{\"@id\":\"https:\/\/ofabskara.se\/sv\/produkt\/flexi-barriere-autolas\/#primaryimage\"},\"thumbnailUrl\":\"https:\/\/ofabskara.se\/wp-content\/uploads\/2023\/09\/bh4304-1.jpg\",\"datePublished\":\"2017-06-21T06:58:14+00:00\",\"dateModified\":\"2023-12-05T10:49:25+00:00\",\"breadcrumb\":{\"@id\":\"https:\/\/ofabskara.se\/sv\/produkt\/flexi-barriere-autolas\/#breadcrumb\"},\"inLanguage\":\"sv-SE\",\"potentialAction\":[{\"@type\":\"ReadAction\",\"target\":[\"https:\/\/ofabskara.se\/sv\/produkt\/flexi-barriere-autolas\/\"]}]},{\"@type\":\"ImageObject\",\"inLanguage\":\"sv-SE\",\"@id\":\"https:\/\/ofabskara.se\/sv\/produkt\/flexi-barriere-autolas\/#primaryimage\",\"url\":\"https:\/\/ofabskara.se\/wp-content\/uploads\/2023\/09\/bh4304-1.jpg\",\"contentUrl\":\"https:\/\/ofabskara.se\/wp-content\/uploads\/2023\/09\/bh4304-1.jpg\",\"width\":1126,\"height\":796},{\"@type\":\"BreadcrumbList\",\"@id\":\"https:\/\/ofabskara.se\/sv\/produkt\/flexi-barriere-autolas\/#breadcrumb\",\"itemListElement\":[{\"@type\":\"ListItem\",\"position\":1,\"name\":\"Home\",\"item\":\"https:\/\/ofabskara.se\/sv\/\"},{\"@type\":\"ListItem\",\"position\":2,\"name\":\"Butik\",\"item\":\"https:\/\/ofabskara.se\/sv\/butik\/\"},{\"@type\":\"ListItem\",\"position\":3,\"name\":\"G\u00e5rdsgrind autol\u00e5s\"}]},{\"@type\":\"WebSite\",\"@id\":\"https:\/\/ofabskara.se\/sv\/#website\",\"url\":\"https:\/\/ofabskara.se\/sv\/\",\"name\":\"Ofab\",\"description\":\"\",\"potentialAction\":[{\"@type\":\"SearchAction\",\"target\":{\"@type\":\"EntryPoint\",\"urlTemplate\":\"https:\/\/ofabskara.se\/sv\/?s={search_term_string}\"},\"query-input\":{\"@type\":\"PropertyValueSpecification\",\"valueRequired\":true,\"valueName\":\"search_term_string\"}}],\"inLanguage\":\"sv-SE\"}]}<\/script>\n<!-- \/ Yoast SEO plugin. -->","yoast_head_json":{"title":"G\u00e5rdsgrind autol\u00e5s - Ofab","robots":{"index":"index","follow":"follow","max-snippet":"max-snippet:-1","max-image-preview":"max-image-preview:large","max-video-preview":"max-video-preview:-1"},"canonical":"https:\/\/ofabskara.se\/sv\/produkt\/flexi-barriere-autolas\/","og_locale":"sv_SE","og_type":"article","og_title":"G\u00e5rdsgrind autol\u00e5s - Ofab","og_description":"G\u00e5rdsgrind autol\u00e5s har fj\u00e4derbelastade skjutreglar anpassad f\u00f6r autol\u00e5sbeslagen f\u00f6r smidig genomg\u00e5ng.  G\u00e5rdsgrindens hondel \u00e4r tillverkade av st\u00e5lr\u00f6r \u00d8\u00a042\u00d72,6mm.  Insticksdelen \u00e4r tillverkad av st\u00e5lr\u00f6r \u00d8\u00a034\u00d72,6mm.  Gavlarna \u00e4r tillverkad av h\u00e5lprofil 45x45x3mm.  H\u00f6jd 115cm.  &nbsp;","og_url":"https:\/\/ofabskara.se\/sv\/produkt\/flexi-barriere-autolas\/","og_site_name":"Ofab","article_modified_time":"2023-12-05T10:49:25+00:00","og_image":[{"width":1126,"height":796,"url":"https:\/\/ofabskara.se\/wp-content\/uploads\/2023\/09\/bh4304-1.jpg","type":"image\/jpeg"}],"twitter_card":"summary_large_image","schema":{"@context":"https:\/\/schema.org","@graph":[{"@type":"WebPage","@id":"https:\/\/ofabskara.se\/sv\/produkt\/flexi-barriere-autolas\/","url":"https:\/\/ofabskara.se\/sv\/produkt\/flexi-barriere-autolas\/","name":"G\u00e5rdsgrind autol\u00e5s - Ofab","isPartOf":{"@id":"https:\/\/ofabskara.se\/sv\/#website"},"primaryImageOfPage":{"@id":"https:\/\/ofabskara.se\/sv\/produkt\/flexi-barriere-autolas\/#primaryimage"},"image":{"@id":"https:\/\/ofabskara.se\/sv\/produkt\/flexi-barriere-autolas\/#primaryimage"},"thumbnailUrl":"https:\/\/ofabskara.se\/wp-content\/uploads\/2023\/09\/bh4304-1.jpg","datePublished":"2017-06-21T06:58:14+00:00","dateModified":"2023-12-05T10:49:25+00:00","breadcrumb":{"@id":"https:\/\/ofabskara.se\/sv\/produkt\/flexi-barriere-autolas\/#breadcrumb"},"inLanguage":"sv-SE","potentialAction":[{"@type":"ReadAction","target":["https:\/\/ofabskara.se\/sv\/produkt\/flexi-barriere-autolas\/"]}]},{"@type":"ImageObject","inLanguage":"sv-SE","@id":"https:\/\/ofabskara.se\/sv\/produkt\/flexi-barriere-autolas\/#primaryimage","url":"https:\/\/ofabskara.se\/wp-content\/uploads\/2023\/09\/bh4304-1.jpg","contentUrl":"https:\/\/ofabskara.se\/wp-content\/uploads\/2023\/09\/bh4304-1.jpg","width":1126,"height":796},{"@type":"BreadcrumbList","@id":"https:\/\/ofabskara.se\/sv\/produkt\/flexi-barriere-autolas\/#breadcrumb","itemListElement":[{"@type":"ListItem","position":1,"name":"Home","item":"https:\/\/ofabskara.se\/sv\/"},{"@type":"ListItem","position":2,"name":"Butik","item":"https:\/\/ofabskara.se\/sv\/butik\/"},{"@type":"ListItem","position":3,"name":"G\u00e5rdsgrind autol\u00e5s"}]},{"@type":"WebSite","@id":"https:\/\/ofabskara.se\/sv\/#website","url":"https:\/\/ofabskara.se\/sv\/","name":"Ofab","description":"","potentialAction":[{"@type":"SearchAction","target":{"@type":"EntryPoint","urlTemplate":"https:\/\/ofabskara.se\/sv\/?s={search_term_string}"},"query-input":{"@type":"PropertyValueSpecification","valueRequired":true,"valueName":"search_term_string"}}],"inLanguage":"sv-SE"}]}},"_links":{"self":[{"href":"https:\/\/ofabskara.se\/sv\/wp-json\/wp\/v2\/product\/4076","targetHints":{"allow":["GET"]}}],"collection":[{"href":"https:\/\/ofabskara.se\/sv\/wp-json\/wp\/v2\/product"}],"about":[{"href":"https:\/\/ofabskara.se\/sv\/wp-json\/wp\/v2\/types\/product"}],"replies":[{"embeddable":true,"href":"https:\/\/ofabskara.se\/sv\/wp-json\/wp\/v2\/comments?post=4076"}],"wp:featuredmedia":[{"embeddable":true,"href":"https:\/\/ofabskara.se\/sv\/wp-json\/wp\/v2\/media\/4077"}],"wp:attachment":[{"href":"https:\/\/ofabskara.se\/sv\/wp-json\/wp\/v2\/media?parent=4076"}],"wp:term":[{"taxonomy":"product_brand","embeddable":true,"href":"https:\/\/ofabskara.se\/sv\/wp-json\/wp\/v2\/product_brand?post=4076"},{"taxonomy":"product_cat","embeddable":true,"href":"https:\/\/ofabskara.se\/sv\/wp-json\/wp\/v2\/product_cat?post=4076"},{"taxonomy":"product_tag","embeddable":true,"href":"https:\/\/ofabskara.se\/sv\/wp-json\/wp\/v2\/product_tag?post=4076"}],"curies":[{"name":"wp","href":"https:\/\/api.w.org\/{rel}","templated":true}]}}