{"id":42104,"date":"2024-04-10T13:17:32","date_gmt":"2024-04-10T11:17:32","guid":{"rendered":"https:\/\/ofabskara.se\/produkt\/baghall-stationar-gron-2\/"},"modified":"2025-12-29T11:51:26","modified_gmt":"2025-12-29T10:51:26","slug":"baghall-stationar-gron-2","status":"publish","type":"product","link":"https:\/\/ofabskara.se\/sv\/produkt\/baghall-stationar-gron-2\/","title":{"rendered":"B\u00e5ghall station\u00e4r antracitgr\u00e5"},"content":{"rendered":"<p>Kraftig b\u00e5ghall st\u00e5ende p\u00e5 en varmf\u00f6rzinkad bottenkonstruktion. F\u00e4sten f\u00f6r fastbultning i sockel eller betongplatta \u00e4r inkluderat. Fungerar ypperligt som vindskydd eller ligghall f\u00f6r h\u00e4st, n\u00f6t, f\u00e5r. Raka v\u00e4ggar g\u00f6r att ytan kan utnyttjas optimalt och till fullo. Vi rekommenderar alla v\u00e5ra kunder som h\u00e5ller djur direkt i b\u00e5ghallen att komplettera med v\u00e5rt inkl\u00e4dnadspaket med plywoodskivor. Detta f\u00f6r att skydda hallen och\/eller djuren mot eventuella sparkar.<\/p>\n<p>V\u00e5ra hallar finns i 3 f\u00e4rgtyper, r\u00f6d, barrgr\u00f6n och antracitgr\u00e5.<\/p>\n<p>En standard hall har f\u00f6ljande m\u00e5tt 4,1\u00d75,5\u00d73,3m (BxLxH) och inkluderar en \u00e4ndgavel.<\/p>\n<p>Hallen kan enkelt f\u00f6rl\u00e4ngas med v\u00e5r f\u00f6rl\u00e4ngningssektion, en sektion utg\u00f6r 1,3m f\u00f6rl\u00e4ngning, best\u00e4lls separat.<\/p>\n<p><strong>OBS! Att hallen endast \u00e4r till f\u00f6r station\u00e4r placering och \u00e4r d\u00e4rmed inte flyttbar. Om ni \u00f6nskar flytta hallen rekommenderas v\u00e5r flyttbara hall.<\/strong><\/p>\n<p>Emballage tillkommer<\/p>\n","protected":false},"excerpt":{"rendered":"<p>Kraftig b\u00e5ghall st\u00e5ende p\u00e5 en varmf\u00f6rzinkad bottenkonstruktion. F\u00e4sten f\u00f6r fastbultning i sockel eller betongplatta \u00e4r inkluderat. Fungerar ypperligt som vindskydd eller ligghall f\u00f6r h\u00e4st, n\u00f6t, f\u00e5r. Raka v\u00e4ggar g\u00f6r att ytan kan utnyttjas optimalt och till fullo. Vi rekommenderar alla v\u00e5ra kunder som h\u00e5ller djur direkt i b\u00e5ghallen att komplettera med v\u00e5rt inkl\u00e4dnadspaket med plywoodskivor. [&hellip;]<\/p>\n","protected":false},"featured_media":42124,"comment_status":"open","ping_status":"closed","template":"","meta":{"_acf_changed":false,"inline_featured_image":false},"product_brand":[],"product_cat":[22],"product_tag":[],"class_list":{"0":"post-42104","1":"product","2":"type-product","3":"status-publish","4":"has-post-thumbnail","6":"product_cat-okategoriserad","8":"first","9":"onbackorder","10":"taxable","11":"shipping-taxable","12":"purchasable","13":"product-type-simple"},"acf":[],"yoast_head":"<!-- This site is optimized with the Yoast SEO plugin v24.4 - https:\/\/yoast.com\/wordpress\/plugins\/seo\/ -->\n<title>B\u00e5ghall station\u00e4r antracitgr\u00e5 - Ofab<\/title>\n<meta name=\"robots\" content=\"index, follow, max-snippet:-1, max-image-preview:large, max-video-preview:-1\" \/>\n<link rel=\"canonical\" href=\"https:\/\/ofabskara.se\/sv\/produkt\/baghall-stationar-gron-2\/\" \/>\n<meta property=\"og:locale\" content=\"sv_SE\" \/>\n<meta property=\"og:type\" content=\"article\" \/>\n<meta property=\"og:title\" content=\"B\u00e5ghall station\u00e4r antracitgr\u00e5 - Ofab\" \/>\n<meta property=\"og:description\" content=\"Kraftig b\u00e5ghall st\u00e5ende p\u00e5 en varmf\u00f6rzinkad bottenkonstruktion. F\u00e4sten f\u00f6r fastbultning i sockel eller betongplatta \u00e4r inkluderat. Fungerar ypperligt som vindskydd eller ligghall f\u00f6r h\u00e4st, n\u00f6t, f\u00e5r. Raka v\u00e4ggar g\u00f6r att ytan kan utnyttjas optimalt och till fullo. Vi rekommenderar alla v\u00e5ra kunder som h\u00e5ller djur direkt i b\u00e5ghallen att komplettera med v\u00e5rt inkl\u00e4dnadspaket med plywoodskivor. [&hellip;]\" \/>\n<meta property=\"og:url\" content=\"https:\/\/ofabskara.se\/sv\/produkt\/baghall-stationar-gron-2\/\" \/>\n<meta property=\"og:site_name\" content=\"Ofab\" \/>\n<meta property=\"article:modified_time\" content=\"2025-12-29T10:51:26+00:00\" \/>\n<meta property=\"og:image\" content=\"https:\/\/ofabskara.se\/wp-content\/uploads\/2024\/04\/Baghall-stationar-atracitgra.jpeg\" \/>\n\t<meta property=\"og:image:width\" content=\"2560\" \/>\n\t<meta property=\"og:image:height\" content=\"1708\" \/>\n\t<meta property=\"og:image:type\" content=\"image\/jpeg\" \/>\n<meta name=\"twitter:card\" content=\"summary_large_image\" \/>\n<meta name=\"twitter:label1\" content=\"Ber\u00e4knad l\u00e4stid\" \/>\n\t<meta name=\"twitter:data1\" content=\"1 minut\" \/>\n<script type=\"application\/ld+json\" class=\"yoast-schema-graph\">{\"@context\":\"https:\/\/schema.org\",\"@graph\":[{\"@type\":\"WebPage\",\"@id\":\"https:\/\/ofabskara.se\/sv\/produkt\/baghall-stationar-gron-2\/\",\"url\":\"https:\/\/ofabskara.se\/sv\/produkt\/baghall-stationar-gron-2\/\",\"name\":\"B\u00e5ghall station\u00e4r antracitgr\u00e5 - Ofab\",\"isPartOf\":{\"@id\":\"https:\/\/ofabskara.se\/sv\/#website\"},\"primaryImageOfPage\":{\"@id\":\"https:\/\/ofabskara.se\/sv\/produkt\/baghall-stationar-gron-2\/#primaryimage\"},\"image\":{\"@id\":\"https:\/\/ofabskara.se\/sv\/produkt\/baghall-stationar-gron-2\/#primaryimage\"},\"thumbnailUrl\":\"https:\/\/ofabskara.se\/wp-content\/uploads\/2024\/04\/Baghall-stationar-atracitgra.jpeg\",\"datePublished\":\"2024-04-10T11:17:32+00:00\",\"dateModified\":\"2025-12-29T10:51:26+00:00\",\"breadcrumb\":{\"@id\":\"https:\/\/ofabskara.se\/sv\/produkt\/baghall-stationar-gron-2\/#breadcrumb\"},\"inLanguage\":\"sv-SE\",\"potentialAction\":[{\"@type\":\"ReadAction\",\"target\":[\"https:\/\/ofabskara.se\/sv\/produkt\/baghall-stationar-gron-2\/\"]}]},{\"@type\":\"ImageObject\",\"inLanguage\":\"sv-SE\",\"@id\":\"https:\/\/ofabskara.se\/sv\/produkt\/baghall-stationar-gron-2\/#primaryimage\",\"url\":\"https:\/\/ofabskara.se\/wp-content\/uploads\/2024\/04\/Baghall-stationar-atracitgra.jpeg\",\"contentUrl\":\"https:\/\/ofabskara.se\/wp-content\/uploads\/2024\/04\/Baghall-stationar-atracitgra.jpeg\",\"width\":2560,\"height\":1708,\"caption\":\"B\u00e5ghall station\u00e4r atracitgr\u00e5\"},{\"@type\":\"BreadcrumbList\",\"@id\":\"https:\/\/ofabskara.se\/sv\/produkt\/baghall-stationar-gron-2\/#breadcrumb\",\"itemListElement\":[{\"@type\":\"ListItem\",\"position\":1,\"name\":\"Home\",\"item\":\"https:\/\/ofabskara.se\/sv\/\"},{\"@type\":\"ListItem\",\"position\":2,\"name\":\"Butik\",\"item\":\"https:\/\/ofabskara.se\/sv\/butik\/\"},{\"@type\":\"ListItem\",\"position\":3,\"name\":\"B\u00e5ghall station\u00e4r antracitgr\u00e5\"}]},{\"@type\":\"WebSite\",\"@id\":\"https:\/\/ofabskara.se\/sv\/#website\",\"url\":\"https:\/\/ofabskara.se\/sv\/\",\"name\":\"Ofab\",\"description\":\"\",\"potentialAction\":[{\"@type\":\"SearchAction\",\"target\":{\"@type\":\"EntryPoint\",\"urlTemplate\":\"https:\/\/ofabskara.se\/sv\/?s={search_term_string}\"},\"query-input\":{\"@type\":\"PropertyValueSpecification\",\"valueRequired\":true,\"valueName\":\"search_term_string\"}}],\"inLanguage\":\"sv-SE\"}]}<\/script>\n<!-- \/ Yoast SEO plugin. -->","yoast_head_json":{"title":"B\u00e5ghall station\u00e4r antracitgr\u00e5 - Ofab","robots":{"index":"index","follow":"follow","max-snippet":"max-snippet:-1","max-image-preview":"max-image-preview:large","max-video-preview":"max-video-preview:-1"},"canonical":"https:\/\/ofabskara.se\/sv\/produkt\/baghall-stationar-gron-2\/","og_locale":"sv_SE","og_type":"article","og_title":"B\u00e5ghall station\u00e4r antracitgr\u00e5 - Ofab","og_description":"Kraftig b\u00e5ghall st\u00e5ende p\u00e5 en varmf\u00f6rzinkad bottenkonstruktion. F\u00e4sten f\u00f6r fastbultning i sockel eller betongplatta \u00e4r inkluderat. Fungerar ypperligt som vindskydd eller ligghall f\u00f6r h\u00e4st, n\u00f6t, f\u00e5r. Raka v\u00e4ggar g\u00f6r att ytan kan utnyttjas optimalt och till fullo. Vi rekommenderar alla v\u00e5ra kunder som h\u00e5ller djur direkt i b\u00e5ghallen att komplettera med v\u00e5rt inkl\u00e4dnadspaket med plywoodskivor. [&hellip;]","og_url":"https:\/\/ofabskara.se\/sv\/produkt\/baghall-stationar-gron-2\/","og_site_name":"Ofab","article_modified_time":"2025-12-29T10:51:26+00:00","og_image":[{"width":2560,"height":1708,"url":"https:\/\/ofabskara.se\/wp-content\/uploads\/2024\/04\/Baghall-stationar-atracitgra.jpeg","type":"image\/jpeg"}],"twitter_card":"summary_large_image","twitter_misc":{"Ber\u00e4knad l\u00e4stid":"1 minut"},"schema":{"@context":"https:\/\/schema.org","@graph":[{"@type":"WebPage","@id":"https:\/\/ofabskara.se\/sv\/produkt\/baghall-stationar-gron-2\/","url":"https:\/\/ofabskara.se\/sv\/produkt\/baghall-stationar-gron-2\/","name":"B\u00e5ghall station\u00e4r antracitgr\u00e5 - Ofab","isPartOf":{"@id":"https:\/\/ofabskara.se\/sv\/#website"},"primaryImageOfPage":{"@id":"https:\/\/ofabskara.se\/sv\/produkt\/baghall-stationar-gron-2\/#primaryimage"},"image":{"@id":"https:\/\/ofabskara.se\/sv\/produkt\/baghall-stationar-gron-2\/#primaryimage"},"thumbnailUrl":"https:\/\/ofabskara.se\/wp-content\/uploads\/2024\/04\/Baghall-stationar-atracitgra.jpeg","datePublished":"2024-04-10T11:17:32+00:00","dateModified":"2025-12-29T10:51:26+00:00","breadcrumb":{"@id":"https:\/\/ofabskara.se\/sv\/produkt\/baghall-stationar-gron-2\/#breadcrumb"},"inLanguage":"sv-SE","potentialAction":[{"@type":"ReadAction","target":["https:\/\/ofabskara.se\/sv\/produkt\/baghall-stationar-gron-2\/"]}]},{"@type":"ImageObject","inLanguage":"sv-SE","@id":"https:\/\/ofabskara.se\/sv\/produkt\/baghall-stationar-gron-2\/#primaryimage","url":"https:\/\/ofabskara.se\/wp-content\/uploads\/2024\/04\/Baghall-stationar-atracitgra.jpeg","contentUrl":"https:\/\/ofabskara.se\/wp-content\/uploads\/2024\/04\/Baghall-stationar-atracitgra.jpeg","width":2560,"height":1708,"caption":"B\u00e5ghall station\u00e4r atracitgr\u00e5"},{"@type":"BreadcrumbList","@id":"https:\/\/ofabskara.se\/sv\/produkt\/baghall-stationar-gron-2\/#breadcrumb","itemListElement":[{"@type":"ListItem","position":1,"name":"Home","item":"https:\/\/ofabskara.se\/sv\/"},{"@type":"ListItem","position":2,"name":"Butik","item":"https:\/\/ofabskara.se\/sv\/butik\/"},{"@type":"ListItem","position":3,"name":"B\u00e5ghall station\u00e4r antracitgr\u00e5"}]},{"@type":"WebSite","@id":"https:\/\/ofabskara.se\/sv\/#website","url":"https:\/\/ofabskara.se\/sv\/","name":"Ofab","description":"","potentialAction":[{"@type":"SearchAction","target":{"@type":"EntryPoint","urlTemplate":"https:\/\/ofabskara.se\/sv\/?s={search_term_string}"},"query-input":{"@type":"PropertyValueSpecification","valueRequired":true,"valueName":"search_term_string"}}],"inLanguage":"sv-SE"}]}},"_links":{"self":[{"href":"https:\/\/ofabskara.se\/sv\/wp-json\/wp\/v2\/product\/42104","targetHints":{"allow":["GET"]}}],"collection":[{"href":"https:\/\/ofabskara.se\/sv\/wp-json\/wp\/v2\/product"}],"about":[{"href":"https:\/\/ofabskara.se\/sv\/wp-json\/wp\/v2\/types\/product"}],"replies":[{"embeddable":true,"href":"https:\/\/ofabskara.se\/sv\/wp-json\/wp\/v2\/comments?post=42104"}],"wp:featuredmedia":[{"embeddable":true,"href":"https:\/\/ofabskara.se\/sv\/wp-json\/wp\/v2\/media\/42124"}],"wp:attachment":[{"href":"https:\/\/ofabskara.se\/sv\/wp-json\/wp\/v2\/media?parent=42104"}],"wp:term":[{"taxonomy":"product_brand","embeddable":true,"href":"https:\/\/ofabskara.se\/sv\/wp-json\/wp\/v2\/product_brand?post=42104"},{"taxonomy":"product_cat","embeddable":true,"href":"https:\/\/ofabskara.se\/sv\/wp-json\/wp\/v2\/product_cat?post=42104"},{"taxonomy":"product_tag","embeddable":true,"href":"https:\/\/ofabskara.se\/sv\/wp-json\/wp\/v2\/product_tag?post=42104"}],"curies":[{"name":"wp","href":"https:\/\/api.w.org\/{rel}","templated":true}]}}