{"id":42118,"date":"2024-04-10T13:17:59","date_gmt":"2024-04-10T11:17:59","guid":{"rendered":"https:\/\/ofabskara.se\/produkt\/forlangning-1300-mm-antracitgra\/"},"modified":"2025-12-29T12:15:49","modified_gmt":"2025-12-29T11:15:49","slug":"forlangning-1300-mm-antracitgra","status":"publish","type":"product","link":"https:\/\/ofabskara.se\/sv\/produkt\/forlangning-1300-mm-antracitgra\/","title":{"rendered":"F\u00f6rl\u00e4ngning 1300 mm Antracitgr\u00e5"},"content":{"rendered":"<p>Om du beh\u00f6ver en l\u00e4ngre b\u00e5ghall med fler kvadratmeter s\u00e5 kan du enkelt k\u00f6pa till v\u00e5r f\u00f6rl\u00e4ngningssats. Satsen f\u00f6rl\u00e4nger hallen med 1,3m.<\/p>\n<p>Nya eller befintliga b\u00e5ghallar kan enkelt f\u00f6rl\u00e4ngas med hj\u00e4lp av denna sats. Bottenramen f\u00f6rl\u00e4ngs och tillh\u00f6rande pl\u00e5tsegment och bult \u00e4r inkluderade i denna sats.<\/p>\n<p><strong>Det finns egentligen ingen \u00f6vre gr\u00e4ns hur m\u00e5nga f\u00f6rl\u00e4ngningar man kan koppla till en standard b\u00e5ghall, dock begr\u00e4nsat flyttbarheten avsev\u00e4rt ju fler f\u00f6rl\u00e4ngningarna man l\u00e4gger till. En standard hall med 2st f\u00f6rl\u00e4ngning \u00e4r fortfarande flyttbar.<\/strong><\/p>\n<p>Emballage tillkommer<\/p>\n","protected":false},"excerpt":{"rendered":"<p>Om du beh\u00f6ver en l\u00e4ngre b\u00e5ghall med fler kvadratmeter s\u00e5 kan du enkelt k\u00f6pa till v\u00e5r f\u00f6rl\u00e4ngningssats. Satsen f\u00f6rl\u00e4nger hallen med 1,3m. Nya eller befintliga b\u00e5ghallar kan enkelt f\u00f6rl\u00e4ngas med hj\u00e4lp av denna sats. Bottenramen f\u00f6rl\u00e4ngs och tillh\u00f6rande pl\u00e5tsegment och bult \u00e4r inkluderade i denna sats. Det finns egentligen ingen \u00f6vre gr\u00e4ns hur m\u00e5nga f\u00f6rl\u00e4ngningar [&hellip;]<\/p>\n","protected":false},"featured_media":42162,"comment_status":"open","ping_status":"closed","template":"","meta":{"_acf_changed":false,"inline_featured_image":false},"product_brand":[],"product_cat":[22],"product_tag":[],"class_list":{"0":"post-42118","1":"product","2":"type-product","3":"status-publish","4":"has-post-thumbnail","6":"product_cat-okategoriserad","8":"first","9":"onbackorder","10":"taxable","11":"shipping-taxable","12":"purchasable","13":"product-type-simple"},"acf":[],"yoast_head":"<!-- This site is optimized with the Yoast SEO plugin v24.4 - https:\/\/yoast.com\/wordpress\/plugins\/seo\/ -->\n<title>F\u00f6rl\u00e4ngning 1300 mm Antracitgr\u00e5 - Ofab<\/title>\n<meta name=\"robots\" content=\"index, follow, max-snippet:-1, max-image-preview:large, max-video-preview:-1\" \/>\n<link rel=\"canonical\" href=\"https:\/\/ofabskara.se\/sv\/produkt\/forlangning-1300-mm-antracitgra\/\" \/>\n<meta property=\"og:locale\" content=\"sv_SE\" \/>\n<meta property=\"og:type\" content=\"article\" \/>\n<meta property=\"og:title\" content=\"F\u00f6rl\u00e4ngning 1300 mm Antracitgr\u00e5 - Ofab\" \/>\n<meta property=\"og:description\" content=\"Om du beh\u00f6ver en l\u00e4ngre b\u00e5ghall med fler kvadratmeter s\u00e5 kan du enkelt k\u00f6pa till v\u00e5r f\u00f6rl\u00e4ngningssats. Satsen f\u00f6rl\u00e4nger hallen med 1,3m. Nya eller befintliga b\u00e5ghallar kan enkelt f\u00f6rl\u00e4ngas med hj\u00e4lp av denna sats. Bottenramen f\u00f6rl\u00e4ngs och tillh\u00f6rande pl\u00e5tsegment och bult \u00e4r inkluderade i denna sats. Det finns egentligen ingen \u00f6vre gr\u00e4ns hur m\u00e5nga f\u00f6rl\u00e4ngningar [&hellip;]\" \/>\n<meta property=\"og:url\" content=\"https:\/\/ofabskara.se\/sv\/produkt\/forlangning-1300-mm-antracitgra\/\" \/>\n<meta property=\"og:site_name\" content=\"Ofab\" \/>\n<meta property=\"article:modified_time\" content=\"2025-12-29T11:15:49+00:00\" \/>\n<meta property=\"og:image\" content=\"https:\/\/ofabskara.se\/wp-content\/uploads\/2024\/04\/forlangning-antracitgra.jpg\" \/>\n\t<meta property=\"og:image:width\" content=\"2560\" \/>\n\t<meta property=\"og:image:height\" content=\"1708\" \/>\n\t<meta property=\"og:image:type\" content=\"image\/jpeg\" \/>\n<meta name=\"twitter:card\" content=\"summary_large_image\" \/>\n<meta name=\"twitter:label1\" content=\"Ber\u00e4knad l\u00e4stid\" \/>\n\t<meta name=\"twitter:data1\" content=\"1 minut\" \/>\n<script type=\"application\/ld+json\" class=\"yoast-schema-graph\">{\"@context\":\"https:\/\/schema.org\",\"@graph\":[{\"@type\":\"WebPage\",\"@id\":\"https:\/\/ofabskara.se\/sv\/produkt\/forlangning-1300-mm-antracitgra\/\",\"url\":\"https:\/\/ofabskara.se\/sv\/produkt\/forlangning-1300-mm-antracitgra\/\",\"name\":\"F\u00f6rl\u00e4ngning 1300 mm Antracitgr\u00e5 - Ofab\",\"isPartOf\":{\"@id\":\"https:\/\/ofabskara.se\/sv\/#website\"},\"primaryImageOfPage\":{\"@id\":\"https:\/\/ofabskara.se\/sv\/produkt\/forlangning-1300-mm-antracitgra\/#primaryimage\"},\"image\":{\"@id\":\"https:\/\/ofabskara.se\/sv\/produkt\/forlangning-1300-mm-antracitgra\/#primaryimage\"},\"thumbnailUrl\":\"https:\/\/ofabskara.se\/wp-content\/uploads\/2024\/04\/forlangning-antracitgra.jpg\",\"datePublished\":\"2024-04-10T11:17:59+00:00\",\"dateModified\":\"2025-12-29T11:15:49+00:00\",\"breadcrumb\":{\"@id\":\"https:\/\/ofabskara.se\/sv\/produkt\/forlangning-1300-mm-antracitgra\/#breadcrumb\"},\"inLanguage\":\"sv-SE\",\"potentialAction\":[{\"@type\":\"ReadAction\",\"target\":[\"https:\/\/ofabskara.se\/sv\/produkt\/forlangning-1300-mm-antracitgra\/\"]}]},{\"@type\":\"ImageObject\",\"inLanguage\":\"sv-SE\",\"@id\":\"https:\/\/ofabskara.se\/sv\/produkt\/forlangning-1300-mm-antracitgra\/#primaryimage\",\"url\":\"https:\/\/ofabskara.se\/wp-content\/uploads\/2024\/04\/forlangning-antracitgra.jpg\",\"contentUrl\":\"https:\/\/ofabskara.se\/wp-content\/uploads\/2024\/04\/forlangning-antracitgra.jpg\",\"width\":2560,\"height\":1708,\"caption\":\"f\u00f6rl\u00e4ngning antracitgr\u00e5\"},{\"@type\":\"BreadcrumbList\",\"@id\":\"https:\/\/ofabskara.se\/sv\/produkt\/forlangning-1300-mm-antracitgra\/#breadcrumb\",\"itemListElement\":[{\"@type\":\"ListItem\",\"position\":1,\"name\":\"Home\",\"item\":\"https:\/\/ofabskara.se\/sv\/\"},{\"@type\":\"ListItem\",\"position\":2,\"name\":\"Butik\",\"item\":\"https:\/\/ofabskara.se\/sv\/butik\/\"},{\"@type\":\"ListItem\",\"position\":3,\"name\":\"F\u00f6rl\u00e4ngning 1300 mm Antracitgr\u00e5\"}]},{\"@type\":\"WebSite\",\"@id\":\"https:\/\/ofabskara.se\/sv\/#website\",\"url\":\"https:\/\/ofabskara.se\/sv\/\",\"name\":\"Ofab\",\"description\":\"\",\"potentialAction\":[{\"@type\":\"SearchAction\",\"target\":{\"@type\":\"EntryPoint\",\"urlTemplate\":\"https:\/\/ofabskara.se\/sv\/?s={search_term_string}\"},\"query-input\":{\"@type\":\"PropertyValueSpecification\",\"valueRequired\":true,\"valueName\":\"search_term_string\"}}],\"inLanguage\":\"sv-SE\"}]}<\/script>\n<!-- \/ Yoast SEO plugin. -->","yoast_head_json":{"title":"F\u00f6rl\u00e4ngning 1300 mm Antracitgr\u00e5 - Ofab","robots":{"index":"index","follow":"follow","max-snippet":"max-snippet:-1","max-image-preview":"max-image-preview:large","max-video-preview":"max-video-preview:-1"},"canonical":"https:\/\/ofabskara.se\/sv\/produkt\/forlangning-1300-mm-antracitgra\/","og_locale":"sv_SE","og_type":"article","og_title":"F\u00f6rl\u00e4ngning 1300 mm Antracitgr\u00e5 - Ofab","og_description":"Om du beh\u00f6ver en l\u00e4ngre b\u00e5ghall med fler kvadratmeter s\u00e5 kan du enkelt k\u00f6pa till v\u00e5r f\u00f6rl\u00e4ngningssats. Satsen f\u00f6rl\u00e4nger hallen med 1,3m. Nya eller befintliga b\u00e5ghallar kan enkelt f\u00f6rl\u00e4ngas med hj\u00e4lp av denna sats. Bottenramen f\u00f6rl\u00e4ngs och tillh\u00f6rande pl\u00e5tsegment och bult \u00e4r inkluderade i denna sats. Det finns egentligen ingen \u00f6vre gr\u00e4ns hur m\u00e5nga f\u00f6rl\u00e4ngningar [&hellip;]","og_url":"https:\/\/ofabskara.se\/sv\/produkt\/forlangning-1300-mm-antracitgra\/","og_site_name":"Ofab","article_modified_time":"2025-12-29T11:15:49+00:00","og_image":[{"width":2560,"height":1708,"url":"https:\/\/ofabskara.se\/wp-content\/uploads\/2024\/04\/forlangning-antracitgra.jpg","type":"image\/jpeg"}],"twitter_card":"summary_large_image","twitter_misc":{"Ber\u00e4knad l\u00e4stid":"1 minut"},"schema":{"@context":"https:\/\/schema.org","@graph":[{"@type":"WebPage","@id":"https:\/\/ofabskara.se\/sv\/produkt\/forlangning-1300-mm-antracitgra\/","url":"https:\/\/ofabskara.se\/sv\/produkt\/forlangning-1300-mm-antracitgra\/","name":"F\u00f6rl\u00e4ngning 1300 mm Antracitgr\u00e5 - Ofab","isPartOf":{"@id":"https:\/\/ofabskara.se\/sv\/#website"},"primaryImageOfPage":{"@id":"https:\/\/ofabskara.se\/sv\/produkt\/forlangning-1300-mm-antracitgra\/#primaryimage"},"image":{"@id":"https:\/\/ofabskara.se\/sv\/produkt\/forlangning-1300-mm-antracitgra\/#primaryimage"},"thumbnailUrl":"https:\/\/ofabskara.se\/wp-content\/uploads\/2024\/04\/forlangning-antracitgra.jpg","datePublished":"2024-04-10T11:17:59+00:00","dateModified":"2025-12-29T11:15:49+00:00","breadcrumb":{"@id":"https:\/\/ofabskara.se\/sv\/produkt\/forlangning-1300-mm-antracitgra\/#breadcrumb"},"inLanguage":"sv-SE","potentialAction":[{"@type":"ReadAction","target":["https:\/\/ofabskara.se\/sv\/produkt\/forlangning-1300-mm-antracitgra\/"]}]},{"@type":"ImageObject","inLanguage":"sv-SE","@id":"https:\/\/ofabskara.se\/sv\/produkt\/forlangning-1300-mm-antracitgra\/#primaryimage","url":"https:\/\/ofabskara.se\/wp-content\/uploads\/2024\/04\/forlangning-antracitgra.jpg","contentUrl":"https:\/\/ofabskara.se\/wp-content\/uploads\/2024\/04\/forlangning-antracitgra.jpg","width":2560,"height":1708,"caption":"f\u00f6rl\u00e4ngning antracitgr\u00e5"},{"@type":"BreadcrumbList","@id":"https:\/\/ofabskara.se\/sv\/produkt\/forlangning-1300-mm-antracitgra\/#breadcrumb","itemListElement":[{"@type":"ListItem","position":1,"name":"Home","item":"https:\/\/ofabskara.se\/sv\/"},{"@type":"ListItem","position":2,"name":"Butik","item":"https:\/\/ofabskara.se\/sv\/butik\/"},{"@type":"ListItem","position":3,"name":"F\u00f6rl\u00e4ngning 1300 mm Antracitgr\u00e5"}]},{"@type":"WebSite","@id":"https:\/\/ofabskara.se\/sv\/#website","url":"https:\/\/ofabskara.se\/sv\/","name":"Ofab","description":"","potentialAction":[{"@type":"SearchAction","target":{"@type":"EntryPoint","urlTemplate":"https:\/\/ofabskara.se\/sv\/?s={search_term_string}"},"query-input":{"@type":"PropertyValueSpecification","valueRequired":true,"valueName":"search_term_string"}}],"inLanguage":"sv-SE"}]}},"_links":{"self":[{"href":"https:\/\/ofabskara.se\/sv\/wp-json\/wp\/v2\/product\/42118","targetHints":{"allow":["GET"]}}],"collection":[{"href":"https:\/\/ofabskara.se\/sv\/wp-json\/wp\/v2\/product"}],"about":[{"href":"https:\/\/ofabskara.se\/sv\/wp-json\/wp\/v2\/types\/product"}],"replies":[{"embeddable":true,"href":"https:\/\/ofabskara.se\/sv\/wp-json\/wp\/v2\/comments?post=42118"}],"wp:featuredmedia":[{"embeddable":true,"href":"https:\/\/ofabskara.se\/sv\/wp-json\/wp\/v2\/media\/42162"}],"wp:attachment":[{"href":"https:\/\/ofabskara.se\/sv\/wp-json\/wp\/v2\/media?parent=42118"}],"wp:term":[{"taxonomy":"product_brand","embeddable":true,"href":"https:\/\/ofabskara.se\/sv\/wp-json\/wp\/v2\/product_brand?post=42118"},{"taxonomy":"product_cat","embeddable":true,"href":"https:\/\/ofabskara.se\/sv\/wp-json\/wp\/v2\/product_cat?post=42118"},{"taxonomy":"product_tag","embeddable":true,"href":"https:\/\/ofabskara.se\/sv\/wp-json\/wp\/v2\/product_tag?post=42118"}],"curies":[{"name":"wp","href":"https:\/\/api.w.org\/{rel}","templated":true}]}}