{"id":42611,"date":"2024-10-10T09:56:41","date_gmt":"2024-10-10T07:56:41","guid":{"rendered":"https:\/\/ofabskara.se\/?post_type=product&#038;p=42611"},"modified":"2026-02-27T08:50:42","modified_gmt":"2026-02-27T07:50:42","slug":"nackbom-grind-kalv","status":"publish","type":"product","link":"https:\/\/ofabskara.se\/sv\/produkt\/nackbom-grind-kalv\/","title":{"rendered":"Teleskopiska 2-r\u00f6rs grindar"},"content":{"rendered":"<ul>\n<li><strong>Teleskopisk 2-r\u00f6rsbom f\u00f6r ungdjur.<\/strong><\/li>\n<li><strong>Hondel r\u00f6r 60,3 x 3,2 mm. Handel r\u00f6r 48,3 x 3,0 mm.<\/strong><\/li>\n<li><strong>H\u00f6jd utv. 42 cm.<\/strong><\/li>\n<li><strong>Monteras ca 78 cm fr\u00e5n golv till undre r\u00f6r.<\/strong><\/li>\n<li><strong>Autol\u00e5s i en gavel eller s\u00e5 best\u00e4ller du tillbeh\u00f6rsp\u00e5se SAC552 f\u00f6r fast montage f\u00f6r sprint i b\u00e5da gavlarna.<\/strong><\/li>\n<\/ul>\n","protected":false},"excerpt":{"rendered":"<p>Teleskopisk 2-r\u00f6rsbom f\u00f6r ungdjur. Hondel r\u00f6r 60,3 x 3,2 mm. Handel r\u00f6r 48,3 x 3,0 mm. H\u00f6jd utv. 42 cm. Monteras ca 78 cm fr\u00e5n golv till undre r\u00f6r. Autol\u00e5s i en gavel eller s\u00e5 best\u00e4ller du tillbeh\u00f6rsp\u00e5se SAC552 f\u00f6r fast montage f\u00f6r sprint i b\u00e5da gavlarna.<\/p>\n","protected":false},"featured_media":42612,"comment_status":"open","ping_status":"closed","template":"","meta":{"_acf_changed":false,"inline_featured_image":false},"product_brand":[],"product_cat":[2979,2978,73,82],"product_tag":[],"class_list":{"0":"post-42611","1":"product","2":"type-product","3":"status-publish","4":"has-post-thumbnail","6":"product_cat-2-rors-nackbom-for-kalv","7":"product_cat-teleskopiska-2-rors-grindar","8":"product_cat-foderfront-for-notkreatur","9":"product_cat-nackbom-2-ror","11":"first","12":"instock","13":"taxable","14":"shipping-taxable","15":"product-type-grouped"},"acf":[],"yoast_head":"<!-- This site is optimized with the Yoast SEO plugin v24.4 - https:\/\/yoast.com\/wordpress\/plugins\/seo\/ -->\n<title>Teleskopiska 2-r\u00f6rs grindar - Ofab<\/title>\n<meta name=\"robots\" content=\"index, follow, max-snippet:-1, max-image-preview:large, max-video-preview:-1\" \/>\n<link rel=\"canonical\" href=\"https:\/\/ofabskara.se\/sv\/produkt\/nackbom-grind-kalv\/\" \/>\n<meta property=\"og:locale\" content=\"sv_SE\" \/>\n<meta property=\"og:type\" content=\"article\" \/>\n<meta property=\"og:title\" content=\"Teleskopiska 2-r\u00f6rs grindar - Ofab\" \/>\n<meta property=\"og:description\" content=\"Teleskopisk 2-r\u00f6rsbom f\u00f6r ungdjur. Hondel r\u00f6r 60,3 x 3,2 mm. Handel r\u00f6r 48,3 x 3,0 mm. H\u00f6jd utv. 42 cm. Monteras ca 78 cm fr\u00e5n golv till undre r\u00f6r. Autol\u00e5s i en gavel eller s\u00e5 best\u00e4ller du tillbeh\u00f6rsp\u00e5se SAC552 f\u00f6r fast montage f\u00f6r sprint i b\u00e5da gavlarna.\" \/>\n<meta property=\"og:url\" content=\"https:\/\/ofabskara.se\/sv\/produkt\/nackbom-grind-kalv\/\" \/>\n<meta property=\"og:site_name\" content=\"Ofab\" \/>\n<meta property=\"article:modified_time\" content=\"2026-02-27T07:50:42+00:00\" \/>\n<meta property=\"og:image\" content=\"https:\/\/ofabskara.se\/wp-content\/uploads\/2024\/10\/nackbom.webp\" \/>\n\t<meta property=\"og:image:width\" content=\"600\" \/>\n\t<meta property=\"og:image:height\" content=\"600\" \/>\n\t<meta property=\"og:image:type\" content=\"image\/webp\" \/>\n<meta name=\"twitter:card\" content=\"summary_large_image\" \/>\n<meta name=\"twitter:label1\" content=\"Ber\u00e4knad l\u00e4stid\" \/>\n\t<meta name=\"twitter:data1\" content=\"1 minut\" \/>\n<script type=\"application\/ld+json\" class=\"yoast-schema-graph\">{\"@context\":\"https:\/\/schema.org\",\"@graph\":[{\"@type\":\"WebPage\",\"@id\":\"https:\/\/ofabskara.se\/sv\/produkt\/nackbom-grind-kalv\/\",\"url\":\"https:\/\/ofabskara.se\/sv\/produkt\/nackbom-grind-kalv\/\",\"name\":\"Teleskopiska 2-r\u00f6rs grindar - Ofab\",\"isPartOf\":{\"@id\":\"https:\/\/ofabskara.se\/sv\/#website\"},\"primaryImageOfPage\":{\"@id\":\"https:\/\/ofabskara.se\/sv\/produkt\/nackbom-grind-kalv\/#primaryimage\"},\"image\":{\"@id\":\"https:\/\/ofabskara.se\/sv\/produkt\/nackbom-grind-kalv\/#primaryimage\"},\"thumbnailUrl\":\"https:\/\/ofabskara.se\/wp-content\/uploads\/2024\/10\/nackbom.webp\",\"datePublished\":\"2024-10-10T07:56:41+00:00\",\"dateModified\":\"2026-02-27T07:50:42+00:00\",\"breadcrumb\":{\"@id\":\"https:\/\/ofabskara.se\/sv\/produkt\/nackbom-grind-kalv\/#breadcrumb\"},\"inLanguage\":\"sv-SE\",\"potentialAction\":[{\"@type\":\"ReadAction\",\"target\":[\"https:\/\/ofabskara.se\/sv\/produkt\/nackbom-grind-kalv\/\"]}]},{\"@type\":\"ImageObject\",\"inLanguage\":\"sv-SE\",\"@id\":\"https:\/\/ofabskara.se\/sv\/produkt\/nackbom-grind-kalv\/#primaryimage\",\"url\":\"https:\/\/ofabskara.se\/wp-content\/uploads\/2024\/10\/nackbom.webp\",\"contentUrl\":\"https:\/\/ofabskara.se\/wp-content\/uploads\/2024\/10\/nackbom.webp\",\"width\":600,\"height\":600,\"caption\":\"nackbom\"},{\"@type\":\"BreadcrumbList\",\"@id\":\"https:\/\/ofabskara.se\/sv\/produkt\/nackbom-grind-kalv\/#breadcrumb\",\"itemListElement\":[{\"@type\":\"ListItem\",\"position\":1,\"name\":\"Home\",\"item\":\"https:\/\/ofabskara.se\/sv\/\"},{\"@type\":\"ListItem\",\"position\":2,\"name\":\"Butik\",\"item\":\"https:\/\/ofabskara.se\/sv\/butik\/\"},{\"@type\":\"ListItem\",\"position\":3,\"name\":\"Teleskopiska 2-r\u00f6rs grindar\"}]},{\"@type\":\"WebSite\",\"@id\":\"https:\/\/ofabskara.se\/sv\/#website\",\"url\":\"https:\/\/ofabskara.se\/sv\/\",\"name\":\"Ofab\",\"description\":\"\",\"potentialAction\":[{\"@type\":\"SearchAction\",\"target\":{\"@type\":\"EntryPoint\",\"urlTemplate\":\"https:\/\/ofabskara.se\/sv\/?s={search_term_string}\"},\"query-input\":{\"@type\":\"PropertyValueSpecification\",\"valueRequired\":true,\"valueName\":\"search_term_string\"}}],\"inLanguage\":\"sv-SE\"}]}<\/script>\n<!-- \/ Yoast SEO plugin. -->","yoast_head_json":{"title":"Teleskopiska 2-r\u00f6rs grindar - Ofab","robots":{"index":"index","follow":"follow","max-snippet":"max-snippet:-1","max-image-preview":"max-image-preview:large","max-video-preview":"max-video-preview:-1"},"canonical":"https:\/\/ofabskara.se\/sv\/produkt\/nackbom-grind-kalv\/","og_locale":"sv_SE","og_type":"article","og_title":"Teleskopiska 2-r\u00f6rs grindar - Ofab","og_description":"Teleskopisk 2-r\u00f6rsbom f\u00f6r ungdjur. Hondel r\u00f6r 60,3 x 3,2 mm. Handel r\u00f6r 48,3 x 3,0 mm. H\u00f6jd utv. 42 cm. Monteras ca 78 cm fr\u00e5n golv till undre r\u00f6r. Autol\u00e5s i en gavel eller s\u00e5 best\u00e4ller du tillbeh\u00f6rsp\u00e5se SAC552 f\u00f6r fast montage f\u00f6r sprint i b\u00e5da gavlarna.","og_url":"https:\/\/ofabskara.se\/sv\/produkt\/nackbom-grind-kalv\/","og_site_name":"Ofab","article_modified_time":"2026-02-27T07:50:42+00:00","og_image":[{"width":600,"height":600,"url":"https:\/\/ofabskara.se\/wp-content\/uploads\/2024\/10\/nackbom.webp","type":"image\/webp"}],"twitter_card":"summary_large_image","twitter_misc":{"Ber\u00e4knad l\u00e4stid":"1 minut"},"schema":{"@context":"https:\/\/schema.org","@graph":[{"@type":"WebPage","@id":"https:\/\/ofabskara.se\/sv\/produkt\/nackbom-grind-kalv\/","url":"https:\/\/ofabskara.se\/sv\/produkt\/nackbom-grind-kalv\/","name":"Teleskopiska 2-r\u00f6rs grindar - Ofab","isPartOf":{"@id":"https:\/\/ofabskara.se\/sv\/#website"},"primaryImageOfPage":{"@id":"https:\/\/ofabskara.se\/sv\/produkt\/nackbom-grind-kalv\/#primaryimage"},"image":{"@id":"https:\/\/ofabskara.se\/sv\/produkt\/nackbom-grind-kalv\/#primaryimage"},"thumbnailUrl":"https:\/\/ofabskara.se\/wp-content\/uploads\/2024\/10\/nackbom.webp","datePublished":"2024-10-10T07:56:41+00:00","dateModified":"2026-02-27T07:50:42+00:00","breadcrumb":{"@id":"https:\/\/ofabskara.se\/sv\/produkt\/nackbom-grind-kalv\/#breadcrumb"},"inLanguage":"sv-SE","potentialAction":[{"@type":"ReadAction","target":["https:\/\/ofabskara.se\/sv\/produkt\/nackbom-grind-kalv\/"]}]},{"@type":"ImageObject","inLanguage":"sv-SE","@id":"https:\/\/ofabskara.se\/sv\/produkt\/nackbom-grind-kalv\/#primaryimage","url":"https:\/\/ofabskara.se\/wp-content\/uploads\/2024\/10\/nackbom.webp","contentUrl":"https:\/\/ofabskara.se\/wp-content\/uploads\/2024\/10\/nackbom.webp","width":600,"height":600,"caption":"nackbom"},{"@type":"BreadcrumbList","@id":"https:\/\/ofabskara.se\/sv\/produkt\/nackbom-grind-kalv\/#breadcrumb","itemListElement":[{"@type":"ListItem","position":1,"name":"Home","item":"https:\/\/ofabskara.se\/sv\/"},{"@type":"ListItem","position":2,"name":"Butik","item":"https:\/\/ofabskara.se\/sv\/butik\/"},{"@type":"ListItem","position":3,"name":"Teleskopiska 2-r\u00f6rs grindar"}]},{"@type":"WebSite","@id":"https:\/\/ofabskara.se\/sv\/#website","url":"https:\/\/ofabskara.se\/sv\/","name":"Ofab","description":"","potentialAction":[{"@type":"SearchAction","target":{"@type":"EntryPoint","urlTemplate":"https:\/\/ofabskara.se\/sv\/?s={search_term_string}"},"query-input":{"@type":"PropertyValueSpecification","valueRequired":true,"valueName":"search_term_string"}}],"inLanguage":"sv-SE"}]}},"_links":{"self":[{"href":"https:\/\/ofabskara.se\/sv\/wp-json\/wp\/v2\/product\/42611","targetHints":{"allow":["GET"]}}],"collection":[{"href":"https:\/\/ofabskara.se\/sv\/wp-json\/wp\/v2\/product"}],"about":[{"href":"https:\/\/ofabskara.se\/sv\/wp-json\/wp\/v2\/types\/product"}],"replies":[{"embeddable":true,"href":"https:\/\/ofabskara.se\/sv\/wp-json\/wp\/v2\/comments?post=42611"}],"wp:featuredmedia":[{"embeddable":true,"href":"https:\/\/ofabskara.se\/sv\/wp-json\/wp\/v2\/media\/42612"}],"wp:attachment":[{"href":"https:\/\/ofabskara.se\/sv\/wp-json\/wp\/v2\/media?parent=42611"}],"wp:term":[{"taxonomy":"product_brand","embeddable":true,"href":"https:\/\/ofabskara.se\/sv\/wp-json\/wp\/v2\/product_brand?post=42611"},{"taxonomy":"product_cat","embeddable":true,"href":"https:\/\/ofabskara.se\/sv\/wp-json\/wp\/v2\/product_cat?post=42611"},{"taxonomy":"product_tag","embeddable":true,"href":"https:\/\/ofabskara.se\/sv\/wp-json\/wp\/v2\/product_tag?post=42611"}],"curies":[{"name":"wp","href":"https:\/\/api.w.org\/{rel}","templated":true}]}}