{"id":4274,"date":"2017-06-26T08:48:36","date_gmt":"2017-06-26T06:48:36","guid":{"rendered":"https:\/\/ofabskara.se\/produkt\/fodertrag-i-plast\/"},"modified":"2024-02-26T11:37:22","modified_gmt":"2024-02-26T10:37:22","slug":"fodertrag-i-plast","status":"publish","type":"product","link":"https:\/\/ofabskara.se\/sv\/produkt\/fodertrag-i-plast\/","title":{"rendered":"Fodertr\u00e5g i plast"},"content":{"rendered":"<p><strong>Fodertr\u00e5g 1100, 1200, 1600 och 2000<\/strong><\/p>\n<p>Helgjutna fodertr\u00e5g i bits\u00e4ker, giftfri och slagfast pp-plast. Mod. 1200, 1600 och 2000 \u00e4r utformat f\u00f6r att h\u00e4ngas \u00f6ver t.ex. ett r\u00f6r och d\u00e4rf\u00f6r l\u00e4tt att ta bort f\u00f6r reng\u00f6ring. Mod. 1100 har f\u00e4rst\u00f6ron vari man f\u00e4ster tr\u00e5get mot t.ex. boxv\u00e4ggen.<\/p>\n","protected":false},"excerpt":{"rendered":"<p>Fodertr\u00e5g 1100, 1200, 1600 och 2000 Helgjutna fodertr\u00e5g i bits\u00e4ker, giftfri och slagfast pp-plast. Mod. 1200, 1600 och 2000 \u00e4r utformat f\u00f6r att h\u00e4ngas \u00f6ver t.ex. ett r\u00f6r och d\u00e4rf\u00f6r l\u00e4tt att ta bort f\u00f6r reng\u00f6ring. Mod. 1100 har f\u00e4rst\u00f6ron vari man f\u00e4ster tr\u00e5get mot t.ex. boxv\u00e4ggen.<\/p>\n","protected":false},"featured_media":2091,"comment_status":"closed","ping_status":"closed","template":"","meta":{"_acf_changed":false,"inline_featured_image":false},"product_brand":[],"product_cat":[65,440],"product_tag":[],"class_list":{"0":"post-4274","1":"product","2":"type-product","3":"status-publish","4":"has-post-thumbnail","6":"product_cat-notdjur","7":"product_cat-ovriga-trag-fodertrag-for-notdjur","9":"first","10":"instock","11":"taxable","12":"shipping-taxable","13":"product-type-grouped"},"acf":[],"yoast_head":"<!-- This site is optimized with the Yoast SEO plugin v24.4 - https:\/\/yoast.com\/wordpress\/plugins\/seo\/ -->\n<title>Fodertr\u00e5g i plast - Ofab<\/title>\n<meta name=\"robots\" content=\"index, follow, max-snippet:-1, max-image-preview:large, max-video-preview:-1\" \/>\n<link rel=\"canonical\" href=\"https:\/\/ofabskara.se\/sv\/produkt\/fodertrag-i-plast\/\" \/>\n<meta property=\"og:locale\" content=\"sv_SE\" \/>\n<meta property=\"og:type\" content=\"article\" \/>\n<meta property=\"og:title\" content=\"Fodertr\u00e5g i plast - Ofab\" \/>\n<meta property=\"og:description\" content=\"Fodertr\u00e5g 1100, 1200, 1600 och 2000 Helgjutna fodertr\u00e5g i bits\u00e4ker, giftfri och slagfast pp-plast. Mod. 1200, 1600 och 2000 \u00e4r utformat f\u00f6r att h\u00e4ngas \u00f6ver t.ex. ett r\u00f6r och d\u00e4rf\u00f6r l\u00e4tt att ta bort f\u00f6r reng\u00f6ring. Mod. 1100 har f\u00e4rst\u00f6ron vari man f\u00e4ster tr\u00e5get mot t.ex. boxv\u00e4ggen.\" \/>\n<meta property=\"og:url\" content=\"https:\/\/ofabskara.se\/sv\/produkt\/fodertrag-i-plast\/\" \/>\n<meta property=\"og:site_name\" content=\"Ofab\" \/>\n<meta property=\"article:modified_time\" content=\"2024-02-26T10:37:22+00:00\" \/>\n<meta property=\"og:image\" content=\"https:\/\/ofabskara.se\/wp-content\/uploads\/2023\/09\/212075.jpg\" \/>\n\t<meta property=\"og:image:width\" content=\"600\" \/>\n\t<meta property=\"og:image:height\" content=\"600\" \/>\n\t<meta property=\"og:image:type\" content=\"image\/jpeg\" \/>\n<meta name=\"twitter:card\" content=\"summary_large_image\" \/>\n<meta name=\"twitter:label1\" content=\"Ber\u00e4knad l\u00e4stid\" \/>\n\t<meta name=\"twitter:data1\" content=\"1 minut\" \/>\n<script type=\"application\/ld+json\" class=\"yoast-schema-graph\">{\"@context\":\"https:\/\/schema.org\",\"@graph\":[{\"@type\":\"WebPage\",\"@id\":\"https:\/\/ofabskara.se\/sv\/produkt\/fodertrag-i-plast\/\",\"url\":\"https:\/\/ofabskara.se\/sv\/produkt\/fodertrag-i-plast\/\",\"name\":\"Fodertr\u00e5g i plast - Ofab\",\"isPartOf\":{\"@id\":\"https:\/\/ofabskara.se\/sv\/#website\"},\"primaryImageOfPage\":{\"@id\":\"https:\/\/ofabskara.se\/sv\/produkt\/fodertrag-i-plast\/#primaryimage\"},\"image\":{\"@id\":\"https:\/\/ofabskara.se\/sv\/produkt\/fodertrag-i-plast\/#primaryimage\"},\"thumbnailUrl\":\"https:\/\/ofabskara.se\/wp-content\/uploads\/2023\/09\/212075.jpg\",\"datePublished\":\"2017-06-26T06:48:36+00:00\",\"dateModified\":\"2024-02-26T10:37:22+00:00\",\"breadcrumb\":{\"@id\":\"https:\/\/ofabskara.se\/sv\/produkt\/fodertrag-i-plast\/#breadcrumb\"},\"inLanguage\":\"sv-SE\",\"potentialAction\":[{\"@type\":\"ReadAction\",\"target\":[\"https:\/\/ofabskara.se\/sv\/produkt\/fodertrag-i-plast\/\"]}]},{\"@type\":\"ImageObject\",\"inLanguage\":\"sv-SE\",\"@id\":\"https:\/\/ofabskara.se\/sv\/produkt\/fodertrag-i-plast\/#primaryimage\",\"url\":\"https:\/\/ofabskara.se\/wp-content\/uploads\/2023\/09\/212075.jpg\",\"contentUrl\":\"https:\/\/ofabskara.se\/wp-content\/uploads\/2023\/09\/212075.jpg\",\"width\":600,\"height\":600},{\"@type\":\"BreadcrumbList\",\"@id\":\"https:\/\/ofabskara.se\/sv\/produkt\/fodertrag-i-plast\/#breadcrumb\",\"itemListElement\":[{\"@type\":\"ListItem\",\"position\":1,\"name\":\"Home\",\"item\":\"https:\/\/ofabskara.se\/sv\/\"},{\"@type\":\"ListItem\",\"position\":2,\"name\":\"Butik\",\"item\":\"https:\/\/ofabskara.se\/sv\/butik\/\"},{\"@type\":\"ListItem\",\"position\":3,\"name\":\"Fodertr\u00e5g i plast\"}]},{\"@type\":\"WebSite\",\"@id\":\"https:\/\/ofabskara.se\/sv\/#website\",\"url\":\"https:\/\/ofabskara.se\/sv\/\",\"name\":\"Ofab\",\"description\":\"\",\"potentialAction\":[{\"@type\":\"SearchAction\",\"target\":{\"@type\":\"EntryPoint\",\"urlTemplate\":\"https:\/\/ofabskara.se\/sv\/?s={search_term_string}\"},\"query-input\":{\"@type\":\"PropertyValueSpecification\",\"valueRequired\":true,\"valueName\":\"search_term_string\"}}],\"inLanguage\":\"sv-SE\"}]}<\/script>\n<!-- \/ Yoast SEO plugin. -->","yoast_head_json":{"title":"Fodertr\u00e5g i plast - Ofab","robots":{"index":"index","follow":"follow","max-snippet":"max-snippet:-1","max-image-preview":"max-image-preview:large","max-video-preview":"max-video-preview:-1"},"canonical":"https:\/\/ofabskara.se\/sv\/produkt\/fodertrag-i-plast\/","og_locale":"sv_SE","og_type":"article","og_title":"Fodertr\u00e5g i plast - Ofab","og_description":"Fodertr\u00e5g 1100, 1200, 1600 och 2000 Helgjutna fodertr\u00e5g i bits\u00e4ker, giftfri och slagfast pp-plast. Mod. 1200, 1600 och 2000 \u00e4r utformat f\u00f6r att h\u00e4ngas \u00f6ver t.ex. ett r\u00f6r och d\u00e4rf\u00f6r l\u00e4tt att ta bort f\u00f6r reng\u00f6ring. Mod. 1100 har f\u00e4rst\u00f6ron vari man f\u00e4ster tr\u00e5get mot t.ex. boxv\u00e4ggen.","og_url":"https:\/\/ofabskara.se\/sv\/produkt\/fodertrag-i-plast\/","og_site_name":"Ofab","article_modified_time":"2024-02-26T10:37:22+00:00","og_image":[{"width":600,"height":600,"url":"https:\/\/ofabskara.se\/wp-content\/uploads\/2023\/09\/212075.jpg","type":"image\/jpeg"}],"twitter_card":"summary_large_image","twitter_misc":{"Ber\u00e4knad l\u00e4stid":"1 minut"},"schema":{"@context":"https:\/\/schema.org","@graph":[{"@type":"WebPage","@id":"https:\/\/ofabskara.se\/sv\/produkt\/fodertrag-i-plast\/","url":"https:\/\/ofabskara.se\/sv\/produkt\/fodertrag-i-plast\/","name":"Fodertr\u00e5g i plast - Ofab","isPartOf":{"@id":"https:\/\/ofabskara.se\/sv\/#website"},"primaryImageOfPage":{"@id":"https:\/\/ofabskara.se\/sv\/produkt\/fodertrag-i-plast\/#primaryimage"},"image":{"@id":"https:\/\/ofabskara.se\/sv\/produkt\/fodertrag-i-plast\/#primaryimage"},"thumbnailUrl":"https:\/\/ofabskara.se\/wp-content\/uploads\/2023\/09\/212075.jpg","datePublished":"2017-06-26T06:48:36+00:00","dateModified":"2024-02-26T10:37:22+00:00","breadcrumb":{"@id":"https:\/\/ofabskara.se\/sv\/produkt\/fodertrag-i-plast\/#breadcrumb"},"inLanguage":"sv-SE","potentialAction":[{"@type":"ReadAction","target":["https:\/\/ofabskara.se\/sv\/produkt\/fodertrag-i-plast\/"]}]},{"@type":"ImageObject","inLanguage":"sv-SE","@id":"https:\/\/ofabskara.se\/sv\/produkt\/fodertrag-i-plast\/#primaryimage","url":"https:\/\/ofabskara.se\/wp-content\/uploads\/2023\/09\/212075.jpg","contentUrl":"https:\/\/ofabskara.se\/wp-content\/uploads\/2023\/09\/212075.jpg","width":600,"height":600},{"@type":"BreadcrumbList","@id":"https:\/\/ofabskara.se\/sv\/produkt\/fodertrag-i-plast\/#breadcrumb","itemListElement":[{"@type":"ListItem","position":1,"name":"Home","item":"https:\/\/ofabskara.se\/sv\/"},{"@type":"ListItem","position":2,"name":"Butik","item":"https:\/\/ofabskara.se\/sv\/butik\/"},{"@type":"ListItem","position":3,"name":"Fodertr\u00e5g i plast"}]},{"@type":"WebSite","@id":"https:\/\/ofabskara.se\/sv\/#website","url":"https:\/\/ofabskara.se\/sv\/","name":"Ofab","description":"","potentialAction":[{"@type":"SearchAction","target":{"@type":"EntryPoint","urlTemplate":"https:\/\/ofabskara.se\/sv\/?s={search_term_string}"},"query-input":{"@type":"PropertyValueSpecification","valueRequired":true,"valueName":"search_term_string"}}],"inLanguage":"sv-SE"}]}},"_links":{"self":[{"href":"https:\/\/ofabskara.se\/sv\/wp-json\/wp\/v2\/product\/4274","targetHints":{"allow":["GET"]}}],"collection":[{"href":"https:\/\/ofabskara.se\/sv\/wp-json\/wp\/v2\/product"}],"about":[{"href":"https:\/\/ofabskara.se\/sv\/wp-json\/wp\/v2\/types\/product"}],"replies":[{"embeddable":true,"href":"https:\/\/ofabskara.se\/sv\/wp-json\/wp\/v2\/comments?post=4274"}],"wp:featuredmedia":[{"embeddable":true,"href":"https:\/\/ofabskara.se\/sv\/wp-json\/wp\/v2\/media\/2091"}],"wp:attachment":[{"href":"https:\/\/ofabskara.se\/sv\/wp-json\/wp\/v2\/media?parent=4274"}],"wp:term":[{"taxonomy":"product_brand","embeddable":true,"href":"https:\/\/ofabskara.se\/sv\/wp-json\/wp\/v2\/product_brand?post=4274"},{"taxonomy":"product_cat","embeddable":true,"href":"https:\/\/ofabskara.se\/sv\/wp-json\/wp\/v2\/product_cat?post=4274"},{"taxonomy":"product_tag","embeddable":true,"href":"https:\/\/ofabskara.se\/sv\/wp-json\/wp\/v2\/product_tag?post=4274"}],"curies":[{"name":"wp","href":"https:\/\/api.w.org\/{rel}","templated":true}]}}