{"id":4331,"date":"2017-06-27T07:26:21","date_gmt":"2017-06-27T05:26:21","guid":{"rendered":"https:\/\/ofabskara.se\/produkt\/nackbom-for-kalvar-ungdjur\/"},"modified":"2026-02-27T08:47:28","modified_gmt":"2026-02-27T07:47:28","slug":"nackbom-for-kalvar-ungdjur","status":"publish","type":"product","link":"https:\/\/ofabskara.se\/sv\/produkt\/nackbom-for-kalvar-ungdjur\/","title":{"rendered":"Nackbom f\u00f6r kalvar"},"content":{"rendered":"<ul>\n<li><strong>Teleskopisk 2-r\u00f6rsbom f\u00f6r ungdjur. <\/strong><\/li>\n<li><strong>Hondel r\u00f6r 60,3 x 3,2 mm. Handel r\u00f6r 48,3 x 3,0 mm. <\/strong><\/li>\n<li><strong>H\u00f6jd utv. 42 cm. <\/strong><\/li>\n<li><strong>Monteras ca 78 cm fr\u00e5n golv till undre r\u00f6r.<\/strong><\/li>\n<\/ul>\n","protected":false},"excerpt":{"rendered":"<ul>\n<li><strong>Teleskopisk 2-r\u00f6rsbom f\u00f6r ungdjur. <\/strong><\/li>\n<li><strong>Hondel r\u00f6r 60,3 x 3,2 mm. Handel r\u00f6r 48,3 x 3,0 mm. <\/strong><\/li>\n<li><strong>H\u00f6jd utv. 42 cm. <\/strong><\/li>\n<li><strong>Monteras ca 78 cm fr\u00e5n golv till undre r\u00f6r.<\/strong><\/li>\n<\/ul>\n","protected":false},"featured_media":4332,"comment_status":"closed","ping_status":"closed","template":"","meta":{"_acf_changed":false,"inline_featured_image":false},"product_brand":[],"product_cat":[73,82,65],"product_tag":[],"class_list":{"0":"post-4331","1":"product","2":"type-product","3":"status-publish","4":"has-post-thumbnail","6":"product_cat-foderfront-for-notkreatur","7":"product_cat-nackbom-2-ror","8":"product_cat-notdjur","10":"first","11":"instock","12":"taxable","13":"shipping-taxable","14":"product-type-grouped"},"acf":[],"yoast_head":"<!-- This site is optimized with the Yoast SEO plugin v24.4 - https:\/\/yoast.com\/wordpress\/plugins\/seo\/ -->\n<title>Nackbom f\u00f6r kalvar - Ofab<\/title>\n<meta name=\"robots\" content=\"index, follow, max-snippet:-1, max-image-preview:large, max-video-preview:-1\" \/>\n<link rel=\"canonical\" href=\"https:\/\/ofabskara.se\/sv\/produkt\/nackbom-for-kalvar-ungdjur\/\" \/>\n<meta property=\"og:locale\" content=\"sv_SE\" \/>\n<meta property=\"og:type\" content=\"article\" \/>\n<meta property=\"og:title\" content=\"Nackbom f\u00f6r kalvar - Ofab\" \/>\n<meta property=\"og:description\" content=\"Teleskopisk 2-r\u00f6rsbom f\u00f6r ungdjur.   Hondel r\u00f6r 60,3 x 3,2 mm. Handel r\u00f6r 48,3 x 3,0 mm.   H\u00f6jd utv. 42 cm.   Monteras ca 78 cm fr\u00e5n golv till undre r\u00f6r.\" \/>\n<meta property=\"og:url\" content=\"https:\/\/ofabskara.se\/sv\/produkt\/nackbom-for-kalvar-ungdjur\/\" \/>\n<meta property=\"og:site_name\" content=\"Ofab\" \/>\n<meta property=\"article:modified_time\" content=\"2026-02-27T07:47:28+00:00\" \/>\n<meta property=\"og:image\" content=\"https:\/\/ofabskara.se\/wp-content\/uploads\/2023\/09\/lo3195-2.jpg\" \/>\n\t<meta property=\"og:image:width\" content=\"700\" \/>\n\t<meta property=\"og:image:height\" content=\"700\" \/>\n\t<meta property=\"og:image:type\" content=\"image\/jpeg\" \/>\n<meta name=\"twitter:card\" content=\"summary_large_image\" \/>\n<meta name=\"twitter:label1\" content=\"Ber\u00e4knad l\u00e4stid\" \/>\n\t<meta name=\"twitter:data1\" content=\"1 minut\" \/>\n<script type=\"application\/ld+json\" class=\"yoast-schema-graph\">{\"@context\":\"https:\/\/schema.org\",\"@graph\":[{\"@type\":\"WebPage\",\"@id\":\"https:\/\/ofabskara.se\/sv\/produkt\/nackbom-for-kalvar-ungdjur\/\",\"url\":\"https:\/\/ofabskara.se\/sv\/produkt\/nackbom-for-kalvar-ungdjur\/\",\"name\":\"Nackbom f\u00f6r kalvar - Ofab\",\"isPartOf\":{\"@id\":\"https:\/\/ofabskara.se\/sv\/#website\"},\"primaryImageOfPage\":{\"@id\":\"https:\/\/ofabskara.se\/sv\/produkt\/nackbom-for-kalvar-ungdjur\/#primaryimage\"},\"image\":{\"@id\":\"https:\/\/ofabskara.se\/sv\/produkt\/nackbom-for-kalvar-ungdjur\/#primaryimage\"},\"thumbnailUrl\":\"https:\/\/ofabskara.se\/wp-content\/uploads\/2023\/09\/lo3195-2.jpg\",\"datePublished\":\"2017-06-27T05:26:21+00:00\",\"dateModified\":\"2026-02-27T07:47:28+00:00\",\"breadcrumb\":{\"@id\":\"https:\/\/ofabskara.se\/sv\/produkt\/nackbom-for-kalvar-ungdjur\/#breadcrumb\"},\"inLanguage\":\"sv-SE\",\"potentialAction\":[{\"@type\":\"ReadAction\",\"target\":[\"https:\/\/ofabskara.se\/sv\/produkt\/nackbom-for-kalvar-ungdjur\/\"]}]},{\"@type\":\"ImageObject\",\"inLanguage\":\"sv-SE\",\"@id\":\"https:\/\/ofabskara.se\/sv\/produkt\/nackbom-for-kalvar-ungdjur\/#primaryimage\",\"url\":\"https:\/\/ofabskara.se\/wp-content\/uploads\/2023\/09\/lo3195-2.jpg\",\"contentUrl\":\"https:\/\/ofabskara.se\/wp-content\/uploads\/2023\/09\/lo3195-2.jpg\",\"width\":700,\"height\":700},{\"@type\":\"BreadcrumbList\",\"@id\":\"https:\/\/ofabskara.se\/sv\/produkt\/nackbom-for-kalvar-ungdjur\/#breadcrumb\",\"itemListElement\":[{\"@type\":\"ListItem\",\"position\":1,\"name\":\"Home\",\"item\":\"https:\/\/ofabskara.se\/sv\/\"},{\"@type\":\"ListItem\",\"position\":2,\"name\":\"Butik\",\"item\":\"https:\/\/ofabskara.se\/sv\/butik\/\"},{\"@type\":\"ListItem\",\"position\":3,\"name\":\"Nackbom f\u00f6r kalvar\"}]},{\"@type\":\"WebSite\",\"@id\":\"https:\/\/ofabskara.se\/sv\/#website\",\"url\":\"https:\/\/ofabskara.se\/sv\/\",\"name\":\"Ofab\",\"description\":\"\",\"potentialAction\":[{\"@type\":\"SearchAction\",\"target\":{\"@type\":\"EntryPoint\",\"urlTemplate\":\"https:\/\/ofabskara.se\/sv\/?s={search_term_string}\"},\"query-input\":{\"@type\":\"PropertyValueSpecification\",\"valueRequired\":true,\"valueName\":\"search_term_string\"}}],\"inLanguage\":\"sv-SE\"}]}<\/script>\n<!-- \/ Yoast SEO plugin. -->","yoast_head_json":{"title":"Nackbom f\u00f6r kalvar - Ofab","robots":{"index":"index","follow":"follow","max-snippet":"max-snippet:-1","max-image-preview":"max-image-preview:large","max-video-preview":"max-video-preview:-1"},"canonical":"https:\/\/ofabskara.se\/sv\/produkt\/nackbom-for-kalvar-ungdjur\/","og_locale":"sv_SE","og_type":"article","og_title":"Nackbom f\u00f6r kalvar - Ofab","og_description":"Teleskopisk 2-r\u00f6rsbom f\u00f6r ungdjur.   Hondel r\u00f6r 60,3 x 3,2 mm. Handel r\u00f6r 48,3 x 3,0 mm.   H\u00f6jd utv. 42 cm.   Monteras ca 78 cm fr\u00e5n golv till undre r\u00f6r.","og_url":"https:\/\/ofabskara.se\/sv\/produkt\/nackbom-for-kalvar-ungdjur\/","og_site_name":"Ofab","article_modified_time":"2026-02-27T07:47:28+00:00","og_image":[{"width":700,"height":700,"url":"https:\/\/ofabskara.se\/wp-content\/uploads\/2023\/09\/lo3195-2.jpg","type":"image\/jpeg"}],"twitter_card":"summary_large_image","twitter_misc":{"Ber\u00e4knad l\u00e4stid":"1 minut"},"schema":{"@context":"https:\/\/schema.org","@graph":[{"@type":"WebPage","@id":"https:\/\/ofabskara.se\/sv\/produkt\/nackbom-for-kalvar-ungdjur\/","url":"https:\/\/ofabskara.se\/sv\/produkt\/nackbom-for-kalvar-ungdjur\/","name":"Nackbom f\u00f6r kalvar - Ofab","isPartOf":{"@id":"https:\/\/ofabskara.se\/sv\/#website"},"primaryImageOfPage":{"@id":"https:\/\/ofabskara.se\/sv\/produkt\/nackbom-for-kalvar-ungdjur\/#primaryimage"},"image":{"@id":"https:\/\/ofabskara.se\/sv\/produkt\/nackbom-for-kalvar-ungdjur\/#primaryimage"},"thumbnailUrl":"https:\/\/ofabskara.se\/wp-content\/uploads\/2023\/09\/lo3195-2.jpg","datePublished":"2017-06-27T05:26:21+00:00","dateModified":"2026-02-27T07:47:28+00:00","breadcrumb":{"@id":"https:\/\/ofabskara.se\/sv\/produkt\/nackbom-for-kalvar-ungdjur\/#breadcrumb"},"inLanguage":"sv-SE","potentialAction":[{"@type":"ReadAction","target":["https:\/\/ofabskara.se\/sv\/produkt\/nackbom-for-kalvar-ungdjur\/"]}]},{"@type":"ImageObject","inLanguage":"sv-SE","@id":"https:\/\/ofabskara.se\/sv\/produkt\/nackbom-for-kalvar-ungdjur\/#primaryimage","url":"https:\/\/ofabskara.se\/wp-content\/uploads\/2023\/09\/lo3195-2.jpg","contentUrl":"https:\/\/ofabskara.se\/wp-content\/uploads\/2023\/09\/lo3195-2.jpg","width":700,"height":700},{"@type":"BreadcrumbList","@id":"https:\/\/ofabskara.se\/sv\/produkt\/nackbom-for-kalvar-ungdjur\/#breadcrumb","itemListElement":[{"@type":"ListItem","position":1,"name":"Home","item":"https:\/\/ofabskara.se\/sv\/"},{"@type":"ListItem","position":2,"name":"Butik","item":"https:\/\/ofabskara.se\/sv\/butik\/"},{"@type":"ListItem","position":3,"name":"Nackbom f\u00f6r kalvar"}]},{"@type":"WebSite","@id":"https:\/\/ofabskara.se\/sv\/#website","url":"https:\/\/ofabskara.se\/sv\/","name":"Ofab","description":"","potentialAction":[{"@type":"SearchAction","target":{"@type":"EntryPoint","urlTemplate":"https:\/\/ofabskara.se\/sv\/?s={search_term_string}"},"query-input":{"@type":"PropertyValueSpecification","valueRequired":true,"valueName":"search_term_string"}}],"inLanguage":"sv-SE"}]}},"_links":{"self":[{"href":"https:\/\/ofabskara.se\/sv\/wp-json\/wp\/v2\/product\/4331","targetHints":{"allow":["GET"]}}],"collection":[{"href":"https:\/\/ofabskara.se\/sv\/wp-json\/wp\/v2\/product"}],"about":[{"href":"https:\/\/ofabskara.se\/sv\/wp-json\/wp\/v2\/types\/product"}],"replies":[{"embeddable":true,"href":"https:\/\/ofabskara.se\/sv\/wp-json\/wp\/v2\/comments?post=4331"}],"wp:featuredmedia":[{"embeddable":true,"href":"https:\/\/ofabskara.se\/sv\/wp-json\/wp\/v2\/media\/4332"}],"wp:attachment":[{"href":"https:\/\/ofabskara.se\/sv\/wp-json\/wp\/v2\/media?parent=4331"}],"wp:term":[{"taxonomy":"product_brand","embeddable":true,"href":"https:\/\/ofabskara.se\/sv\/wp-json\/wp\/v2\/product_brand?post=4331"},{"taxonomy":"product_cat","embeddable":true,"href":"https:\/\/ofabskara.se\/sv\/wp-json\/wp\/v2\/product_cat?post=4331"},{"taxonomy":"product_tag","embeddable":true,"href":"https:\/\/ofabskara.se\/sv\/wp-json\/wp\/v2\/product_tag?post=4331"}],"curies":[{"name":"wp","href":"https:\/\/api.w.org\/{rel}","templated":true}]}}