{"id":43399,"date":"2025-03-18T14:28:47","date_gmt":"2025-03-18T13:28:47","guid":{"rendered":"https:\/\/ofabskara.se\/?post_type=product&#038;p=43399"},"modified":"2025-03-20T15:37:00","modified_gmt":"2025-03-20T14:37:00","slug":"la-buvette-forstal","status":"publish","type":"product","link":"https:\/\/ofabskara.se\/sv\/produkt\/la-buvette-forstal\/","title":{"rendered":"La Buvette Forstal"},"content":{"rendered":"<p>Tillverkad av syntetisk plast. Mycket stark. Har tillverkats i \u00f6ver 15 \u00e5r. Anf\u00e4stningsplatta med fyra h\u00e5l. Kapacitet 12 lit.\/min vid 3 bar, anslutning 3\/4&#8243; inv. fr\u00e5n \u00f6ver- eller undersidan. Har en vertikal tunga. Vikt 1 kg.<\/p>\n","protected":false},"excerpt":{"rendered":"<p>Tillverkad av syntetisk plast. Mycket stark. Har tillverkats i \u00f6ver 15 \u00e5r. Anf\u00e4stningsplatta med fyra h\u00e5l. Kapacitet 12 lit.\/min vid 3 bar, anslutning 3\/4&#8243; inv. fr\u00e5n \u00f6ver- eller undersidan. Har en vertikal tunga. Vikt 1 kg.<\/p>\n","protected":false},"featured_media":3511,"comment_status":"closed","ping_status":"closed","template":"","meta":{"_acf_changed":false,"inline_featured_image":false},"product_brand":[],"product_cat":[66,208,105,201,69,200],"product_tag":[],"class_list":{"0":"post-43399","1":"product","2":"type-product","3":"status-publish","4":"has-post-thumbnail","6":"product_cat-hastar","7":"product_cat-la-buvette-vattenkoppar","8":"product_cat-vattenkoppar","9":"product_cat-vattenkoppar-for-hast","10":"product_cat-vattensystem","11":"product_cat-vattensystem-hastar","13":"first","14":"instock","15":"taxable","16":"shipping-taxable","17":"product-type-grouped"},"acf":[],"yoast_head":"<!-- This site is optimized with the Yoast SEO plugin v24.4 - https:\/\/yoast.com\/wordpress\/plugins\/seo\/ -->\n<title>La Buvette Forstal - Ofab<\/title>\n<meta name=\"robots\" content=\"index, follow, max-snippet:-1, max-image-preview:large, max-video-preview:-1\" \/>\n<link rel=\"canonical\" href=\"https:\/\/ofabskara.se\/sv\/produkt\/la-buvette-forstal\/\" \/>\n<meta property=\"og:locale\" content=\"sv_SE\" \/>\n<meta property=\"og:type\" content=\"article\" \/>\n<meta property=\"og:title\" content=\"La Buvette Forstal - Ofab\" \/>\n<meta property=\"og:description\" content=\"Tillverkad av syntetisk plast. Mycket stark. Har tillverkats i \u00f6ver 15 \u00e5r. Anf\u00e4stningsplatta med fyra h\u00e5l. Kapacitet 12 lit.\/min vid 3 bar, anslutning 3\/4&quot; inv. fr\u00e5n \u00f6ver- eller undersidan. Har en vertikal tunga. Vikt 1 kg.\" \/>\n<meta property=\"og:url\" content=\"https:\/\/ofabskara.se\/sv\/produkt\/la-buvette-forstal\/\" \/>\n<meta property=\"og:site_name\" content=\"Ofab\" \/>\n<meta property=\"article:modified_time\" content=\"2025-03-20T14:37:00+00:00\" \/>\n<meta property=\"og:image\" content=\"https:\/\/ofabskara.se\/wp-content\/uploads\/2023\/09\/3022_16.jpg\" \/>\n\t<meta property=\"og:image:width\" content=\"1772\" \/>\n\t<meta property=\"og:image:height\" content=\"1772\" \/>\n\t<meta property=\"og:image:type\" content=\"image\/jpeg\" \/>\n<meta name=\"twitter:card\" content=\"summary_large_image\" \/>\n<meta name=\"twitter:label1\" content=\"Ber\u00e4knad l\u00e4stid\" \/>\n\t<meta name=\"twitter:data1\" content=\"1 minut\" \/>\n<script type=\"application\/ld+json\" class=\"yoast-schema-graph\">{\"@context\":\"https:\/\/schema.org\",\"@graph\":[{\"@type\":\"WebPage\",\"@id\":\"https:\/\/ofabskara.se\/sv\/produkt\/la-buvette-forstal\/\",\"url\":\"https:\/\/ofabskara.se\/sv\/produkt\/la-buvette-forstal\/\",\"name\":\"La Buvette Forstal - Ofab\",\"isPartOf\":{\"@id\":\"https:\/\/ofabskara.se\/sv\/#website\"},\"primaryImageOfPage\":{\"@id\":\"https:\/\/ofabskara.se\/sv\/produkt\/la-buvette-forstal\/#primaryimage\"},\"image\":{\"@id\":\"https:\/\/ofabskara.se\/sv\/produkt\/la-buvette-forstal\/#primaryimage\"},\"thumbnailUrl\":\"https:\/\/ofabskara.se\/wp-content\/uploads\/2023\/09\/3022_16.jpg\",\"datePublished\":\"2025-03-18T13:28:47+00:00\",\"dateModified\":\"2025-03-20T14:37:00+00:00\",\"breadcrumb\":{\"@id\":\"https:\/\/ofabskara.se\/sv\/produkt\/la-buvette-forstal\/#breadcrumb\"},\"inLanguage\":\"sv-SE\",\"potentialAction\":[{\"@type\":\"ReadAction\",\"target\":[\"https:\/\/ofabskara.se\/sv\/produkt\/la-buvette-forstal\/\"]}]},{\"@type\":\"ImageObject\",\"inLanguage\":\"sv-SE\",\"@id\":\"https:\/\/ofabskara.se\/sv\/produkt\/la-buvette-forstal\/#primaryimage\",\"url\":\"https:\/\/ofabskara.se\/wp-content\/uploads\/2023\/09\/3022_16.jpg\",\"contentUrl\":\"https:\/\/ofabskara.se\/wp-content\/uploads\/2023\/09\/3022_16.jpg\",\"width\":1772,\"height\":1772},{\"@type\":\"BreadcrumbList\",\"@id\":\"https:\/\/ofabskara.se\/sv\/produkt\/la-buvette-forstal\/#breadcrumb\",\"itemListElement\":[{\"@type\":\"ListItem\",\"position\":1,\"name\":\"Home\",\"item\":\"https:\/\/ofabskara.se\/sv\/\"},{\"@type\":\"ListItem\",\"position\":2,\"name\":\"Butik\",\"item\":\"https:\/\/ofabskara.se\/sv\/butik\/\"},{\"@type\":\"ListItem\",\"position\":3,\"name\":\"La Buvette Forstal\"}]},{\"@type\":\"WebSite\",\"@id\":\"https:\/\/ofabskara.se\/sv\/#website\",\"url\":\"https:\/\/ofabskara.se\/sv\/\",\"name\":\"Ofab\",\"description\":\"\",\"potentialAction\":[{\"@type\":\"SearchAction\",\"target\":{\"@type\":\"EntryPoint\",\"urlTemplate\":\"https:\/\/ofabskara.se\/sv\/?s={search_term_string}\"},\"query-input\":{\"@type\":\"PropertyValueSpecification\",\"valueRequired\":true,\"valueName\":\"search_term_string\"}}],\"inLanguage\":\"sv-SE\"}]}<\/script>\n<!-- \/ Yoast SEO plugin. -->","yoast_head_json":{"title":"La Buvette Forstal - Ofab","robots":{"index":"index","follow":"follow","max-snippet":"max-snippet:-1","max-image-preview":"max-image-preview:large","max-video-preview":"max-video-preview:-1"},"canonical":"https:\/\/ofabskara.se\/sv\/produkt\/la-buvette-forstal\/","og_locale":"sv_SE","og_type":"article","og_title":"La Buvette Forstal - Ofab","og_description":"Tillverkad av syntetisk plast. Mycket stark. Har tillverkats i \u00f6ver 15 \u00e5r. Anf\u00e4stningsplatta med fyra h\u00e5l. Kapacitet 12 lit.\/min vid 3 bar, anslutning 3\/4\" inv. fr\u00e5n \u00f6ver- eller undersidan. Har en vertikal tunga. Vikt 1 kg.","og_url":"https:\/\/ofabskara.se\/sv\/produkt\/la-buvette-forstal\/","og_site_name":"Ofab","article_modified_time":"2025-03-20T14:37:00+00:00","og_image":[{"width":1772,"height":1772,"url":"https:\/\/ofabskara.se\/wp-content\/uploads\/2023\/09\/3022_16.jpg","type":"image\/jpeg"}],"twitter_card":"summary_large_image","twitter_misc":{"Ber\u00e4knad l\u00e4stid":"1 minut"},"schema":{"@context":"https:\/\/schema.org","@graph":[{"@type":"WebPage","@id":"https:\/\/ofabskara.se\/sv\/produkt\/la-buvette-forstal\/","url":"https:\/\/ofabskara.se\/sv\/produkt\/la-buvette-forstal\/","name":"La Buvette Forstal - Ofab","isPartOf":{"@id":"https:\/\/ofabskara.se\/sv\/#website"},"primaryImageOfPage":{"@id":"https:\/\/ofabskara.se\/sv\/produkt\/la-buvette-forstal\/#primaryimage"},"image":{"@id":"https:\/\/ofabskara.se\/sv\/produkt\/la-buvette-forstal\/#primaryimage"},"thumbnailUrl":"https:\/\/ofabskara.se\/wp-content\/uploads\/2023\/09\/3022_16.jpg","datePublished":"2025-03-18T13:28:47+00:00","dateModified":"2025-03-20T14:37:00+00:00","breadcrumb":{"@id":"https:\/\/ofabskara.se\/sv\/produkt\/la-buvette-forstal\/#breadcrumb"},"inLanguage":"sv-SE","potentialAction":[{"@type":"ReadAction","target":["https:\/\/ofabskara.se\/sv\/produkt\/la-buvette-forstal\/"]}]},{"@type":"ImageObject","inLanguage":"sv-SE","@id":"https:\/\/ofabskara.se\/sv\/produkt\/la-buvette-forstal\/#primaryimage","url":"https:\/\/ofabskara.se\/wp-content\/uploads\/2023\/09\/3022_16.jpg","contentUrl":"https:\/\/ofabskara.se\/wp-content\/uploads\/2023\/09\/3022_16.jpg","width":1772,"height":1772},{"@type":"BreadcrumbList","@id":"https:\/\/ofabskara.se\/sv\/produkt\/la-buvette-forstal\/#breadcrumb","itemListElement":[{"@type":"ListItem","position":1,"name":"Home","item":"https:\/\/ofabskara.se\/sv\/"},{"@type":"ListItem","position":2,"name":"Butik","item":"https:\/\/ofabskara.se\/sv\/butik\/"},{"@type":"ListItem","position":3,"name":"La Buvette Forstal"}]},{"@type":"WebSite","@id":"https:\/\/ofabskara.se\/sv\/#website","url":"https:\/\/ofabskara.se\/sv\/","name":"Ofab","description":"","potentialAction":[{"@type":"SearchAction","target":{"@type":"EntryPoint","urlTemplate":"https:\/\/ofabskara.se\/sv\/?s={search_term_string}"},"query-input":{"@type":"PropertyValueSpecification","valueRequired":true,"valueName":"search_term_string"}}],"inLanguage":"sv-SE"}]}},"_links":{"self":[{"href":"https:\/\/ofabskara.se\/sv\/wp-json\/wp\/v2\/product\/43399","targetHints":{"allow":["GET"]}}],"collection":[{"href":"https:\/\/ofabskara.se\/sv\/wp-json\/wp\/v2\/product"}],"about":[{"href":"https:\/\/ofabskara.se\/sv\/wp-json\/wp\/v2\/types\/product"}],"replies":[{"embeddable":true,"href":"https:\/\/ofabskara.se\/sv\/wp-json\/wp\/v2\/comments?post=43399"}],"wp:featuredmedia":[{"embeddable":true,"href":"https:\/\/ofabskara.se\/sv\/wp-json\/wp\/v2\/media\/3511"}],"wp:attachment":[{"href":"https:\/\/ofabskara.se\/sv\/wp-json\/wp\/v2\/media?parent=43399"}],"wp:term":[{"taxonomy":"product_brand","embeddable":true,"href":"https:\/\/ofabskara.se\/sv\/wp-json\/wp\/v2\/product_brand?post=43399"},{"taxonomy":"product_cat","embeddable":true,"href":"https:\/\/ofabskara.se\/sv\/wp-json\/wp\/v2\/product_cat?post=43399"},{"taxonomy":"product_tag","embeddable":true,"href":"https:\/\/ofabskara.se\/sv\/wp-json\/wp\/v2\/product_tag?post=43399"}],"curies":[{"name":"wp","href":"https:\/\/api.w.org\/{rel}","templated":true}]}}