{"id":43405,"date":"2025-03-18T14:45:21","date_gmt":"2025-03-18T13:45:21","guid":{"rendered":"https:\/\/ofabskara.se\/?post_type=product&#038;p=43405"},"modified":"2025-03-18T14:49:35","modified_gmt":"2025-03-18T13:49:35","slug":"normandy-flottorkopp","status":"publish","type":"product","link":"https:\/\/ofabskara.se\/sv\/produkt\/normandy-flottorkopp\/","title":{"rendered":"Normandy Flott\u00f6rkopp"},"content":{"rendered":"<p><strong>Flott\u00f6rvattenkopp La Buvette Normandy<\/strong><br \/>\nKompakt vattenkopp med flott\u00f6rventil (8l\/min vid 3bar) som kan installeras med eller utan termor\u00f6r beroende p\u00e5 djurslag.<br \/>\nVattenanslutning 3\/4\u201d fr\u00e5n ovan- eller undersidan, monteringsslang ing\u00e5r. Stor dricksk\u00e5l och enkel att reng\u00f6ra. V\u00e4rmeelement ing\u00e5r ej (A396)<\/p>\n","protected":false},"excerpt":{"rendered":"<p><strong>LA BUVETTE<\/strong><\/p>\n<p>Kompakt vattenkopp med flott\u00f6rventil (8l\/min vid 3bar) som kan installeras med eller utan termor\u00f6r beroende p\u00e5 djurslag.<br \/>\nVattenanslutning 3\/4\u201d fr\u00e5n ovan- eller undersidan, monteringsslang ing\u00e5r. Stor dricksk\u00e5l och enkel att reng\u00f6ra.<\/p>\n","protected":false},"featured_media":2331,"comment_status":"closed","ping_status":"closed","template":"","meta":{"_acf_changed":false,"inline_featured_image":false},"product_brand":[],"product_cat":[66,200,201,69,106,210,105,208],"product_tag":[],"class_list":{"0":"post-43405","1":"product","2":"type-product","3":"status-publish","4":"has-post-thumbnail","6":"product_cat-hastar","7":"product_cat-vattensystem-hastar","8":"product_cat-vattenkoppar-for-hast","9":"product_cat-vattensystem","10":"product_cat-elvattenkoppar","11":"product_cat-la-buvette-elvattenkoppar","12":"product_cat-vattenkoppar","13":"product_cat-la-buvette-vattenkoppar","15":"first","16":"instock","17":"taxable","18":"shipping-taxable","19":"product-type-grouped"},"acf":[],"yoast_head":"<!-- This site is optimized with the Yoast SEO plugin v24.4 - https:\/\/yoast.com\/wordpress\/plugins\/seo\/ -->\n<title>Normandy Flott\u00f6rkopp - Ofab<\/title>\n<meta name=\"robots\" content=\"index, follow, max-snippet:-1, max-image-preview:large, max-video-preview:-1\" \/>\n<link rel=\"canonical\" href=\"https:\/\/ofabskara.se\/sv\/produkt\/normandy-flottorkopp\/\" \/>\n<meta property=\"og:locale\" content=\"sv_SE\" \/>\n<meta property=\"og:type\" content=\"article\" \/>\n<meta property=\"og:title\" content=\"Normandy Flott\u00f6rkopp - Ofab\" \/>\n<meta property=\"og:description\" content=\"LA BUVETTE  Kompakt vattenkopp med flott\u00f6rventil (8l\/min vid 3bar) som kan installeras med eller utan termor\u00f6r beroende p\u00e5 djurslag. Vattenanslutning 3\/4\u201d fr\u00e5n ovan- eller undersidan, monteringsslang ing\u00e5r. Stor dricksk\u00e5l och enkel att reng\u00f6ra.\" \/>\n<meta property=\"og:url\" content=\"https:\/\/ofabskara.se\/sv\/produkt\/normandy-flottorkopp\/\" \/>\n<meta property=\"og:site_name\" content=\"Ofab\" \/>\n<meta property=\"article:modified_time\" content=\"2025-03-18T13:49:35+00:00\" \/>\n<meta property=\"og:image\" content=\"https:\/\/ofabskara.se\/wp-content\/uploads\/2023\/09\/1717_2.jpg\" \/>\n\t<meta property=\"og:image:width\" content=\"1200\" \/>\n\t<meta property=\"og:image:height\" content=\"1200\" \/>\n\t<meta property=\"og:image:type\" content=\"image\/jpeg\" \/>\n<meta name=\"twitter:card\" content=\"summary_large_image\" \/>\n<meta name=\"twitter:label1\" content=\"Ber\u00e4knad l\u00e4stid\" \/>\n\t<meta name=\"twitter:data1\" content=\"1 minut\" \/>\n<script type=\"application\/ld+json\" class=\"yoast-schema-graph\">{\"@context\":\"https:\/\/schema.org\",\"@graph\":[{\"@type\":\"WebPage\",\"@id\":\"https:\/\/ofabskara.se\/sv\/produkt\/normandy-flottorkopp\/\",\"url\":\"https:\/\/ofabskara.se\/sv\/produkt\/normandy-flottorkopp\/\",\"name\":\"Normandy Flott\u00f6rkopp - Ofab\",\"isPartOf\":{\"@id\":\"https:\/\/ofabskara.se\/sv\/#website\"},\"primaryImageOfPage\":{\"@id\":\"https:\/\/ofabskara.se\/sv\/produkt\/normandy-flottorkopp\/#primaryimage\"},\"image\":{\"@id\":\"https:\/\/ofabskara.se\/sv\/produkt\/normandy-flottorkopp\/#primaryimage\"},\"thumbnailUrl\":\"https:\/\/ofabskara.se\/wp-content\/uploads\/2023\/09\/1717_2.jpg\",\"datePublished\":\"2025-03-18T13:45:21+00:00\",\"dateModified\":\"2025-03-18T13:49:35+00:00\",\"breadcrumb\":{\"@id\":\"https:\/\/ofabskara.se\/sv\/produkt\/normandy-flottorkopp\/#breadcrumb\"},\"inLanguage\":\"sv-SE\",\"potentialAction\":[{\"@type\":\"ReadAction\",\"target\":[\"https:\/\/ofabskara.se\/sv\/produkt\/normandy-flottorkopp\/\"]}]},{\"@type\":\"ImageObject\",\"inLanguage\":\"sv-SE\",\"@id\":\"https:\/\/ofabskara.se\/sv\/produkt\/normandy-flottorkopp\/#primaryimage\",\"url\":\"https:\/\/ofabskara.se\/wp-content\/uploads\/2023\/09\/1717_2.jpg\",\"contentUrl\":\"https:\/\/ofabskara.se\/wp-content\/uploads\/2023\/09\/1717_2.jpg\",\"width\":1200,\"height\":1200},{\"@type\":\"BreadcrumbList\",\"@id\":\"https:\/\/ofabskara.se\/sv\/produkt\/normandy-flottorkopp\/#breadcrumb\",\"itemListElement\":[{\"@type\":\"ListItem\",\"position\":1,\"name\":\"Home\",\"item\":\"https:\/\/ofabskara.se\/sv\/\"},{\"@type\":\"ListItem\",\"position\":2,\"name\":\"Butik\",\"item\":\"https:\/\/ofabskara.se\/sv\/butik\/\"},{\"@type\":\"ListItem\",\"position\":3,\"name\":\"Normandy Flott\u00f6rkopp\"}]},{\"@type\":\"WebSite\",\"@id\":\"https:\/\/ofabskara.se\/sv\/#website\",\"url\":\"https:\/\/ofabskara.se\/sv\/\",\"name\":\"Ofab\",\"description\":\"\",\"potentialAction\":[{\"@type\":\"SearchAction\",\"target\":{\"@type\":\"EntryPoint\",\"urlTemplate\":\"https:\/\/ofabskara.se\/sv\/?s={search_term_string}\"},\"query-input\":{\"@type\":\"PropertyValueSpecification\",\"valueRequired\":true,\"valueName\":\"search_term_string\"}}],\"inLanguage\":\"sv-SE\"}]}<\/script>\n<!-- \/ Yoast SEO plugin. -->","yoast_head_json":{"title":"Normandy Flott\u00f6rkopp - Ofab","robots":{"index":"index","follow":"follow","max-snippet":"max-snippet:-1","max-image-preview":"max-image-preview:large","max-video-preview":"max-video-preview:-1"},"canonical":"https:\/\/ofabskara.se\/sv\/produkt\/normandy-flottorkopp\/","og_locale":"sv_SE","og_type":"article","og_title":"Normandy Flott\u00f6rkopp - Ofab","og_description":"LA BUVETTE  Kompakt vattenkopp med flott\u00f6rventil (8l\/min vid 3bar) som kan installeras med eller utan termor\u00f6r beroende p\u00e5 djurslag. Vattenanslutning 3\/4\u201d fr\u00e5n ovan- eller undersidan, monteringsslang ing\u00e5r. Stor dricksk\u00e5l och enkel att reng\u00f6ra.","og_url":"https:\/\/ofabskara.se\/sv\/produkt\/normandy-flottorkopp\/","og_site_name":"Ofab","article_modified_time":"2025-03-18T13:49:35+00:00","og_image":[{"width":1200,"height":1200,"url":"https:\/\/ofabskara.se\/wp-content\/uploads\/2023\/09\/1717_2.jpg","type":"image\/jpeg"}],"twitter_card":"summary_large_image","twitter_misc":{"Ber\u00e4knad l\u00e4stid":"1 minut"},"schema":{"@context":"https:\/\/schema.org","@graph":[{"@type":"WebPage","@id":"https:\/\/ofabskara.se\/sv\/produkt\/normandy-flottorkopp\/","url":"https:\/\/ofabskara.se\/sv\/produkt\/normandy-flottorkopp\/","name":"Normandy Flott\u00f6rkopp - Ofab","isPartOf":{"@id":"https:\/\/ofabskara.se\/sv\/#website"},"primaryImageOfPage":{"@id":"https:\/\/ofabskara.se\/sv\/produkt\/normandy-flottorkopp\/#primaryimage"},"image":{"@id":"https:\/\/ofabskara.se\/sv\/produkt\/normandy-flottorkopp\/#primaryimage"},"thumbnailUrl":"https:\/\/ofabskara.se\/wp-content\/uploads\/2023\/09\/1717_2.jpg","datePublished":"2025-03-18T13:45:21+00:00","dateModified":"2025-03-18T13:49:35+00:00","breadcrumb":{"@id":"https:\/\/ofabskara.se\/sv\/produkt\/normandy-flottorkopp\/#breadcrumb"},"inLanguage":"sv-SE","potentialAction":[{"@type":"ReadAction","target":["https:\/\/ofabskara.se\/sv\/produkt\/normandy-flottorkopp\/"]}]},{"@type":"ImageObject","inLanguage":"sv-SE","@id":"https:\/\/ofabskara.se\/sv\/produkt\/normandy-flottorkopp\/#primaryimage","url":"https:\/\/ofabskara.se\/wp-content\/uploads\/2023\/09\/1717_2.jpg","contentUrl":"https:\/\/ofabskara.se\/wp-content\/uploads\/2023\/09\/1717_2.jpg","width":1200,"height":1200},{"@type":"BreadcrumbList","@id":"https:\/\/ofabskara.se\/sv\/produkt\/normandy-flottorkopp\/#breadcrumb","itemListElement":[{"@type":"ListItem","position":1,"name":"Home","item":"https:\/\/ofabskara.se\/sv\/"},{"@type":"ListItem","position":2,"name":"Butik","item":"https:\/\/ofabskara.se\/sv\/butik\/"},{"@type":"ListItem","position":3,"name":"Normandy Flott\u00f6rkopp"}]},{"@type":"WebSite","@id":"https:\/\/ofabskara.se\/sv\/#website","url":"https:\/\/ofabskara.se\/sv\/","name":"Ofab","description":"","potentialAction":[{"@type":"SearchAction","target":{"@type":"EntryPoint","urlTemplate":"https:\/\/ofabskara.se\/sv\/?s={search_term_string}"},"query-input":{"@type":"PropertyValueSpecification","valueRequired":true,"valueName":"search_term_string"}}],"inLanguage":"sv-SE"}]}},"_links":{"self":[{"href":"https:\/\/ofabskara.se\/sv\/wp-json\/wp\/v2\/product\/43405","targetHints":{"allow":["GET"]}}],"collection":[{"href":"https:\/\/ofabskara.se\/sv\/wp-json\/wp\/v2\/product"}],"about":[{"href":"https:\/\/ofabskara.se\/sv\/wp-json\/wp\/v2\/types\/product"}],"replies":[{"embeddable":true,"href":"https:\/\/ofabskara.se\/sv\/wp-json\/wp\/v2\/comments?post=43405"}],"wp:featuredmedia":[{"embeddable":true,"href":"https:\/\/ofabskara.se\/sv\/wp-json\/wp\/v2\/media\/2331"}],"wp:attachment":[{"href":"https:\/\/ofabskara.se\/sv\/wp-json\/wp\/v2\/media?parent=43405"}],"wp:term":[{"taxonomy":"product_brand","embeddable":true,"href":"https:\/\/ofabskara.se\/sv\/wp-json\/wp\/v2\/product_brand?post=43405"},{"taxonomy":"product_cat","embeddable":true,"href":"https:\/\/ofabskara.se\/sv\/wp-json\/wp\/v2\/product_cat?post=43405"},{"taxonomy":"product_tag","embeddable":true,"href":"https:\/\/ofabskara.se\/sv\/wp-json\/wp\/v2\/product_tag?post=43405"}],"curies":[{"name":"wp","href":"https:\/\/api.w.org\/{rel}","templated":true}]}}