{"id":4480,"date":"2017-06-28T11:39:32","date_gmt":"2017-06-28T09:39:32","guid":{"rendered":"https:\/\/ofabskara.se\/produkt\/grind-2\/"},"modified":"2026-04-16T12:00:16","modified_gmt":"2026-04-16T10:00:16","slug":"grind-2","status":"publish","type":"product","link":"https:\/\/ofabskara.se\/sv\/produkt\/grind-2\/","title":{"rendered":"Grind Perfekt Drivg\u00e5ng"},"content":{"rendered":"<p>F\u00f6r drivg\u00e5ng. 3,05&#215;1,95 m. Vikt 47 kg.<\/p>\n","protected":false},"excerpt":{"rendered":"<p><strong>Grind Perfekt Drivg\u00e5ng<\/strong><\/p>\n<p>\u2022\u00a03,05&#215;1,95 m.<\/p>\n<p>\u2022 Vikt 47 kg.<\/p>\n<p>Mobila grindsystem \u00e4r oumb\u00e4rliga f\u00f6r att snabbt, l\u00e4tt och s\u00e4kert f\u00e5nga in n\u00f6tboskap. Man bygger snabbt och enkelt upp f\u00e5ngstf\u00e4llor, behandlingsg\u00e5ngar och liknande, helt efter de skiftande behov som kan f\u00f6rekomma. Grindh\u00f6jden \u00e4r v\u00e4l tilltagen f\u00f6r att djuren ej frestas att hoppa ur uppbyggd inh\u00e4gnad. U-b\u00f6jen p\u00e5 \u00e4ndr\u00f6ret ovansida grind f\u00f6rhindrar skador om s\u00e5 skulle f\u00f6rekomma. Grindarna s\u00e4tts ihop med k\u00e4ttingl\u00e5sning som underl\u00e4ttar vid snabb och s\u00e4ker ihopkoppling. 10-15 grindar \u00e4r tillr\u00e4ckligt f\u00f6r att bygga en inh\u00e4ngnad som klarar 30-40 djur.<\/p>\n<p>Grindarna tillverkas av plattovala r\u00f6r som \u00e4r det starkaste och smidigaste s\u00e4ttet att tillverka grindar som skall h\u00e5lla \u00e4ven f\u00f6r stora och tunga djur. Med grindsystem kan man f\u00e5nga in n\u00f6tboskap, bygga boxar, rasthagar f\u00f6r h\u00e4star, behandlingsanl\u00e4ggningar f\u00f6r n\u00f6tboskap mm. Europas mest s\u00e5lda grindsystem, 300.000 s\u00e5lda i Tyskland.<\/p>\n<p>&nbsp;<\/p>\n","protected":false},"featured_media":4481,"comment_status":"closed","ping_status":"closed","template":"","meta":{"_acf_changed":false,"inline_featured_image":false},"product_brand":[],"product_cat":[295,65,2965],"product_tag":[],"class_list":{"0":"post-4480","1":"product","2":"type-product","3":"status-publish","4":"has-post-thumbnail","6":"product_cat-mobila-grindsystem-behandling-fangstfalla-notdjur","7":"product_cat-notdjur","8":"product_cat-grindsystem-behandling","10":"first","11":"instock","12":"taxable","13":"shipping-taxable","14":"purchasable","15":"product-type-simple"},"acf":[],"yoast_head":"<!-- This site is optimized with the Yoast SEO plugin v24.4 - https:\/\/yoast.com\/wordpress\/plugins\/seo\/ -->\n<title>Grind Perfekt Drivg\u00e5ng - Ofab<\/title>\n<meta name=\"robots\" content=\"index, follow, max-snippet:-1, max-image-preview:large, max-video-preview:-1\" \/>\n<link rel=\"canonical\" href=\"https:\/\/ofabskara.se\/sv\/produkt\/grind-2\/\" \/>\n<meta property=\"og:locale\" content=\"sv_SE\" \/>\n<meta property=\"og:type\" content=\"article\" \/>\n<meta property=\"og:title\" content=\"Grind Perfekt Drivg\u00e5ng - Ofab\" \/>\n<meta property=\"og:description\" content=\"Grind Perfekt Drivg\u00e5ng  \u2022\u00a03,05x1,95 m.  \u2022 Vikt 47 kg.  Mobila grindsystem \u00e4r oumb\u00e4rliga f\u00f6r att snabbt, l\u00e4tt och s\u00e4kert f\u00e5nga in n\u00f6tboskap. Man bygger snabbt och enkelt upp f\u00e5ngstf\u00e4llor, behandlingsg\u00e5ngar och liknande, helt efter de skiftande behov som kan f\u00f6rekomma. Grindh\u00f6jden \u00e4r v\u00e4l tilltagen f\u00f6r att djuren ej frestas att hoppa ur uppbyggd inh\u00e4gnad. U-b\u00f6jen p\u00e5 \u00e4ndr\u00f6ret ovansida grind f\u00f6rhindrar skador om s\u00e5 skulle f\u00f6rekomma. Grindarna s\u00e4tts ihop med k\u00e4ttingl\u00e5sning som underl\u00e4ttar vid snabb och s\u00e4ker ihopkoppling. 10-15 grindar \u00e4r tillr\u00e4ckligt f\u00f6r att bygga en inh\u00e4ngnad som klarar 30-40 djur.  Grindarna tillverkas av plattovala r\u00f6r som \u00e4r det starkaste och smidigaste s\u00e4ttet att tillverka grindar som skall h\u00e5lla \u00e4ven f\u00f6r stora och tunga djur. Med grindsystem kan man f\u00e5nga in n\u00f6tboskap, bygga boxar, rasthagar f\u00f6r h\u00e4star, behandlingsanl\u00e4ggningar f\u00f6r n\u00f6tboskap mm. Europas mest s\u00e5lda grindsystem, 300.000 s\u00e5lda i Tyskland.  &nbsp;\" \/>\n<meta property=\"og:url\" content=\"https:\/\/ofabskara.se\/sv\/produkt\/grind-2\/\" \/>\n<meta property=\"og:site_name\" content=\"Ofab\" \/>\n<meta property=\"article:modified_time\" content=\"2026-04-16T10:00:16+00:00\" \/>\n<meta property=\"og:image\" content=\"https:\/\/ofabskara.se\/wp-content\/uploads\/2023\/09\/MG_7009-Edit-1-scaled.jpg\" \/>\n\t<meta property=\"og:image:width\" content=\"2560\" \/>\n\t<meta property=\"og:image:height\" content=\"2560\" \/>\n\t<meta property=\"og:image:type\" content=\"image\/jpeg\" \/>\n<meta name=\"twitter:card\" content=\"summary_large_image\" \/>\n<meta name=\"twitter:label1\" content=\"Ber\u00e4knad l\u00e4stid\" \/>\n\t<meta name=\"twitter:data1\" content=\"1 minut\" \/>\n<script type=\"application\/ld+json\" class=\"yoast-schema-graph\">{\"@context\":\"https:\/\/schema.org\",\"@graph\":[{\"@type\":\"WebPage\",\"@id\":\"https:\/\/ofabskara.se\/sv\/produkt\/grind-2\/\",\"url\":\"https:\/\/ofabskara.se\/sv\/produkt\/grind-2\/\",\"name\":\"Grind Perfekt Drivg\u00e5ng - Ofab\",\"isPartOf\":{\"@id\":\"https:\/\/ofabskara.se\/sv\/#website\"},\"primaryImageOfPage\":{\"@id\":\"https:\/\/ofabskara.se\/sv\/produkt\/grind-2\/#primaryimage\"},\"image\":{\"@id\":\"https:\/\/ofabskara.se\/sv\/produkt\/grind-2\/#primaryimage\"},\"thumbnailUrl\":\"https:\/\/ofabskara.se\/wp-content\/uploads\/2023\/09\/MG_7009-Edit-1-scaled.jpg\",\"datePublished\":\"2017-06-28T09:39:32+00:00\",\"dateModified\":\"2026-04-16T10:00:16+00:00\",\"breadcrumb\":{\"@id\":\"https:\/\/ofabskara.se\/sv\/produkt\/grind-2\/#breadcrumb\"},\"inLanguage\":\"sv-SE\",\"potentialAction\":[{\"@type\":\"ReadAction\",\"target\":[\"https:\/\/ofabskara.se\/sv\/produkt\/grind-2\/\"]}]},{\"@type\":\"ImageObject\",\"inLanguage\":\"sv-SE\",\"@id\":\"https:\/\/ofabskara.se\/sv\/produkt\/grind-2\/#primaryimage\",\"url\":\"https:\/\/ofabskara.se\/wp-content\/uploads\/2023\/09\/MG_7009-Edit-1-scaled.jpg\",\"contentUrl\":\"https:\/\/ofabskara.se\/wp-content\/uploads\/2023\/09\/MG_7009-Edit-1-scaled.jpg\",\"width\":2560,\"height\":2560},{\"@type\":\"BreadcrumbList\",\"@id\":\"https:\/\/ofabskara.se\/sv\/produkt\/grind-2\/#breadcrumb\",\"itemListElement\":[{\"@type\":\"ListItem\",\"position\":1,\"name\":\"Home\",\"item\":\"https:\/\/ofabskara.se\/sv\/\"},{\"@type\":\"ListItem\",\"position\":2,\"name\":\"Butik\",\"item\":\"https:\/\/ofabskara.se\/sv\/butik\/\"},{\"@type\":\"ListItem\",\"position\":3,\"name\":\"Grind Perfekt Drivg\u00e5ng\"}]},{\"@type\":\"WebSite\",\"@id\":\"https:\/\/ofabskara.se\/sv\/#website\",\"url\":\"https:\/\/ofabskara.se\/sv\/\",\"name\":\"Ofab\",\"description\":\"\",\"potentialAction\":[{\"@type\":\"SearchAction\",\"target\":{\"@type\":\"EntryPoint\",\"urlTemplate\":\"https:\/\/ofabskara.se\/sv\/?s={search_term_string}\"},\"query-input\":{\"@type\":\"PropertyValueSpecification\",\"valueRequired\":true,\"valueName\":\"search_term_string\"}}],\"inLanguage\":\"sv-SE\"}]}<\/script>\n<!-- \/ Yoast SEO plugin. -->","yoast_head_json":{"title":"Grind Perfekt Drivg\u00e5ng - Ofab","robots":{"index":"index","follow":"follow","max-snippet":"max-snippet:-1","max-image-preview":"max-image-preview:large","max-video-preview":"max-video-preview:-1"},"canonical":"https:\/\/ofabskara.se\/sv\/produkt\/grind-2\/","og_locale":"sv_SE","og_type":"article","og_title":"Grind Perfekt Drivg\u00e5ng - Ofab","og_description":"Grind Perfekt Drivg\u00e5ng  \u2022\u00a03,05x1,95 m.  \u2022 Vikt 47 kg.  Mobila grindsystem \u00e4r oumb\u00e4rliga f\u00f6r att snabbt, l\u00e4tt och s\u00e4kert f\u00e5nga in n\u00f6tboskap. Man bygger snabbt och enkelt upp f\u00e5ngstf\u00e4llor, behandlingsg\u00e5ngar och liknande, helt efter de skiftande behov som kan f\u00f6rekomma. Grindh\u00f6jden \u00e4r v\u00e4l tilltagen f\u00f6r att djuren ej frestas att hoppa ur uppbyggd inh\u00e4gnad. U-b\u00f6jen p\u00e5 \u00e4ndr\u00f6ret ovansida grind f\u00f6rhindrar skador om s\u00e5 skulle f\u00f6rekomma. Grindarna s\u00e4tts ihop med k\u00e4ttingl\u00e5sning som underl\u00e4ttar vid snabb och s\u00e4ker ihopkoppling. 10-15 grindar \u00e4r tillr\u00e4ckligt f\u00f6r att bygga en inh\u00e4ngnad som klarar 30-40 djur.  Grindarna tillverkas av plattovala r\u00f6r som \u00e4r det starkaste och smidigaste s\u00e4ttet att tillverka grindar som skall h\u00e5lla \u00e4ven f\u00f6r stora och tunga djur. Med grindsystem kan man f\u00e5nga in n\u00f6tboskap, bygga boxar, rasthagar f\u00f6r h\u00e4star, behandlingsanl\u00e4ggningar f\u00f6r n\u00f6tboskap mm. Europas mest s\u00e5lda grindsystem, 300.000 s\u00e5lda i Tyskland.  &nbsp;","og_url":"https:\/\/ofabskara.se\/sv\/produkt\/grind-2\/","og_site_name":"Ofab","article_modified_time":"2026-04-16T10:00:16+00:00","og_image":[{"width":2560,"height":2560,"url":"https:\/\/ofabskara.se\/wp-content\/uploads\/2023\/09\/MG_7009-Edit-1-scaled.jpg","type":"image\/jpeg"}],"twitter_card":"summary_large_image","twitter_misc":{"Ber\u00e4knad l\u00e4stid":"1 minut"},"schema":{"@context":"https:\/\/schema.org","@graph":[{"@type":"WebPage","@id":"https:\/\/ofabskara.se\/sv\/produkt\/grind-2\/","url":"https:\/\/ofabskara.se\/sv\/produkt\/grind-2\/","name":"Grind Perfekt Drivg\u00e5ng - Ofab","isPartOf":{"@id":"https:\/\/ofabskara.se\/sv\/#website"},"primaryImageOfPage":{"@id":"https:\/\/ofabskara.se\/sv\/produkt\/grind-2\/#primaryimage"},"image":{"@id":"https:\/\/ofabskara.se\/sv\/produkt\/grind-2\/#primaryimage"},"thumbnailUrl":"https:\/\/ofabskara.se\/wp-content\/uploads\/2023\/09\/MG_7009-Edit-1-scaled.jpg","datePublished":"2017-06-28T09:39:32+00:00","dateModified":"2026-04-16T10:00:16+00:00","breadcrumb":{"@id":"https:\/\/ofabskara.se\/sv\/produkt\/grind-2\/#breadcrumb"},"inLanguage":"sv-SE","potentialAction":[{"@type":"ReadAction","target":["https:\/\/ofabskara.se\/sv\/produkt\/grind-2\/"]}]},{"@type":"ImageObject","inLanguage":"sv-SE","@id":"https:\/\/ofabskara.se\/sv\/produkt\/grind-2\/#primaryimage","url":"https:\/\/ofabskara.se\/wp-content\/uploads\/2023\/09\/MG_7009-Edit-1-scaled.jpg","contentUrl":"https:\/\/ofabskara.se\/wp-content\/uploads\/2023\/09\/MG_7009-Edit-1-scaled.jpg","width":2560,"height":2560},{"@type":"BreadcrumbList","@id":"https:\/\/ofabskara.se\/sv\/produkt\/grind-2\/#breadcrumb","itemListElement":[{"@type":"ListItem","position":1,"name":"Home","item":"https:\/\/ofabskara.se\/sv\/"},{"@type":"ListItem","position":2,"name":"Butik","item":"https:\/\/ofabskara.se\/sv\/butik\/"},{"@type":"ListItem","position":3,"name":"Grind Perfekt Drivg\u00e5ng"}]},{"@type":"WebSite","@id":"https:\/\/ofabskara.se\/sv\/#website","url":"https:\/\/ofabskara.se\/sv\/","name":"Ofab","description":"","potentialAction":[{"@type":"SearchAction","target":{"@type":"EntryPoint","urlTemplate":"https:\/\/ofabskara.se\/sv\/?s={search_term_string}"},"query-input":{"@type":"PropertyValueSpecification","valueRequired":true,"valueName":"search_term_string"}}],"inLanguage":"sv-SE"}]}},"_links":{"self":[{"href":"https:\/\/ofabskara.se\/sv\/wp-json\/wp\/v2\/product\/4480","targetHints":{"allow":["GET"]}}],"collection":[{"href":"https:\/\/ofabskara.se\/sv\/wp-json\/wp\/v2\/product"}],"about":[{"href":"https:\/\/ofabskara.se\/sv\/wp-json\/wp\/v2\/types\/product"}],"replies":[{"embeddable":true,"href":"https:\/\/ofabskara.se\/sv\/wp-json\/wp\/v2\/comments?post=4480"}],"wp:featuredmedia":[{"embeddable":true,"href":"https:\/\/ofabskara.se\/sv\/wp-json\/wp\/v2\/media\/4481"}],"wp:attachment":[{"href":"https:\/\/ofabskara.se\/sv\/wp-json\/wp\/v2\/media?parent=4480"}],"wp:term":[{"taxonomy":"product_brand","embeddable":true,"href":"https:\/\/ofabskara.se\/sv\/wp-json\/wp\/v2\/product_brand?post=4480"},{"taxonomy":"product_cat","embeddable":true,"href":"https:\/\/ofabskara.se\/sv\/wp-json\/wp\/v2\/product_cat?post=4480"},{"taxonomy":"product_tag","embeddable":true,"href":"https:\/\/ofabskara.se\/sv\/wp-json\/wp\/v2\/product_tag?post=4480"}],"curies":[{"name":"wp","href":"https:\/\/api.w.org\/{rel}","templated":true}]}}