{"id":45694,"date":"2026-01-15T15:06:36","date_gmt":"2026-01-15T14:06:36","guid":{"rendered":"https:\/\/ofabskara.se\/?post_type=product&#038;p=45694"},"modified":"2026-02-03T17:17:32","modified_gmt":"2026-02-03T16:17:32","slug":"vinninga-betongkrubbor","status":"publish","type":"product","link":"https:\/\/ofabskara.se\/sv\/produkt\/vinninga-betongkrubbor\/","title":{"rendered":"Vinninga betongkrubbor"},"content":{"rendered":"<ul>\n<li>\n<h4 class=\"wp-block-heading\"><strong>Standardm\u00e5tt och anpassningar<\/strong><\/h4>\n<p>Vi erbjuder foderkrubbor i tre olika djup: 800 mm, 1150 mm och 1600 mm, alla med en l\u00e4ngd p\u00e5 3000 mm. Krubborna har ingjutna hylsor f\u00f6r stolpar. Under krubban finns urtag f\u00f6r pallgafflar, vilket g\u00f6r dem enkla att flytta vid behov.<\/li>\n<\/ul>\n<p><strong>Foderkrubba L\u00e5s: Vinningas betongkrubba med stolpar 70\/70 fyrkantsprofil 5mm godstjocklek och en l\u00e5sfront SQ0430.\u00a0<\/strong><\/p>\n<ul>\n<li><strong>Foderkrubba Diagonal: Vinningas betongkrubba med stolpar 70\/70 fyrkantsprofil 5mm godstjocklek och en diagonalfront PO0406.<\/strong><\/li>\n<\/ul>\n","protected":false},"excerpt":{"rendered":"<p>Standardm\u00e5tt och anpassningar Vi erbjuder foderkrubbor i tre olika djup: 800 mm, 1150 mm och 1600 mm, alla med en l\u00e4ngd p\u00e5 3000 mm. Krubborna har ingjutna hylsor f\u00f6r stolpar. Under krubban finns urtag f\u00f6r pallgafflar, vilket g\u00f6r dem enkla att flytta vid behov. Foderkrubba L\u00e5s: Vinningas betongkrubba med stolpar 70\/70 fyrkantsprofil 5mm godstjocklek och [&hellip;]<\/p>\n","protected":false},"featured_media":47099,"comment_status":"open","ping_status":"closed","template":"","meta":{"_acf_changed":false,"inline_featured_image":false},"product_brand":[],"product_cat":[4006,65],"product_tag":[],"class_list":{"0":"post-45694","1":"product","2":"type-product","3":"status-publish","4":"has-post-thumbnail","6":"product_cat-betongkrubbor","7":"product_cat-notdjur","9":"first","10":"instock","11":"taxable","12":"shipping-taxable","13":"product-type-grouped"},"acf":[],"yoast_head":"<!-- This site is optimized with the Yoast SEO plugin v24.4 - https:\/\/yoast.com\/wordpress\/plugins\/seo\/ -->\n<title>Vinninga betongkrubbor - Ofab<\/title>\n<meta name=\"robots\" content=\"index, follow, max-snippet:-1, max-image-preview:large, max-video-preview:-1\" \/>\n<link rel=\"canonical\" href=\"https:\/\/ofabskara.se\/sv\/produkt\/vinninga-betongkrubbor\/\" \/>\n<meta property=\"og:locale\" content=\"sv_SE\" \/>\n<meta property=\"og:type\" content=\"article\" \/>\n<meta property=\"og:title\" content=\"Vinninga betongkrubbor - Ofab\" \/>\n<meta property=\"og:description\" content=\"Standardm\u00e5tt och anpassningar Vi erbjuder foderkrubbor i tre olika djup: 800 mm, 1150 mm och 1600 mm, alla med en l\u00e4ngd p\u00e5 3000 mm. Krubborna har ingjutna hylsor f\u00f6r stolpar. Under krubban finns urtag f\u00f6r pallgafflar, vilket g\u00f6r dem enkla att flytta vid behov. Foderkrubba L\u00e5s: Vinningas betongkrubba med stolpar 70\/70 fyrkantsprofil 5mm godstjocklek och [&hellip;]\" \/>\n<meta property=\"og:url\" content=\"https:\/\/ofabskara.se\/sv\/produkt\/vinninga-betongkrubbor\/\" \/>\n<meta property=\"og:site_name\" content=\"Ofab\" \/>\n<meta property=\"article:modified_time\" content=\"2026-02-03T16:17:32+00:00\" \/>\n<meta property=\"og:image\" content=\"https:\/\/ofabskara.se\/wp-content\/uploads\/2026\/01\/1000004088-scaled.jpg\" \/>\n\t<meta property=\"og:image:width\" content=\"2560\" \/>\n\t<meta property=\"og:image:height\" content=\"1928\" \/>\n\t<meta property=\"og:image:type\" content=\"image\/jpeg\" \/>\n<meta name=\"twitter:card\" content=\"summary_large_image\" \/>\n<meta name=\"twitter:label1\" content=\"Ber\u00e4knad l\u00e4stid\" \/>\n\t<meta name=\"twitter:data1\" content=\"1 minut\" \/>\n<script type=\"application\/ld+json\" class=\"yoast-schema-graph\">{\"@context\":\"https:\/\/schema.org\",\"@graph\":[{\"@type\":\"WebPage\",\"@id\":\"https:\/\/ofabskara.se\/sv\/produkt\/vinninga-betongkrubbor\/\",\"url\":\"https:\/\/ofabskara.se\/sv\/produkt\/vinninga-betongkrubbor\/\",\"name\":\"Vinninga betongkrubbor - Ofab\",\"isPartOf\":{\"@id\":\"https:\/\/ofabskara.se\/sv\/#website\"},\"primaryImageOfPage\":{\"@id\":\"https:\/\/ofabskara.se\/sv\/produkt\/vinninga-betongkrubbor\/#primaryimage\"},\"image\":{\"@id\":\"https:\/\/ofabskara.se\/sv\/produkt\/vinninga-betongkrubbor\/#primaryimage\"},\"thumbnailUrl\":\"https:\/\/ofabskara.se\/wp-content\/uploads\/2026\/01\/1000004088-scaled.jpg\",\"datePublished\":\"2026-01-15T14:06:36+00:00\",\"dateModified\":\"2026-02-03T16:17:32+00:00\",\"breadcrumb\":{\"@id\":\"https:\/\/ofabskara.se\/sv\/produkt\/vinninga-betongkrubbor\/#breadcrumb\"},\"inLanguage\":\"sv-SE\",\"potentialAction\":[{\"@type\":\"ReadAction\",\"target\":[\"https:\/\/ofabskara.se\/sv\/produkt\/vinninga-betongkrubbor\/\"]}]},{\"@type\":\"ImageObject\",\"inLanguage\":\"sv-SE\",\"@id\":\"https:\/\/ofabskara.se\/sv\/produkt\/vinninga-betongkrubbor\/#primaryimage\",\"url\":\"https:\/\/ofabskara.se\/wp-content\/uploads\/2026\/01\/1000004088-scaled.jpg\",\"contentUrl\":\"https:\/\/ofabskara.se\/wp-content\/uploads\/2026\/01\/1000004088-scaled.jpg\",\"width\":2560,\"height\":1928,\"caption\":\"1000004088\"},{\"@type\":\"BreadcrumbList\",\"@id\":\"https:\/\/ofabskara.se\/sv\/produkt\/vinninga-betongkrubbor\/#breadcrumb\",\"itemListElement\":[{\"@type\":\"ListItem\",\"position\":1,\"name\":\"Home\",\"item\":\"https:\/\/ofabskara.se\/sv\/\"},{\"@type\":\"ListItem\",\"position\":2,\"name\":\"Butik\",\"item\":\"https:\/\/ofabskara.se\/sv\/butik\/\"},{\"@type\":\"ListItem\",\"position\":3,\"name\":\"Vinninga betongkrubbor\"}]},{\"@type\":\"WebSite\",\"@id\":\"https:\/\/ofabskara.se\/sv\/#website\",\"url\":\"https:\/\/ofabskara.se\/sv\/\",\"name\":\"Ofab\",\"description\":\"\",\"potentialAction\":[{\"@type\":\"SearchAction\",\"target\":{\"@type\":\"EntryPoint\",\"urlTemplate\":\"https:\/\/ofabskara.se\/sv\/?s={search_term_string}\"},\"query-input\":{\"@type\":\"PropertyValueSpecification\",\"valueRequired\":true,\"valueName\":\"search_term_string\"}}],\"inLanguage\":\"sv-SE\"}]}<\/script>\n<!-- \/ Yoast SEO plugin. -->","yoast_head_json":{"title":"Vinninga betongkrubbor - Ofab","robots":{"index":"index","follow":"follow","max-snippet":"max-snippet:-1","max-image-preview":"max-image-preview:large","max-video-preview":"max-video-preview:-1"},"canonical":"https:\/\/ofabskara.se\/sv\/produkt\/vinninga-betongkrubbor\/","og_locale":"sv_SE","og_type":"article","og_title":"Vinninga betongkrubbor - Ofab","og_description":"Standardm\u00e5tt och anpassningar Vi erbjuder foderkrubbor i tre olika djup: 800 mm, 1150 mm och 1600 mm, alla med en l\u00e4ngd p\u00e5 3000 mm. Krubborna har ingjutna hylsor f\u00f6r stolpar. Under krubban finns urtag f\u00f6r pallgafflar, vilket g\u00f6r dem enkla att flytta vid behov. Foderkrubba L\u00e5s: Vinningas betongkrubba med stolpar 70\/70 fyrkantsprofil 5mm godstjocklek och [&hellip;]","og_url":"https:\/\/ofabskara.se\/sv\/produkt\/vinninga-betongkrubbor\/","og_site_name":"Ofab","article_modified_time":"2026-02-03T16:17:32+00:00","og_image":[{"width":2560,"height":1928,"url":"https:\/\/ofabskara.se\/wp-content\/uploads\/2026\/01\/1000004088-scaled.jpg","type":"image\/jpeg"}],"twitter_card":"summary_large_image","twitter_misc":{"Ber\u00e4knad l\u00e4stid":"1 minut"},"schema":{"@context":"https:\/\/schema.org","@graph":[{"@type":"WebPage","@id":"https:\/\/ofabskara.se\/sv\/produkt\/vinninga-betongkrubbor\/","url":"https:\/\/ofabskara.se\/sv\/produkt\/vinninga-betongkrubbor\/","name":"Vinninga betongkrubbor - Ofab","isPartOf":{"@id":"https:\/\/ofabskara.se\/sv\/#website"},"primaryImageOfPage":{"@id":"https:\/\/ofabskara.se\/sv\/produkt\/vinninga-betongkrubbor\/#primaryimage"},"image":{"@id":"https:\/\/ofabskara.se\/sv\/produkt\/vinninga-betongkrubbor\/#primaryimage"},"thumbnailUrl":"https:\/\/ofabskara.se\/wp-content\/uploads\/2026\/01\/1000004088-scaled.jpg","datePublished":"2026-01-15T14:06:36+00:00","dateModified":"2026-02-03T16:17:32+00:00","breadcrumb":{"@id":"https:\/\/ofabskara.se\/sv\/produkt\/vinninga-betongkrubbor\/#breadcrumb"},"inLanguage":"sv-SE","potentialAction":[{"@type":"ReadAction","target":["https:\/\/ofabskara.se\/sv\/produkt\/vinninga-betongkrubbor\/"]}]},{"@type":"ImageObject","inLanguage":"sv-SE","@id":"https:\/\/ofabskara.se\/sv\/produkt\/vinninga-betongkrubbor\/#primaryimage","url":"https:\/\/ofabskara.se\/wp-content\/uploads\/2026\/01\/1000004088-scaled.jpg","contentUrl":"https:\/\/ofabskara.se\/wp-content\/uploads\/2026\/01\/1000004088-scaled.jpg","width":2560,"height":1928,"caption":"1000004088"},{"@type":"BreadcrumbList","@id":"https:\/\/ofabskara.se\/sv\/produkt\/vinninga-betongkrubbor\/#breadcrumb","itemListElement":[{"@type":"ListItem","position":1,"name":"Home","item":"https:\/\/ofabskara.se\/sv\/"},{"@type":"ListItem","position":2,"name":"Butik","item":"https:\/\/ofabskara.se\/sv\/butik\/"},{"@type":"ListItem","position":3,"name":"Vinninga betongkrubbor"}]},{"@type":"WebSite","@id":"https:\/\/ofabskara.se\/sv\/#website","url":"https:\/\/ofabskara.se\/sv\/","name":"Ofab","description":"","potentialAction":[{"@type":"SearchAction","target":{"@type":"EntryPoint","urlTemplate":"https:\/\/ofabskara.se\/sv\/?s={search_term_string}"},"query-input":{"@type":"PropertyValueSpecification","valueRequired":true,"valueName":"search_term_string"}}],"inLanguage":"sv-SE"}]}},"_links":{"self":[{"href":"https:\/\/ofabskara.se\/sv\/wp-json\/wp\/v2\/product\/45694","targetHints":{"allow":["GET"]}}],"collection":[{"href":"https:\/\/ofabskara.se\/sv\/wp-json\/wp\/v2\/product"}],"about":[{"href":"https:\/\/ofabskara.se\/sv\/wp-json\/wp\/v2\/types\/product"}],"replies":[{"embeddable":true,"href":"https:\/\/ofabskara.se\/sv\/wp-json\/wp\/v2\/comments?post=45694"}],"wp:featuredmedia":[{"embeddable":true,"href":"https:\/\/ofabskara.se\/sv\/wp-json\/wp\/v2\/media\/47099"}],"wp:attachment":[{"href":"https:\/\/ofabskara.se\/sv\/wp-json\/wp\/v2\/media?parent=45694"}],"wp:term":[{"taxonomy":"product_brand","embeddable":true,"href":"https:\/\/ofabskara.se\/sv\/wp-json\/wp\/v2\/product_brand?post=45694"},{"taxonomy":"product_cat","embeddable":true,"href":"https:\/\/ofabskara.se\/sv\/wp-json\/wp\/v2\/product_cat?post=45694"},{"taxonomy":"product_tag","embeddable":true,"href":"https:\/\/ofabskara.se\/sv\/wp-json\/wp\/v2\/product_tag?post=45694"}],"curies":[{"name":"wp","href":"https:\/\/api.w.org\/{rel}","templated":true}]}}