{"id":4625,"date":"2017-08-02T08:54:23","date_gmt":"2017-08-02T06:54:23","guid":{"rendered":"https:\/\/ofabskara.se\/produkt\/vattenkopp-suevia-12p\/"},"modified":"2024-07-04T14:42:55","modified_gmt":"2024-07-04T12:42:55","slug":"vattenkopp-suevia-12p","status":"publish","type":"product","link":"https:\/\/ofabskara.se\/sv\/produkt\/vattenkopp-suevia-12p\/","title":{"rendered":"Vattenkopp Suevia 12P"},"content":{"rendered":"<p>Tillverkad i ett kraftigt brotts\u00e4kert plastmaterial. Vattengiva vid 5 kg tryck, 19 liter\/min. Anslutning 1\/2&#8243; ovanifr\u00e5n och underifr\u00e5n. St\u00e4llbar vattengiva. Sk\u00e5lens diameter 250mm. Byggm\u00e5tt fr\u00e5n v\u00e4gg och ut 300mm. Inf\u00e4stningsm\u00e5tt 75x100mm\/120mm.<\/p>\n","protected":false},"excerpt":{"rendered":"<p>Tillverkad i ett kraftigt och brotts\u00e4kert plastmaterial. Anslutning 1\/2&#8243;eller 3\/4&#8243; ovanifr\u00e5n och underifr\u00e5n inv\u00e4ndig g\u00e4nga. St\u00e4llbar vattengiva, t.ex. 7 l\/min vid 3 kg tryck och 10,5 l\/min vid 5kg. Sk\u00e5lens diameter: 250 mm. Byggm\u00e5tt fr\u00e5n v\u00e4gg och ut: 300 mm. Inf\u00e4stningsm\u00e5tt: 75 x 100 mm \/ 120 mm.<\/p>\n","protected":false},"featured_media":4626,"comment_status":"closed","ping_status":"closed","template":"","meta":{"_acf_changed":false,"inline_featured_image":false},"product_brand":[],"product_cat":[66,200,201,69,105,209],"product_tag":[],"class_list":{"0":"post-4625","1":"product","2":"type-product","3":"status-publish","4":"has-post-thumbnail","6":"product_cat-hastar","7":"product_cat-vattensystem-hastar","8":"product_cat-vattenkoppar-for-hast","9":"product_cat-vattensystem","10":"product_cat-vattenkoppar","11":"product_cat-suevia-vattenkoppar","13":"first","14":"instock","15":"taxable","16":"shipping-taxable","17":"product-type-grouped"},"acf":[],"yoast_head":"<!-- This site is optimized with the Yoast SEO plugin v24.4 - https:\/\/yoast.com\/wordpress\/plugins\/seo\/ -->\n<title>Vattenkopp Suevia 12P - Ofab<\/title>\n<meta name=\"robots\" content=\"index, follow, max-snippet:-1, max-image-preview:large, max-video-preview:-1\" \/>\n<link rel=\"canonical\" href=\"https:\/\/ofabskara.se\/sv\/produkt\/vattenkopp-suevia-12p\/\" \/>\n<meta property=\"og:locale\" content=\"sv_SE\" \/>\n<meta property=\"og:type\" content=\"article\" \/>\n<meta property=\"og:title\" content=\"Vattenkopp Suevia 12P - Ofab\" \/>\n<meta property=\"og:description\" content=\"Tillverkad i ett kraftigt och brotts\u00e4kert plastmaterial. Anslutning 1\/2&quot;eller 3\/4&quot; ovanifr\u00e5n och underifr\u00e5n inv\u00e4ndig g\u00e4nga. St\u00e4llbar vattengiva, t.ex. 7 l\/min vid 3 kg tryck och 10,5 l\/min vid 5kg. Sk\u00e5lens diameter: 250 mm. Byggm\u00e5tt fr\u00e5n v\u00e4gg och ut: 300 mm. Inf\u00e4stningsm\u00e5tt: 75 x 100 mm \/ 120 mm.\" \/>\n<meta property=\"og:url\" content=\"https:\/\/ofabskara.se\/sv\/produkt\/vattenkopp-suevia-12p\/\" \/>\n<meta property=\"og:site_name\" content=\"Ofab\" \/>\n<meta property=\"article:modified_time\" content=\"2024-07-04T12:42:55+00:00\" \/>\n<meta property=\"og:image\" content=\"https:\/\/ofabskara.se\/wp-content\/uploads\/2023\/09\/460_140090-1.png\" \/>\n\t<meta property=\"og:image:width\" content=\"460\" \/>\n\t<meta property=\"og:image:height\" content=\"460\" \/>\n\t<meta property=\"og:image:type\" content=\"image\/png\" \/>\n<meta name=\"twitter:card\" content=\"summary_large_image\" \/>\n<meta name=\"twitter:label1\" content=\"Ber\u00e4knad l\u00e4stid\" \/>\n\t<meta name=\"twitter:data1\" content=\"1 minut\" \/>\n<script type=\"application\/ld+json\" class=\"yoast-schema-graph\">{\"@context\":\"https:\/\/schema.org\",\"@graph\":[{\"@type\":\"WebPage\",\"@id\":\"https:\/\/ofabskara.se\/sv\/produkt\/vattenkopp-suevia-12p\/\",\"url\":\"https:\/\/ofabskara.se\/sv\/produkt\/vattenkopp-suevia-12p\/\",\"name\":\"Vattenkopp Suevia 12P - Ofab\",\"isPartOf\":{\"@id\":\"https:\/\/ofabskara.se\/sv\/#website\"},\"primaryImageOfPage\":{\"@id\":\"https:\/\/ofabskara.se\/sv\/produkt\/vattenkopp-suevia-12p\/#primaryimage\"},\"image\":{\"@id\":\"https:\/\/ofabskara.se\/sv\/produkt\/vattenkopp-suevia-12p\/#primaryimage\"},\"thumbnailUrl\":\"https:\/\/ofabskara.se\/wp-content\/uploads\/2023\/09\/460_140090-1.png\",\"datePublished\":\"2017-08-02T06:54:23+00:00\",\"dateModified\":\"2024-07-04T12:42:55+00:00\",\"breadcrumb\":{\"@id\":\"https:\/\/ofabskara.se\/sv\/produkt\/vattenkopp-suevia-12p\/#breadcrumb\"},\"inLanguage\":\"sv-SE\",\"potentialAction\":[{\"@type\":\"ReadAction\",\"target\":[\"https:\/\/ofabskara.se\/sv\/produkt\/vattenkopp-suevia-12p\/\"]}]},{\"@type\":\"ImageObject\",\"inLanguage\":\"sv-SE\",\"@id\":\"https:\/\/ofabskara.se\/sv\/produkt\/vattenkopp-suevia-12p\/#primaryimage\",\"url\":\"https:\/\/ofabskara.se\/wp-content\/uploads\/2023\/09\/460_140090-1.png\",\"contentUrl\":\"https:\/\/ofabskara.se\/wp-content\/uploads\/2023\/09\/460_140090-1.png\",\"width\":460,\"height\":460},{\"@type\":\"BreadcrumbList\",\"@id\":\"https:\/\/ofabskara.se\/sv\/produkt\/vattenkopp-suevia-12p\/#breadcrumb\",\"itemListElement\":[{\"@type\":\"ListItem\",\"position\":1,\"name\":\"Home\",\"item\":\"https:\/\/ofabskara.se\/sv\/\"},{\"@type\":\"ListItem\",\"position\":2,\"name\":\"Butik\",\"item\":\"https:\/\/ofabskara.se\/sv\/butik\/\"},{\"@type\":\"ListItem\",\"position\":3,\"name\":\"Vattenkopp Suevia 12P\"}]},{\"@type\":\"WebSite\",\"@id\":\"https:\/\/ofabskara.se\/sv\/#website\",\"url\":\"https:\/\/ofabskara.se\/sv\/\",\"name\":\"Ofab\",\"description\":\"\",\"potentialAction\":[{\"@type\":\"SearchAction\",\"target\":{\"@type\":\"EntryPoint\",\"urlTemplate\":\"https:\/\/ofabskara.se\/sv\/?s={search_term_string}\"},\"query-input\":{\"@type\":\"PropertyValueSpecification\",\"valueRequired\":true,\"valueName\":\"search_term_string\"}}],\"inLanguage\":\"sv-SE\"}]}<\/script>\n<!-- \/ Yoast SEO plugin. -->","yoast_head_json":{"title":"Vattenkopp Suevia 12P - Ofab","robots":{"index":"index","follow":"follow","max-snippet":"max-snippet:-1","max-image-preview":"max-image-preview:large","max-video-preview":"max-video-preview:-1"},"canonical":"https:\/\/ofabskara.se\/sv\/produkt\/vattenkopp-suevia-12p\/","og_locale":"sv_SE","og_type":"article","og_title":"Vattenkopp Suevia 12P - Ofab","og_description":"Tillverkad i ett kraftigt och brotts\u00e4kert plastmaterial. Anslutning 1\/2\"eller 3\/4\" ovanifr\u00e5n och underifr\u00e5n inv\u00e4ndig g\u00e4nga. St\u00e4llbar vattengiva, t.ex. 7 l\/min vid 3 kg tryck och 10,5 l\/min vid 5kg. Sk\u00e5lens diameter: 250 mm. Byggm\u00e5tt fr\u00e5n v\u00e4gg och ut: 300 mm. Inf\u00e4stningsm\u00e5tt: 75 x 100 mm \/ 120 mm.","og_url":"https:\/\/ofabskara.se\/sv\/produkt\/vattenkopp-suevia-12p\/","og_site_name":"Ofab","article_modified_time":"2024-07-04T12:42:55+00:00","og_image":[{"width":460,"height":460,"url":"https:\/\/ofabskara.se\/wp-content\/uploads\/2023\/09\/460_140090-1.png","type":"image\/png"}],"twitter_card":"summary_large_image","twitter_misc":{"Ber\u00e4knad l\u00e4stid":"1 minut"},"schema":{"@context":"https:\/\/schema.org","@graph":[{"@type":"WebPage","@id":"https:\/\/ofabskara.se\/sv\/produkt\/vattenkopp-suevia-12p\/","url":"https:\/\/ofabskara.se\/sv\/produkt\/vattenkopp-suevia-12p\/","name":"Vattenkopp Suevia 12P - Ofab","isPartOf":{"@id":"https:\/\/ofabskara.se\/sv\/#website"},"primaryImageOfPage":{"@id":"https:\/\/ofabskara.se\/sv\/produkt\/vattenkopp-suevia-12p\/#primaryimage"},"image":{"@id":"https:\/\/ofabskara.se\/sv\/produkt\/vattenkopp-suevia-12p\/#primaryimage"},"thumbnailUrl":"https:\/\/ofabskara.se\/wp-content\/uploads\/2023\/09\/460_140090-1.png","datePublished":"2017-08-02T06:54:23+00:00","dateModified":"2024-07-04T12:42:55+00:00","breadcrumb":{"@id":"https:\/\/ofabskara.se\/sv\/produkt\/vattenkopp-suevia-12p\/#breadcrumb"},"inLanguage":"sv-SE","potentialAction":[{"@type":"ReadAction","target":["https:\/\/ofabskara.se\/sv\/produkt\/vattenkopp-suevia-12p\/"]}]},{"@type":"ImageObject","inLanguage":"sv-SE","@id":"https:\/\/ofabskara.se\/sv\/produkt\/vattenkopp-suevia-12p\/#primaryimage","url":"https:\/\/ofabskara.se\/wp-content\/uploads\/2023\/09\/460_140090-1.png","contentUrl":"https:\/\/ofabskara.se\/wp-content\/uploads\/2023\/09\/460_140090-1.png","width":460,"height":460},{"@type":"BreadcrumbList","@id":"https:\/\/ofabskara.se\/sv\/produkt\/vattenkopp-suevia-12p\/#breadcrumb","itemListElement":[{"@type":"ListItem","position":1,"name":"Home","item":"https:\/\/ofabskara.se\/sv\/"},{"@type":"ListItem","position":2,"name":"Butik","item":"https:\/\/ofabskara.se\/sv\/butik\/"},{"@type":"ListItem","position":3,"name":"Vattenkopp Suevia 12P"}]},{"@type":"WebSite","@id":"https:\/\/ofabskara.se\/sv\/#website","url":"https:\/\/ofabskara.se\/sv\/","name":"Ofab","description":"","potentialAction":[{"@type":"SearchAction","target":{"@type":"EntryPoint","urlTemplate":"https:\/\/ofabskara.se\/sv\/?s={search_term_string}"},"query-input":{"@type":"PropertyValueSpecification","valueRequired":true,"valueName":"search_term_string"}}],"inLanguage":"sv-SE"}]}},"_links":{"self":[{"href":"https:\/\/ofabskara.se\/sv\/wp-json\/wp\/v2\/product\/4625","targetHints":{"allow":["GET"]}}],"collection":[{"href":"https:\/\/ofabskara.se\/sv\/wp-json\/wp\/v2\/product"}],"about":[{"href":"https:\/\/ofabskara.se\/sv\/wp-json\/wp\/v2\/types\/product"}],"replies":[{"embeddable":true,"href":"https:\/\/ofabskara.se\/sv\/wp-json\/wp\/v2\/comments?post=4625"}],"wp:featuredmedia":[{"embeddable":true,"href":"https:\/\/ofabskara.se\/sv\/wp-json\/wp\/v2\/media\/4626"}],"wp:attachment":[{"href":"https:\/\/ofabskara.se\/sv\/wp-json\/wp\/v2\/media?parent=4625"}],"wp:term":[{"taxonomy":"product_brand","embeddable":true,"href":"https:\/\/ofabskara.se\/sv\/wp-json\/wp\/v2\/product_brand?post=4625"},{"taxonomy":"product_cat","embeddable":true,"href":"https:\/\/ofabskara.se\/sv\/wp-json\/wp\/v2\/product_cat?post=4625"},{"taxonomy":"product_tag","embeddable":true,"href":"https:\/\/ofabskara.se\/sv\/wp-json\/wp\/v2\/product_tag?post=4625"}],"curies":[{"name":"wp","href":"https:\/\/api.w.org\/{rel}","templated":true}]}}