{"id":47451,"date":"2026-03-12T13:57:09","date_gmt":"2026-03-12T12:57:09","guid":{"rendered":"https:\/\/ofabskara.se\/?post_type=product&#038;p=47451"},"modified":"2026-03-12T14:22:46","modified_gmt":"2026-03-12T13:22:46","slug":"4-rors-grind-genomgang-fel-bild","status":"publish","type":"product","link":"https:\/\/ofabskara.se\/sv\/produkt\/4-rors-grind-genomgang-fel-bild\/","title":{"rendered":"4-r\u00f6rs grind genomg\u00e5ng (fel bild)"},"content":{"rendered":"<ul>\n<li><strong>Ny modell p\u00e5 insticksdelen! Se pdf f\u00f6r mer information!<\/strong><\/li>\n<li><strong>Grind med persongenomg\u00e5ng som till\u00e5ter dig att smidigt g\u00e5 igenom mellan grupper.<\/strong><\/li>\n<li><b>\u00a0\u00d6ppningen i genomg\u00e5ngen \u00e4r 41cm bred.<\/b><\/li>\n<li><strong>R\u00f6rdim.<\/strong><strong>60,3\u00d73,2mm, Teleskopsdel dim. 48,3\u00d73,0mm, gavlar av h\u00e5lprofil 60x60x3mm, vertikal r\u00f6rf\u00f6rst\u00e4rkning r\u00f6rdim. 48,3\u00d73,0mm.<\/strong><\/li>\n<li><strong>Fixera grinden i \u00f6nskat m\u00e5tt och l\u00e5s med bultar.<\/strong><\/li>\n<li><strong>Avst\u00e5nd mellan horisontella r\u00f6r \u00e4r 300mm.<\/strong><\/li>\n<li><strong>Grind h\u00f6jd 115 cm.<\/strong><\/li>\n<\/ul>\n","protected":false},"excerpt":{"rendered":"<p>Ny modell p\u00e5 insticksdelen! Se pdf f\u00f6r mer information! Grind med persongenomg\u00e5ng som till\u00e5ter dig att smidigt g\u00e5 igenom mellan grupper. \u00a0\u00d6ppningen i genomg\u00e5ngen \u00e4r 41cm bred. R\u00f6rdim.60,3\u00d73,2mm, Teleskopsdel dim. 48,3\u00d73,0mm, gavlar av h\u00e5lprofil 60x60x3mm, vertikal r\u00f6rf\u00f6rst\u00e4rkning r\u00f6rdim. 48,3\u00d73,0mm. Fixera grinden i \u00f6nskat m\u00e5tt och l\u00e5s med bultar. Avst\u00e5nd mellan horisontella r\u00f6r \u00e4r 300mm. Grind [&hellip;]<\/p>\n","protected":false},"featured_media":47452,"comment_status":"open","ping_status":"closed","template":"","meta":{"_acf_changed":false,"inline_featured_image":false},"product_brand":[],"product_cat":[65,825],"product_tag":[],"class_list":{"0":"post-47451","1":"product","2":"type-product","3":"status-publish","4":"has-post-thumbnail","6":"product_cat-notdjur","7":"product_cat-teleskopiska-4-rorsgrindar-for-notkreatur","9":"first","10":"instock","11":"taxable","12":"shipping-taxable","13":"product-type-grouped"},"acf":[],"yoast_head":"<!-- This site is optimized with the Yoast SEO plugin v24.4 - https:\/\/yoast.com\/wordpress\/plugins\/seo\/ -->\n<title>4-r\u00f6rs grind genomg\u00e5ng (fel bild) - Ofab<\/title>\n<meta name=\"robots\" content=\"index, follow, max-snippet:-1, max-image-preview:large, max-video-preview:-1\" \/>\n<link rel=\"canonical\" href=\"https:\/\/ofabskara.se\/sv\/produkt\/4-rors-grind-genomgang-fel-bild\/\" \/>\n<meta property=\"og:locale\" content=\"sv_SE\" \/>\n<meta property=\"og:type\" content=\"article\" \/>\n<meta property=\"og:title\" content=\"4-r\u00f6rs grind genomg\u00e5ng (fel bild) - Ofab\" \/>\n<meta property=\"og:description\" content=\"Ny modell p\u00e5 insticksdelen! Se pdf f\u00f6r mer information! Grind med persongenomg\u00e5ng som till\u00e5ter dig att smidigt g\u00e5 igenom mellan grupper. \u00a0\u00d6ppningen i genomg\u00e5ngen \u00e4r 41cm bred. R\u00f6rdim.60,3\u00d73,2mm, Teleskopsdel dim. 48,3\u00d73,0mm, gavlar av h\u00e5lprofil 60x60x3mm, vertikal r\u00f6rf\u00f6rst\u00e4rkning r\u00f6rdim. 48,3\u00d73,0mm. Fixera grinden i \u00f6nskat m\u00e5tt och l\u00e5s med bultar. Avst\u00e5nd mellan horisontella r\u00f6r \u00e4r 300mm. Grind [&hellip;]\" \/>\n<meta property=\"og:url\" content=\"https:\/\/ofabskara.se\/sv\/produkt\/4-rors-grind-genomgang-fel-bild\/\" \/>\n<meta property=\"og:site_name\" content=\"Ofab\" \/>\n<meta property=\"article:modified_time\" content=\"2026-03-12T13:22:46+00:00\" \/>\n<meta property=\"og:image\" content=\"https:\/\/ofabskara.se\/wp-content\/uploads\/2026\/03\/ba2084.webp\" \/>\n\t<meta property=\"og:image:width\" content=\"2560\" \/>\n\t<meta property=\"og:image:height\" content=\"2560\" \/>\n\t<meta property=\"og:image:type\" content=\"image\/webp\" \/>\n<meta name=\"twitter:card\" content=\"summary_large_image\" \/>\n<meta name=\"twitter:label1\" content=\"Ber\u00e4knad l\u00e4stid\" \/>\n\t<meta name=\"twitter:data1\" content=\"1 minut\" \/>\n<script type=\"application\/ld+json\" class=\"yoast-schema-graph\">{\"@context\":\"https:\/\/schema.org\",\"@graph\":[{\"@type\":\"WebPage\",\"@id\":\"https:\/\/ofabskara.se\/sv\/produkt\/4-rors-grind-genomgang-fel-bild\/\",\"url\":\"https:\/\/ofabskara.se\/sv\/produkt\/4-rors-grind-genomgang-fel-bild\/\",\"name\":\"4-r\u00f6rs grind genomg\u00e5ng (fel bild) - Ofab\",\"isPartOf\":{\"@id\":\"https:\/\/ofabskara.se\/sv\/#website\"},\"primaryImageOfPage\":{\"@id\":\"https:\/\/ofabskara.se\/sv\/produkt\/4-rors-grind-genomgang-fel-bild\/#primaryimage\"},\"image\":{\"@id\":\"https:\/\/ofabskara.se\/sv\/produkt\/4-rors-grind-genomgang-fel-bild\/#primaryimage\"},\"thumbnailUrl\":\"https:\/\/ofabskara.se\/wp-content\/uploads\/2026\/03\/ba2084.webp\",\"datePublished\":\"2026-03-12T12:57:09+00:00\",\"dateModified\":\"2026-03-12T13:22:46+00:00\",\"breadcrumb\":{\"@id\":\"https:\/\/ofabskara.se\/sv\/produkt\/4-rors-grind-genomgang-fel-bild\/#breadcrumb\"},\"inLanguage\":\"sv-SE\",\"potentialAction\":[{\"@type\":\"ReadAction\",\"target\":[\"https:\/\/ofabskara.se\/sv\/produkt\/4-rors-grind-genomgang-fel-bild\/\"]}]},{\"@type\":\"ImageObject\",\"inLanguage\":\"sv-SE\",\"@id\":\"https:\/\/ofabskara.se\/sv\/produkt\/4-rors-grind-genomgang-fel-bild\/#primaryimage\",\"url\":\"https:\/\/ofabskara.se\/wp-content\/uploads\/2026\/03\/ba2084.webp\",\"contentUrl\":\"https:\/\/ofabskara.se\/wp-content\/uploads\/2026\/03\/ba2084.webp\",\"width\":2560,\"height\":2560,\"caption\":\"ba2084\"},{\"@type\":\"BreadcrumbList\",\"@id\":\"https:\/\/ofabskara.se\/sv\/produkt\/4-rors-grind-genomgang-fel-bild\/#breadcrumb\",\"itemListElement\":[{\"@type\":\"ListItem\",\"position\":1,\"name\":\"Home\",\"item\":\"https:\/\/ofabskara.se\/sv\/\"},{\"@type\":\"ListItem\",\"position\":2,\"name\":\"Butik\",\"item\":\"https:\/\/ofabskara.se\/sv\/butik\/\"},{\"@type\":\"ListItem\",\"position\":3,\"name\":\"4-r\u00f6rs grind genomg\u00e5ng (fel bild)\"}]},{\"@type\":\"WebSite\",\"@id\":\"https:\/\/ofabskara.se\/sv\/#website\",\"url\":\"https:\/\/ofabskara.se\/sv\/\",\"name\":\"Ofab\",\"description\":\"\",\"potentialAction\":[{\"@type\":\"SearchAction\",\"target\":{\"@type\":\"EntryPoint\",\"urlTemplate\":\"https:\/\/ofabskara.se\/sv\/?s={search_term_string}\"},\"query-input\":{\"@type\":\"PropertyValueSpecification\",\"valueRequired\":true,\"valueName\":\"search_term_string\"}}],\"inLanguage\":\"sv-SE\"}]}<\/script>\n<!-- \/ Yoast SEO plugin. -->","yoast_head_json":{"title":"4-r\u00f6rs grind genomg\u00e5ng (fel bild) - Ofab","robots":{"index":"index","follow":"follow","max-snippet":"max-snippet:-1","max-image-preview":"max-image-preview:large","max-video-preview":"max-video-preview:-1"},"canonical":"https:\/\/ofabskara.se\/sv\/produkt\/4-rors-grind-genomgang-fel-bild\/","og_locale":"sv_SE","og_type":"article","og_title":"4-r\u00f6rs grind genomg\u00e5ng (fel bild) - Ofab","og_description":"Ny modell p\u00e5 insticksdelen! Se pdf f\u00f6r mer information! Grind med persongenomg\u00e5ng som till\u00e5ter dig att smidigt g\u00e5 igenom mellan grupper. \u00a0\u00d6ppningen i genomg\u00e5ngen \u00e4r 41cm bred. R\u00f6rdim.60,3\u00d73,2mm, Teleskopsdel dim. 48,3\u00d73,0mm, gavlar av h\u00e5lprofil 60x60x3mm, vertikal r\u00f6rf\u00f6rst\u00e4rkning r\u00f6rdim. 48,3\u00d73,0mm. Fixera grinden i \u00f6nskat m\u00e5tt och l\u00e5s med bultar. Avst\u00e5nd mellan horisontella r\u00f6r \u00e4r 300mm. Grind [&hellip;]","og_url":"https:\/\/ofabskara.se\/sv\/produkt\/4-rors-grind-genomgang-fel-bild\/","og_site_name":"Ofab","article_modified_time":"2026-03-12T13:22:46+00:00","og_image":[{"width":2560,"height":2560,"url":"https:\/\/ofabskara.se\/wp-content\/uploads\/2026\/03\/ba2084.webp","type":"image\/webp"}],"twitter_card":"summary_large_image","twitter_misc":{"Ber\u00e4knad l\u00e4stid":"1 minut"},"schema":{"@context":"https:\/\/schema.org","@graph":[{"@type":"WebPage","@id":"https:\/\/ofabskara.se\/sv\/produkt\/4-rors-grind-genomgang-fel-bild\/","url":"https:\/\/ofabskara.se\/sv\/produkt\/4-rors-grind-genomgang-fel-bild\/","name":"4-r\u00f6rs grind genomg\u00e5ng (fel bild) - Ofab","isPartOf":{"@id":"https:\/\/ofabskara.se\/sv\/#website"},"primaryImageOfPage":{"@id":"https:\/\/ofabskara.se\/sv\/produkt\/4-rors-grind-genomgang-fel-bild\/#primaryimage"},"image":{"@id":"https:\/\/ofabskara.se\/sv\/produkt\/4-rors-grind-genomgang-fel-bild\/#primaryimage"},"thumbnailUrl":"https:\/\/ofabskara.se\/wp-content\/uploads\/2026\/03\/ba2084.webp","datePublished":"2026-03-12T12:57:09+00:00","dateModified":"2026-03-12T13:22:46+00:00","breadcrumb":{"@id":"https:\/\/ofabskara.se\/sv\/produkt\/4-rors-grind-genomgang-fel-bild\/#breadcrumb"},"inLanguage":"sv-SE","potentialAction":[{"@type":"ReadAction","target":["https:\/\/ofabskara.se\/sv\/produkt\/4-rors-grind-genomgang-fel-bild\/"]}]},{"@type":"ImageObject","inLanguage":"sv-SE","@id":"https:\/\/ofabskara.se\/sv\/produkt\/4-rors-grind-genomgang-fel-bild\/#primaryimage","url":"https:\/\/ofabskara.se\/wp-content\/uploads\/2026\/03\/ba2084.webp","contentUrl":"https:\/\/ofabskara.se\/wp-content\/uploads\/2026\/03\/ba2084.webp","width":2560,"height":2560,"caption":"ba2084"},{"@type":"BreadcrumbList","@id":"https:\/\/ofabskara.se\/sv\/produkt\/4-rors-grind-genomgang-fel-bild\/#breadcrumb","itemListElement":[{"@type":"ListItem","position":1,"name":"Home","item":"https:\/\/ofabskara.se\/sv\/"},{"@type":"ListItem","position":2,"name":"Butik","item":"https:\/\/ofabskara.se\/sv\/butik\/"},{"@type":"ListItem","position":3,"name":"4-r\u00f6rs grind genomg\u00e5ng (fel bild)"}]},{"@type":"WebSite","@id":"https:\/\/ofabskara.se\/sv\/#website","url":"https:\/\/ofabskara.se\/sv\/","name":"Ofab","description":"","potentialAction":[{"@type":"SearchAction","target":{"@type":"EntryPoint","urlTemplate":"https:\/\/ofabskara.se\/sv\/?s={search_term_string}"},"query-input":{"@type":"PropertyValueSpecification","valueRequired":true,"valueName":"search_term_string"}}],"inLanguage":"sv-SE"}]}},"_links":{"self":[{"href":"https:\/\/ofabskara.se\/sv\/wp-json\/wp\/v2\/product\/47451","targetHints":{"allow":["GET"]}}],"collection":[{"href":"https:\/\/ofabskara.se\/sv\/wp-json\/wp\/v2\/product"}],"about":[{"href":"https:\/\/ofabskara.se\/sv\/wp-json\/wp\/v2\/types\/product"}],"replies":[{"embeddable":true,"href":"https:\/\/ofabskara.se\/sv\/wp-json\/wp\/v2\/comments?post=47451"}],"wp:featuredmedia":[{"embeddable":true,"href":"https:\/\/ofabskara.se\/sv\/wp-json\/wp\/v2\/media\/47452"}],"wp:attachment":[{"href":"https:\/\/ofabskara.se\/sv\/wp-json\/wp\/v2\/media?parent=47451"}],"wp:term":[{"taxonomy":"product_brand","embeddable":true,"href":"https:\/\/ofabskara.se\/sv\/wp-json\/wp\/v2\/product_brand?post=47451"},{"taxonomy":"product_cat","embeddable":true,"href":"https:\/\/ofabskara.se\/sv\/wp-json\/wp\/v2\/product_cat?post=47451"},{"taxonomy":"product_tag","embeddable":true,"href":"https:\/\/ofabskara.se\/sv\/wp-json\/wp\/v2\/product_tag?post=47451"}],"curies":[{"name":"wp","href":"https:\/\/api.w.org\/{rel}","templated":true}]}}