{"id":47489,"date":"2026-03-19T10:58:51","date_gmt":"2026-03-19T09:58:51","guid":{"rendered":"https:\/\/ofabskara.se\/?post_type=product&#038;p=47489"},"modified":"2026-03-19T10:58:51","modified_gmt":"2026-03-19T09:58:51","slug":"dubbelverkande-hydraulcylinder-50-32","status":"publish","type":"product","link":"https:\/\/ofabskara.se\/sv\/produkt\/dubbelverkande-hydraulcylinder-50-32\/","title":{"rendered":"Dubbelverkande hydraulcylinder 50\/32"},"content":{"rendered":"","protected":false},"excerpt":{"rendered":"<p><strong>Svensktillverkade dubbelverkande hydraulcylindrar i h\u00f6gsta kvalitet.<\/strong><\/p>\n<p><strong>OBS! Best\u00e4llningsvara, tillverkas p\u00e5 best\u00e4llning.<\/strong><\/p>\n<p><strong>Produktionstid ca 2-3 veckor.<\/strong><\/p>\n<ul>\n<li>Max tryck 320 Bar<\/li>\n<li>Ledlager av h\u00f6g kvalite med sm\u00f6rjnipplar<\/li>\n<li>Anslutning inv\u00e4ndig R-g\u00e4nga 3\/8\u2033<\/li>\n<\/ul>\n","protected":false},"featured_media":47484,"comment_status":"open","ping_status":"closed","template":"","meta":{"_acf_changed":false,"inline_featured_image":false},"product_brand":[],"product_cat":[4485,116,70],"product_tag":[],"class_list":{"0":"post-47489","1":"product","2":"type-product","3":"status-publish","4":"has-post-thumbnail","6":"product_cat-dubbelverkande-hydraulcylinder-50-32","7":"product_cat-dubbelverkande-hydraulcylindrar-hydraulik","8":"product_cat-hydraulik","10":"first","11":"instock","12":"taxable","13":"shipping-taxable","14":"product-type-grouped"},"acf":[],"yoast_head":"<!-- This site is optimized with the Yoast SEO plugin v24.4 - https:\/\/yoast.com\/wordpress\/plugins\/seo\/ -->\n<title>Dubbelverkande hydraulcylinder 50\/32 - Ofab<\/title>\n<meta name=\"robots\" content=\"index, follow, max-snippet:-1, max-image-preview:large, max-video-preview:-1\" \/>\n<link rel=\"canonical\" href=\"https:\/\/ofabskara.se\/sv\/produkt\/dubbelverkande-hydraulcylinder-50-32\/\" \/>\n<meta property=\"og:locale\" content=\"sv_SE\" \/>\n<meta property=\"og:type\" content=\"article\" \/>\n<meta property=\"og:title\" content=\"Dubbelverkande hydraulcylinder 50\/32 - Ofab\" \/>\n<meta property=\"og:description\" content=\"Svensktillverkade dubbelverkande hydraulcylindrar i h\u00f6gsta kvalitet.  OBS! Best\u00e4llningsvara, tillverkas p\u00e5 best\u00e4llning.  Produktionstid ca 2-3 veckor.   Max tryck 320 Bar  Ledlager av h\u00f6g kvalite med sm\u00f6rjnipplar  Anslutning inv\u00e4ndig R-g\u00e4nga 3\/8\u2033\" \/>\n<meta property=\"og:url\" content=\"https:\/\/ofabskara.se\/sv\/produkt\/dubbelverkande-hydraulcylinder-50-32\/\" \/>\n<meta property=\"og:site_name\" content=\"Ofab\" \/>\n<meta property=\"og:image\" content=\"https:\/\/ofabskara.se\/wp-content\/uploads\/2026\/03\/hydraulcylinder-scaled-600x400-1.webp\" \/>\n\t<meta property=\"og:image:width\" content=\"600\" \/>\n\t<meta property=\"og:image:height\" content=\"400\" \/>\n\t<meta property=\"og:image:type\" content=\"image\/webp\" \/>\n<meta name=\"twitter:card\" content=\"summary_large_image\" \/>\n<meta name=\"twitter:label1\" content=\"Ber\u00e4knad l\u00e4stid\" \/>\n\t<meta name=\"twitter:data1\" content=\"1 minut\" \/>\n<script type=\"application\/ld+json\" class=\"yoast-schema-graph\">{\"@context\":\"https:\/\/schema.org\",\"@graph\":[{\"@type\":\"WebPage\",\"@id\":\"https:\/\/ofabskara.se\/sv\/produkt\/dubbelverkande-hydraulcylinder-50-32\/\",\"url\":\"https:\/\/ofabskara.se\/sv\/produkt\/dubbelverkande-hydraulcylinder-50-32\/\",\"name\":\"Dubbelverkande hydraulcylinder 50\/32 - Ofab\",\"isPartOf\":{\"@id\":\"https:\/\/ofabskara.se\/sv\/#website\"},\"primaryImageOfPage\":{\"@id\":\"https:\/\/ofabskara.se\/sv\/produkt\/dubbelverkande-hydraulcylinder-50-32\/#primaryimage\"},\"image\":{\"@id\":\"https:\/\/ofabskara.se\/sv\/produkt\/dubbelverkande-hydraulcylinder-50-32\/#primaryimage\"},\"thumbnailUrl\":\"https:\/\/ofabskara.se\/wp-content\/uploads\/2026\/03\/hydraulcylinder-scaled-600x400-1.webp\",\"datePublished\":\"2026-03-19T09:58:51+00:00\",\"breadcrumb\":{\"@id\":\"https:\/\/ofabskara.se\/sv\/produkt\/dubbelverkande-hydraulcylinder-50-32\/#breadcrumb\"},\"inLanguage\":\"sv-SE\",\"potentialAction\":[{\"@type\":\"ReadAction\",\"target\":[\"https:\/\/ofabskara.se\/sv\/produkt\/dubbelverkande-hydraulcylinder-50-32\/\"]}]},{\"@type\":\"ImageObject\",\"inLanguage\":\"sv-SE\",\"@id\":\"https:\/\/ofabskara.se\/sv\/produkt\/dubbelverkande-hydraulcylinder-50-32\/#primaryimage\",\"url\":\"https:\/\/ofabskara.se\/wp-content\/uploads\/2026\/03\/hydraulcylinder-scaled-600x400-1.webp\",\"contentUrl\":\"https:\/\/ofabskara.se\/wp-content\/uploads\/2026\/03\/hydraulcylinder-scaled-600x400-1.webp\",\"width\":600,\"height\":400,\"caption\":\"hydraulcylinder scaled 600x400\"},{\"@type\":\"BreadcrumbList\",\"@id\":\"https:\/\/ofabskara.se\/sv\/produkt\/dubbelverkande-hydraulcylinder-50-32\/#breadcrumb\",\"itemListElement\":[{\"@type\":\"ListItem\",\"position\":1,\"name\":\"Home\",\"item\":\"https:\/\/ofabskara.se\/sv\/\"},{\"@type\":\"ListItem\",\"position\":2,\"name\":\"Butik\",\"item\":\"https:\/\/ofabskara.se\/sv\/butik\/\"},{\"@type\":\"ListItem\",\"position\":3,\"name\":\"Dubbelverkande hydraulcylinder 50\/32\"}]},{\"@type\":\"WebSite\",\"@id\":\"https:\/\/ofabskara.se\/sv\/#website\",\"url\":\"https:\/\/ofabskara.se\/sv\/\",\"name\":\"Ofab\",\"description\":\"\",\"potentialAction\":[{\"@type\":\"SearchAction\",\"target\":{\"@type\":\"EntryPoint\",\"urlTemplate\":\"https:\/\/ofabskara.se\/sv\/?s={search_term_string}\"},\"query-input\":{\"@type\":\"PropertyValueSpecification\",\"valueRequired\":true,\"valueName\":\"search_term_string\"}}],\"inLanguage\":\"sv-SE\"}]}<\/script>\n<!-- \/ Yoast SEO plugin. -->","yoast_head_json":{"title":"Dubbelverkande hydraulcylinder 50\/32 - Ofab","robots":{"index":"index","follow":"follow","max-snippet":"max-snippet:-1","max-image-preview":"max-image-preview:large","max-video-preview":"max-video-preview:-1"},"canonical":"https:\/\/ofabskara.se\/sv\/produkt\/dubbelverkande-hydraulcylinder-50-32\/","og_locale":"sv_SE","og_type":"article","og_title":"Dubbelverkande hydraulcylinder 50\/32 - Ofab","og_description":"Svensktillverkade dubbelverkande hydraulcylindrar i h\u00f6gsta kvalitet.  OBS! Best\u00e4llningsvara, tillverkas p\u00e5 best\u00e4llning.  Produktionstid ca 2-3 veckor.   Max tryck 320 Bar  Ledlager av h\u00f6g kvalite med sm\u00f6rjnipplar  Anslutning inv\u00e4ndig R-g\u00e4nga 3\/8\u2033","og_url":"https:\/\/ofabskara.se\/sv\/produkt\/dubbelverkande-hydraulcylinder-50-32\/","og_site_name":"Ofab","og_image":[{"width":600,"height":400,"url":"https:\/\/ofabskara.se\/wp-content\/uploads\/2026\/03\/hydraulcylinder-scaled-600x400-1.webp","type":"image\/webp"}],"twitter_card":"summary_large_image","twitter_misc":{"Ber\u00e4knad l\u00e4stid":"1 minut"},"schema":{"@context":"https:\/\/schema.org","@graph":[{"@type":"WebPage","@id":"https:\/\/ofabskara.se\/sv\/produkt\/dubbelverkande-hydraulcylinder-50-32\/","url":"https:\/\/ofabskara.se\/sv\/produkt\/dubbelverkande-hydraulcylinder-50-32\/","name":"Dubbelverkande hydraulcylinder 50\/32 - Ofab","isPartOf":{"@id":"https:\/\/ofabskara.se\/sv\/#website"},"primaryImageOfPage":{"@id":"https:\/\/ofabskara.se\/sv\/produkt\/dubbelverkande-hydraulcylinder-50-32\/#primaryimage"},"image":{"@id":"https:\/\/ofabskara.se\/sv\/produkt\/dubbelverkande-hydraulcylinder-50-32\/#primaryimage"},"thumbnailUrl":"https:\/\/ofabskara.se\/wp-content\/uploads\/2026\/03\/hydraulcylinder-scaled-600x400-1.webp","datePublished":"2026-03-19T09:58:51+00:00","breadcrumb":{"@id":"https:\/\/ofabskara.se\/sv\/produkt\/dubbelverkande-hydraulcylinder-50-32\/#breadcrumb"},"inLanguage":"sv-SE","potentialAction":[{"@type":"ReadAction","target":["https:\/\/ofabskara.se\/sv\/produkt\/dubbelverkande-hydraulcylinder-50-32\/"]}]},{"@type":"ImageObject","inLanguage":"sv-SE","@id":"https:\/\/ofabskara.se\/sv\/produkt\/dubbelverkande-hydraulcylinder-50-32\/#primaryimage","url":"https:\/\/ofabskara.se\/wp-content\/uploads\/2026\/03\/hydraulcylinder-scaled-600x400-1.webp","contentUrl":"https:\/\/ofabskara.se\/wp-content\/uploads\/2026\/03\/hydraulcylinder-scaled-600x400-1.webp","width":600,"height":400,"caption":"hydraulcylinder scaled 600x400"},{"@type":"BreadcrumbList","@id":"https:\/\/ofabskara.se\/sv\/produkt\/dubbelverkande-hydraulcylinder-50-32\/#breadcrumb","itemListElement":[{"@type":"ListItem","position":1,"name":"Home","item":"https:\/\/ofabskara.se\/sv\/"},{"@type":"ListItem","position":2,"name":"Butik","item":"https:\/\/ofabskara.se\/sv\/butik\/"},{"@type":"ListItem","position":3,"name":"Dubbelverkande hydraulcylinder 50\/32"}]},{"@type":"WebSite","@id":"https:\/\/ofabskara.se\/sv\/#website","url":"https:\/\/ofabskara.se\/sv\/","name":"Ofab","description":"","potentialAction":[{"@type":"SearchAction","target":{"@type":"EntryPoint","urlTemplate":"https:\/\/ofabskara.se\/sv\/?s={search_term_string}"},"query-input":{"@type":"PropertyValueSpecification","valueRequired":true,"valueName":"search_term_string"}}],"inLanguage":"sv-SE"}]}},"_links":{"self":[{"href":"https:\/\/ofabskara.se\/sv\/wp-json\/wp\/v2\/product\/47489","targetHints":{"allow":["GET"]}}],"collection":[{"href":"https:\/\/ofabskara.se\/sv\/wp-json\/wp\/v2\/product"}],"about":[{"href":"https:\/\/ofabskara.se\/sv\/wp-json\/wp\/v2\/types\/product"}],"replies":[{"embeddable":true,"href":"https:\/\/ofabskara.se\/sv\/wp-json\/wp\/v2\/comments?post=47489"}],"wp:featuredmedia":[{"embeddable":true,"href":"https:\/\/ofabskara.se\/sv\/wp-json\/wp\/v2\/media\/47484"}],"wp:attachment":[{"href":"https:\/\/ofabskara.se\/sv\/wp-json\/wp\/v2\/media?parent=47489"}],"wp:term":[{"taxonomy":"product_brand","embeddable":true,"href":"https:\/\/ofabskara.se\/sv\/wp-json\/wp\/v2\/product_brand?post=47489"},{"taxonomy":"product_cat","embeddable":true,"href":"https:\/\/ofabskara.se\/sv\/wp-json\/wp\/v2\/product_cat?post=47489"},{"taxonomy":"product_tag","embeddable":true,"href":"https:\/\/ofabskara.se\/sv\/wp-json\/wp\/v2\/product_tag?post=47489"}],"curies":[{"name":"wp","href":"https:\/\/api.w.org\/{rel}","templated":true}]}}