{"id":47513,"date":"2026-03-25T16:18:50","date_gmt":"2026-03-25T15:18:50","guid":{"rendered":"https:\/\/ofabskara.se\/produkt\/tradlos-vagningskit-1000-w1\/"},"modified":"2026-03-31T14:28:14","modified_gmt":"2026-03-31T12:28:14","slug":"tradlos-vagningskit-1000-w1","status":"publish","type":"product","link":"https:\/\/ofabskara.se\/sv\/produkt\/tradlos-vagningskit-1000-w1\/","title":{"rendered":"Tr\u00e5dl\u00f6s v\u00e4gningskit 1000\/W1"},"content":{"rendered":"<ul class=\"product-detail-buy__usp-block\">\n<li>Kit f\u00f6r tr\u00e5dl\u00f6s v\u00e4gning och identifiering av djur.<\/li>\n<li>Inkluderar v\u00e4gningsbalkar och v\u00e5gar.<\/li>\n<li>Enkel anv\u00e4ndning och insikter.<\/li>\n<li>80 % mindre risk f\u00f6r funktionsfel.<\/li>\n<li>Kompatibel med Gallagher Animal Performance-appen.<\/li>\n<\/ul>\n","protected":false},"excerpt":{"rendered":"<h2 class=\"h2\">Produktbeskrivning<\/h2>\n<div class=\"product-detail-description\">\n<div id=\"productDetailDescriptionCollapse\" class=\"collapse show\">\n<div id=\"productDetailDescriptionText\" class=\"product-detail-description-text\">\n<p>Detta v\u00e4gnings- och identifieringskit inneh\u00e5ller de senaste v\u00e4gningsinnovationerna fr\u00e5n Gallagher. De 1000 mm tr\u00e5dl\u00f6sa v\u00e4gningsst\u00e4ngerna och W1-v\u00e5gen utm\u00e4rker sig genom sin anv\u00e4ndarv\u00e4nlighet och till\u00e4mplighet. Detta g\u00f6r v\u00e4gning och dataanalys mycket mer tillg\u00e4nglig f\u00f6r anv\u00e4ndarna \u00e4n andra l\u00f6sningar p\u00e5 marknaden. B\u00e5da produkterna fungerar s\u00f6ml\u00f6st med Gallagher Animal Performance-appen.<\/p>\n<\/div>\n<\/div>\n<\/div>\n","protected":false},"featured_media":47579,"comment_status":"open","ping_status":"closed","template":"","meta":{"_acf_changed":false,"inline_featured_image":false},"product_brand":[],"product_cat":[4488],"product_tag":[],"class_list":{"0":"post-47513","1":"product","2":"type-product","3":"status-publish","4":"has-post-thumbnail","6":"product_cat-vagar","8":"first","9":"onbackorder","10":"taxable","11":"shipping-taxable","12":"purchasable","13":"product-type-simple"},"acf":[],"yoast_head":"<!-- This site is optimized with the Yoast SEO plugin v24.4 - https:\/\/yoast.com\/wordpress\/plugins\/seo\/ -->\n<title>Tr\u00e5dl\u00f6s v\u00e4gningskit 1000\/W1 - Ofab<\/title>\n<meta name=\"robots\" content=\"index, follow, max-snippet:-1, max-image-preview:large, max-video-preview:-1\" \/>\n<link rel=\"canonical\" href=\"https:\/\/ofabskara.se\/sv\/produkt\/tradlos-vagningskit-1000-w1\/\" \/>\n<meta property=\"og:locale\" content=\"sv_SE\" \/>\n<meta property=\"og:type\" content=\"article\" \/>\n<meta property=\"og:title\" content=\"Tr\u00e5dl\u00f6s v\u00e4gningskit 1000\/W1 - Ofab\" \/>\n<meta property=\"og:description\" content=\"Produktbeskrivning     Detta v\u00e4gnings- och identifieringskit inneh\u00e5ller de senaste v\u00e4gningsinnovationerna fr\u00e5n Gallagher. De 1000 mm tr\u00e5dl\u00f6sa v\u00e4gningsst\u00e4ngerna och W1-v\u00e5gen utm\u00e4rker sig genom sin anv\u00e4ndarv\u00e4nlighet och till\u00e4mplighet. Detta g\u00f6r v\u00e4gning och dataanalys mycket mer tillg\u00e4nglig f\u00f6r anv\u00e4ndarna \u00e4n andra l\u00f6sningar p\u00e5 marknaden. B\u00e5da produkterna fungerar s\u00f6ml\u00f6st med Gallagher Animal Performance-appen.\" \/>\n<meta property=\"og:url\" content=\"https:\/\/ofabskara.se\/sv\/produkt\/tradlos-vagningskit-1000-w1\/\" \/>\n<meta property=\"og:site_name\" content=\"Ofab\" \/>\n<meta property=\"article:modified_time\" content=\"2026-03-31T12:28:14+00:00\" \/>\n<meta property=\"og:image\" content=\"https:\/\/ofabskara.se\/wp-content\/uploads\/2026\/03\/090365_1WEB.webp_800x800.webp\" \/>\n\t<meta property=\"og:image:width\" content=\"800\" \/>\n\t<meta property=\"og:image:height\" content=\"800\" \/>\n\t<meta property=\"og:image:type\" content=\"image\/webp\" \/>\n<meta name=\"twitter:card\" content=\"summary_large_image\" \/>\n<meta name=\"twitter:label1\" content=\"Ber\u00e4knad l\u00e4stid\" \/>\n\t<meta name=\"twitter:data1\" content=\"1 minut\" \/>\n<script type=\"application\/ld+json\" class=\"yoast-schema-graph\">{\"@context\":\"https:\/\/schema.org\",\"@graph\":[{\"@type\":\"WebPage\",\"@id\":\"https:\/\/ofabskara.se\/sv\/produkt\/tradlos-vagningskit-1000-w1\/\",\"url\":\"https:\/\/ofabskara.se\/sv\/produkt\/tradlos-vagningskit-1000-w1\/\",\"name\":\"Tr\u00e5dl\u00f6s v\u00e4gningskit 1000\/W1 - Ofab\",\"isPartOf\":{\"@id\":\"https:\/\/ofabskara.se\/sv\/#website\"},\"primaryImageOfPage\":{\"@id\":\"https:\/\/ofabskara.se\/sv\/produkt\/tradlos-vagningskit-1000-w1\/#primaryimage\"},\"image\":{\"@id\":\"https:\/\/ofabskara.se\/sv\/produkt\/tradlos-vagningskit-1000-w1\/#primaryimage\"},\"thumbnailUrl\":\"https:\/\/ofabskara.se\/wp-content\/uploads\/2026\/03\/090365_1WEB.webp_800x800.webp\",\"datePublished\":\"2026-03-25T15:18:50+00:00\",\"dateModified\":\"2026-03-31T12:28:14+00:00\",\"breadcrumb\":{\"@id\":\"https:\/\/ofabskara.se\/sv\/produkt\/tradlos-vagningskit-1000-w1\/#breadcrumb\"},\"inLanguage\":\"sv-SE\",\"potentialAction\":[{\"@type\":\"ReadAction\",\"target\":[\"https:\/\/ofabskara.se\/sv\/produkt\/tradlos-vagningskit-1000-w1\/\"]}]},{\"@type\":\"ImageObject\",\"inLanguage\":\"sv-SE\",\"@id\":\"https:\/\/ofabskara.se\/sv\/produkt\/tradlos-vagningskit-1000-w1\/#primaryimage\",\"url\":\"https:\/\/ofabskara.se\/wp-content\/uploads\/2026\/03\/090365_1WEB.webp_800x800.webp\",\"contentUrl\":\"https:\/\/ofabskara.se\/wp-content\/uploads\/2026\/03\/090365_1WEB.webp_800x800.webp\",\"width\":800,\"height\":800,\"caption\":\"090365 1WEB.webp 800x800\"},{\"@type\":\"BreadcrumbList\",\"@id\":\"https:\/\/ofabskara.se\/sv\/produkt\/tradlos-vagningskit-1000-w1\/#breadcrumb\",\"itemListElement\":[{\"@type\":\"ListItem\",\"position\":1,\"name\":\"Home\",\"item\":\"https:\/\/ofabskara.se\/sv\/\"},{\"@type\":\"ListItem\",\"position\":2,\"name\":\"Butik\",\"item\":\"https:\/\/ofabskara.se\/sv\/butik\/\"},{\"@type\":\"ListItem\",\"position\":3,\"name\":\"Tr\u00e5dl\u00f6s v\u00e4gningskit 1000\/W1\"}]},{\"@type\":\"WebSite\",\"@id\":\"https:\/\/ofabskara.se\/sv\/#website\",\"url\":\"https:\/\/ofabskara.se\/sv\/\",\"name\":\"Ofab\",\"description\":\"\",\"potentialAction\":[{\"@type\":\"SearchAction\",\"target\":{\"@type\":\"EntryPoint\",\"urlTemplate\":\"https:\/\/ofabskara.se\/sv\/?s={search_term_string}\"},\"query-input\":{\"@type\":\"PropertyValueSpecification\",\"valueRequired\":true,\"valueName\":\"search_term_string\"}}],\"inLanguage\":\"sv-SE\"}]}<\/script>\n<!-- \/ Yoast SEO plugin. -->","yoast_head_json":{"title":"Tr\u00e5dl\u00f6s v\u00e4gningskit 1000\/W1 - Ofab","robots":{"index":"index","follow":"follow","max-snippet":"max-snippet:-1","max-image-preview":"max-image-preview:large","max-video-preview":"max-video-preview:-1"},"canonical":"https:\/\/ofabskara.se\/sv\/produkt\/tradlos-vagningskit-1000-w1\/","og_locale":"sv_SE","og_type":"article","og_title":"Tr\u00e5dl\u00f6s v\u00e4gningskit 1000\/W1 - Ofab","og_description":"Produktbeskrivning     Detta v\u00e4gnings- och identifieringskit inneh\u00e5ller de senaste v\u00e4gningsinnovationerna fr\u00e5n Gallagher. De 1000 mm tr\u00e5dl\u00f6sa v\u00e4gningsst\u00e4ngerna och W1-v\u00e5gen utm\u00e4rker sig genom sin anv\u00e4ndarv\u00e4nlighet och till\u00e4mplighet. Detta g\u00f6r v\u00e4gning och dataanalys mycket mer tillg\u00e4nglig f\u00f6r anv\u00e4ndarna \u00e4n andra l\u00f6sningar p\u00e5 marknaden. B\u00e5da produkterna fungerar s\u00f6ml\u00f6st med Gallagher Animal Performance-appen.","og_url":"https:\/\/ofabskara.se\/sv\/produkt\/tradlos-vagningskit-1000-w1\/","og_site_name":"Ofab","article_modified_time":"2026-03-31T12:28:14+00:00","og_image":[{"width":800,"height":800,"url":"https:\/\/ofabskara.se\/wp-content\/uploads\/2026\/03\/090365_1WEB.webp_800x800.webp","type":"image\/webp"}],"twitter_card":"summary_large_image","twitter_misc":{"Ber\u00e4knad l\u00e4stid":"1 minut"},"schema":{"@context":"https:\/\/schema.org","@graph":[{"@type":"WebPage","@id":"https:\/\/ofabskara.se\/sv\/produkt\/tradlos-vagningskit-1000-w1\/","url":"https:\/\/ofabskara.se\/sv\/produkt\/tradlos-vagningskit-1000-w1\/","name":"Tr\u00e5dl\u00f6s v\u00e4gningskit 1000\/W1 - Ofab","isPartOf":{"@id":"https:\/\/ofabskara.se\/sv\/#website"},"primaryImageOfPage":{"@id":"https:\/\/ofabskara.se\/sv\/produkt\/tradlos-vagningskit-1000-w1\/#primaryimage"},"image":{"@id":"https:\/\/ofabskara.se\/sv\/produkt\/tradlos-vagningskit-1000-w1\/#primaryimage"},"thumbnailUrl":"https:\/\/ofabskara.se\/wp-content\/uploads\/2026\/03\/090365_1WEB.webp_800x800.webp","datePublished":"2026-03-25T15:18:50+00:00","dateModified":"2026-03-31T12:28:14+00:00","breadcrumb":{"@id":"https:\/\/ofabskara.se\/sv\/produkt\/tradlos-vagningskit-1000-w1\/#breadcrumb"},"inLanguage":"sv-SE","potentialAction":[{"@type":"ReadAction","target":["https:\/\/ofabskara.se\/sv\/produkt\/tradlos-vagningskit-1000-w1\/"]}]},{"@type":"ImageObject","inLanguage":"sv-SE","@id":"https:\/\/ofabskara.se\/sv\/produkt\/tradlos-vagningskit-1000-w1\/#primaryimage","url":"https:\/\/ofabskara.se\/wp-content\/uploads\/2026\/03\/090365_1WEB.webp_800x800.webp","contentUrl":"https:\/\/ofabskara.se\/wp-content\/uploads\/2026\/03\/090365_1WEB.webp_800x800.webp","width":800,"height":800,"caption":"090365 1WEB.webp 800x800"},{"@type":"BreadcrumbList","@id":"https:\/\/ofabskara.se\/sv\/produkt\/tradlos-vagningskit-1000-w1\/#breadcrumb","itemListElement":[{"@type":"ListItem","position":1,"name":"Home","item":"https:\/\/ofabskara.se\/sv\/"},{"@type":"ListItem","position":2,"name":"Butik","item":"https:\/\/ofabskara.se\/sv\/butik\/"},{"@type":"ListItem","position":3,"name":"Tr\u00e5dl\u00f6s v\u00e4gningskit 1000\/W1"}]},{"@type":"WebSite","@id":"https:\/\/ofabskara.se\/sv\/#website","url":"https:\/\/ofabskara.se\/sv\/","name":"Ofab","description":"","potentialAction":[{"@type":"SearchAction","target":{"@type":"EntryPoint","urlTemplate":"https:\/\/ofabskara.se\/sv\/?s={search_term_string}"},"query-input":{"@type":"PropertyValueSpecification","valueRequired":true,"valueName":"search_term_string"}}],"inLanguage":"sv-SE"}]}},"_links":{"self":[{"href":"https:\/\/ofabskara.se\/sv\/wp-json\/wp\/v2\/product\/47513","targetHints":{"allow":["GET"]}}],"collection":[{"href":"https:\/\/ofabskara.se\/sv\/wp-json\/wp\/v2\/product"}],"about":[{"href":"https:\/\/ofabskara.se\/sv\/wp-json\/wp\/v2\/types\/product"}],"replies":[{"embeddable":true,"href":"https:\/\/ofabskara.se\/sv\/wp-json\/wp\/v2\/comments?post=47513"}],"wp:featuredmedia":[{"embeddable":true,"href":"https:\/\/ofabskara.se\/sv\/wp-json\/wp\/v2\/media\/47579"}],"wp:attachment":[{"href":"https:\/\/ofabskara.se\/sv\/wp-json\/wp\/v2\/media?parent=47513"}],"wp:term":[{"taxonomy":"product_brand","embeddable":true,"href":"https:\/\/ofabskara.se\/sv\/wp-json\/wp\/v2\/product_brand?post=47513"},{"taxonomy":"product_cat","embeddable":true,"href":"https:\/\/ofabskara.se\/sv\/wp-json\/wp\/v2\/product_cat?post=47513"},{"taxonomy":"product_tag","embeddable":true,"href":"https:\/\/ofabskara.se\/sv\/wp-json\/wp\/v2\/product_tag?post=47513"}],"curies":[{"name":"wp","href":"https:\/\/api.w.org\/{rel}","templated":true}]}}