{"id":47517,"date":"2026-03-25T16:18:58","date_gmt":"2026-03-25T15:18:58","guid":{"rendered":"https:\/\/ofabskara.se\/produkt\/smartreader-hr4\/"},"modified":"2026-03-31T14:49:49","modified_gmt":"2026-03-31T12:49:49","slug":"smartreader-hr4","status":"publish","type":"product","link":"https:\/\/ofabskara.se\/sv\/produkt\/smartreader-hr4\/","title":{"rendered":"SmartReader HR4"},"content":{"rendered":"<ul class=\"product-detail-buy__usp-block\">\n<li>Halv duplex (HDX) och full duplex (FDX-B) ISO-kompatibel.<\/li>\n<li>Marknadsledande ergonomisk design.<\/li>\n<li>Internt minne f\u00f6r \u00f6ver 100 000 taggar f\u00f6r senare nedladdning till dator.<\/li>\n<li>En enda vibration k\u00e4nns i handtaget vid varje lyckad avl\u00e4sning av en EID-tagg.<\/li>\n<li>Kompatibel med Gallagher SmartScale.<\/li>\n<li><\/li>\n<\/ul>\n","protected":false},"excerpt":{"rendered":"<h2 class=\"h2\">Produktbeskrivning<\/h2>\n<div class=\"product-detail-description\">\n<div id=\"productDetailDescriptionCollapse\" class=\"collapse show\">\n<div id=\"productDetailDescriptionText\" class=\"product-detail-description-text\">\n<p>HR4 kan l\u00e4sa EID- taggar, spara och visa djurdata. Detta g\u00f6r det m\u00f6jligt f\u00f6r jordbrukare att fatta viktiga beslut p\u00e5 plats. Den stora, tydliga LCD- sk\u00e4rmen g\u00f6r det enkelt att l\u00e4sa data, \u00e4ven n\u00e4r solen skiner!<\/p>\n<p>HR4 l\u00e4ser \u00f6ronm\u00e4rkningar enkelt och kontinuerligt. Den kan till och med l\u00e4sa flera \u00f6ronm\u00e4rkningar samtidigt. Dessutom kan HR4 spara olika djurdata (som k\u00f6n, ras, kondition med mera). Du kan p\u00e5 f\u00f6rhand skapa en indelning utifr\u00e5n vikt, kondition (med mera) f\u00f6r att sortera djuren p\u00e5 detta s\u00e4tt.<\/p>\n<p>Enkel att ansluta till en dator via kablar, bluetooth och wifi.<\/p>\n<p>Animal Performance Software (APS) ing\u00e5r.<\/p>\n<\/div>\n<\/div>\n<\/div>\n","protected":false},"featured_media":47592,"comment_status":"open","ping_status":"closed","template":"","meta":{"_acf_changed":false,"inline_featured_image":false},"product_brand":[],"product_cat":[4488],"product_tag":[],"class_list":{"0":"post-47517","1":"product","2":"type-product","3":"status-publish","4":"has-post-thumbnail","6":"product_cat-vagar","8":"first","9":"onbackorder","10":"taxable","11":"shipping-taxable","12":"purchasable","13":"product-type-simple"},"acf":[],"yoast_head":"<!-- This site is optimized with the Yoast SEO plugin v24.4 - https:\/\/yoast.com\/wordpress\/plugins\/seo\/ -->\n<title>SmartReader HR4 - Ofab<\/title>\n<meta name=\"robots\" content=\"index, follow, max-snippet:-1, max-image-preview:large, max-video-preview:-1\" \/>\n<link rel=\"canonical\" href=\"https:\/\/ofabskara.se\/sv\/produkt\/smartreader-hr4\/\" \/>\n<meta property=\"og:locale\" content=\"sv_SE\" \/>\n<meta property=\"og:type\" content=\"article\" \/>\n<meta property=\"og:title\" content=\"SmartReader HR4 - Ofab\" \/>\n<meta property=\"og:description\" content=\"Produktbeskrivning     HR4 kan l\u00e4sa EID- taggar, spara och visa djurdata. Detta g\u00f6r det m\u00f6jligt f\u00f6r jordbrukare att fatta viktiga beslut p\u00e5 plats. Den stora, tydliga LCD- sk\u00e4rmen g\u00f6r det enkelt att l\u00e4sa data, \u00e4ven n\u00e4r solen skiner!  HR4 l\u00e4ser \u00f6ronm\u00e4rkningar enkelt och kontinuerligt. Den kan till och med l\u00e4sa flera \u00f6ronm\u00e4rkningar samtidigt. Dessutom kan HR4 spara olika djurdata (som k\u00f6n, ras, kondition med mera). Du kan p\u00e5 f\u00f6rhand skapa en indelning utifr\u00e5n vikt, kondition (med mera) f\u00f6r att sortera djuren p\u00e5 detta s\u00e4tt.  Enkel att ansluta till en dator via kablar, bluetooth och wifi.  Animal Performance Software (APS) ing\u00e5r.\" \/>\n<meta property=\"og:url\" content=\"https:\/\/ofabskara.se\/sv\/produkt\/smartreader-hr4\/\" \/>\n<meta property=\"og:site_name\" content=\"Ofab\" \/>\n<meta property=\"article:modified_time\" content=\"2026-03-31T12:49:49+00:00\" \/>\n<meta property=\"og:image\" content=\"https:\/\/ofabskara.se\/wp-content\/uploads\/2026\/03\/068944_3WEB.webp_800x800.webp\" \/>\n\t<meta property=\"og:image:width\" content=\"800\" \/>\n\t<meta property=\"og:image:height\" content=\"800\" \/>\n\t<meta property=\"og:image:type\" content=\"image\/webp\" \/>\n<meta name=\"twitter:card\" content=\"summary_large_image\" \/>\n<meta name=\"twitter:label1\" content=\"Ber\u00e4knad l\u00e4stid\" \/>\n\t<meta name=\"twitter:data1\" content=\"1 minut\" \/>\n<script type=\"application\/ld+json\" class=\"yoast-schema-graph\">{\"@context\":\"https:\/\/schema.org\",\"@graph\":[{\"@type\":\"WebPage\",\"@id\":\"https:\/\/ofabskara.se\/sv\/produkt\/smartreader-hr4\/\",\"url\":\"https:\/\/ofabskara.se\/sv\/produkt\/smartreader-hr4\/\",\"name\":\"SmartReader HR4 - Ofab\",\"isPartOf\":{\"@id\":\"https:\/\/ofabskara.se\/sv\/#website\"},\"primaryImageOfPage\":{\"@id\":\"https:\/\/ofabskara.se\/sv\/produkt\/smartreader-hr4\/#primaryimage\"},\"image\":{\"@id\":\"https:\/\/ofabskara.se\/sv\/produkt\/smartreader-hr4\/#primaryimage\"},\"thumbnailUrl\":\"https:\/\/ofabskara.se\/wp-content\/uploads\/2026\/03\/068944_3WEB.webp_800x800.webp\",\"datePublished\":\"2026-03-25T15:18:58+00:00\",\"dateModified\":\"2026-03-31T12:49:49+00:00\",\"breadcrumb\":{\"@id\":\"https:\/\/ofabskara.se\/sv\/produkt\/smartreader-hr4\/#breadcrumb\"},\"inLanguage\":\"sv-SE\",\"potentialAction\":[{\"@type\":\"ReadAction\",\"target\":[\"https:\/\/ofabskara.se\/sv\/produkt\/smartreader-hr4\/\"]}]},{\"@type\":\"ImageObject\",\"inLanguage\":\"sv-SE\",\"@id\":\"https:\/\/ofabskara.se\/sv\/produkt\/smartreader-hr4\/#primaryimage\",\"url\":\"https:\/\/ofabskara.se\/wp-content\/uploads\/2026\/03\/068944_3WEB.webp_800x800.webp\",\"contentUrl\":\"https:\/\/ofabskara.se\/wp-content\/uploads\/2026\/03\/068944_3WEB.webp_800x800.webp\",\"width\":800,\"height\":800,\"caption\":\"068944 3WEB.webp 800x800\"},{\"@type\":\"BreadcrumbList\",\"@id\":\"https:\/\/ofabskara.se\/sv\/produkt\/smartreader-hr4\/#breadcrumb\",\"itemListElement\":[{\"@type\":\"ListItem\",\"position\":1,\"name\":\"Home\",\"item\":\"https:\/\/ofabskara.se\/sv\/\"},{\"@type\":\"ListItem\",\"position\":2,\"name\":\"Butik\",\"item\":\"https:\/\/ofabskara.se\/sv\/butik\/\"},{\"@type\":\"ListItem\",\"position\":3,\"name\":\"SmartReader HR4\"}]},{\"@type\":\"WebSite\",\"@id\":\"https:\/\/ofabskara.se\/sv\/#website\",\"url\":\"https:\/\/ofabskara.se\/sv\/\",\"name\":\"Ofab\",\"description\":\"\",\"potentialAction\":[{\"@type\":\"SearchAction\",\"target\":{\"@type\":\"EntryPoint\",\"urlTemplate\":\"https:\/\/ofabskara.se\/sv\/?s={search_term_string}\"},\"query-input\":{\"@type\":\"PropertyValueSpecification\",\"valueRequired\":true,\"valueName\":\"search_term_string\"}}],\"inLanguage\":\"sv-SE\"}]}<\/script>\n<!-- \/ Yoast SEO plugin. -->","yoast_head_json":{"title":"SmartReader HR4 - Ofab","robots":{"index":"index","follow":"follow","max-snippet":"max-snippet:-1","max-image-preview":"max-image-preview:large","max-video-preview":"max-video-preview:-1"},"canonical":"https:\/\/ofabskara.se\/sv\/produkt\/smartreader-hr4\/","og_locale":"sv_SE","og_type":"article","og_title":"SmartReader HR4 - Ofab","og_description":"Produktbeskrivning     HR4 kan l\u00e4sa EID- taggar, spara och visa djurdata. Detta g\u00f6r det m\u00f6jligt f\u00f6r jordbrukare att fatta viktiga beslut p\u00e5 plats. Den stora, tydliga LCD- sk\u00e4rmen g\u00f6r det enkelt att l\u00e4sa data, \u00e4ven n\u00e4r solen skiner!  HR4 l\u00e4ser \u00f6ronm\u00e4rkningar enkelt och kontinuerligt. Den kan till och med l\u00e4sa flera \u00f6ronm\u00e4rkningar samtidigt. Dessutom kan HR4 spara olika djurdata (som k\u00f6n, ras, kondition med mera). Du kan p\u00e5 f\u00f6rhand skapa en indelning utifr\u00e5n vikt, kondition (med mera) f\u00f6r att sortera djuren p\u00e5 detta s\u00e4tt.  Enkel att ansluta till en dator via kablar, bluetooth och wifi.  Animal Performance Software (APS) ing\u00e5r.","og_url":"https:\/\/ofabskara.se\/sv\/produkt\/smartreader-hr4\/","og_site_name":"Ofab","article_modified_time":"2026-03-31T12:49:49+00:00","og_image":[{"width":800,"height":800,"url":"https:\/\/ofabskara.se\/wp-content\/uploads\/2026\/03\/068944_3WEB.webp_800x800.webp","type":"image\/webp"}],"twitter_card":"summary_large_image","twitter_misc":{"Ber\u00e4knad l\u00e4stid":"1 minut"},"schema":{"@context":"https:\/\/schema.org","@graph":[{"@type":"WebPage","@id":"https:\/\/ofabskara.se\/sv\/produkt\/smartreader-hr4\/","url":"https:\/\/ofabskara.se\/sv\/produkt\/smartreader-hr4\/","name":"SmartReader HR4 - Ofab","isPartOf":{"@id":"https:\/\/ofabskara.se\/sv\/#website"},"primaryImageOfPage":{"@id":"https:\/\/ofabskara.se\/sv\/produkt\/smartreader-hr4\/#primaryimage"},"image":{"@id":"https:\/\/ofabskara.se\/sv\/produkt\/smartreader-hr4\/#primaryimage"},"thumbnailUrl":"https:\/\/ofabskara.se\/wp-content\/uploads\/2026\/03\/068944_3WEB.webp_800x800.webp","datePublished":"2026-03-25T15:18:58+00:00","dateModified":"2026-03-31T12:49:49+00:00","breadcrumb":{"@id":"https:\/\/ofabskara.se\/sv\/produkt\/smartreader-hr4\/#breadcrumb"},"inLanguage":"sv-SE","potentialAction":[{"@type":"ReadAction","target":["https:\/\/ofabskara.se\/sv\/produkt\/smartreader-hr4\/"]}]},{"@type":"ImageObject","inLanguage":"sv-SE","@id":"https:\/\/ofabskara.se\/sv\/produkt\/smartreader-hr4\/#primaryimage","url":"https:\/\/ofabskara.se\/wp-content\/uploads\/2026\/03\/068944_3WEB.webp_800x800.webp","contentUrl":"https:\/\/ofabskara.se\/wp-content\/uploads\/2026\/03\/068944_3WEB.webp_800x800.webp","width":800,"height":800,"caption":"068944 3WEB.webp 800x800"},{"@type":"BreadcrumbList","@id":"https:\/\/ofabskara.se\/sv\/produkt\/smartreader-hr4\/#breadcrumb","itemListElement":[{"@type":"ListItem","position":1,"name":"Home","item":"https:\/\/ofabskara.se\/sv\/"},{"@type":"ListItem","position":2,"name":"Butik","item":"https:\/\/ofabskara.se\/sv\/butik\/"},{"@type":"ListItem","position":3,"name":"SmartReader HR4"}]},{"@type":"WebSite","@id":"https:\/\/ofabskara.se\/sv\/#website","url":"https:\/\/ofabskara.se\/sv\/","name":"Ofab","description":"","potentialAction":[{"@type":"SearchAction","target":{"@type":"EntryPoint","urlTemplate":"https:\/\/ofabskara.se\/sv\/?s={search_term_string}"},"query-input":{"@type":"PropertyValueSpecification","valueRequired":true,"valueName":"search_term_string"}}],"inLanguage":"sv-SE"}]}},"_links":{"self":[{"href":"https:\/\/ofabskara.se\/sv\/wp-json\/wp\/v2\/product\/47517","targetHints":{"allow":["GET"]}}],"collection":[{"href":"https:\/\/ofabskara.se\/sv\/wp-json\/wp\/v2\/product"}],"about":[{"href":"https:\/\/ofabskara.se\/sv\/wp-json\/wp\/v2\/types\/product"}],"replies":[{"embeddable":true,"href":"https:\/\/ofabskara.se\/sv\/wp-json\/wp\/v2\/comments?post=47517"}],"wp:featuredmedia":[{"embeddable":true,"href":"https:\/\/ofabskara.se\/sv\/wp-json\/wp\/v2\/media\/47592"}],"wp:attachment":[{"href":"https:\/\/ofabskara.se\/sv\/wp-json\/wp\/v2\/media?parent=47517"}],"wp:term":[{"taxonomy":"product_brand","embeddable":true,"href":"https:\/\/ofabskara.se\/sv\/wp-json\/wp\/v2\/product_brand?post=47517"},{"taxonomy":"product_cat","embeddable":true,"href":"https:\/\/ofabskara.se\/sv\/wp-json\/wp\/v2\/product_cat?post=47517"},{"taxonomy":"product_tag","embeddable":true,"href":"https:\/\/ofabskara.se\/sv\/wp-json\/wp\/v2\/product_tag?post=47517"}],"curies":[{"name":"wp","href":"https:\/\/api.w.org\/{rel}","templated":true}]}}