{"id":47518,"date":"2026-03-25T16:19:00","date_gmt":"2026-03-25T15:19:00","guid":{"rendered":"https:\/\/ofabskara.se\/produkt\/vag-twr-5-datainsamlare-eid-lasare\/"},"modified":"2026-03-31T14:39:19","modified_gmt":"2026-03-31T12:39:19","slug":"vag-twr-5-datainsamlare-eid-lasare","status":"publish","type":"product","link":"https:\/\/ofabskara.se\/sv\/produkt\/vag-twr-5-datainsamlare-eid-lasare\/","title":{"rendered":"V\u00e5g TWR-5 &#038; datainsamlare EID-l\u00e4sare"},"content":{"rendered":"<p><iframe title=\"TWR 5\" width=\"500\" height=\"281\" src=\"https:\/\/www.youtube.com\/embed\/3gFQxanmedA?feature=oembed&#038;enablejsapi=1&#038;origin=https:\/\/ofabskara.se\" frameborder=\"0\" allow=\"accelerometer; autoplay; clipboard-write; encrypted-media; gyroscope; picture-in-picture; web-share\" referrerpolicy=\"strict-origin-when-cross-origin\" allowfullscreen><\/iframe><\/p>\n","protected":false},"excerpt":{"rendered":"<ul class=\"product-detail-buy__usp-block\">\n<li>Registrera och analysera vikt och vikt\u00f6kning.<\/li>\n<li>L\u00e4ttanv\u00e4nd peksk\u00e4rm.<\/li>\n<li>Sortera i 9 grupper och 9 egenskaper.<\/li>\n<li>Kompatibel med G.A.P.-appen.<\/li>\n<li>T\u00e5lig, g\u00e5rdsklar utsida.<\/li>\n<li>TWR-5 \u00e4r den mest avancerade enheten av TW- sortimentets v\u00e5gar. Denna EID- kompatibla v\u00e5g har en inbyggd EID- l\u00e4sare, som g\u00f6r v\u00e4gning och m\u00e4tning \u00e4nnu enklare.V\u00e5gen kan registrera upp till nio djurdata (k\u00f6n, ras, etc.), aktiviteter eller livsdata.Den tydliga peksk\u00e4rmen och det anv\u00e4ndarv\u00e4nliga gr\u00e4nssnittet g\u00f6r den enkel att anv\u00e4nda. De interna instruktionerna ser till att du alltid kan f\u00e5 hj\u00e4lp, oavsett var du \u00e4r.Dela in dina djur efter vikt, djurdata eller aktiviteter.\n<p>Den robusta designen g\u00f6r den \u201dfarm proof\u201d \u2013 den st\u00e5r emot slag, repor och extrema v\u00e4derf\u00f6rh\u00e5llanden.<\/p>\n<p>Levereras med praktisk Gallagher- v\u00e4ska, monteringsf\u00e4ste, laddningskabel och USB med APS- program.<\/li>\n<li>\n<h2 id=\"headingSpecifications-b1ed2ab64be44a5facf667e084bce485\" class=\"accordion-header\"><button class=\"accordion-button\" type=\"button\" data-bs-toggle=\"collapse\" data-bs-target=\"#collapseSpecifications-b1ed2ab64be44a5facf667e084bce485\" aria-expanded=\"true\" aria-controls=\"collapseSpecifications-b1ed2ab64be44a5facf667e084bce485\">Teknisk specifikation<\/button><\/h2>\n<div id=\"collapseSpecifications-b1ed2ab64be44a5facf667e084bce485\" class=\"accordion-collapse collapse show\" aria-labelledby=\"headingSpecifications-b1ed2ab64be44a5facf667e084bce485\" data-bs-parent=\"#product-detail-accordion-b1ed2ab64be44a5facf667e084bce485\">\n<div class=\"accordion-body\">\n<div class=\"product-detail-specifications tab-pane-container\">\n<table class=\"table table-striped product-detail-properties-table\">\n<tbody>\n<tr class=\"properties-row\">\n<th class=\"properties-label w-auto text-nowrap\">Produktnummer:<\/th>\n<td class=\"properties-value w-100\">260600<\/td>\n<\/tr>\n<tr class=\"properties-row\">\n<th class=\"properties-label\">Anslut till tr\u00e5dl\u00f6sa balkar:<\/th>\n<td class=\"properties-value\">\u2713<\/td>\n<\/tr>\n<tr class=\"properties-row\">\n<th class=\"properties-label\">Antal registrerade egenskaper per session:<\/th>\n<td class=\"properties-value\">9<\/td>\n<\/tr>\n<tr class=\"properties-row\">\n<th class=\"properties-label\">Automatisk ljusstyrka sensor:<\/th>\n<td class=\"properties-value\">\u2713<\/td>\n<\/tr>\n<tr class=\"properties-row\">\n<th class=\"properties-label\">Ber\u00e4kna genomsnittlig daglig \u00f6kning:<\/th>\n<td class=\"properties-value\">\u2713<\/td>\n<\/tr>\n<tr class=\"properties-row\">\n<th class=\"properties-label\">Bluetooth:<\/th>\n<td class=\"properties-value\">\u2713<\/td>\n<\/tr>\n<tr class=\"properties-row\">\n<th class=\"properties-label\">Dagsljusl\u00e4sbar display:<\/th>\n<td class=\"properties-value\">\u2713<\/td>\n<\/tr>\n<tr class=\"properties-row\">\n<th class=\"properties-label\">Datafunktion:<\/th>\n<td class=\"properties-value\">\u2713<\/td>\n<\/tr>\n<tr class=\"properties-row\">\n<th class=\"properties-label\">EID-Kompatibel:<\/th>\n<td class=\"properties-value\">\u2713<\/td>\n<\/tr>\n<tr class=\"properties-row\">\n<th class=\"properties-label\">Egendefinierade egenskaper:<\/th>\n<td class=\"properties-value\">\u2713<\/td>\n<\/tr>\n<tr class=\"properties-row\">\n<th class=\"properties-label\">F\u00e4rgdisplay:<\/th>\n<td class=\"properties-value\">\u2713<\/td>\n<\/tr>\n<tr class=\"properties-row\">\n<th class=\"properties-label\">G\u00e5 igenom hela djurhistorien i v\u00e5gen, p\u00e5 g\u00e5rdarna:<\/th>\n<td class=\"properties-value\">\u2713<\/td>\n<\/tr>\n<tr class=\"properties-row\">\n<th class=\"properties-label\">Individuella djuranteckningar och varningar:<\/th>\n<td class=\"properties-value\">\u2713<\/td>\n<\/tr>\n<tr class=\"properties-row\">\n<th class=\"properties-label\">Kompatibel med Animal Performance Ekosystem:<\/th>\n<td class=\"properties-value\">\u2713<\/td>\n<\/tr>\n<tr class=\"properties-row\">\n<th class=\"properties-label\">Ladda upp data till molnet via WiFi:<\/th>\n<td class=\"properties-value\">\u2713<\/td>\n<\/tr>\n<tr class=\"properties-row\">\n<th class=\"properties-label\">Max antal urvalgrupper:<\/th>\n<td class=\"properties-value\">9<\/td>\n<\/tr>\n<tr class=\"properties-row\">\n<th class=\"properties-label\">Max antal v\u00e4gningsdata:<\/th>\n<td class=\"properties-value\">1.000.000<\/td>\n<\/tr>\n<tr class=\"properties-row\">\n<th class=\"properties-label\">Numerisk knappsats:<\/th>\n<td class=\"properties-value\">\u2713<\/td>\n<\/tr>\n<tr class=\"properties-row\">\n<th class=\"properties-label\">Peksk\u00e4rm:<\/th>\n<td class=\"properties-value\">\u2713<\/td>\n<\/tr>\n<tr class=\"properties-row\">\n<th class=\"properties-label\">QWERTY tangentbord:<\/th>\n<td class=\"properties-value\">\u2713<\/td>\n<\/tr>\n<tr class=\"properties-row\">\n<th class=\"properties-label\">RFID-antennkontakt:<\/th>\n<td class=\"properties-value\">\u2713<\/td>\n<\/tr>\n<tr class=\"properties-row\">\n<th class=\"properties-label\">Registrera och hantera behandlingar och \u00e5terkallelseperioder:<\/th>\n<td class=\"properties-value\">\u2713<\/td>\n<\/tr>\n<tr class=\"properties-row\">\n<th class=\"properties-label\">Stora f\u00e4rgade urvalgrupper:<\/th>\n<td class=\"properties-value\">*<\/td>\n<\/tr>\n<tr class=\"properties-row\">\n<th class=\"properties-label\">Tilldela VID till djur:<\/th>\n<td class=\"properties-value\">\u2713<\/td>\n<\/tr>\n<tr class=\"properties-row\">\n<th class=\"properties-label\">USB-minne kompatibel:<\/th>\n<td class=\"properties-value\">*<\/td>\n<\/tr>\n<tr class=\"properties-row\">\n<th class=\"properties-label\">Uppladdningsbart internt batteri:<\/th>\n<td class=\"properties-value\">\u2713<\/td>\n<\/tr>\n<tr class=\"properties-row\">\n<th class=\"properties-label\">Urval baserat p\u00e5 vikt i realtid:<\/th>\n<td class=\"properties-value\">\u2713<\/td>\n<\/tr>\n<tr class=\"properties-row\">\n<th class=\"properties-label\">Urval fr\u00e5n importerade urvallista med EID taggar:<\/th>\n<td class=\"properties-value\">&#8211;<\/td>\n<\/tr>\n<tr class=\"properties-row\">\n<th class=\"properties-label\">Urval med regler:<\/th>\n<td class=\"properties-value\">&#8211;<\/td>\n<\/tr>\n<tr class=\"properties-row\">\n<th class=\"properties-label\">Urval med vikt\u00f6kning:<\/th>\n<td class=\"properties-value\">&#8211;<\/td>\n<\/tr>\n<tr class=\"properties-row\">\n<th class=\"properties-label\">Urvalstatistik p\u00e5 sk\u00e4rmen:<\/th>\n<td class=\"properties-value\">*<\/td>\n<\/tr>\n<tr class=\"properties-row\">\n<th class=\"properties-label\">Viktbaserade ber\u00e4kningar:<\/th>\n<td class=\"properties-value\">\u2713<\/td>\n<\/tr>\n<tr class=\"properties-row\">\n<th class=\"properties-label\">WiFi:<\/th>\n<td class=\"properties-value\">\u2713<\/td>\n<\/tr>\n<\/tbody>\n<\/table>\n<\/div>\n<\/div>\n<\/div>\n<\/li>\n<\/ul>\n","protected":false},"featured_media":47609,"comment_status":"open","ping_status":"closed","template":"","meta":{"_acf_changed":false,"inline_featured_image":false},"product_brand":[],"product_cat":[4488],"product_tag":[],"class_list":{"0":"post-47518","1":"product","2":"type-product","3":"status-publish","4":"has-post-thumbnail","6":"product_cat-vagar","8":"first","9":"onbackorder","10":"taxable","11":"shipping-taxable","12":"purchasable","13":"product-type-simple"},"acf":[],"yoast_head":"<!-- This site is optimized with the Yoast SEO plugin v24.4 - https:\/\/yoast.com\/wordpress\/plugins\/seo\/ -->\n<title>V\u00e5g TWR-5 &amp; datainsamlare EID-l\u00e4sare - Ofab<\/title>\n<meta name=\"robots\" content=\"index, follow, max-snippet:-1, max-image-preview:large, max-video-preview:-1\" \/>\n<link rel=\"canonical\" href=\"https:\/\/ofabskara.se\/sv\/produkt\/vag-twr-5-datainsamlare-eid-lasare\/\" \/>\n<meta property=\"og:locale\" content=\"sv_SE\" \/>\n<meta property=\"og:type\" content=\"article\" \/>\n<meta property=\"og:title\" content=\"V\u00e5g TWR-5 &amp; datainsamlare EID-l\u00e4sare - Ofab\" \/>\n<meta property=\"og:description\" content=\"Registrera och analysera vikt och vikt\u00f6kning.  L\u00e4ttanv\u00e4nd peksk\u00e4rm.  Sortera i 9 grupper och 9 egenskaper.  Kompatibel med G.A.P.-appen.  T\u00e5lig, g\u00e5rdsklar utsida.  TWR-5 \u00e4r den mest avancerade enheten av TW- sortimentets v\u00e5gar. Denna EID- kompatibla v\u00e5g har en inbyggd EID- l\u00e4sare, som g\u00f6r v\u00e4gning och m\u00e4tning \u00e4nnu enklare.V\u00e5gen kan registrera upp till nio djurdata (k\u00f6n, ras, etc.), aktiviteter eller livsdata.Den tydliga peksk\u00e4rmen och det anv\u00e4ndarv\u00e4nliga gr\u00e4nssnittet g\u00f6r den enkel att anv\u00e4nda. De interna instruktionerna ser till att du alltid kan f\u00e5 hj\u00e4lp, oavsett var du \u00e4r.Dela in dina djur efter vikt, djurdata eller aktiviteter.  Den robusta designen g\u00f6r den \u201dfarm proof\u201d \u2013 den st\u00e5r emot slag, repor och extrema v\u00e4derf\u00f6rh\u00e5llanden.  Levereras med praktisk Gallagher- v\u00e4ska, monteringsf\u00e4ste, laddningskabel och USB med APS- program.   Teknisk specifikation       Produktnummer: 260600   Anslut till tr\u00e5dl\u00f6sa balkar: \u2713   Antal registrerade egenskaper per session: 9   Automatisk ljusstyrka sensor: \u2713   Ber\u00e4kna genomsnittlig daglig \u00f6kning: \u2713   Bluetooth: \u2713   Dagsljusl\u00e4sbar display: \u2713   Datafunktion: \u2713   EID-Kompatibel: \u2713   Egendefinierade egenskaper: \u2713   F\u00e4rgdisplay: \u2713   G\u00e5 igenom hela djurhistorien i v\u00e5gen, p\u00e5 g\u00e5rdarna: \u2713   Individuella djuranteckningar och varningar: \u2713   Kompatibel med Animal Performance Ekosystem: \u2713   Ladda upp data till molnet via WiFi: \u2713   Max antal urvalgrupper: 9   Max antal v\u00e4gningsdata: 1.000.000   Numerisk knappsats: \u2713   Peksk\u00e4rm: \u2713   QWERTY tangentbord: \u2713   RFID-antennkontakt: \u2713   Registrera och hantera behandlingar och \u00e5terkallelseperioder: \u2713   Stora f\u00e4rgade urvalgrupper: *   Tilldela VID till djur: \u2713   USB-minne kompatibel: *   Uppladdningsbart internt batteri: \u2713   Urval baserat p\u00e5 vikt i realtid: \u2713   Urval fr\u00e5n importerade urvallista med EID taggar: -   Urval med regler: -   Urval med vikt\u00f6kning: -   Urvalstatistik p\u00e5 sk\u00e4rmen: *   Viktbaserade ber\u00e4kningar: \u2713   WiFi: \u2713\" \/>\n<meta property=\"og:url\" content=\"https:\/\/ofabskara.se\/sv\/produkt\/vag-twr-5-datainsamlare-eid-lasare\/\" \/>\n<meta property=\"og:site_name\" content=\"Ofab\" \/>\n<meta property=\"article:modified_time\" content=\"2026-03-31T12:39:19+00:00\" \/>\n<meta property=\"og:image\" content=\"https:\/\/ofabskara.se\/wp-content\/uploads\/2026\/03\/260600_1WEB.webp_800x800.webp\" \/>\n\t<meta property=\"og:image:width\" content=\"800\" \/>\n\t<meta property=\"og:image:height\" content=\"800\" \/>\n\t<meta property=\"og:image:type\" content=\"image\/webp\" \/>\n<meta name=\"twitter:card\" content=\"summary_large_image\" \/>\n<meta name=\"twitter:label1\" content=\"Ber\u00e4knad l\u00e4stid\" \/>\n\t<meta name=\"twitter:data1\" content=\"1 minut\" \/>\n<script type=\"application\/ld+json\" class=\"yoast-schema-graph\">{\"@context\":\"https:\/\/schema.org\",\"@graph\":[{\"@type\":\"WebPage\",\"@id\":\"https:\/\/ofabskara.se\/sv\/produkt\/vag-twr-5-datainsamlare-eid-lasare\/\",\"url\":\"https:\/\/ofabskara.se\/sv\/produkt\/vag-twr-5-datainsamlare-eid-lasare\/\",\"name\":\"V\u00e5g TWR-5 & datainsamlare EID-l\u00e4sare - Ofab\",\"isPartOf\":{\"@id\":\"https:\/\/ofabskara.se\/sv\/#website\"},\"primaryImageOfPage\":{\"@id\":\"https:\/\/ofabskara.se\/sv\/produkt\/vag-twr-5-datainsamlare-eid-lasare\/#primaryimage\"},\"image\":{\"@id\":\"https:\/\/ofabskara.se\/sv\/produkt\/vag-twr-5-datainsamlare-eid-lasare\/#primaryimage\"},\"thumbnailUrl\":\"https:\/\/ofabskara.se\/wp-content\/uploads\/2026\/03\/260600_1WEB.webp_800x800.webp\",\"datePublished\":\"2026-03-25T15:19:00+00:00\",\"dateModified\":\"2026-03-31T12:39:19+00:00\",\"breadcrumb\":{\"@id\":\"https:\/\/ofabskara.se\/sv\/produkt\/vag-twr-5-datainsamlare-eid-lasare\/#breadcrumb\"},\"inLanguage\":\"sv-SE\",\"potentialAction\":[{\"@type\":\"ReadAction\",\"target\":[\"https:\/\/ofabskara.se\/sv\/produkt\/vag-twr-5-datainsamlare-eid-lasare\/\"]}]},{\"@type\":\"ImageObject\",\"inLanguage\":\"sv-SE\",\"@id\":\"https:\/\/ofabskara.se\/sv\/produkt\/vag-twr-5-datainsamlare-eid-lasare\/#primaryimage\",\"url\":\"https:\/\/ofabskara.se\/wp-content\/uploads\/2026\/03\/260600_1WEB.webp_800x800.webp\",\"contentUrl\":\"https:\/\/ofabskara.se\/wp-content\/uploads\/2026\/03\/260600_1WEB.webp_800x800.webp\",\"width\":800,\"height\":800,\"caption\":\"260600 1WEB.webp 800x800\"},{\"@type\":\"BreadcrumbList\",\"@id\":\"https:\/\/ofabskara.se\/sv\/produkt\/vag-twr-5-datainsamlare-eid-lasare\/#breadcrumb\",\"itemListElement\":[{\"@type\":\"ListItem\",\"position\":1,\"name\":\"Home\",\"item\":\"https:\/\/ofabskara.se\/sv\/\"},{\"@type\":\"ListItem\",\"position\":2,\"name\":\"Butik\",\"item\":\"https:\/\/ofabskara.se\/sv\/butik\/\"},{\"@type\":\"ListItem\",\"position\":3,\"name\":\"V\u00e5g TWR-5 &#038; datainsamlare EID-l\u00e4sare\"}]},{\"@type\":\"WebSite\",\"@id\":\"https:\/\/ofabskara.se\/sv\/#website\",\"url\":\"https:\/\/ofabskara.se\/sv\/\",\"name\":\"Ofab\",\"description\":\"\",\"potentialAction\":[{\"@type\":\"SearchAction\",\"target\":{\"@type\":\"EntryPoint\",\"urlTemplate\":\"https:\/\/ofabskara.se\/sv\/?s={search_term_string}\"},\"query-input\":{\"@type\":\"PropertyValueSpecification\",\"valueRequired\":true,\"valueName\":\"search_term_string\"}}],\"inLanguage\":\"sv-SE\"}]}<\/script>\n<!-- \/ Yoast SEO plugin. -->","yoast_head_json":{"title":"V\u00e5g TWR-5 & datainsamlare EID-l\u00e4sare - Ofab","robots":{"index":"index","follow":"follow","max-snippet":"max-snippet:-1","max-image-preview":"max-image-preview:large","max-video-preview":"max-video-preview:-1"},"canonical":"https:\/\/ofabskara.se\/sv\/produkt\/vag-twr-5-datainsamlare-eid-lasare\/","og_locale":"sv_SE","og_type":"article","og_title":"V\u00e5g TWR-5 & datainsamlare EID-l\u00e4sare - Ofab","og_description":"Registrera och analysera vikt och vikt\u00f6kning.  L\u00e4ttanv\u00e4nd peksk\u00e4rm.  Sortera i 9 grupper och 9 egenskaper.  Kompatibel med G.A.P.-appen.  T\u00e5lig, g\u00e5rdsklar utsida.  TWR-5 \u00e4r den mest avancerade enheten av TW- sortimentets v\u00e5gar. Denna EID- kompatibla v\u00e5g har en inbyggd EID- l\u00e4sare, som g\u00f6r v\u00e4gning och m\u00e4tning \u00e4nnu enklare.V\u00e5gen kan registrera upp till nio djurdata (k\u00f6n, ras, etc.), aktiviteter eller livsdata.Den tydliga peksk\u00e4rmen och det anv\u00e4ndarv\u00e4nliga gr\u00e4nssnittet g\u00f6r den enkel att anv\u00e4nda. De interna instruktionerna ser till att du alltid kan f\u00e5 hj\u00e4lp, oavsett var du \u00e4r.Dela in dina djur efter vikt, djurdata eller aktiviteter.  Den robusta designen g\u00f6r den \u201dfarm proof\u201d \u2013 den st\u00e5r emot slag, repor och extrema v\u00e4derf\u00f6rh\u00e5llanden.  Levereras med praktisk Gallagher- v\u00e4ska, monteringsf\u00e4ste, laddningskabel och USB med APS- program.   Teknisk specifikation       Produktnummer: 260600   Anslut till tr\u00e5dl\u00f6sa balkar: \u2713   Antal registrerade egenskaper per session: 9   Automatisk ljusstyrka sensor: \u2713   Ber\u00e4kna genomsnittlig daglig \u00f6kning: \u2713   Bluetooth: \u2713   Dagsljusl\u00e4sbar display: \u2713   Datafunktion: \u2713   EID-Kompatibel: \u2713   Egendefinierade egenskaper: \u2713   F\u00e4rgdisplay: \u2713   G\u00e5 igenom hela djurhistorien i v\u00e5gen, p\u00e5 g\u00e5rdarna: \u2713   Individuella djuranteckningar och varningar: \u2713   Kompatibel med Animal Performance Ekosystem: \u2713   Ladda upp data till molnet via WiFi: \u2713   Max antal urvalgrupper: 9   Max antal v\u00e4gningsdata: 1.000.000   Numerisk knappsats: \u2713   Peksk\u00e4rm: \u2713   QWERTY tangentbord: \u2713   RFID-antennkontakt: \u2713   Registrera och hantera behandlingar och \u00e5terkallelseperioder: \u2713   Stora f\u00e4rgade urvalgrupper: *   Tilldela VID till djur: \u2713   USB-minne kompatibel: *   Uppladdningsbart internt batteri: \u2713   Urval baserat p\u00e5 vikt i realtid: \u2713   Urval fr\u00e5n importerade urvallista med EID taggar: -   Urval med regler: -   Urval med vikt\u00f6kning: -   Urvalstatistik p\u00e5 sk\u00e4rmen: *   Viktbaserade ber\u00e4kningar: \u2713   WiFi: \u2713","og_url":"https:\/\/ofabskara.se\/sv\/produkt\/vag-twr-5-datainsamlare-eid-lasare\/","og_site_name":"Ofab","article_modified_time":"2026-03-31T12:39:19+00:00","og_image":[{"width":800,"height":800,"url":"https:\/\/ofabskara.se\/wp-content\/uploads\/2026\/03\/260600_1WEB.webp_800x800.webp","type":"image\/webp"}],"twitter_card":"summary_large_image","twitter_misc":{"Ber\u00e4knad l\u00e4stid":"1 minut"},"schema":{"@context":"https:\/\/schema.org","@graph":[{"@type":"WebPage","@id":"https:\/\/ofabskara.se\/sv\/produkt\/vag-twr-5-datainsamlare-eid-lasare\/","url":"https:\/\/ofabskara.se\/sv\/produkt\/vag-twr-5-datainsamlare-eid-lasare\/","name":"V\u00e5g TWR-5 & datainsamlare EID-l\u00e4sare - Ofab","isPartOf":{"@id":"https:\/\/ofabskara.se\/sv\/#website"},"primaryImageOfPage":{"@id":"https:\/\/ofabskara.se\/sv\/produkt\/vag-twr-5-datainsamlare-eid-lasare\/#primaryimage"},"image":{"@id":"https:\/\/ofabskara.se\/sv\/produkt\/vag-twr-5-datainsamlare-eid-lasare\/#primaryimage"},"thumbnailUrl":"https:\/\/ofabskara.se\/wp-content\/uploads\/2026\/03\/260600_1WEB.webp_800x800.webp","datePublished":"2026-03-25T15:19:00+00:00","dateModified":"2026-03-31T12:39:19+00:00","breadcrumb":{"@id":"https:\/\/ofabskara.se\/sv\/produkt\/vag-twr-5-datainsamlare-eid-lasare\/#breadcrumb"},"inLanguage":"sv-SE","potentialAction":[{"@type":"ReadAction","target":["https:\/\/ofabskara.se\/sv\/produkt\/vag-twr-5-datainsamlare-eid-lasare\/"]}]},{"@type":"ImageObject","inLanguage":"sv-SE","@id":"https:\/\/ofabskara.se\/sv\/produkt\/vag-twr-5-datainsamlare-eid-lasare\/#primaryimage","url":"https:\/\/ofabskara.se\/wp-content\/uploads\/2026\/03\/260600_1WEB.webp_800x800.webp","contentUrl":"https:\/\/ofabskara.se\/wp-content\/uploads\/2026\/03\/260600_1WEB.webp_800x800.webp","width":800,"height":800,"caption":"260600 1WEB.webp 800x800"},{"@type":"BreadcrumbList","@id":"https:\/\/ofabskara.se\/sv\/produkt\/vag-twr-5-datainsamlare-eid-lasare\/#breadcrumb","itemListElement":[{"@type":"ListItem","position":1,"name":"Home","item":"https:\/\/ofabskara.se\/sv\/"},{"@type":"ListItem","position":2,"name":"Butik","item":"https:\/\/ofabskara.se\/sv\/butik\/"},{"@type":"ListItem","position":3,"name":"V\u00e5g TWR-5 &#038; datainsamlare EID-l\u00e4sare"}]},{"@type":"WebSite","@id":"https:\/\/ofabskara.se\/sv\/#website","url":"https:\/\/ofabskara.se\/sv\/","name":"Ofab","description":"","potentialAction":[{"@type":"SearchAction","target":{"@type":"EntryPoint","urlTemplate":"https:\/\/ofabskara.se\/sv\/?s={search_term_string}"},"query-input":{"@type":"PropertyValueSpecification","valueRequired":true,"valueName":"search_term_string"}}],"inLanguage":"sv-SE"}]}},"_links":{"self":[{"href":"https:\/\/ofabskara.se\/sv\/wp-json\/wp\/v2\/product\/47518","targetHints":{"allow":["GET"]}}],"collection":[{"href":"https:\/\/ofabskara.se\/sv\/wp-json\/wp\/v2\/product"}],"about":[{"href":"https:\/\/ofabskara.se\/sv\/wp-json\/wp\/v2\/types\/product"}],"replies":[{"embeddable":true,"href":"https:\/\/ofabskara.se\/sv\/wp-json\/wp\/v2\/comments?post=47518"}],"wp:featuredmedia":[{"embeddable":true,"href":"https:\/\/ofabskara.se\/sv\/wp-json\/wp\/v2\/media\/47609"}],"wp:attachment":[{"href":"https:\/\/ofabskara.se\/sv\/wp-json\/wp\/v2\/media?parent=47518"}],"wp:term":[{"taxonomy":"product_brand","embeddable":true,"href":"https:\/\/ofabskara.se\/sv\/wp-json\/wp\/v2\/product_brand?post=47518"},{"taxonomy":"product_cat","embeddable":true,"href":"https:\/\/ofabskara.se\/sv\/wp-json\/wp\/v2\/product_cat?post=47518"},{"taxonomy":"product_tag","embeddable":true,"href":"https:\/\/ofabskara.se\/sv\/wp-json\/wp\/v2\/product_tag?post=47518"}],"curies":[{"name":"wp","href":"https:\/\/api.w.org\/{rel}","templated":true}]}}