{"id":47521,"date":"2026-03-25T16:19:05","date_gmt":"2026-03-25T15:19:05","guid":{"rendered":"https:\/\/ofabskara.se\/produkt\/tradlos-vagningssats-600-w1\/"},"modified":"2026-03-31T14:26:37","modified_gmt":"2026-03-31T12:26:37","slug":"tradlos-vagningssats-600-w1","status":"publish","type":"product","link":"https:\/\/ofabskara.se\/sv\/produkt\/tradlos-vagningssats-600-w1\/","title":{"rendered":"Tr\u00e5dl\u00f6s v\u00e4gningssats 600\/W1"},"content":{"rendered":"","protected":false},"excerpt":{"rendered":"<ul class=\"product-detail-buy__usp-block\">\n<li>Kit f\u00f6r tr\u00e5dl\u00f6s v\u00e4gning och identifiering av djur.<\/li>\n<li>Inkluderar v\u00e4gningsbalkar och v\u00e5gar.<\/li>\n<li>Enkel anv\u00e4ndning och insikter.<\/li>\n<li>80 % mindre risk f\u00f6r funktionsfel.<\/li>\n<li><\/li>\n<li>Kompatibel med Gallagher Animal Performance-appen.<\/li>\n<li>Detta v\u00e4gnings- och identifieringskit inneh\u00e5ller de senaste v\u00e4gningsinnovationerna fr\u00e5n Gallagher. De 600 mm tr\u00e5dl\u00f6sa v\u00e4gningsst\u00e4ngerna och W1-v\u00e5gen utm\u00e4rker sig genom sin anv\u00e4ndarv\u00e4nlighet och till\u00e4mplighet. Detta g\u00f6r v\u00e4gning och dataanalys mycket mer tillg\u00e4nglig f\u00f6r anv\u00e4ndarna \u00e4n andra l\u00f6sningar p\u00e5 marknaden. B\u00e5da produkterna fungerar s\u00f6ml\u00f6st med Gallagher Animal Performance-appen.<\/li>\n<\/ul>\n","protected":false},"featured_media":47738,"comment_status":"open","ping_status":"closed","template":"","meta":{"_acf_changed":false,"inline_featured_image":false},"product_brand":[],"product_cat":[4488],"product_tag":[],"class_list":{"0":"post-47521","1":"product","2":"type-product","3":"status-publish","4":"has-post-thumbnail","6":"product_cat-vagar","8":"first","9":"onbackorder","10":"taxable","11":"shipping-taxable","12":"purchasable","13":"product-type-simple"},"acf":[],"yoast_head":"<!-- This site is optimized with the Yoast SEO plugin v24.4 - https:\/\/yoast.com\/wordpress\/plugins\/seo\/ -->\n<title>Tr\u00e5dl\u00f6s v\u00e4gningssats 600\/W1 - Ofab<\/title>\n<meta name=\"robots\" content=\"index, follow, max-snippet:-1, max-image-preview:large, max-video-preview:-1\" \/>\n<link rel=\"canonical\" href=\"https:\/\/ofabskara.se\/sv\/produkt\/tradlos-vagningssats-600-w1\/\" \/>\n<meta property=\"og:locale\" content=\"sv_SE\" \/>\n<meta property=\"og:type\" content=\"article\" \/>\n<meta property=\"og:title\" content=\"Tr\u00e5dl\u00f6s v\u00e4gningssats 600\/W1 - Ofab\" \/>\n<meta property=\"og:description\" content=\"Kit f\u00f6r tr\u00e5dl\u00f6s v\u00e4gning och identifiering av djur.  Inkluderar v\u00e4gningsbalkar och v\u00e5gar.  Enkel anv\u00e4ndning och insikter.  80 % mindre risk f\u00f6r funktionsfel.    Kompatibel med Gallagher Animal Performance-appen.  Detta v\u00e4gnings- och identifieringskit inneh\u00e5ller de senaste v\u00e4gningsinnovationerna fr\u00e5n Gallagher. De 600 mm tr\u00e5dl\u00f6sa v\u00e4gningsst\u00e4ngerna och W1-v\u00e5gen utm\u00e4rker sig genom sin anv\u00e4ndarv\u00e4nlighet och till\u00e4mplighet. Detta g\u00f6r v\u00e4gning och dataanalys mycket mer tillg\u00e4nglig f\u00f6r anv\u00e4ndarna \u00e4n andra l\u00f6sningar p\u00e5 marknaden. B\u00e5da produkterna fungerar s\u00f6ml\u00f6st med Gallagher Animal Performance-appen.\" \/>\n<meta property=\"og:url\" content=\"https:\/\/ofabskara.se\/sv\/produkt\/tradlos-vagningssats-600-w1\/\" \/>\n<meta property=\"og:site_name\" content=\"Ofab\" \/>\n<meta property=\"article:modified_time\" content=\"2026-03-31T12:26:37+00:00\" \/>\n<meta property=\"og:image\" content=\"https:\/\/ofabskara.se\/wp-content\/uploads\/2026\/03\/090358_1WEB.webp_1920x1920-1.webp\" \/>\n\t<meta property=\"og:image:width\" content=\"1920\" \/>\n\t<meta property=\"og:image:height\" content=\"1919\" \/>\n\t<meta property=\"og:image:type\" content=\"image\/webp\" \/>\n<meta name=\"twitter:card\" content=\"summary_large_image\" \/>\n<meta name=\"twitter:label1\" content=\"Ber\u00e4knad l\u00e4stid\" \/>\n\t<meta name=\"twitter:data1\" content=\"1 minut\" \/>\n<script type=\"application\/ld+json\" class=\"yoast-schema-graph\">{\"@context\":\"https:\/\/schema.org\",\"@graph\":[{\"@type\":\"WebPage\",\"@id\":\"https:\/\/ofabskara.se\/sv\/produkt\/tradlos-vagningssats-600-w1\/\",\"url\":\"https:\/\/ofabskara.se\/sv\/produkt\/tradlos-vagningssats-600-w1\/\",\"name\":\"Tr\u00e5dl\u00f6s v\u00e4gningssats 600\/W1 - Ofab\",\"isPartOf\":{\"@id\":\"https:\/\/ofabskara.se\/sv\/#website\"},\"primaryImageOfPage\":{\"@id\":\"https:\/\/ofabskara.se\/sv\/produkt\/tradlos-vagningssats-600-w1\/#primaryimage\"},\"image\":{\"@id\":\"https:\/\/ofabskara.se\/sv\/produkt\/tradlos-vagningssats-600-w1\/#primaryimage\"},\"thumbnailUrl\":\"https:\/\/ofabskara.se\/wp-content\/uploads\/2026\/03\/090358_1WEB.webp_1920x1920-1.webp\",\"datePublished\":\"2026-03-25T15:19:05+00:00\",\"dateModified\":\"2026-03-31T12:26:37+00:00\",\"breadcrumb\":{\"@id\":\"https:\/\/ofabskara.se\/sv\/produkt\/tradlos-vagningssats-600-w1\/#breadcrumb\"},\"inLanguage\":\"sv-SE\",\"potentialAction\":[{\"@type\":\"ReadAction\",\"target\":[\"https:\/\/ofabskara.se\/sv\/produkt\/tradlos-vagningssats-600-w1\/\"]}]},{\"@type\":\"ImageObject\",\"inLanguage\":\"sv-SE\",\"@id\":\"https:\/\/ofabskara.se\/sv\/produkt\/tradlos-vagningssats-600-w1\/#primaryimage\",\"url\":\"https:\/\/ofabskara.se\/wp-content\/uploads\/2026\/03\/090358_1WEB.webp_1920x1920-1.webp\",\"contentUrl\":\"https:\/\/ofabskara.se\/wp-content\/uploads\/2026\/03\/090358_1WEB.webp_1920x1920-1.webp\",\"width\":1920,\"height\":1919,\"caption\":\"090358 1WEB.webp 1920x1920 (1)\"},{\"@type\":\"BreadcrumbList\",\"@id\":\"https:\/\/ofabskara.se\/sv\/produkt\/tradlos-vagningssats-600-w1\/#breadcrumb\",\"itemListElement\":[{\"@type\":\"ListItem\",\"position\":1,\"name\":\"Home\",\"item\":\"https:\/\/ofabskara.se\/sv\/\"},{\"@type\":\"ListItem\",\"position\":2,\"name\":\"Butik\",\"item\":\"https:\/\/ofabskara.se\/sv\/butik\/\"},{\"@type\":\"ListItem\",\"position\":3,\"name\":\"Tr\u00e5dl\u00f6s v\u00e4gningssats 600\/W1\"}]},{\"@type\":\"WebSite\",\"@id\":\"https:\/\/ofabskara.se\/sv\/#website\",\"url\":\"https:\/\/ofabskara.se\/sv\/\",\"name\":\"Ofab\",\"description\":\"\",\"potentialAction\":[{\"@type\":\"SearchAction\",\"target\":{\"@type\":\"EntryPoint\",\"urlTemplate\":\"https:\/\/ofabskara.se\/sv\/?s={search_term_string}\"},\"query-input\":{\"@type\":\"PropertyValueSpecification\",\"valueRequired\":true,\"valueName\":\"search_term_string\"}}],\"inLanguage\":\"sv-SE\"}]}<\/script>\n<!-- \/ Yoast SEO plugin. -->","yoast_head_json":{"title":"Tr\u00e5dl\u00f6s v\u00e4gningssats 600\/W1 - Ofab","robots":{"index":"index","follow":"follow","max-snippet":"max-snippet:-1","max-image-preview":"max-image-preview:large","max-video-preview":"max-video-preview:-1"},"canonical":"https:\/\/ofabskara.se\/sv\/produkt\/tradlos-vagningssats-600-w1\/","og_locale":"sv_SE","og_type":"article","og_title":"Tr\u00e5dl\u00f6s v\u00e4gningssats 600\/W1 - Ofab","og_description":"Kit f\u00f6r tr\u00e5dl\u00f6s v\u00e4gning och identifiering av djur.  Inkluderar v\u00e4gningsbalkar och v\u00e5gar.  Enkel anv\u00e4ndning och insikter.  80 % mindre risk f\u00f6r funktionsfel.    Kompatibel med Gallagher Animal Performance-appen.  Detta v\u00e4gnings- och identifieringskit inneh\u00e5ller de senaste v\u00e4gningsinnovationerna fr\u00e5n Gallagher. De 600 mm tr\u00e5dl\u00f6sa v\u00e4gningsst\u00e4ngerna och W1-v\u00e5gen utm\u00e4rker sig genom sin anv\u00e4ndarv\u00e4nlighet och till\u00e4mplighet. Detta g\u00f6r v\u00e4gning och dataanalys mycket mer tillg\u00e4nglig f\u00f6r anv\u00e4ndarna \u00e4n andra l\u00f6sningar p\u00e5 marknaden. B\u00e5da produkterna fungerar s\u00f6ml\u00f6st med Gallagher Animal Performance-appen.","og_url":"https:\/\/ofabskara.se\/sv\/produkt\/tradlos-vagningssats-600-w1\/","og_site_name":"Ofab","article_modified_time":"2026-03-31T12:26:37+00:00","og_image":[{"width":1920,"height":1919,"url":"https:\/\/ofabskara.se\/wp-content\/uploads\/2026\/03\/090358_1WEB.webp_1920x1920-1.webp","type":"image\/webp"}],"twitter_card":"summary_large_image","twitter_misc":{"Ber\u00e4knad l\u00e4stid":"1 minut"},"schema":{"@context":"https:\/\/schema.org","@graph":[{"@type":"WebPage","@id":"https:\/\/ofabskara.se\/sv\/produkt\/tradlos-vagningssats-600-w1\/","url":"https:\/\/ofabskara.se\/sv\/produkt\/tradlos-vagningssats-600-w1\/","name":"Tr\u00e5dl\u00f6s v\u00e4gningssats 600\/W1 - Ofab","isPartOf":{"@id":"https:\/\/ofabskara.se\/sv\/#website"},"primaryImageOfPage":{"@id":"https:\/\/ofabskara.se\/sv\/produkt\/tradlos-vagningssats-600-w1\/#primaryimage"},"image":{"@id":"https:\/\/ofabskara.se\/sv\/produkt\/tradlos-vagningssats-600-w1\/#primaryimage"},"thumbnailUrl":"https:\/\/ofabskara.se\/wp-content\/uploads\/2026\/03\/090358_1WEB.webp_1920x1920-1.webp","datePublished":"2026-03-25T15:19:05+00:00","dateModified":"2026-03-31T12:26:37+00:00","breadcrumb":{"@id":"https:\/\/ofabskara.se\/sv\/produkt\/tradlos-vagningssats-600-w1\/#breadcrumb"},"inLanguage":"sv-SE","potentialAction":[{"@type":"ReadAction","target":["https:\/\/ofabskara.se\/sv\/produkt\/tradlos-vagningssats-600-w1\/"]}]},{"@type":"ImageObject","inLanguage":"sv-SE","@id":"https:\/\/ofabskara.se\/sv\/produkt\/tradlos-vagningssats-600-w1\/#primaryimage","url":"https:\/\/ofabskara.se\/wp-content\/uploads\/2026\/03\/090358_1WEB.webp_1920x1920-1.webp","contentUrl":"https:\/\/ofabskara.se\/wp-content\/uploads\/2026\/03\/090358_1WEB.webp_1920x1920-1.webp","width":1920,"height":1919,"caption":"090358 1WEB.webp 1920x1920 (1)"},{"@type":"BreadcrumbList","@id":"https:\/\/ofabskara.se\/sv\/produkt\/tradlos-vagningssats-600-w1\/#breadcrumb","itemListElement":[{"@type":"ListItem","position":1,"name":"Home","item":"https:\/\/ofabskara.se\/sv\/"},{"@type":"ListItem","position":2,"name":"Butik","item":"https:\/\/ofabskara.se\/sv\/butik\/"},{"@type":"ListItem","position":3,"name":"Tr\u00e5dl\u00f6s v\u00e4gningssats 600\/W1"}]},{"@type":"WebSite","@id":"https:\/\/ofabskara.se\/sv\/#website","url":"https:\/\/ofabskara.se\/sv\/","name":"Ofab","description":"","potentialAction":[{"@type":"SearchAction","target":{"@type":"EntryPoint","urlTemplate":"https:\/\/ofabskara.se\/sv\/?s={search_term_string}"},"query-input":{"@type":"PropertyValueSpecification","valueRequired":true,"valueName":"search_term_string"}}],"inLanguage":"sv-SE"}]}},"_links":{"self":[{"href":"https:\/\/ofabskara.se\/sv\/wp-json\/wp\/v2\/product\/47521","targetHints":{"allow":["GET"]}}],"collection":[{"href":"https:\/\/ofabskara.se\/sv\/wp-json\/wp\/v2\/product"}],"about":[{"href":"https:\/\/ofabskara.se\/sv\/wp-json\/wp\/v2\/types\/product"}],"replies":[{"embeddable":true,"href":"https:\/\/ofabskara.se\/sv\/wp-json\/wp\/v2\/comments?post=47521"}],"wp:featuredmedia":[{"embeddable":true,"href":"https:\/\/ofabskara.se\/sv\/wp-json\/wp\/v2\/media\/47738"}],"wp:attachment":[{"href":"https:\/\/ofabskara.se\/sv\/wp-json\/wp\/v2\/media?parent=47521"}],"wp:term":[{"taxonomy":"product_brand","embeddable":true,"href":"https:\/\/ofabskara.se\/sv\/wp-json\/wp\/v2\/product_brand?post=47521"},{"taxonomy":"product_cat","embeddable":true,"href":"https:\/\/ofabskara.se\/sv\/wp-json\/wp\/v2\/product_cat?post=47521"},{"taxonomy":"product_tag","embeddable":true,"href":"https:\/\/ofabskara.se\/sv\/wp-json\/wp\/v2\/product_tag?post=47521"}],"curies":[{"name":"wp","href":"https:\/\/api.w.org\/{rel}","templated":true}]}}