{"id":47532,"date":"2026-03-25T16:19:31","date_gmt":"2026-03-25T15:19:31","guid":{"rendered":"https:\/\/ofabskara.se\/produkt\/snabbvag-kit-580-w0\/"},"modified":"2026-04-29T09:44:59","modified_gmt":"2026-04-29T07:44:59","slug":"snabbvag-kit-580-w0","status":"publish","type":"product","link":"https:\/\/ofabskara.se\/sv\/produkt\/snabbvag-kit-580-w0\/","title":{"rendered":"Snabbv\u00e5g kit 580\/W0"},"content":{"rendered":"","protected":false},"excerpt":{"rendered":"<ul class=\"product-detail-buy__usp-block\">\n<li>V\u00e4gning och display.<\/li>\n<li>Registrera djurdata p\u00e5 din telefon.<\/li>\n<li>Instegsniv\u00e5, l\u00e4mplig f\u00f6r \u00e4ndam\u00e5let.<\/li>\n<\/ul>\n","protected":false},"featured_media":47785,"comment_status":"open","ping_status":"closed","template":"","meta":{"_acf_changed":false,"inline_featured_image":false},"product_brand":[],"product_cat":[4488],"product_tag":[],"class_list":{"0":"post-47532","1":"product","2":"type-product","3":"status-publish","4":"has-post-thumbnail","6":"product_cat-vagar","7":"product_shipping_class-fri-fraktklass","9":"first","10":"onbackorder","11":"taxable","12":"shipping-taxable","13":"purchasable","14":"product-type-simple"},"acf":[],"yoast_head":"<!-- This site is optimized with the Yoast SEO plugin v24.4 - https:\/\/yoast.com\/wordpress\/plugins\/seo\/ -->\n<title>Snabbv\u00e5g kit 580\/W0 - Ofab<\/title>\n<meta name=\"robots\" content=\"index, follow, max-snippet:-1, max-image-preview:large, max-video-preview:-1\" \/>\n<link rel=\"canonical\" href=\"https:\/\/ofabskara.se\/sv\/produkt\/snabbvag-kit-580-w0\/\" \/>\n<meta property=\"og:locale\" content=\"sv_SE\" \/>\n<meta property=\"og:type\" content=\"article\" \/>\n<meta property=\"og:title\" content=\"Snabbv\u00e5g kit 580\/W0 - Ofab\" \/>\n<meta property=\"og:description\" content=\"V\u00e4gning och display.  Registrera djurdata p\u00e5 din telefon.  Instegsniv\u00e5, l\u00e4mplig f\u00f6r \u00e4ndam\u00e5let.\" \/>\n<meta property=\"og:url\" content=\"https:\/\/ofabskara.se\/sv\/produkt\/snabbvag-kit-580-w0\/\" \/>\n<meta property=\"og:site_name\" content=\"Ofab\" \/>\n<meta property=\"article:modified_time\" content=\"2026-04-29T07:44:59+00:00\" \/>\n<meta property=\"og:image\" content=\"https:\/\/ofabskara.se\/wp-content\/uploads\/2026\/03\/084586_1WEB.webp_800x800.webp\" \/>\n\t<meta property=\"og:image:width\" content=\"800\" \/>\n\t<meta property=\"og:image:height\" content=\"800\" \/>\n\t<meta property=\"og:image:type\" content=\"image\/webp\" \/>\n<meta name=\"twitter:card\" content=\"summary_large_image\" \/>\n<meta name=\"twitter:label1\" content=\"Ber\u00e4knad l\u00e4stid\" \/>\n\t<meta name=\"twitter:data1\" content=\"1 minut\" \/>\n<script type=\"application\/ld+json\" class=\"yoast-schema-graph\">{\"@context\":\"https:\/\/schema.org\",\"@graph\":[{\"@type\":\"WebPage\",\"@id\":\"https:\/\/ofabskara.se\/sv\/produkt\/snabbvag-kit-580-w0\/\",\"url\":\"https:\/\/ofabskara.se\/sv\/produkt\/snabbvag-kit-580-w0\/\",\"name\":\"Snabbv\u00e5g kit 580\/W0 - Ofab\",\"isPartOf\":{\"@id\":\"https:\/\/ofabskara.se\/sv\/#website\"},\"primaryImageOfPage\":{\"@id\":\"https:\/\/ofabskara.se\/sv\/produkt\/snabbvag-kit-580-w0\/#primaryimage\"},\"image\":{\"@id\":\"https:\/\/ofabskara.se\/sv\/produkt\/snabbvag-kit-580-w0\/#primaryimage\"},\"thumbnailUrl\":\"https:\/\/ofabskara.se\/wp-content\/uploads\/2026\/03\/084586_1WEB.webp_800x800.webp\",\"datePublished\":\"2026-03-25T15:19:31+00:00\",\"dateModified\":\"2026-04-29T07:44:59+00:00\",\"breadcrumb\":{\"@id\":\"https:\/\/ofabskara.se\/sv\/produkt\/snabbvag-kit-580-w0\/#breadcrumb\"},\"inLanguage\":\"sv-SE\",\"potentialAction\":[{\"@type\":\"ReadAction\",\"target\":[\"https:\/\/ofabskara.se\/sv\/produkt\/snabbvag-kit-580-w0\/\"]}]},{\"@type\":\"ImageObject\",\"inLanguage\":\"sv-SE\",\"@id\":\"https:\/\/ofabskara.se\/sv\/produkt\/snabbvag-kit-580-w0\/#primaryimage\",\"url\":\"https:\/\/ofabskara.se\/wp-content\/uploads\/2026\/03\/084586_1WEB.webp_800x800.webp\",\"contentUrl\":\"https:\/\/ofabskara.se\/wp-content\/uploads\/2026\/03\/084586_1WEB.webp_800x800.webp\",\"width\":800,\"height\":800,\"caption\":\"084586 1WEB.webp 800x800\"},{\"@type\":\"BreadcrumbList\",\"@id\":\"https:\/\/ofabskara.se\/sv\/produkt\/snabbvag-kit-580-w0\/#breadcrumb\",\"itemListElement\":[{\"@type\":\"ListItem\",\"position\":1,\"name\":\"Home\",\"item\":\"https:\/\/ofabskara.se\/sv\/\"},{\"@type\":\"ListItem\",\"position\":2,\"name\":\"Butik\",\"item\":\"https:\/\/ofabskara.se\/sv\/butik\/\"},{\"@type\":\"ListItem\",\"position\":3,\"name\":\"Snabbv\u00e5g kit 580\/W0\"}]},{\"@type\":\"WebSite\",\"@id\":\"https:\/\/ofabskara.se\/sv\/#website\",\"url\":\"https:\/\/ofabskara.se\/sv\/\",\"name\":\"Ofab\",\"description\":\"\",\"potentialAction\":[{\"@type\":\"SearchAction\",\"target\":{\"@type\":\"EntryPoint\",\"urlTemplate\":\"https:\/\/ofabskara.se\/sv\/?s={search_term_string}\"},\"query-input\":{\"@type\":\"PropertyValueSpecification\",\"valueRequired\":true,\"valueName\":\"search_term_string\"}}],\"inLanguage\":\"sv-SE\"}]}<\/script>\n<!-- \/ Yoast SEO plugin. -->","yoast_head_json":{"title":"Snabbv\u00e5g kit 580\/W0 - Ofab","robots":{"index":"index","follow":"follow","max-snippet":"max-snippet:-1","max-image-preview":"max-image-preview:large","max-video-preview":"max-video-preview:-1"},"canonical":"https:\/\/ofabskara.se\/sv\/produkt\/snabbvag-kit-580-w0\/","og_locale":"sv_SE","og_type":"article","og_title":"Snabbv\u00e5g kit 580\/W0 - Ofab","og_description":"V\u00e4gning och display.  Registrera djurdata p\u00e5 din telefon.  Instegsniv\u00e5, l\u00e4mplig f\u00f6r \u00e4ndam\u00e5let.","og_url":"https:\/\/ofabskara.se\/sv\/produkt\/snabbvag-kit-580-w0\/","og_site_name":"Ofab","article_modified_time":"2026-04-29T07:44:59+00:00","og_image":[{"width":800,"height":800,"url":"https:\/\/ofabskara.se\/wp-content\/uploads\/2026\/03\/084586_1WEB.webp_800x800.webp","type":"image\/webp"}],"twitter_card":"summary_large_image","twitter_misc":{"Ber\u00e4knad l\u00e4stid":"1 minut"},"schema":{"@context":"https:\/\/schema.org","@graph":[{"@type":"WebPage","@id":"https:\/\/ofabskara.se\/sv\/produkt\/snabbvag-kit-580-w0\/","url":"https:\/\/ofabskara.se\/sv\/produkt\/snabbvag-kit-580-w0\/","name":"Snabbv\u00e5g kit 580\/W0 - Ofab","isPartOf":{"@id":"https:\/\/ofabskara.se\/sv\/#website"},"primaryImageOfPage":{"@id":"https:\/\/ofabskara.se\/sv\/produkt\/snabbvag-kit-580-w0\/#primaryimage"},"image":{"@id":"https:\/\/ofabskara.se\/sv\/produkt\/snabbvag-kit-580-w0\/#primaryimage"},"thumbnailUrl":"https:\/\/ofabskara.se\/wp-content\/uploads\/2026\/03\/084586_1WEB.webp_800x800.webp","datePublished":"2026-03-25T15:19:31+00:00","dateModified":"2026-04-29T07:44:59+00:00","breadcrumb":{"@id":"https:\/\/ofabskara.se\/sv\/produkt\/snabbvag-kit-580-w0\/#breadcrumb"},"inLanguage":"sv-SE","potentialAction":[{"@type":"ReadAction","target":["https:\/\/ofabskara.se\/sv\/produkt\/snabbvag-kit-580-w0\/"]}]},{"@type":"ImageObject","inLanguage":"sv-SE","@id":"https:\/\/ofabskara.se\/sv\/produkt\/snabbvag-kit-580-w0\/#primaryimage","url":"https:\/\/ofabskara.se\/wp-content\/uploads\/2026\/03\/084586_1WEB.webp_800x800.webp","contentUrl":"https:\/\/ofabskara.se\/wp-content\/uploads\/2026\/03\/084586_1WEB.webp_800x800.webp","width":800,"height":800,"caption":"084586 1WEB.webp 800x800"},{"@type":"BreadcrumbList","@id":"https:\/\/ofabskara.se\/sv\/produkt\/snabbvag-kit-580-w0\/#breadcrumb","itemListElement":[{"@type":"ListItem","position":1,"name":"Home","item":"https:\/\/ofabskara.se\/sv\/"},{"@type":"ListItem","position":2,"name":"Butik","item":"https:\/\/ofabskara.se\/sv\/butik\/"},{"@type":"ListItem","position":3,"name":"Snabbv\u00e5g kit 580\/W0"}]},{"@type":"WebSite","@id":"https:\/\/ofabskara.se\/sv\/#website","url":"https:\/\/ofabskara.se\/sv\/","name":"Ofab","description":"","potentialAction":[{"@type":"SearchAction","target":{"@type":"EntryPoint","urlTemplate":"https:\/\/ofabskara.se\/sv\/?s={search_term_string}"},"query-input":{"@type":"PropertyValueSpecification","valueRequired":true,"valueName":"search_term_string"}}],"inLanguage":"sv-SE"}]}},"_links":{"self":[{"href":"https:\/\/ofabskara.se\/sv\/wp-json\/wp\/v2\/product\/47532","targetHints":{"allow":["GET"]}}],"collection":[{"href":"https:\/\/ofabskara.se\/sv\/wp-json\/wp\/v2\/product"}],"about":[{"href":"https:\/\/ofabskara.se\/sv\/wp-json\/wp\/v2\/types\/product"}],"replies":[{"embeddable":true,"href":"https:\/\/ofabskara.se\/sv\/wp-json\/wp\/v2\/comments?post=47532"}],"wp:featuredmedia":[{"embeddable":true,"href":"https:\/\/ofabskara.se\/sv\/wp-json\/wp\/v2\/media\/47785"}],"wp:attachment":[{"href":"https:\/\/ofabskara.se\/sv\/wp-json\/wp\/v2\/media?parent=47532"}],"wp:term":[{"taxonomy":"product_brand","embeddable":true,"href":"https:\/\/ofabskara.se\/sv\/wp-json\/wp\/v2\/product_brand?post=47532"},{"taxonomy":"product_cat","embeddable":true,"href":"https:\/\/ofabskara.se\/sv\/wp-json\/wp\/v2\/product_cat?post=47532"},{"taxonomy":"product_tag","embeddable":true,"href":"https:\/\/ofabskara.se\/sv\/wp-json\/wp\/v2\/product_tag?post=47532"}],"curies":[{"name":"wp","href":"https:\/\/api.w.org\/{rel}","templated":true}]}}