{"id":5589,"date":"2021-07-01T12:22:37","date_gmt":"2021-07-01T10:22:37","guid":{"rendered":"https:\/\/ofabskara.se\/produkt\/krymp-skydd-for-stolpe-102mm-l1m\/"},"modified":"2026-04-02T15:31:14","modified_gmt":"2026-04-02T13:31:14","slug":"krymp-skydd-for-stolpe-102mm-l1m","status":"publish","type":"product","link":"https:\/\/ofabskara.se\/sv\/produkt\/krymp-skydd-for-stolpe-102mm-l1m\/","title":{"rendered":"Krympskydd"},"content":{"rendered":"","protected":false},"excerpt":{"rendered":"<ul>\n<li><strong>Krympslang som f\u00f6rhindrar rost effektivt p\u00e5 stolpar.<\/strong><\/li>\n<li><strong>L\u00e4tt att montera.<\/strong><\/li>\n<\/ul>\n","protected":false},"featured_media":5590,"comment_status":"closed","ping_status":"closed","template":"","meta":{"_acf_changed":false,"inline_featured_image":false},"product_brand":[],"product_cat":[68,65,178,206,103,174],"product_tag":[],"class_list":{"0":"post-5589","1":"product","2":"type-product","3":"status-publish","4":"has-post-thumbnail","6":"product_cat-grisar","7":"product_cat-notdjur","8":"product_cat-stolpar-beslag-oktogon-102mm-notdjur","9":"product_cat-stolpar-beslag-oktogon-102mm-beslag-o-stolpar-grisar","10":"product_cat-beslag-o-stolpar-grisar","11":"product_cat-stolpar-beslag-till-grindar-inredning-notdjur","13":"first","14":"instock","15":"taxable","16":"shipping-taxable","17":"purchasable","18":"product-type-simple"},"acf":[],"yoast_head":"<!-- This site is optimized with the Yoast SEO plugin v24.4 - https:\/\/yoast.com\/wordpress\/plugins\/seo\/ -->\n<title>Krympskydd - Ofab<\/title>\n<meta name=\"robots\" content=\"index, follow, max-snippet:-1, max-image-preview:large, max-video-preview:-1\" \/>\n<link rel=\"canonical\" href=\"https:\/\/ofabskara.se\/sv\/produkt\/krymp-skydd-for-stolpe-102mm-l1m\/\" \/>\n<meta property=\"og:locale\" content=\"sv_SE\" \/>\n<meta property=\"og:type\" content=\"article\" \/>\n<meta property=\"og:title\" content=\"Krympskydd - Ofab\" \/>\n<meta property=\"og:description\" content=\"Krympslang som f\u00f6rhindrar rost effektivt p\u00e5 stolpar.  L\u00e4tt att montera.\" \/>\n<meta property=\"og:url\" content=\"https:\/\/ofabskara.se\/sv\/produkt\/krymp-skydd-for-stolpe-102mm-l1m\/\" \/>\n<meta property=\"og:site_name\" content=\"Ofab\" \/>\n<meta property=\"article:modified_time\" content=\"2026-04-02T13:31:14+00:00\" \/>\n<meta property=\"og:image\" content=\"https:\/\/ofabskara.se\/wp-content\/uploads\/2023\/09\/tr0101-1.jpg\" \/>\n\t<meta property=\"og:image:width\" content=\"1126\" \/>\n\t<meta property=\"og:image:height\" content=\"796\" \/>\n\t<meta property=\"og:image:type\" content=\"image\/jpeg\" \/>\n<meta name=\"twitter:card\" content=\"summary_large_image\" \/>\n<meta name=\"twitter:label1\" content=\"Ber\u00e4knad l\u00e4stid\" \/>\n\t<meta name=\"twitter:data1\" content=\"1 minut\" \/>\n<script type=\"application\/ld+json\" class=\"yoast-schema-graph\">{\"@context\":\"https:\/\/schema.org\",\"@graph\":[{\"@type\":\"WebPage\",\"@id\":\"https:\/\/ofabskara.se\/sv\/produkt\/krymp-skydd-for-stolpe-102mm-l1m\/\",\"url\":\"https:\/\/ofabskara.se\/sv\/produkt\/krymp-skydd-for-stolpe-102mm-l1m\/\",\"name\":\"Krympskydd - Ofab\",\"isPartOf\":{\"@id\":\"https:\/\/ofabskara.se\/sv\/#website\"},\"primaryImageOfPage\":{\"@id\":\"https:\/\/ofabskara.se\/sv\/produkt\/krymp-skydd-for-stolpe-102mm-l1m\/#primaryimage\"},\"image\":{\"@id\":\"https:\/\/ofabskara.se\/sv\/produkt\/krymp-skydd-for-stolpe-102mm-l1m\/#primaryimage\"},\"thumbnailUrl\":\"https:\/\/ofabskara.se\/wp-content\/uploads\/2023\/09\/tr0101-1.jpg\",\"datePublished\":\"2021-07-01T10:22:37+00:00\",\"dateModified\":\"2026-04-02T13:31:14+00:00\",\"breadcrumb\":{\"@id\":\"https:\/\/ofabskara.se\/sv\/produkt\/krymp-skydd-for-stolpe-102mm-l1m\/#breadcrumb\"},\"inLanguage\":\"sv-SE\",\"potentialAction\":[{\"@type\":\"ReadAction\",\"target\":[\"https:\/\/ofabskara.se\/sv\/produkt\/krymp-skydd-for-stolpe-102mm-l1m\/\"]}]},{\"@type\":\"ImageObject\",\"inLanguage\":\"sv-SE\",\"@id\":\"https:\/\/ofabskara.se\/sv\/produkt\/krymp-skydd-for-stolpe-102mm-l1m\/#primaryimage\",\"url\":\"https:\/\/ofabskara.se\/wp-content\/uploads\/2023\/09\/tr0101-1.jpg\",\"contentUrl\":\"https:\/\/ofabskara.se\/wp-content\/uploads\/2023\/09\/tr0101-1.jpg\",\"width\":1126,\"height\":796},{\"@type\":\"BreadcrumbList\",\"@id\":\"https:\/\/ofabskara.se\/sv\/produkt\/krymp-skydd-for-stolpe-102mm-l1m\/#breadcrumb\",\"itemListElement\":[{\"@type\":\"ListItem\",\"position\":1,\"name\":\"Home\",\"item\":\"https:\/\/ofabskara.se\/sv\/\"},{\"@type\":\"ListItem\",\"position\":2,\"name\":\"Butik\",\"item\":\"https:\/\/ofabskara.se\/sv\/butik\/\"},{\"@type\":\"ListItem\",\"position\":3,\"name\":\"Krympskydd\"}]},{\"@type\":\"WebSite\",\"@id\":\"https:\/\/ofabskara.se\/sv\/#website\",\"url\":\"https:\/\/ofabskara.se\/sv\/\",\"name\":\"Ofab\",\"description\":\"\",\"potentialAction\":[{\"@type\":\"SearchAction\",\"target\":{\"@type\":\"EntryPoint\",\"urlTemplate\":\"https:\/\/ofabskara.se\/sv\/?s={search_term_string}\"},\"query-input\":{\"@type\":\"PropertyValueSpecification\",\"valueRequired\":true,\"valueName\":\"search_term_string\"}}],\"inLanguage\":\"sv-SE\"}]}<\/script>\n<!-- \/ Yoast SEO plugin. -->","yoast_head_json":{"title":"Krympskydd - Ofab","robots":{"index":"index","follow":"follow","max-snippet":"max-snippet:-1","max-image-preview":"max-image-preview:large","max-video-preview":"max-video-preview:-1"},"canonical":"https:\/\/ofabskara.se\/sv\/produkt\/krymp-skydd-for-stolpe-102mm-l1m\/","og_locale":"sv_SE","og_type":"article","og_title":"Krympskydd - Ofab","og_description":"Krympslang som f\u00f6rhindrar rost effektivt p\u00e5 stolpar.  L\u00e4tt att montera.","og_url":"https:\/\/ofabskara.se\/sv\/produkt\/krymp-skydd-for-stolpe-102mm-l1m\/","og_site_name":"Ofab","article_modified_time":"2026-04-02T13:31:14+00:00","og_image":[{"width":1126,"height":796,"url":"https:\/\/ofabskara.se\/wp-content\/uploads\/2023\/09\/tr0101-1.jpg","type":"image\/jpeg"}],"twitter_card":"summary_large_image","twitter_misc":{"Ber\u00e4knad l\u00e4stid":"1 minut"},"schema":{"@context":"https:\/\/schema.org","@graph":[{"@type":"WebPage","@id":"https:\/\/ofabskara.se\/sv\/produkt\/krymp-skydd-for-stolpe-102mm-l1m\/","url":"https:\/\/ofabskara.se\/sv\/produkt\/krymp-skydd-for-stolpe-102mm-l1m\/","name":"Krympskydd - Ofab","isPartOf":{"@id":"https:\/\/ofabskara.se\/sv\/#website"},"primaryImageOfPage":{"@id":"https:\/\/ofabskara.se\/sv\/produkt\/krymp-skydd-for-stolpe-102mm-l1m\/#primaryimage"},"image":{"@id":"https:\/\/ofabskara.se\/sv\/produkt\/krymp-skydd-for-stolpe-102mm-l1m\/#primaryimage"},"thumbnailUrl":"https:\/\/ofabskara.se\/wp-content\/uploads\/2023\/09\/tr0101-1.jpg","datePublished":"2021-07-01T10:22:37+00:00","dateModified":"2026-04-02T13:31:14+00:00","breadcrumb":{"@id":"https:\/\/ofabskara.se\/sv\/produkt\/krymp-skydd-for-stolpe-102mm-l1m\/#breadcrumb"},"inLanguage":"sv-SE","potentialAction":[{"@type":"ReadAction","target":["https:\/\/ofabskara.se\/sv\/produkt\/krymp-skydd-for-stolpe-102mm-l1m\/"]}]},{"@type":"ImageObject","inLanguage":"sv-SE","@id":"https:\/\/ofabskara.se\/sv\/produkt\/krymp-skydd-for-stolpe-102mm-l1m\/#primaryimage","url":"https:\/\/ofabskara.se\/wp-content\/uploads\/2023\/09\/tr0101-1.jpg","contentUrl":"https:\/\/ofabskara.se\/wp-content\/uploads\/2023\/09\/tr0101-1.jpg","width":1126,"height":796},{"@type":"BreadcrumbList","@id":"https:\/\/ofabskara.se\/sv\/produkt\/krymp-skydd-for-stolpe-102mm-l1m\/#breadcrumb","itemListElement":[{"@type":"ListItem","position":1,"name":"Home","item":"https:\/\/ofabskara.se\/sv\/"},{"@type":"ListItem","position":2,"name":"Butik","item":"https:\/\/ofabskara.se\/sv\/butik\/"},{"@type":"ListItem","position":3,"name":"Krympskydd"}]},{"@type":"WebSite","@id":"https:\/\/ofabskara.se\/sv\/#website","url":"https:\/\/ofabskara.se\/sv\/","name":"Ofab","description":"","potentialAction":[{"@type":"SearchAction","target":{"@type":"EntryPoint","urlTemplate":"https:\/\/ofabskara.se\/sv\/?s={search_term_string}"},"query-input":{"@type":"PropertyValueSpecification","valueRequired":true,"valueName":"search_term_string"}}],"inLanguage":"sv-SE"}]}},"_links":{"self":[{"href":"https:\/\/ofabskara.se\/sv\/wp-json\/wp\/v2\/product\/5589","targetHints":{"allow":["GET"]}}],"collection":[{"href":"https:\/\/ofabskara.se\/sv\/wp-json\/wp\/v2\/product"}],"about":[{"href":"https:\/\/ofabskara.se\/sv\/wp-json\/wp\/v2\/types\/product"}],"replies":[{"embeddable":true,"href":"https:\/\/ofabskara.se\/sv\/wp-json\/wp\/v2\/comments?post=5589"}],"wp:featuredmedia":[{"embeddable":true,"href":"https:\/\/ofabskara.se\/sv\/wp-json\/wp\/v2\/media\/5590"}],"wp:attachment":[{"href":"https:\/\/ofabskara.se\/sv\/wp-json\/wp\/v2\/media?parent=5589"}],"wp:term":[{"taxonomy":"product_brand","embeddable":true,"href":"https:\/\/ofabskara.se\/sv\/wp-json\/wp\/v2\/product_brand?post=5589"},{"taxonomy":"product_cat","embeddable":true,"href":"https:\/\/ofabskara.se\/sv\/wp-json\/wp\/v2\/product_cat?post=5589"},{"taxonomy":"product_tag","embeddable":true,"href":"https:\/\/ofabskara.se\/sv\/wp-json\/wp\/v2\/product_tag?post=5589"}],"curies":[{"name":"wp","href":"https:\/\/api.w.org\/{rel}","templated":true}]}}