{"id":5620,"date":"2021-07-07T11:16:43","date_gmt":"2021-07-07T09:16:43","guid":{"rendered":"https:\/\/ofabskara.se\/produkt\/5-rors-grind-64-73-for-v-automat\/"},"modified":"2026-04-28T09:01:58","modified_gmt":"2026-04-28T07:01:58","slug":"5-rors-grind-64-73-for-v-automat","status":"publish","type":"product","link":"https:\/\/ofabskara.se\/sv\/produkt\/5-rors-grind-64-73-for-v-automat\/","title":{"rendered":"5-r\u00f6rs grind 6,4-7,5m vattenautomat"},"content":{"rendered":"","protected":false},"excerpt":{"rendered":"<ul>\n<li><strong>Grind med justerbar vattenautomatsdel.<\/strong><\/li>\n<li><strong>Anv\u00e4nds ofta f\u00f6r att f\u00f6rse tv\u00e5 olika grupper med vatten d\u00e5 grinden skiljer grupperna \u00e5t och monteras \u00f6ver vattenautomaten.<\/strong><\/li>\n<li><strong>R\u00f6rdim.<\/strong><strong>60,3\u00d73,2mm, Teleskopsdel dim. 48,3\u00d73,0mm, gavlar av h\u00e5lprofil 60x60x3mm, vertikal r\u00f6rf\u00f6rst\u00e4rkning r\u00f6rdim. 48,3\u00d73,0mm.<\/strong><\/li>\n<li><strong>Fixera grinden i \u00f6nskat m\u00e5tt och l\u00e5s med bultar.<\/strong><\/li>\n<li><strong>Avst\u00e5nd mellan horisontella r\u00f6r \u00e4r 210mm.<\/strong><\/li>\n<li><strong>Grindh\u00f6jd 115cm.<\/strong><\/li>\n<\/ul>\n","protected":false},"featured_media":5614,"comment_status":"closed","ping_status":"open","template":"","meta":{"_acf_changed":false,"inline_featured_image":false},"product_brand":[],"product_cat":[2980],"product_tag":[],"class_list":{"0":"post-5620","1":"product","2":"type-product","3":"status-publish","4":"has-post-thumbnail","6":"product_cat-okategoriserad","7":"pa_install-langd-620-730cm","9":"first","10":"outofstock","11":"taxable","12":"shipping-taxable","13":"purchasable","14":"product-type-simple"},"acf":[],"yoast_head":"<!-- This site is optimized with the Yoast SEO plugin v24.4 - https:\/\/yoast.com\/wordpress\/plugins\/seo\/ -->\n<title>5-r\u00f6rs grind 6,4-7,5m vattenautomat - Ofab<\/title>\n<meta name=\"robots\" content=\"index, follow, max-snippet:-1, max-image-preview:large, max-video-preview:-1\" \/>\n<link rel=\"canonical\" href=\"https:\/\/ofabskara.se\/sv\/produkt\/5-rors-grind-64-73-for-v-automat\/\" \/>\n<meta property=\"og:locale\" content=\"sv_SE\" \/>\n<meta property=\"og:type\" content=\"article\" \/>\n<meta property=\"og:title\" content=\"5-r\u00f6rs grind 6,4-7,5m vattenautomat - Ofab\" \/>\n<meta property=\"og:description\" content=\"Grind med justerbar vattenautomatsdel.  Anv\u00e4nds ofta f\u00f6r att f\u00f6rse tv\u00e5 olika grupper med vatten d\u00e5 grinden skiljer grupperna \u00e5t och monteras \u00f6ver vattenautomaten.  R\u00f6rdim.60,3\u00d73,2mm, Teleskopsdel dim. 48,3\u00d73,0mm, gavlar av h\u00e5lprofil 60x60x3mm, vertikal r\u00f6rf\u00f6rst\u00e4rkning r\u00f6rdim. 48,3\u00d73,0mm.  Fixera grinden i \u00f6nskat m\u00e5tt och l\u00e5s med bultar.  Avst\u00e5nd mellan horisontella r\u00f6r \u00e4r 210mm.  Grindh\u00f6jd 115cm.\" \/>\n<meta property=\"og:url\" content=\"https:\/\/ofabskara.se\/sv\/produkt\/5-rors-grind-64-73-for-v-automat\/\" \/>\n<meta property=\"og:site_name\" content=\"Ofab\" \/>\n<meta property=\"article:modified_time\" content=\"2026-04-28T07:01:58+00:00\" \/>\n<meta property=\"og:image\" content=\"https:\/\/ofabskara.se\/wp-content\/uploads\/2023\/09\/MG_7056-Edit-1-1-scaled.jpg\" \/>\n\t<meta property=\"og:image:width\" content=\"2560\" \/>\n\t<meta property=\"og:image:height\" content=\"2560\" \/>\n\t<meta property=\"og:image:type\" content=\"image\/jpeg\" \/>\n<meta name=\"twitter:card\" content=\"summary_large_image\" \/>\n<script type=\"application\/ld+json\" class=\"yoast-schema-graph\">{\"@context\":\"https:\/\/schema.org\",\"@graph\":[{\"@type\":\"WebPage\",\"@id\":\"https:\/\/ofabskara.se\/sv\/produkt\/5-rors-grind-64-73-for-v-automat\/\",\"url\":\"https:\/\/ofabskara.se\/sv\/produkt\/5-rors-grind-64-73-for-v-automat\/\",\"name\":\"5-r\u00f6rs grind 6,4-7,5m vattenautomat - Ofab\",\"isPartOf\":{\"@id\":\"https:\/\/ofabskara.se\/sv\/#website\"},\"primaryImageOfPage\":{\"@id\":\"https:\/\/ofabskara.se\/sv\/produkt\/5-rors-grind-64-73-for-v-automat\/#primaryimage\"},\"image\":{\"@id\":\"https:\/\/ofabskara.se\/sv\/produkt\/5-rors-grind-64-73-for-v-automat\/#primaryimage\"},\"thumbnailUrl\":\"https:\/\/ofabskara.se\/wp-content\/uploads\/2023\/09\/MG_7056-Edit-1-1-scaled.jpg\",\"datePublished\":\"2021-07-07T09:16:43+00:00\",\"dateModified\":\"2026-04-28T07:01:58+00:00\",\"breadcrumb\":{\"@id\":\"https:\/\/ofabskara.se\/sv\/produkt\/5-rors-grind-64-73-for-v-automat\/#breadcrumb\"},\"inLanguage\":\"sv-SE\",\"potentialAction\":[{\"@type\":\"ReadAction\",\"target\":[\"https:\/\/ofabskara.se\/sv\/produkt\/5-rors-grind-64-73-for-v-automat\/\"]}]},{\"@type\":\"ImageObject\",\"inLanguage\":\"sv-SE\",\"@id\":\"https:\/\/ofabskara.se\/sv\/produkt\/5-rors-grind-64-73-for-v-automat\/#primaryimage\",\"url\":\"https:\/\/ofabskara.se\/wp-content\/uploads\/2023\/09\/MG_7056-Edit-1-1-scaled.jpg\",\"contentUrl\":\"https:\/\/ofabskara.se\/wp-content\/uploads\/2023\/09\/MG_7056-Edit-1-1-scaled.jpg\",\"width\":2560,\"height\":2560},{\"@type\":\"BreadcrumbList\",\"@id\":\"https:\/\/ofabskara.se\/sv\/produkt\/5-rors-grind-64-73-for-v-automat\/#breadcrumb\",\"itemListElement\":[{\"@type\":\"ListItem\",\"position\":1,\"name\":\"Home\",\"item\":\"https:\/\/ofabskara.se\/sv\/\"},{\"@type\":\"ListItem\",\"position\":2,\"name\":\"Butik\",\"item\":\"https:\/\/ofabskara.se\/sv\/butik\/\"},{\"@type\":\"ListItem\",\"position\":3,\"name\":\"5-r\u00f6rs grind 6,4-7,5m vattenautomat\"}]},{\"@type\":\"WebSite\",\"@id\":\"https:\/\/ofabskara.se\/sv\/#website\",\"url\":\"https:\/\/ofabskara.se\/sv\/\",\"name\":\"Ofab\",\"description\":\"\",\"potentialAction\":[{\"@type\":\"SearchAction\",\"target\":{\"@type\":\"EntryPoint\",\"urlTemplate\":\"https:\/\/ofabskara.se\/sv\/?s={search_term_string}\"},\"query-input\":{\"@type\":\"PropertyValueSpecification\",\"valueRequired\":true,\"valueName\":\"search_term_string\"}}],\"inLanguage\":\"sv-SE\"}]}<\/script>\n<!-- \/ Yoast SEO plugin. -->","yoast_head_json":{"title":"5-r\u00f6rs grind 6,4-7,5m vattenautomat - Ofab","robots":{"index":"index","follow":"follow","max-snippet":"max-snippet:-1","max-image-preview":"max-image-preview:large","max-video-preview":"max-video-preview:-1"},"canonical":"https:\/\/ofabskara.se\/sv\/produkt\/5-rors-grind-64-73-for-v-automat\/","og_locale":"sv_SE","og_type":"article","og_title":"5-r\u00f6rs grind 6,4-7,5m vattenautomat - Ofab","og_description":"Grind med justerbar vattenautomatsdel.  Anv\u00e4nds ofta f\u00f6r att f\u00f6rse tv\u00e5 olika grupper med vatten d\u00e5 grinden skiljer grupperna \u00e5t och monteras \u00f6ver vattenautomaten.  R\u00f6rdim.60,3\u00d73,2mm, Teleskopsdel dim. 48,3\u00d73,0mm, gavlar av h\u00e5lprofil 60x60x3mm, vertikal r\u00f6rf\u00f6rst\u00e4rkning r\u00f6rdim. 48,3\u00d73,0mm.  Fixera grinden i \u00f6nskat m\u00e5tt och l\u00e5s med bultar.  Avst\u00e5nd mellan horisontella r\u00f6r \u00e4r 210mm.  Grindh\u00f6jd 115cm.","og_url":"https:\/\/ofabskara.se\/sv\/produkt\/5-rors-grind-64-73-for-v-automat\/","og_site_name":"Ofab","article_modified_time":"2026-04-28T07:01:58+00:00","og_image":[{"width":2560,"height":2560,"url":"https:\/\/ofabskara.se\/wp-content\/uploads\/2023\/09\/MG_7056-Edit-1-1-scaled.jpg","type":"image\/jpeg"}],"twitter_card":"summary_large_image","schema":{"@context":"https:\/\/schema.org","@graph":[{"@type":"WebPage","@id":"https:\/\/ofabskara.se\/sv\/produkt\/5-rors-grind-64-73-for-v-automat\/","url":"https:\/\/ofabskara.se\/sv\/produkt\/5-rors-grind-64-73-for-v-automat\/","name":"5-r\u00f6rs grind 6,4-7,5m vattenautomat - Ofab","isPartOf":{"@id":"https:\/\/ofabskara.se\/sv\/#website"},"primaryImageOfPage":{"@id":"https:\/\/ofabskara.se\/sv\/produkt\/5-rors-grind-64-73-for-v-automat\/#primaryimage"},"image":{"@id":"https:\/\/ofabskara.se\/sv\/produkt\/5-rors-grind-64-73-for-v-automat\/#primaryimage"},"thumbnailUrl":"https:\/\/ofabskara.se\/wp-content\/uploads\/2023\/09\/MG_7056-Edit-1-1-scaled.jpg","datePublished":"2021-07-07T09:16:43+00:00","dateModified":"2026-04-28T07:01:58+00:00","breadcrumb":{"@id":"https:\/\/ofabskara.se\/sv\/produkt\/5-rors-grind-64-73-for-v-automat\/#breadcrumb"},"inLanguage":"sv-SE","potentialAction":[{"@type":"ReadAction","target":["https:\/\/ofabskara.se\/sv\/produkt\/5-rors-grind-64-73-for-v-automat\/"]}]},{"@type":"ImageObject","inLanguage":"sv-SE","@id":"https:\/\/ofabskara.se\/sv\/produkt\/5-rors-grind-64-73-for-v-automat\/#primaryimage","url":"https:\/\/ofabskara.se\/wp-content\/uploads\/2023\/09\/MG_7056-Edit-1-1-scaled.jpg","contentUrl":"https:\/\/ofabskara.se\/wp-content\/uploads\/2023\/09\/MG_7056-Edit-1-1-scaled.jpg","width":2560,"height":2560},{"@type":"BreadcrumbList","@id":"https:\/\/ofabskara.se\/sv\/produkt\/5-rors-grind-64-73-for-v-automat\/#breadcrumb","itemListElement":[{"@type":"ListItem","position":1,"name":"Home","item":"https:\/\/ofabskara.se\/sv\/"},{"@type":"ListItem","position":2,"name":"Butik","item":"https:\/\/ofabskara.se\/sv\/butik\/"},{"@type":"ListItem","position":3,"name":"5-r\u00f6rs grind 6,4-7,5m vattenautomat"}]},{"@type":"WebSite","@id":"https:\/\/ofabskara.se\/sv\/#website","url":"https:\/\/ofabskara.se\/sv\/","name":"Ofab","description":"","potentialAction":[{"@type":"SearchAction","target":{"@type":"EntryPoint","urlTemplate":"https:\/\/ofabskara.se\/sv\/?s={search_term_string}"},"query-input":{"@type":"PropertyValueSpecification","valueRequired":true,"valueName":"search_term_string"}}],"inLanguage":"sv-SE"}]}},"_links":{"self":[{"href":"https:\/\/ofabskara.se\/sv\/wp-json\/wp\/v2\/product\/5620","targetHints":{"allow":["GET"]}}],"collection":[{"href":"https:\/\/ofabskara.se\/sv\/wp-json\/wp\/v2\/product"}],"about":[{"href":"https:\/\/ofabskara.se\/sv\/wp-json\/wp\/v2\/types\/product"}],"replies":[{"embeddable":true,"href":"https:\/\/ofabskara.se\/sv\/wp-json\/wp\/v2\/comments?post=5620"}],"wp:featuredmedia":[{"embeddable":true,"href":"https:\/\/ofabskara.se\/sv\/wp-json\/wp\/v2\/media\/5614"}],"wp:attachment":[{"href":"https:\/\/ofabskara.se\/sv\/wp-json\/wp\/v2\/media?parent=5620"}],"wp:term":[{"taxonomy":"product_brand","embeddable":true,"href":"https:\/\/ofabskara.se\/sv\/wp-json\/wp\/v2\/product_brand?post=5620"},{"taxonomy":"product_cat","embeddable":true,"href":"https:\/\/ofabskara.se\/sv\/wp-json\/wp\/v2\/product_cat?post=5620"},{"taxonomy":"product_tag","embeddable":true,"href":"https:\/\/ofabskara.se\/sv\/wp-json\/wp\/v2\/product_tag?post=5620"}],"curies":[{"name":"wp","href":"https:\/\/api.w.org\/{rel}","templated":true}]}}