{"id":5649,"date":"2022-01-10T09:07:30","date_gmt":"2022-01-10T08:07:30","guid":{"rendered":"https:\/\/ofabskara.se\/produkt\/tatning-for-thermolac-40-75\/"},"modified":"2026-04-16T09:01:00","modified_gmt":"2026-04-16T07:01:00","slug":"tatning-for-thermolac-40-75","status":"publish","type":"product","link":"https:\/\/ofabskara.se\/sv\/produkt\/tatning-for-thermolac-40-75\/","title":{"rendered":"T\u00e4tning f\u00f6r Thermolac 40 &#038; 75"},"content":{"rendered":"","protected":false},"excerpt":{"rendered":"<p><strong>T\u00e4tning f\u00f6r termolac\u00a0<\/strong><\/p>\n<ul>\n<li>T\u00e4tning mellan lock och t\u00e4tningen i botten.<\/li>\n<\/ul>\n","protected":false},"featured_media":5650,"comment_status":"closed","ping_status":"open","template":"","meta":{"_acf_changed":false,"inline_featured_image":false},"product_brand":[],"product_cat":[115,69],"product_tag":[],"class_list":{"0":"post-5649","1":"product","2":"type-product","3":"status-publish","4":"has-post-thumbnail","6":"product_cat-tillbehor","7":"product_cat-vattensystem","9":"first","10":"instock","11":"taxable","12":"shipping-taxable","13":"purchasable","14":"product-type-simple"},"acf":[],"yoast_head":"<!-- This site is optimized with the Yoast SEO plugin v24.4 - https:\/\/yoast.com\/wordpress\/plugins\/seo\/ -->\n<title>T\u00e4tning f\u00f6r Thermolac 40 &amp; 75 - Ofab<\/title>\n<meta name=\"robots\" content=\"index, follow, max-snippet:-1, max-image-preview:large, max-video-preview:-1\" \/>\n<link rel=\"canonical\" href=\"https:\/\/ofabskara.se\/sv\/produkt\/tatning-for-thermolac-40-75\/\" \/>\n<meta property=\"og:locale\" content=\"sv_SE\" \/>\n<meta property=\"og:type\" content=\"article\" \/>\n<meta property=\"og:title\" content=\"T\u00e4tning f\u00f6r Thermolac 40 &amp; 75 - Ofab\" \/>\n<meta property=\"og:description\" content=\"T\u00e4tning f\u00f6r termolac\u00a0  T\u00e4tning mellan lock och t\u00e4tningen i botten.\" \/>\n<meta property=\"og:url\" content=\"https:\/\/ofabskara.se\/sv\/produkt\/tatning-for-thermolac-40-75\/\" \/>\n<meta property=\"og:site_name\" content=\"Ofab\" \/>\n<meta property=\"article:modified_time\" content=\"2026-04-16T07:01:00+00:00\" \/>\n<meta property=\"og:image\" content=\"https:\/\/ofabskara.se\/wp-content\/uploads\/2023\/09\/1090979_1.jpg\" \/>\n\t<meta property=\"og:image:width\" content=\"1772\" \/>\n\t<meta property=\"og:image:height\" content=\"1772\" \/>\n\t<meta property=\"og:image:type\" content=\"image\/jpeg\" \/>\n<meta name=\"twitter:card\" content=\"summary_large_image\" \/>\n<script type=\"application\/ld+json\" class=\"yoast-schema-graph\">{\"@context\":\"https:\/\/schema.org\",\"@graph\":[{\"@type\":\"WebPage\",\"@id\":\"https:\/\/ofabskara.se\/sv\/produkt\/tatning-for-thermolac-40-75\/\",\"url\":\"https:\/\/ofabskara.se\/sv\/produkt\/tatning-for-thermolac-40-75\/\",\"name\":\"T\u00e4tning f\u00f6r Thermolac 40 & 75 - Ofab\",\"isPartOf\":{\"@id\":\"https:\/\/ofabskara.se\/sv\/#website\"},\"primaryImageOfPage\":{\"@id\":\"https:\/\/ofabskara.se\/sv\/produkt\/tatning-for-thermolac-40-75\/#primaryimage\"},\"image\":{\"@id\":\"https:\/\/ofabskara.se\/sv\/produkt\/tatning-for-thermolac-40-75\/#primaryimage\"},\"thumbnailUrl\":\"https:\/\/ofabskara.se\/wp-content\/uploads\/2023\/09\/1090979_1.jpg\",\"datePublished\":\"2022-01-10T08:07:30+00:00\",\"dateModified\":\"2026-04-16T07:01:00+00:00\",\"breadcrumb\":{\"@id\":\"https:\/\/ofabskara.se\/sv\/produkt\/tatning-for-thermolac-40-75\/#breadcrumb\"},\"inLanguage\":\"sv-SE\",\"potentialAction\":[{\"@type\":\"ReadAction\",\"target\":[\"https:\/\/ofabskara.se\/sv\/produkt\/tatning-for-thermolac-40-75\/\"]}]},{\"@type\":\"ImageObject\",\"inLanguage\":\"sv-SE\",\"@id\":\"https:\/\/ofabskara.se\/sv\/produkt\/tatning-for-thermolac-40-75\/#primaryimage\",\"url\":\"https:\/\/ofabskara.se\/wp-content\/uploads\/2023\/09\/1090979_1.jpg\",\"contentUrl\":\"https:\/\/ofabskara.se\/wp-content\/uploads\/2023\/09\/1090979_1.jpg\",\"width\":1772,\"height\":1772},{\"@type\":\"BreadcrumbList\",\"@id\":\"https:\/\/ofabskara.se\/sv\/produkt\/tatning-for-thermolac-40-75\/#breadcrumb\",\"itemListElement\":[{\"@type\":\"ListItem\",\"position\":1,\"name\":\"Home\",\"item\":\"https:\/\/ofabskara.se\/sv\/\"},{\"@type\":\"ListItem\",\"position\":2,\"name\":\"Butik\",\"item\":\"https:\/\/ofabskara.se\/sv\/butik\/\"},{\"@type\":\"ListItem\",\"position\":3,\"name\":\"T\u00e4tning f\u00f6r Thermolac 40 &#038; 75\"}]},{\"@type\":\"WebSite\",\"@id\":\"https:\/\/ofabskara.se\/sv\/#website\",\"url\":\"https:\/\/ofabskara.se\/sv\/\",\"name\":\"Ofab\",\"description\":\"\",\"potentialAction\":[{\"@type\":\"SearchAction\",\"target\":{\"@type\":\"EntryPoint\",\"urlTemplate\":\"https:\/\/ofabskara.se\/sv\/?s={search_term_string}\"},\"query-input\":{\"@type\":\"PropertyValueSpecification\",\"valueRequired\":true,\"valueName\":\"search_term_string\"}}],\"inLanguage\":\"sv-SE\"}]}<\/script>\n<!-- \/ Yoast SEO plugin. -->","yoast_head_json":{"title":"T\u00e4tning f\u00f6r Thermolac 40 & 75 - Ofab","robots":{"index":"index","follow":"follow","max-snippet":"max-snippet:-1","max-image-preview":"max-image-preview:large","max-video-preview":"max-video-preview:-1"},"canonical":"https:\/\/ofabskara.se\/sv\/produkt\/tatning-for-thermolac-40-75\/","og_locale":"sv_SE","og_type":"article","og_title":"T\u00e4tning f\u00f6r Thermolac 40 & 75 - Ofab","og_description":"T\u00e4tning f\u00f6r termolac\u00a0  T\u00e4tning mellan lock och t\u00e4tningen i botten.","og_url":"https:\/\/ofabskara.se\/sv\/produkt\/tatning-for-thermolac-40-75\/","og_site_name":"Ofab","article_modified_time":"2026-04-16T07:01:00+00:00","og_image":[{"width":1772,"height":1772,"url":"https:\/\/ofabskara.se\/wp-content\/uploads\/2023\/09\/1090979_1.jpg","type":"image\/jpeg"}],"twitter_card":"summary_large_image","schema":{"@context":"https:\/\/schema.org","@graph":[{"@type":"WebPage","@id":"https:\/\/ofabskara.se\/sv\/produkt\/tatning-for-thermolac-40-75\/","url":"https:\/\/ofabskara.se\/sv\/produkt\/tatning-for-thermolac-40-75\/","name":"T\u00e4tning f\u00f6r Thermolac 40 & 75 - Ofab","isPartOf":{"@id":"https:\/\/ofabskara.se\/sv\/#website"},"primaryImageOfPage":{"@id":"https:\/\/ofabskara.se\/sv\/produkt\/tatning-for-thermolac-40-75\/#primaryimage"},"image":{"@id":"https:\/\/ofabskara.se\/sv\/produkt\/tatning-for-thermolac-40-75\/#primaryimage"},"thumbnailUrl":"https:\/\/ofabskara.se\/wp-content\/uploads\/2023\/09\/1090979_1.jpg","datePublished":"2022-01-10T08:07:30+00:00","dateModified":"2026-04-16T07:01:00+00:00","breadcrumb":{"@id":"https:\/\/ofabskara.se\/sv\/produkt\/tatning-for-thermolac-40-75\/#breadcrumb"},"inLanguage":"sv-SE","potentialAction":[{"@type":"ReadAction","target":["https:\/\/ofabskara.se\/sv\/produkt\/tatning-for-thermolac-40-75\/"]}]},{"@type":"ImageObject","inLanguage":"sv-SE","@id":"https:\/\/ofabskara.se\/sv\/produkt\/tatning-for-thermolac-40-75\/#primaryimage","url":"https:\/\/ofabskara.se\/wp-content\/uploads\/2023\/09\/1090979_1.jpg","contentUrl":"https:\/\/ofabskara.se\/wp-content\/uploads\/2023\/09\/1090979_1.jpg","width":1772,"height":1772},{"@type":"BreadcrumbList","@id":"https:\/\/ofabskara.se\/sv\/produkt\/tatning-for-thermolac-40-75\/#breadcrumb","itemListElement":[{"@type":"ListItem","position":1,"name":"Home","item":"https:\/\/ofabskara.se\/sv\/"},{"@type":"ListItem","position":2,"name":"Butik","item":"https:\/\/ofabskara.se\/sv\/butik\/"},{"@type":"ListItem","position":3,"name":"T\u00e4tning f\u00f6r Thermolac 40 &#038; 75"}]},{"@type":"WebSite","@id":"https:\/\/ofabskara.se\/sv\/#website","url":"https:\/\/ofabskara.se\/sv\/","name":"Ofab","description":"","potentialAction":[{"@type":"SearchAction","target":{"@type":"EntryPoint","urlTemplate":"https:\/\/ofabskara.se\/sv\/?s={search_term_string}"},"query-input":{"@type":"PropertyValueSpecification","valueRequired":true,"valueName":"search_term_string"}}],"inLanguage":"sv-SE"}]}},"_links":{"self":[{"href":"https:\/\/ofabskara.se\/sv\/wp-json\/wp\/v2\/product\/5649","targetHints":{"allow":["GET"]}}],"collection":[{"href":"https:\/\/ofabskara.se\/sv\/wp-json\/wp\/v2\/product"}],"about":[{"href":"https:\/\/ofabskara.se\/sv\/wp-json\/wp\/v2\/types\/product"}],"replies":[{"embeddable":true,"href":"https:\/\/ofabskara.se\/sv\/wp-json\/wp\/v2\/comments?post=5649"}],"wp:featuredmedia":[{"embeddable":true,"href":"https:\/\/ofabskara.se\/sv\/wp-json\/wp\/v2\/media\/5650"}],"wp:attachment":[{"href":"https:\/\/ofabskara.se\/sv\/wp-json\/wp\/v2\/media?parent=5649"}],"wp:term":[{"taxonomy":"product_brand","embeddable":true,"href":"https:\/\/ofabskara.se\/sv\/wp-json\/wp\/v2\/product_brand?post=5649"},{"taxonomy":"product_cat","embeddable":true,"href":"https:\/\/ofabskara.se\/sv\/wp-json\/wp\/v2\/product_cat?post=5649"},{"taxonomy":"product_tag","embeddable":true,"href":"https:\/\/ofabskara.se\/sv\/wp-json\/wp\/v2\/product_tag?post=5649"}],"curies":[{"name":"wp","href":"https:\/\/api.w.org\/{rel}","templated":true}]}}