{"id":5835,"date":"2023-03-08T15:25:20","date_gmt":"2023-03-08T14:25:20","guid":{"rendered":"https:\/\/ofabskara.se\/produkt\/stationar-baghall\/"},"modified":"2025-12-29T12:18:42","modified_gmt":"2025-12-29T11:18:42","slug":"stationar-baghall","status":"publish","type":"product","link":"https:\/\/ofabskara.se\/sv\/produkt\/stationar-baghall\/","title":{"rendered":"Station\u00e4r b\u00e5ghall"},"content":{"rendered":"<p><iframe title=\"Monteringsvideo B\u00e5ghall\" width=\"500\" height=\"281\" src=\"https:\/\/www.youtube.com\/embed\/OyaLft6O2kc?feature=oembed&#038;enablejsapi=1&#038;origin=https:\/\/ofabskara.se\" frameborder=\"0\" allow=\"accelerometer; autoplay; clipboard-write; encrypted-media; gyroscope; picture-in-picture; web-share\" referrerpolicy=\"strict-origin-when-cross-origin\" allowfullscreen><\/iframe><\/p>\n","protected":false},"excerpt":{"rendered":"<p>Kraftig b\u00e5ghall st\u00e5ende p\u00e5 en varmf\u00f6rzinkad bottenkonstruktion. F\u00e4sten f\u00f6r fastbultning i sockel eller betongplatta \u00e4r inkluderat. Fungerar ypperligt som vindskydd eller ligghall f\u00f6r h\u00e4st, n\u00f6t, f\u00e5r. Raka v\u00e4ggar g\u00f6r att ytan kan utnyttjas optimalt och till fullo. Vi rekommenderar alla v\u00e5ra kunder som h\u00e5ller djur direkt i b\u00e5ghallen att komplettera med v\u00e5rt inkl\u00e4dnadspaket med plywoodskivor. Detta f\u00f6r att skydda hallen och\/eller djuren mot eventuella sparkar.<\/p>\n<p>Hallen tillverkas i Lidk\u00f6ping och skickas \u00f6ver hela Sverige. V\u00e5ra hallar finns i tre f\u00e4rgtyper, r\u00f6d, antracitgr\u00e5 och barrgr\u00f6n.<\/p>\n<p>En standard hall har f\u00f6ljande m\u00e5tt 4,1\u00d75,5\u00d73,3m (BxLxH) och inkluderar en \u00e4ndgavel.<\/p>\n<p>Hallen kan enkelt f\u00f6rl\u00e4ngas med v\u00e5r f\u00f6rl\u00e4ngningssektion, en sektion utg\u00f6r 1,3m f\u00f6rl\u00e4ngning, best\u00e4lls separat.<\/p>\n<p><strong>OBS! Att hallen endast \u00e4r till f\u00f6r station\u00e4r placering och \u00e4r d\u00e4rmed inte flyttbar. Om ni \u00f6nskar flytta hallen rekommenderas v\u00e5r flyttbara hall.<\/strong><\/p>\n<p>Emballage tillkommer<\/p>\n<p><strong>L\u00e4ngd 550 cm<\/strong><\/p>\n<p><strong>Bredd 440 cm<\/strong><\/p>\n<p><strong>H\u00f6jd 330 cm<\/strong><\/p>\n<p><strong>Vikt 700 kg<\/strong><\/p>\n<p>&nbsp;<\/p>\n","protected":false},"featured_media":5763,"comment_status":"closed","ping_status":"closed","template":"","meta":{"_acf_changed":false,"inline_featured_image":false},"product_brand":[],"product_cat":[134],"product_tag":[],"class_list":{"0":"post-5835","1":"product","2":"type-product","3":"status-publish","4":"has-post-thumbnail","6":"product_cat-baghall","8":"first","9":"instock","10":"taxable","11":"shipping-taxable","12":"product-type-grouped"},"acf":[],"yoast_head":"<!-- This site is optimized with the Yoast SEO plugin v24.4 - https:\/\/yoast.com\/wordpress\/plugins\/seo\/ -->\n<title>Station\u00e4r b\u00e5ghall - Ofab<\/title>\n<meta name=\"robots\" content=\"index, follow, max-snippet:-1, max-image-preview:large, max-video-preview:-1\" \/>\n<link rel=\"canonical\" href=\"https:\/\/ofabskara.se\/sv\/produkt\/stationar-baghall\/\" \/>\n<meta property=\"og:locale\" content=\"sv_SE\" \/>\n<meta property=\"og:type\" content=\"article\" \/>\n<meta property=\"og:title\" content=\"Station\u00e4r b\u00e5ghall - Ofab\" \/>\n<meta property=\"og:description\" content=\"Kraftig b\u00e5ghall st\u00e5ende p\u00e5 en varmf\u00f6rzinkad bottenkonstruktion. F\u00e4sten f\u00f6r fastbultning i sockel eller betongplatta \u00e4r inkluderat. Fungerar ypperligt som vindskydd eller ligghall f\u00f6r h\u00e4st, n\u00f6t, f\u00e5r. Raka v\u00e4ggar g\u00f6r att ytan kan utnyttjas optimalt och till fullo. Vi rekommenderar alla v\u00e5ra kunder som h\u00e5ller djur direkt i b\u00e5ghallen att komplettera med v\u00e5rt inkl\u00e4dnadspaket med plywoodskivor. Detta f\u00f6r att skydda hallen och\/eller djuren mot eventuella sparkar.  Hallen tillverkas i Lidk\u00f6ping och skickas \u00f6ver hela Sverige. V\u00e5ra hallar finns i tre f\u00e4rgtyper, r\u00f6d, antracitgr\u00e5 och barrgr\u00f6n.  En standard hall har f\u00f6ljande m\u00e5tt 4,1\u00d75,5\u00d73,3m (BxLxH) och inkluderar en \u00e4ndgavel.  Hallen kan enkelt f\u00f6rl\u00e4ngas med v\u00e5r f\u00f6rl\u00e4ngningssektion, en sektion utg\u00f6r 1,3m f\u00f6rl\u00e4ngning, best\u00e4lls separat.  OBS! Att hallen endast \u00e4r till f\u00f6r station\u00e4r placering och \u00e4r d\u00e4rmed inte flyttbar. Om ni \u00f6nskar flytta hallen rekommenderas v\u00e5r flyttbara hall.  Emballage tillkommer  L\u00e4ngd 550 cm  Bredd 440 cm  H\u00f6jd 330 cm  Vikt 700 kg  &nbsp;\" \/>\n<meta property=\"og:url\" content=\"https:\/\/ofabskara.se\/sv\/produkt\/stationar-baghall\/\" \/>\n<meta property=\"og:site_name\" content=\"Ofab\" \/>\n<meta property=\"article:modified_time\" content=\"2025-12-29T11:18:42+00:00\" \/>\n<meta property=\"og:image\" content=\"https:\/\/ofabskara.se\/wp-content\/uploads\/2023\/09\/stationar-baghall-gron-1.jpeg\" \/>\n\t<meta property=\"og:image:width\" content=\"2560\" \/>\n\t<meta property=\"og:image:height\" content=\"1708\" \/>\n\t<meta property=\"og:image:type\" content=\"image\/jpeg\" \/>\n<meta name=\"twitter:card\" content=\"summary_large_image\" \/>\n<meta name=\"twitter:label1\" content=\"Ber\u00e4knad l\u00e4stid\" \/>\n\t<meta name=\"twitter:data1\" content=\"1 minut\" \/>\n<script type=\"application\/ld+json\" class=\"yoast-schema-graph\">{\"@context\":\"https:\/\/schema.org\",\"@graph\":[{\"@type\":\"WebPage\",\"@id\":\"https:\/\/ofabskara.se\/sv\/produkt\/stationar-baghall\/\",\"url\":\"https:\/\/ofabskara.se\/sv\/produkt\/stationar-baghall\/\",\"name\":\"Station\u00e4r b\u00e5ghall - Ofab\",\"isPartOf\":{\"@id\":\"https:\/\/ofabskara.se\/sv\/#website\"},\"primaryImageOfPage\":{\"@id\":\"https:\/\/ofabskara.se\/sv\/produkt\/stationar-baghall\/#primaryimage\"},\"image\":{\"@id\":\"https:\/\/ofabskara.se\/sv\/produkt\/stationar-baghall\/#primaryimage\"},\"thumbnailUrl\":\"https:\/\/ofabskara.se\/wp-content\/uploads\/2023\/09\/stationar-baghall-gron-1.jpeg\",\"datePublished\":\"2023-03-08T14:25:20+00:00\",\"dateModified\":\"2025-12-29T11:18:42+00:00\",\"breadcrumb\":{\"@id\":\"https:\/\/ofabskara.se\/sv\/produkt\/stationar-baghall\/#breadcrumb\"},\"inLanguage\":\"sv-SE\",\"potentialAction\":[{\"@type\":\"ReadAction\",\"target\":[\"https:\/\/ofabskara.se\/sv\/produkt\/stationar-baghall\/\"]}]},{\"@type\":\"ImageObject\",\"inLanguage\":\"sv-SE\",\"@id\":\"https:\/\/ofabskara.se\/sv\/produkt\/stationar-baghall\/#primaryimage\",\"url\":\"https:\/\/ofabskara.se\/wp-content\/uploads\/2023\/09\/stationar-baghall-gron-1.jpeg\",\"contentUrl\":\"https:\/\/ofabskara.se\/wp-content\/uploads\/2023\/09\/stationar-baghall-gron-1.jpeg\",\"width\":2560,\"height\":1708},{\"@type\":\"BreadcrumbList\",\"@id\":\"https:\/\/ofabskara.se\/sv\/produkt\/stationar-baghall\/#breadcrumb\",\"itemListElement\":[{\"@type\":\"ListItem\",\"position\":1,\"name\":\"Home\",\"item\":\"https:\/\/ofabskara.se\/sv\/\"},{\"@type\":\"ListItem\",\"position\":2,\"name\":\"Butik\",\"item\":\"https:\/\/ofabskara.se\/sv\/butik\/\"},{\"@type\":\"ListItem\",\"position\":3,\"name\":\"Station\u00e4r b\u00e5ghall\"}]},{\"@type\":\"WebSite\",\"@id\":\"https:\/\/ofabskara.se\/sv\/#website\",\"url\":\"https:\/\/ofabskara.se\/sv\/\",\"name\":\"Ofab\",\"description\":\"\",\"potentialAction\":[{\"@type\":\"SearchAction\",\"target\":{\"@type\":\"EntryPoint\",\"urlTemplate\":\"https:\/\/ofabskara.se\/sv\/?s={search_term_string}\"},\"query-input\":{\"@type\":\"PropertyValueSpecification\",\"valueRequired\":true,\"valueName\":\"search_term_string\"}}],\"inLanguage\":\"sv-SE\"}]}<\/script>\n<!-- \/ Yoast SEO plugin. -->","yoast_head_json":{"title":"Station\u00e4r b\u00e5ghall - Ofab","robots":{"index":"index","follow":"follow","max-snippet":"max-snippet:-1","max-image-preview":"max-image-preview:large","max-video-preview":"max-video-preview:-1"},"canonical":"https:\/\/ofabskara.se\/sv\/produkt\/stationar-baghall\/","og_locale":"sv_SE","og_type":"article","og_title":"Station\u00e4r b\u00e5ghall - Ofab","og_description":"Kraftig b\u00e5ghall st\u00e5ende p\u00e5 en varmf\u00f6rzinkad bottenkonstruktion. F\u00e4sten f\u00f6r fastbultning i sockel eller betongplatta \u00e4r inkluderat. Fungerar ypperligt som vindskydd eller ligghall f\u00f6r h\u00e4st, n\u00f6t, f\u00e5r. Raka v\u00e4ggar g\u00f6r att ytan kan utnyttjas optimalt och till fullo. Vi rekommenderar alla v\u00e5ra kunder som h\u00e5ller djur direkt i b\u00e5ghallen att komplettera med v\u00e5rt inkl\u00e4dnadspaket med plywoodskivor. Detta f\u00f6r att skydda hallen och\/eller djuren mot eventuella sparkar.  Hallen tillverkas i Lidk\u00f6ping och skickas \u00f6ver hela Sverige. V\u00e5ra hallar finns i tre f\u00e4rgtyper, r\u00f6d, antracitgr\u00e5 och barrgr\u00f6n.  En standard hall har f\u00f6ljande m\u00e5tt 4,1\u00d75,5\u00d73,3m (BxLxH) och inkluderar en \u00e4ndgavel.  Hallen kan enkelt f\u00f6rl\u00e4ngas med v\u00e5r f\u00f6rl\u00e4ngningssektion, en sektion utg\u00f6r 1,3m f\u00f6rl\u00e4ngning, best\u00e4lls separat.  OBS! Att hallen endast \u00e4r till f\u00f6r station\u00e4r placering och \u00e4r d\u00e4rmed inte flyttbar. Om ni \u00f6nskar flytta hallen rekommenderas v\u00e5r flyttbara hall.  Emballage tillkommer  L\u00e4ngd 550 cm  Bredd 440 cm  H\u00f6jd 330 cm  Vikt 700 kg  &nbsp;","og_url":"https:\/\/ofabskara.se\/sv\/produkt\/stationar-baghall\/","og_site_name":"Ofab","article_modified_time":"2025-12-29T11:18:42+00:00","og_image":[{"width":2560,"height":1708,"url":"https:\/\/ofabskara.se\/wp-content\/uploads\/2023\/09\/stationar-baghall-gron-1.jpeg","type":"image\/jpeg"}],"twitter_card":"summary_large_image","twitter_misc":{"Ber\u00e4knad l\u00e4stid":"1 minut"},"schema":{"@context":"https:\/\/schema.org","@graph":[{"@type":"WebPage","@id":"https:\/\/ofabskara.se\/sv\/produkt\/stationar-baghall\/","url":"https:\/\/ofabskara.se\/sv\/produkt\/stationar-baghall\/","name":"Station\u00e4r b\u00e5ghall - Ofab","isPartOf":{"@id":"https:\/\/ofabskara.se\/sv\/#website"},"primaryImageOfPage":{"@id":"https:\/\/ofabskara.se\/sv\/produkt\/stationar-baghall\/#primaryimage"},"image":{"@id":"https:\/\/ofabskara.se\/sv\/produkt\/stationar-baghall\/#primaryimage"},"thumbnailUrl":"https:\/\/ofabskara.se\/wp-content\/uploads\/2023\/09\/stationar-baghall-gron-1.jpeg","datePublished":"2023-03-08T14:25:20+00:00","dateModified":"2025-12-29T11:18:42+00:00","breadcrumb":{"@id":"https:\/\/ofabskara.se\/sv\/produkt\/stationar-baghall\/#breadcrumb"},"inLanguage":"sv-SE","potentialAction":[{"@type":"ReadAction","target":["https:\/\/ofabskara.se\/sv\/produkt\/stationar-baghall\/"]}]},{"@type":"ImageObject","inLanguage":"sv-SE","@id":"https:\/\/ofabskara.se\/sv\/produkt\/stationar-baghall\/#primaryimage","url":"https:\/\/ofabskara.se\/wp-content\/uploads\/2023\/09\/stationar-baghall-gron-1.jpeg","contentUrl":"https:\/\/ofabskara.se\/wp-content\/uploads\/2023\/09\/stationar-baghall-gron-1.jpeg","width":2560,"height":1708},{"@type":"BreadcrumbList","@id":"https:\/\/ofabskara.se\/sv\/produkt\/stationar-baghall\/#breadcrumb","itemListElement":[{"@type":"ListItem","position":1,"name":"Home","item":"https:\/\/ofabskara.se\/sv\/"},{"@type":"ListItem","position":2,"name":"Butik","item":"https:\/\/ofabskara.se\/sv\/butik\/"},{"@type":"ListItem","position":3,"name":"Station\u00e4r b\u00e5ghall"}]},{"@type":"WebSite","@id":"https:\/\/ofabskara.se\/sv\/#website","url":"https:\/\/ofabskara.se\/sv\/","name":"Ofab","description":"","potentialAction":[{"@type":"SearchAction","target":{"@type":"EntryPoint","urlTemplate":"https:\/\/ofabskara.se\/sv\/?s={search_term_string}"},"query-input":{"@type":"PropertyValueSpecification","valueRequired":true,"valueName":"search_term_string"}}],"inLanguage":"sv-SE"}]}},"_links":{"self":[{"href":"https:\/\/ofabskara.se\/sv\/wp-json\/wp\/v2\/product\/5835","targetHints":{"allow":["GET"]}}],"collection":[{"href":"https:\/\/ofabskara.se\/sv\/wp-json\/wp\/v2\/product"}],"about":[{"href":"https:\/\/ofabskara.se\/sv\/wp-json\/wp\/v2\/types\/product"}],"replies":[{"embeddable":true,"href":"https:\/\/ofabskara.se\/sv\/wp-json\/wp\/v2\/comments?post=5835"}],"wp:featuredmedia":[{"embeddable":true,"href":"https:\/\/ofabskara.se\/sv\/wp-json\/wp\/v2\/media\/5763"}],"wp:attachment":[{"href":"https:\/\/ofabskara.se\/sv\/wp-json\/wp\/v2\/media?parent=5835"}],"wp:term":[{"taxonomy":"product_brand","embeddable":true,"href":"https:\/\/ofabskara.se\/sv\/wp-json\/wp\/v2\/product_brand?post=5835"},{"taxonomy":"product_cat","embeddable":true,"href":"https:\/\/ofabskara.se\/sv\/wp-json\/wp\/v2\/product_cat?post=5835"},{"taxonomy":"product_tag","embeddable":true,"href":"https:\/\/ofabskara.se\/sv\/wp-json\/wp\/v2\/product_tag?post=5835"}],"curies":[{"name":"wp","href":"https:\/\/api.w.org\/{rel}","templated":true}]}}